{"id":7535,"date":"2022-08-27T17:48:06","date_gmt":"2022-08-27T15:48:06","guid":{"rendered":"https:\/\/kaleidoskopkulture.com\/?page_id=7535"},"modified":"2022-08-27T18:09:30","modified_gmt":"2022-08-27T16:09:30","slug":"uslovi-koriscenja","status":"publish","type":"page","link":"https:\/\/kaleidoskopkulture.com\/sr\/uslovi-koriscenja\/","title":{"rendered":"Uslovi kori\u0161\u0107enja"},"content":{"rendered":"<h1>Uslovi kori\u0161\u0107enja<\/h1>\n<hr \/>\n<p>A\u017eurirani i na snazi od 26.08.2022.<\/p>\n<p>Dobro do\u0161li u na\u0161e Uslove kori\u0161\u0107enja!<\/p>\n<p>Na\u0161 sajt, koji se nalazi na adresi <a href=\"https:\/\/kaleidoskopkulture.com\/\">https:\/\/kaleidoskopkulture.com\/<\/a> u vlasni\u0161tvu je <strong>Fondacije \u201cNovi Sad \u2013 Evropska prestonica kulture\u201d<\/strong>, sa sedi\u0161tem na adresi Trg slobode 3, Novi Sad, Republika Srbija, mati\u010dni broj: 28829922, PIB: 109849130.<\/p>\n<p>Ovi Uslovi kori\u0161\u0107enja, zajedno sa na\u0161om <a href=\"\/sr\/politika-privatnosti\/\" target=\"_blank\" rel=\"noopener\">Politikom privatnosti<\/a> i <a href=\"\/sr\/politika-kolacica\/\" target=\"_blank\" rel=\"noopener\">Politikom kola\u010di\u0107a<\/a> \u010dine pravno obavezuju\u0107i Ugovor koji se odnosi na Vas kada pristupite ili koristite na\u0161 Sajt.<\/p>\n<p>Stoga, ako se ne sla\u017eete s bilo \u010dim od dolenavedenog, molimo Vas da bez odlaganje prestanete da koristite Sajt.<\/p>\n<p>Ukoliko \u017eelite da saznate vi\u0161e o tome kako obra\u0111ujemo Va\u0161e podatke, molimo Vas da se upoznate sa na\u0161om <a href=\"\/sr\/politika-privatnosti\/\" target=\"_blank\" rel=\"noopener\">Politikom privatnosti<\/a> i <a href=\"\/sr\/politika-kolacica\/\" target=\"_blank\" rel=\"noopener\">Politikom kola\u010di\u0107a<\/a>.<\/p>\n<ol>\n<li><strong>Definisani pojmovi<\/strong><\/li>\n<li><strong>Intelektualna svojina<\/strong><\/li>\n<li><strong>Na\u0161e ime i logo<\/strong><\/li>\n<li><strong>Sajtovi tre\u0107ih lica<\/strong><\/li>\n<li><strong>Ograni\u010denje odgovornosti<\/strong><\/li>\n<li><strong>Izmene Sajta i Uslova kori\u0161\u0107enja<\/strong><\/li>\n<li><strong>Delimi\u010dna ni\u0161tavost i celovitost Ugovora<\/strong><\/li>\n<li><strong>Merodavno pravo i re\u0161avanje sporova<\/strong><\/li>\n<li><strong>Kontaktirajte nas<\/strong><\/li>\n<\/ol>\n<p>&nbsp;<\/p>\n<ol>\n<li><strong>Definisani pojmovi<\/strong><\/li>\n<\/ol>\n<p>U ovom Ugovoru, navedeni pojmovi imaju slede\u0107e zna\u010denje:<\/p>\n<table>\n<tbody>\n<tr>\n<td style=\"text-align: center;\" width=\"209\"><strong>Pojam<\/strong><\/td>\n<td style=\"text-align: center;\" width=\"392\"><strong>Zna\u010denje<\/strong><\/td>\n<\/tr>\n<tr>\n<td width=\"209\">\n<p style=\"text-align: center;\"><strong>Ugovor<\/strong><\/p>\n<p><strong><img decoding=\"async\" class=\"wp-image-7543 aligncenter\" src=\"https:\/\/kaleidoskopkulture.com\/wp-content\/uploads\/2022\/08\/Picture-01.png\" alt=\"\" width=\"55\" height=\"55\" \/><\/strong><\/td>\n<td style=\"text-align: center;\" width=\"392\">Ugovor u vezi sa kori\u0161\u0107enjem Sajta, koji se odnosi na Vas, a sa\u010dinjen je od ovih Uslova kori\u0161\u0107enja, <a href=\"\/sr\/politika-privatnosti\/\" target=\"_blank\" rel=\"noopener\">Politike privatnosti<\/a> i <a href=\"\/sr\/politika-kolacica\/\" target=\"_blank\" rel=\"noopener\">Politike kola\u010di\u0107a<\/a>.<\/td>\n<\/tr>\n<tr>\n<td width=\"209\">\n<p style=\"text-align: center;\"><strong>Politika kola\u010di\u0107a<\/strong><\/p>\n<p><strong><img decoding=\"async\" class=\"wp-image-7555 aligncenter\" src=\"https:\/\/kaleidoskopkulture.com\/wp-content\/uploads\/2022\/08\/Picture-02.png\" alt=\"\" width=\"55\" height=\"55\" \/><\/strong><\/td>\n<td style=\"text-align: center;\" width=\"392\">Na\u0161a politika koja obja\u0161njava \u0161ta su kola\u010di\u0107i, koje kola\u010di\u0107e mi koristimo, i kako ih Vi mo\u017eete kontrolisati. Politika upotrebe kola\u010di\u0107a je integralni deo <a href=\"\/sr\/politika-privatnosti\/\" target=\"_blank\" rel=\"noopener\">Politike privatnosti<\/a> i Uslova kori\u0161\u0107enja, a mo\u017eete joj pristupiti klikom <a href=\"\/sr\/politika-kolacica\/\" target=\"_blank\" rel=\"noopener\">ovde<\/a>.<\/td>\n<\/tr>\n<tr>\n<td width=\"209\">\n<p style=\"text-align: center;\"><strong>Politika privatnosti<\/strong><\/p>\n<p><strong><img decoding=\"async\" class=\"wp-image-7553 aligncenter\" src=\"https:\/\/kaleidoskopkulture.com\/wp-content\/uploads\/2022\/08\/Picture-03.png\" alt=\"\" width=\"55\" height=\"55\" srcset=\"https:\/\/kaleidoskopkulture.com\/wp-content\/uploads\/2022\/08\/Picture-03.png 180w, https:\/\/kaleidoskopkulture.com\/wp-content\/uploads\/2022\/08\/Picture-03-150x150.png 150w\" sizes=\"(max-width: 55px) 100vw, 55px\" \/><\/strong><\/td>\n<td style=\"text-align: center;\" width=\"392\">Na\u0161a politika koja opisuje kako prikupljamo, delimo i koristimo Va\u0161e li\u010dne podatke, kao i kako Vi mo\u017eete ostvariti prava koja imate kao lice na koje se podaci odnose. Politika privatnosti je tako\u0111e dostupna na na\u0161em Sajtu, i mo\u017eete je posetiti klikom <a href=\"\/sr\/politika-privatnosti\/\" target=\"_blank\" rel=\"noopener\">ovde<\/a>.<\/td>\n<\/tr>\n<tr>\n<td width=\"209\">\n<p style=\"text-align: center;\"><strong>Sajtovi tre\u0107ih lica<\/strong><\/p>\n<p><strong><img loading=\"lazy\" decoding=\"async\" class=\"wp-image-7551 aligncenter\" src=\"https:\/\/kaleidoskopkulture.com\/wp-content\/uploads\/2022\/08\/Picture-04.png\" alt=\"\" width=\"55\" height=\"55\" srcset=\"https:\/\/kaleidoskopkulture.com\/wp-content\/uploads\/2022\/08\/Picture-04.png 165w, https:\/\/kaleidoskopkulture.com\/wp-content\/uploads\/2022\/08\/Picture-04-150x150.png 150w\" sizes=\"(max-width: 55px) 100vw, 55px\" \/><\/strong><\/td>\n<td style=\"text-align: center;\" width=\"392\">Spolja\u0161nji sajt \u2013 bilo koji sajt pomenut ili pristupljen putem Sajta, u vlasni\u0161tvu drugog pravnog ili fizi\u010dkog lica.<\/td>\n<\/tr>\n<tr>\n<td width=\"209\">\n<p style=\"text-align: center;\"><strong>Sajt<\/strong><\/p>\n<p><strong><img loading=\"lazy\" decoding=\"async\" class=\"wp-image-7549 aligncenter\" src=\"https:\/\/kaleidoskopkulture.com\/wp-content\/uploads\/2022\/08\/Picture-05.png\" alt=\"\" width=\"55\" height=\"55\" \/><\/strong><\/td>\n<td style=\"text-align: center;\" width=\"392\">Sajt u vlasni\u0161tvu Fondacije, koji se nalazi na adresi <a href=\"https:\/\/kaleidoskopkulture.com\/\">https:\/\/kaleidoskopkulture.com\/<\/a><\/td>\n<\/tr>\n<tr>\n<td width=\"209\">\n<p style=\"text-align: center;\"><strong>Mi\/Fondacija<\/strong><\/p>\n<p><strong><img loading=\"lazy\" decoding=\"async\" class=\"wp-image-7547 aligncenter\" src=\"https:\/\/kaleidoskopkulture.com\/wp-content\/uploads\/2022\/08\/Picture-06.png\" alt=\"\" width=\"55\" height=\"55\" \/><\/strong><\/p>\n<p><strong>\u00a0<\/strong><\/p>\n<p><strong>\u00a0<\/strong><\/td>\n<td width=\"392\">\n<p style=\"text-align: center;\">Fondacija \u201eNovi Sad \u2013 Evropska prestonica kulture\u201d, sa sedi\u0161tem na adresi Trg Slobode 3<\/p>\n<p style=\"text-align: center;\">21101 Novi Sad, mati\u010dni broj: 28829922, PIB: 109849130.<\/p>\n<\/td>\n<\/tr>\n<tr>\n<td width=\"209\">\n<p style=\"text-align: center;\"><strong>Vi<\/strong><\/p>\n<p><strong><img loading=\"lazy\" decoding=\"async\" class=\"wp-image-7545 aligncenter\" src=\"https:\/\/kaleidoskopkulture.com\/wp-content\/uploads\/2022\/08\/Picture-07.png\" alt=\"\" width=\"55\" height=\"55\" \/><\/strong><\/td>\n<td style=\"text-align: center;\" width=\"392\">Bilo koja osoba koja ima pristup ili koristi na\u0161 Sajt.<\/td>\n<\/tr>\n<\/tbody>\n<\/table>\n<ol start=\"2\">\n<li><strong>Intelektualna svojina<\/strong><\/li>\n<\/ol>\n<p>Sajt i njegov celokupan sadr\u017eaj, uklju\u010duju\u0107i tekst, grafiku, logotipe, ikonice, slike, audio snimke, itd. je u na\u0161em vlasni\u0161tvu i za\u0161ti\u0107en je pravima intelektualne svojine Fondacije, ili tre\u0107e strane koja nam je dozvolila kori\u0161\u0107enje tog sadr\u017eaja.<\/p>\n<p>Dakle, osim ukoliko izri\u010dito nismo druga\u010dije naveli u na\u0161im Uslovima kori\u0161\u0107enja ili Politici privatnosti, svi materijali na Sajtu su za\u0161ti\u0107eni pravima intelektualne svojine (autorsko pravo, pravo \u017eiga, itd.). Strogo je zabranjeno kori\u0161\u0107enje, kopiranje ili preuzimanje bilo kog materijala sa na\u0161eg Sajta, u potpunosti ili delimi\u010dno, bez na\u0161eg izri\u010ditog prethodnog pristanka.<\/p>\n<p>Svako neovla\u0161c\u0301eno kori\u0161c\u0301enje, bez dozvole Fondacije, smatrac\u0301e se kr\u0161enjem prava intelektualne svojine, a mi c\u0301emo preduzeti sve pravne lekove da za\u0161titimo svoja prava intelektualne svojine odmah po saznanju za takvo kr\u0161enje.<\/p>\n<p>Zadr\u017eavamo sva prava intelektualne svojine koja nisu izri\u010dito navedena u ovim Uslovima kori\u0161\u0107enja i <a href=\"\/sr\/politika-privatnosti\/\" target=\"_blank\" rel=\"noopener\">Politici privatnosti<\/a>.<\/p>\n<p>&nbsp;<\/p>\n<ol start=\"3\">\n<li><strong>Na\u0161e ime i logotip<\/strong><\/li>\n<\/ol>\n<p>Fondacija je isklju\u010divi vlasnik svog logotipa i zadr\u017eava pravo da spre\u010di bilo koje tre\u0107e lice da ga koristi.<\/p>\n<p>Na\u0161e ime i logo se ne smeju koristiti bez na\u0161eg prethodnog pismenog pristanka, osim ukoliko takva upotreba nije izri\u010dito dozvoljena na\u0161im Uslovima kori\u0161\u0107enja ili <a href=\"\/sr\/politika-privatnosti\/\" target=\"_blank\" rel=\"noopener\">Politikom privatnosti<\/a>.<\/p>\n<p>&nbsp;<\/p>\n<ol start=\"4\">\n<li><strong>Sajtovi tre\u0107ih lica<\/strong><\/li>\n<\/ol>\n<p>Na\u0161 Sajt mo\u017ee sadr\u017eati linkove do Sajtova tre\u0107ih lica, koji imaju sopstvene uslove kori\u0161\u0107enja i politike privatnosti, razli\u010dite od onih koje se primenjuju na na\u0161 Sajt. S obzirom na to da nemamo kontrolu nad Sajtovima tre\u0107ih lica, ne snosimo nikakvu odgovornost niti za njihovu dostupnost, niti za uslove kori\u0161\u0107enja i politike privatnosti koji se primenjuju na njihove posetioce i korisnike.<\/p>\n<p>Nismo odgovorni za bilo kakve informacije koje poti\u010du od drugog pru\u017eaoca usluga kojima je pristupljeno putem linka na na\u0161em Sajtu.<\/p>\n<p>\u010cinjenica da je link Sajta tre\u0107eg lica postavljen na na\u0161 Sajt ne zna\u010di da preporu\u010dujemo ili odobravamo usluge ili proizvode koji se nude preko tih sajtova.<\/p>\n<p>&nbsp;<\/p>\n<ol start=\"5\">\n<li><strong>Ograni\u010denje odgovornosti<\/strong><\/li>\n<\/ol>\n<p>Sve informacije i drugi sadr\u017eaj inkorporisani ili na drugi na\u010din dostupni preko na\u0161eg Sajta su dati u vi\u0111enom stanju i u stanju \u201etako kako je dostupno\u201d, besplatno i samo u informativne svrhe.<\/p>\n<p>Trudimo se da obezbedimo da su sve informacije ta\u010dne u vreme njihovog objavljivanja. Ipak, na takve informacije se ne treba oslanjati, a mi ne garantujemo njihovu ta\u010dnost, blagovremenost, potpunost, u\u010dinak ili pogodnost za odre\u0111enu svrhu. Ne prihvatamo nikakvu odgovornost za bilo kakvu gre\u0161ku, propu\u0161tanje, neta\u010dnost ili bilo koju \u0161tetu koja je prouzrokovana kori\u0161\u0107enjem te informacije ili drugog sadr\u017eaja dostupnog na na\u0161em Sajtu.<\/p>\n<p>Pored toga, mi ne garantujemo da c\u0301e Sajt ili bilo koja informacija i sadr\u017eaj na njoj biti neprekidan ili bez gre\u0161aka, ili da c\u0301e sve postojec\u0301e nepravilnosti biti otklonjene. Isklju\u010duje se svaka odgovornost koja proizilazi iz ili u vezi sa kori\u0161c\u0301enim informacijama i sadr\u017eajem Sajta, ili bilo kojim linkovima koji se nalaze na Sajtu.<\/p>\n<p>Ukoliko Vam je potreban savet ili usluga u vezi sa konkretnim pitanjem, slobodno nas mo\u017eete kontaktirati putem email-a, na <a href=\"mailto:info@ns2022.rs\">info@ns2022.rs<\/a>, ili koriste\u0107i kontakt za medije: <a href=\"mailto:pr@ns2022.rs\">pr@ns2022.rs<\/a>.<\/p>\n<p>&nbsp;<\/p>\n<ol start=\"6\">\n<li><strong>Izmene Sajta i Uslova kori\u0161\u0107enja<\/strong><\/li>\n<\/ol>\n<p>Fondacija zadr\u017eava pravo da a\u017eurira Sajt s vremena na vreme, bez posebnog obave\u0161tavanja. Izmene mogu uklju\u010divati promenu sadr\u017eaja, kao i ukidanje ili povla\u010denje bilo kog dela Sajta. Stoga, u tim situacijama, na\u0161 Sajt mo\u017ee biti privremeno nedostupan za kori\u0161\u0107enje.<\/p>\n<p>Molimo Vas da s vremena na vreme pro\u010ditate Uslove kori\u0161\u0107enja. Svaka izmena \u0107e stupiti na snagu nakon njene objave na Sajtu. Trenutno va\u017ee\u0107u verziju na\u0161ih Uslova kori\u0161\u0107enja mo\u017eete pregledati klikom na dugme \u201eUslovi kori\u0161\u0107enja\u201c, koje se nalazi na dnu prve stranice Sajta. Ukoliko nastavite sa kori\u0161\u0107enjem Sajta nakon uno\u0161enja izmena, smatra\u0107e se da ste se saglasili sa njima.<\/p>\n<p>Dakle, ako se ne sla\u017eete sa bilo kojom od izmena Ugovora, molimo Vas da prestanete da koristite Sajt bez odlaganja.<\/p>\n<p>&nbsp;<\/p>\n<ol start=\"7\">\n<li><strong>Delimi\u010dna ni\u0161tavost i celovitost Ugovora<\/strong><\/li>\n<\/ol>\n<p><strong>Delimi\u010dna ni\u0161tavost<\/strong><\/p>\n<p>Ako bilo koji nadle\u017ean sud utvrdi da je bilo koja odredba Ugovora ni\u0161tava, to ne\u0107e uticati na valjanost preostalih odredbi Ugovora. Sve ostale odredbe ugovora ostaju punova\u017ene.<\/p>\n<p>U slu\u010daju da bilo koja odredba ovog Ugovora kr\u0161i bilo koje imperativno pravilo va\u017ee\u0107eg zakona, \u0161to dovodi do toga da je ta odredba ni\u0161tava, takva odredba \u0107e se smatrati izmenjenom u aspektu u kom je ni\u0161tava, tako da bude uskla\u0111ena sa zakonom. Izmene \u0107e zadr\u017eati \u0161to je vi\u0161e mogu\u0107e njihovog prvobitnog zna\u010denja, a njihovo pro\u0161irenje \u0107e biti ograni\u010deno na minimum koji je neophodan da bi u\u010dinio Ugovor punova\u017enim.<\/p>\n<p>&nbsp;<\/p>\n<p><strong>Celovitost Ugovora<\/strong><\/p>\n<p>Ovaj Ugovor, uklju\u010duju\u0107i sve eventualne izmene, predstavlja celokupan sporazum izme\u0111u Vas i Fondacije u pogledu predmeta ovog Ugovora, i preovladava nad svim prethodnim pismenim i usmenim dogovorima i sporazumima.<\/p>\n<p>U slu\u010daju neslaganja izme\u0111u odredaba ovog Ugovora i bilo kog dogovora, izjave, predstavljanja, informacija, sadr\u017eaja dostupnog na na\u0161em Sajtu ili drugih podataka sadr\u017eanih u bilo kom drugom materijalu i prepisci izme\u0111u Vas i Fondacije, ovaj Ugovor \u0107e preovladati.<\/p>\n<p>&nbsp;<\/p>\n<ol start=\"8\">\n<li><strong>Merodavno pravo i re\u0161avanje sporova<\/strong><\/li>\n<\/ol>\n<p>Ovaj Ugovor i svako pitanje ili spor koji proizilazi iz ili je u vezi sa predmetom Ugovora \u0107e se regulisati, tuma\u010diti i sprovoditi u skladu sa zakonima Republike Srbije, isklju\u010duju\u0107i pravila o sukobu zakona.<\/p>\n<p>Sve sporove koji proizilaze iz ovog Ugovora re\u0161ava\u0107e nadle\u017ean sud u sedi\u0161tu vlasnika Sajta.<\/p>\n<p>&nbsp;<\/p>\n<ol start=\"9\">\n<li><strong>Kontaktirajte nas<\/strong><\/li>\n<\/ol>\n<p>Ukoliko imate bilo kakvo pitanje u vezi sa na\u0161im Sajtom, mo\u017eete nas kontaktirati putem na\u0161e op\u0161te email adrese: <a href=\"mailto:info@ns2022.rs\">info@ns2022.rs<\/a>.<\/p>\n<p>Kliknite <a href=\"\/wp-content\/uploads\/2022\/08\/Uslovi_koris\u030cc\u0301enja_EPK_kaleidoskop_kulture.pdf\" target=\"_blank\" rel=\"noopener\">ovde<\/a> da preuzmete Uslove kori\u0161\u0107enja.<\/p>\n<p>&nbsp;<\/p>\n<p>&nbsp;<\/p>\n","protected":false},"excerpt":{"rendered":"<p>Uslovi kori\u0161\u0107enja A\u017eurirani i na snazi od 26.08.2022. Dobro do\u0161li u na\u0161e Uslove kori\u0161\u0107enja! Na\u0161 sajt, koji se nalazi na adresi https:\/\/kaleidoskopkulture.com\/ u vlasni\u0161tvu je Fondacije \u201cNovi Sad \u2013 Evropska prestonica kulture\u201d, sa sedi\u0161tem na adresi Trg slobode 3, Novi&#8230;<\/p>\n","protected":false},"author":6,"featured_media":0,"parent":0,"menu_order":0,"comment_status":"closed","ping_status":"closed","template":"","meta":{"footnotes":""},"class_list":["post-7535","page","type-page","status-publish","hentry"],"yoast_head":"<!-- This site is optimized with the Yoast SEO plugin v22.4 - https:\/\/yoast.com\/wordpress\/plugins\/seo\/ -->\n<title>Uslovi kori\u0161\u0107enja - Kaleidoskop kulture<\/title>\n<meta name=\"robots\" content=\"index, follow, max-snippet:-1, max-image-preview:large, max-video-preview:-1\" \/>\n<link rel=\"canonical\" href=\"https:\/\/kaleidoskopkulture.com\/sr\/uslovi-koriscenja\/\" \/>\n<meta property=\"og:locale\" content=\"sr_RS\" \/>\n<meta property=\"og:type\" content=\"article\" \/>\n<meta property=\"og:title\" content=\"Uslovi kori\u0161\u0107enja - Kaleidoskop kulture\" \/>\n<meta property=\"og:description\" content=\"Uslovi kori\u0161\u0107enja A\u017eurirani i na snazi od 26.08.2022. Dobro do\u0161li u na\u0161e Uslove kori\u0161\u0107enja! Na\u0161 sajt, koji se nalazi na adresi https:\/\/kaleidoskopkulture.com\/ u vlasni\u0161tvu je Fondacije \u201cNovi Sad \u2013 Evropska prestonica kulture\u201d, sa sedi\u0161tem na adresi Trg slobode 3, Novi...\" \/>\n<meta property=\"og:url\" content=\"https:\/\/kaleidoskopkulture.com\/sr\/uslovi-koriscenja\/\" \/>\n<meta property=\"og:site_name\" content=\"Kaleidoskop kulture\" \/>\n<meta property=\"article:modified_time\" content=\"2022-08-27T16:09:30+00:00\" \/>\n<meta property=\"og:image\" content=\"https:\/\/kaleidoskopkulture.com\/wp-content\/uploads\/2022\/08\/Picture-01.png\" \/>\n<meta name=\"twitter:card\" content=\"summary_large_image\" \/>\n<meta name=\"twitter:label1\" content=\"Procenjeno vreme \u010ditanja\" \/>\n\t<meta name=\"twitter:data1\" content=\"7 minuta\" \/>\n<script type=\"application\/ld+json\" class=\"yoast-schema-graph\">{\"@context\":\"https:\/\/schema.org\",\"@graph\":[{\"@type\":\"WebPage\",\"@id\":\"https:\/\/kaleidoskopkulture.com\/sr\/uslovi-koriscenja\/\",\"url\":\"https:\/\/kaleidoskopkulture.com\/sr\/uslovi-koriscenja\/\",\"name\":\"Uslovi kori\u0161\u0107enja - Kaleidoskop kulture\",\"isPartOf\":{\"@id\":\"https:\/\/kaleidoskopkulture.com\/sr\/#website\"},\"primaryImageOfPage\":{\"@id\":\"https:\/\/kaleidoskopkulture.com\/sr\/uslovi-koriscenja\/#primaryimage\"},\"image\":{\"@id\":\"https:\/\/kaleidoskopkulture.com\/sr\/uslovi-koriscenja\/#primaryimage\"},\"thumbnailUrl\":\"https:\/\/kaleidoskopkulture.com\/wp-content\/uploads\/2022\/08\/Picture-01.png\",\"datePublished\":\"2022-08-27T15:48:06+00:00\",\"dateModified\":\"2022-08-27T16:09:30+00:00\",\"breadcrumb\":{\"@id\":\"https:\/\/kaleidoskopkulture.com\/sr\/uslovi-koriscenja\/#breadcrumb\"},\"inLanguage\":\"sr-RS\",\"potentialAction\":[{\"@type\":\"ReadAction\",\"target\":[\"https:\/\/kaleidoskopkulture.com\/sr\/uslovi-koriscenja\/\"]}]},{\"@type\":\"ImageObject\",\"inLanguage\":\"sr-RS\",\"@id\":\"https:\/\/kaleidoskopkulture.com\/sr\/uslovi-koriscenja\/#primaryimage\",\"url\":\"https:\/\/kaleidoskopkulture.com\/wp-content\/uploads\/2022\/08\/Picture-01.png\",\"contentUrl\":\"https:\/\/kaleidoskopkulture.com\/wp-content\/uploads\/2022\/08\/Picture-01.png\"},{\"@type\":\"BreadcrumbList\",\"@id\":\"https:\/\/kaleidoskopkulture.com\/sr\/uslovi-koriscenja\/#breadcrumb\",\"itemListElement\":[{\"@type\":\"ListItem\",\"position\":1,\"name\":\"Home\",\"item\":\"https:\/\/kaleidoskopkulture.com\/sr\/\"},{\"@type\":\"ListItem\",\"position\":2,\"name\":\"Uslovi kori\u0161\u0107enja\"}]},{\"@type\":\"WebSite\",\"@id\":\"https:\/\/kaleidoskopkulture.com\/sr\/#website\",\"url\":\"https:\/\/kaleidoskopkulture.com\/sr\/\",\"name\":\"Kaleidoskop kulture\",\"description\":\"Novo lice kulture u Novom Sadu\",\"publisher\":{\"@id\":\"https:\/\/kaleidoskopkulture.com\/sr\/#organization\"},\"potentialAction\":[{\"@type\":\"SearchAction\",\"target\":{\"@type\":\"EntryPoint\",\"urlTemplate\":\"https:\/\/kaleidoskopkulture.com\/sr\/?s={search_term_string}\"},\"query-input\":\"required name=search_term_string\"}],\"inLanguage\":\"sr-RS\"},{\"@type\":\"Organization\",\"@id\":\"https:\/\/kaleidoskopkulture.com\/sr\/#organization\",\"name\":\"Kaleidoskop kulture\",\"url\":\"https:\/\/kaleidoskopkulture.com\/sr\/\",\"logo\":{\"@type\":\"ImageObject\",\"inLanguage\":\"sr-RS\",\"@id\":\"https:\/\/kaleidoskopkulture.com\/sr\/#\/schema\/logo\/image\/\",\"url\":\"https:\/\/kaleidoskopkulture.com\/wp-content\/uploads\/2022\/08\/cropped-kk-logo-1-1.png\",\"contentUrl\":\"https:\/\/kaleidoskopkulture.com\/wp-content\/uploads\/2022\/08\/cropped-kk-logo-1-1.png\",\"width\":260,\"height\":90,\"caption\":\"Kaleidoskop kulture\"},\"image\":{\"@id\":\"https:\/\/kaleidoskopkulture.com\/sr\/#\/schema\/logo\/image\/\"}}]}<\/script>\n<!-- \/ Yoast SEO plugin. -->","yoast_head_json":{"title":"Uslovi kori\u0161\u0107enja - Kaleidoskop kulture","robots":{"index":"index","follow":"follow","max-snippet":"max-snippet:-1","max-image-preview":"max-image-preview:large","max-video-preview":"max-video-preview:-1"},"canonical":"https:\/\/kaleidoskopkulture.com\/sr\/uslovi-koriscenja\/","og_locale":"sr_RS","og_type":"article","og_title":"Uslovi kori\u0161\u0107enja - Kaleidoskop kulture","og_description":"Uslovi kori\u0161\u0107enja A\u017eurirani i na snazi od 26.08.2022. Dobro do\u0161li u na\u0161e Uslove kori\u0161\u0107enja! Na\u0161 sajt, koji se nalazi na adresi https:\/\/kaleidoskopkulture.com\/ u vlasni\u0161tvu je Fondacije \u201cNovi Sad \u2013 Evropska prestonica kulture\u201d, sa sedi\u0161tem na adresi Trg slobode 3, Novi...","og_url":"https:\/\/kaleidoskopkulture.com\/sr\/uslovi-koriscenja\/","og_site_name":"Kaleidoskop kulture","article_modified_time":"2022-08-27T16:09:30+00:00","og_image":[{"url":"https:\/\/kaleidoskopkulture.com\/wp-content\/uploads\/2022\/08\/Picture-01.png"}],"twitter_card":"summary_large_image","twitter_misc":{"Procenjeno vreme \u010ditanja":"7 minuta"},"schema":{"@context":"https:\/\/schema.org","@graph":[{"@type":"WebPage","@id":"https:\/\/kaleidoskopkulture.com\/sr\/uslovi-koriscenja\/","url":"https:\/\/kaleidoskopkulture.com\/sr\/uslovi-koriscenja\/","name":"Uslovi kori\u0161\u0107enja - Kaleidoskop kulture","isPartOf":{"@id":"https:\/\/kaleidoskopkulture.com\/sr\/#website"},"primaryImageOfPage":{"@id":"https:\/\/kaleidoskopkulture.com\/sr\/uslovi-koriscenja\/#primaryimage"},"image":{"@id":"https:\/\/kaleidoskopkulture.com\/sr\/uslovi-koriscenja\/#primaryimage"},"thumbnailUrl":"https:\/\/kaleidoskopkulture.com\/wp-content\/uploads\/2022\/08\/Picture-01.png","datePublished":"2022-08-27T15:48:06+00:00","dateModified":"2022-08-27T16:09:30+00:00","breadcrumb":{"@id":"https:\/\/kaleidoskopkulture.com\/sr\/uslovi-koriscenja\/#breadcrumb"},"inLanguage":"sr-RS","potentialAction":[{"@type":"ReadAction","target":["https:\/\/kaleidoskopkulture.com\/sr\/uslovi-koriscenja\/"]}]},{"@type":"ImageObject","inLanguage":"sr-RS","@id":"https:\/\/kaleidoskopkulture.com\/sr\/uslovi-koriscenja\/#primaryimage","url":"https:\/\/kaleidoskopkulture.com\/wp-content\/uploads\/2022\/08\/Picture-01.png","contentUrl":"https:\/\/kaleidoskopkulture.com\/wp-content\/uploads\/2022\/08\/Picture-01.png"},{"@type":"BreadcrumbList","@id":"https:\/\/kaleidoskopkulture.com\/sr\/uslovi-koriscenja\/#breadcrumb","itemListElement":[{"@type":"ListItem","position":1,"name":"Home","item":"https:\/\/kaleidoskopkulture.com\/sr\/"},{"@type":"ListItem","position":2,"name":"Uslovi kori\u0161\u0107enja"}]},{"@type":"WebSite","@id":"https:\/\/kaleidoskopkulture.com\/sr\/#website","url":"https:\/\/kaleidoskopkulture.com\/sr\/","name":"Kaleidoskop kulture","description":"Novo lice kulture u Novom Sadu","publisher":{"@id":"https:\/\/kaleidoskopkulture.com\/sr\/#organization"},"potentialAction":[{"@type":"SearchAction","target":{"@type":"EntryPoint","urlTemplate":"https:\/\/kaleidoskopkulture.com\/sr\/?s={search_term_string}"},"query-input":"required name=search_term_string"}],"inLanguage":"sr-RS"},{"@type":"Organization","@id":"https:\/\/kaleidoskopkulture.com\/sr\/#organization","name":"Kaleidoskop kulture","url":"https:\/\/kaleidoskopkulture.com\/sr\/","logo":{"@type":"ImageObject","inLanguage":"sr-RS","@id":"https:\/\/kaleidoskopkulture.com\/sr\/#\/schema\/logo\/image\/","url":"https:\/\/kaleidoskopkulture.com\/wp-content\/uploads\/2022\/08\/cropped-kk-logo-1-1.png","contentUrl":"https:\/\/kaleidoskopkulture.com\/wp-content\/uploads\/2022\/08\/cropped-kk-logo-1-1.png","width":260,"height":90,"caption":"Kaleidoskop kulture"},"image":{"@id":"https:\/\/kaleidoskopkulture.com\/sr\/#\/schema\/logo\/image\/"}}]}},"_links":{"self":[{"href":"https:\/\/kaleidoskopkulture.com\/sr\/wp-json\/wp\/v2\/pages\/7535","targetHints":{"allow":["GET"]}}],"collection":[{"href":"https:\/\/kaleidoskopkulture.com\/sr\/wp-json\/wp\/v2\/pages"}],"about":[{"href":"https:\/\/kaleidoskopkulture.com\/sr\/wp-json\/wp\/v2\/types\/page"}],"author":[{"embeddable":true,"href":"https:\/\/kaleidoskopkulture.com\/sr\/wp-json\/wp\/v2\/users\/6"}],"replies":[{"embeddable":true,"href":"https:\/\/kaleidoskopkulture.com\/sr\/wp-json\/wp\/v2\/comments?post=7535"}],"version-history":[{"count":9,"href":"https:\/\/kaleidoskopkulture.com\/sr\/wp-json\/wp\/v2\/pages\/7535\/revisions"}],"predecessor-version":[{"id":7540,"href":"https:\/\/kaleidoskopkulture.com\/sr\/wp-json\/wp\/v2\/pages\/7535\/revisions\/7540"}],"wp:attachment":[{"href":"https:\/\/kaleidoskopkulture.com\/sr\/wp-json\/wp\/v2\/media?parent=7535"}],"curies":[{"name":"wp","href":"https:\/\/api.w.org\/{rel}","templated":true}]}}