{"id":6842,"date":"2022-08-08T08:59:34","date_gmt":"2022-08-08T06:59:34","guid":{"rendered":"https:\/\/kaleidoskopkulture.com\/?page_id=6842"},"modified":"2024-10-14T13:03:35","modified_gmt":"2024-10-14T11:03:35","slug":"kaleidoskop-kalendar-nedelja-izvodjacke-umetnosti","status":"publish","type":"page","link":"https:\/\/kaleidoskopkulture.com\/sr\/kaleidoskop-kalendar-nedelja-izvodjacke-umetnosti\/","title":{"rendered":"Kaleidoskop kalendar &#8211; Nedelja izvo\u0111a\u010dke umetnosti"},"content":{"rendered":"<p>[vc_section][vc_row css=&#8220;.vc_custom_1707777596581{margin-top: 50px !important;}&#8220;][vc_column][vc_column_text]<\/p>\n<h4 style=\"text-align: center;\"><span style=\"color: #f5aac8;\">NEDELJA IZVO\u0110A\u010cKE UMETNOSTI<\/span><\/h4>\n<p style=\"text-align: center;\">DISTRIKT<\/p>\n<p>[\/vc_column_text][vc_row_inner disable_element=&#8220;yes&#8220;][vc_column_inner][vc_basic_grid post_type=&#8220;post&#8220; max_items=&#8220;12&#8243; element_width=&#8220;3&#8243; gap=&#8220;10&#8243; item=&#8220;117&#8243; grid_id=&#8220;vc_gid:1728903774353-bc50ba01-141e-6&#8243; taxonomies=&#8220;14&#8243;][\/vc_column_inner][\/vc_row_inner][vc_video link=&#8220;https:\/\/www.youtube.com\/watch?v=PAh1ynVrTHE&amp;t=9s&#8220;][\/vc_column][\/vc_row][\/vc_section][vc_row disable_element=&#8220;yes&#8220;][vc_column][vc_column_text]<\/p>\n<h4 style=\"text-align: center;\">NEDELJA IZVO\u0110A\u010cKE UMETNOSTI<\/h4>\n<p>[\/vc_column_text][\/vc_column][\/vc_row][vc_section][vc_row disable_element=&#8220;yes&#8220; css=&#8220;.vc_custom_1728903793092{padding-top: 10px !important;}&#8220;][vc_column][vc_custom_heading text=&#8220;PROGRAM&#8220; font_container=&#8220;tag:h3|text_align:left&#8220; use_theme_fonts=&#8220;yes&#8220;][vc_column_text]<strong>\u2022 Predstava \u201e<a href=\"https:\/\/kalendar.novisad2022.rs\/events\/predstava-demokratija\/\">Demokratija<\/a>\u201c<\/strong> \/ SKCNS Fabrika \/ 20. septembar \/ 19 sati \/ <a href=\"https:\/\/docs.google.com\/forms\/d\/e\/1FAIpQLSdTFekkvQmjmeS0zxAgyWkqernVlvQODUJw_uVg-5MLyER7Ew\/viewform\">PRIJAVA <\/a>\u00a0(broj sede\u0107ih mesta je popunjen)<\/p>\n<p><strong>\u2022 <a href=\"https:\/\/kalendar.novisad2022.rs\/events\/performans-guitarevolution-kaleidoskop-kulture-2024\/\">Performans \u201eguitARevolution\u201c <\/a><\/strong>\/ Biro \/ 20. septembar \/ 20 sati<\/p>\n<p><strong>\u2022 <a href=\"https:\/\/kalendar.novisad2022.rs\/events\/plesna-predstava-kora-2\/\">Plesna predstava \u201eKora\u201c <\/a><\/strong>\/ Distrikt \/ 20. septembar \/ 21 sat<\/p>\n<p><strong>\u2022 <\/strong>Koncert <a href=\"https:\/\/kalendar.novisad2022.rs\/events\/ibrahim-maluf-kaleidoskop-kulture-2024\/\"><strong>Ibrahima Malufa<\/strong><\/a> \/ Distrikt \/ 21. septembar \/ 20.30 sati[\/vc_column_text][\/vc_column][\/vc_row][vc_row disable_element=&#8220;yes&#8220; css=&#8220;.vc_custom_1728903804459{padding-top: 10px !important;}&#8220;][vc_column][vc_custom_heading text=&#8220;IZDVAJAMO&#8220; font_container=&#8220;tag:h3|text_align:left&#8220; use_theme_fonts=&#8220;yes&#8220;][\/vc_column][\/vc_row][vc_row disable_element=&#8220;yes&#8220; css=&#8220;.vc_custom_1728903813136{padding-top: 15px !important;}&#8220; el_class=&#8220;izdvajamo-row&#8220;][vc_column width=&#8220;1\/5&#8243;][vc_single_image image=&#8220;12079&#8243; img_size=&#8220;500x500px&#8220; onclick=&#8220;custom_link&#8220; img_link_target=&#8220;_blank&#8220; link=&#8220;https:\/\/kaleidoskopkulture.com\/sr\/svetski-virtuoz-na-trubi-ibrahim-maluf-stupa-na-scenu-kaleidoskopa-kulture-u-nedelji-izvodjacke-umetnosti&#8220;][vc_custom_heading text=&#8220;Svetski virtuoz na trubi Ibrahim Maluf stupa na scenu Kaleidoskopa kulture u nedelji izvo\u0111a\u010dke umetnosti&#8220; font_container=&#8220;tag:h5|text_align:left&#8220; use_theme_fonts=&#8220;yes&#8220; css=&#8220;.vc_custom_1723106802516{padding-bottom: 10px !important;}&#8220; link=&#8220;url:https%3A%2F%2Fkaleidoskopkulture.com%2Fsr%2Fsvetski-virtuoz-na-trubi-ibrahim-maluf-stupa-na-scenu-kaleidoskopa-kulture-u-nedelji-izvodjacke-umetnosti%2F|target:_blank&#8220;][vc_custom_heading text=&#8220;DETALJNIJE&#8220; font_container=&#8220;tag:h6|font_size:14|text_align:left&#8220; use_theme_fonts=&#8220;yes&#8220; link=&#8220;url:https%3A%2F%2Fkaleidoskopkulture.com%2Fsr%2Fsvetski-virtuoz-na-trubi-ibrahim-maluf-stupa-na-scenu-kaleidoskopa-kulture-u-nedelji-izvodjacke-umetnosti%2F|target:_blank&#8220; el_class=&#8220;izdvajamo-dugme&#8220; css=&#8220;.vc_custom_1723106842940{padding-bottom: 8px !important;}&#8220;][\/vc_column][vc_column width=&#8220;1\/5&#8243;][vc_single_image image=&#8220;13107&#8243; img_size=&#8220;500x500px&#8220; onclick=&#8220;custom_link&#8220; img_link_target=&#8220;_blank&#8220; link=&#8220;https:\/\/kaleidoskopkulture.com\/sr\/predstava-kora-donosi-nam-plesnu-pricu-o-ratu-identitetu-i-borbi-dobra-i-zla\/&#8220;][vc_custom_heading text=&#8220;Predstava \u201eKora\u201c donosi nam plesnu pri\u010du o ratu, identitetu i borbi dobra i zla&#8220; font_container=&#8220;tag:h5|text_align:left&#8220; use_theme_fonts=&#8220;yes&#8220; css=&#8220;.vc_custom_1726750682840{padding-bottom: 10px !important;}&#8220; link=&#8220;url:https%3A%2F%2Fkaleidoskopkulture.com%2Fsr%2Fpredstava-kora-donosi-nam-plesnu-pricu-o-ratu-identitetu-i-borbi-dobra-i-zla%2F|title:Predstava%20%E2%80%9EKora%E2%80%9C%20donosi%20nam%20plesnu%20pri%C4%8Du%20o%20ratu%2C%20identitetu%20i%20borbi%20dobra%20i%20zla|target:_blank&#8220;][vc_custom_heading text=&#8220;DETALJNIJE&#8220; font_container=&#8220;tag:h6|font_size:14|text_align:left&#8220; use_theme_fonts=&#8220;yes&#8220; link=&#8220;url:https%3A%2F%2Fkaleidoskopkulture.com%2Fsr%2Fpredstava-kora-donosi-nam-plesnu-pricu-o-ratu-identitetu-i-borbi-dobra-i-zla%2F|title:Predstava%20%E2%80%9EKora%E2%80%9C%20donosi%20nam%20plesnu%20pri%C4%8Du%20o%20ratu%2C%20identitetu%20i%20borbi%20dobra%20i%20zla|target:_blank&#8220; el_class=&#8220;izdvajamo-dugme&#8220; css=&#8220;.vc_custom_1726750697465{padding-bottom: 8px !important;}&#8220;][\/vc_column][\/vc_row][\/vc_section][vc_row disable_element=&#8220;yes&#8220; css=&#8220;.vc_custom_1692257176684{padding-top: 40px !important;}&#8220;][vc_column width=&#8220;1\/2&#8243;][vc_single_image image=&#8220;9218&#8243; img_size=&#8220;full&#8220; onclick=&#8220;custom_link&#8220; link=&#8220;#kalendar&#8220;][\/vc_column][vc_column width=&#8220;1\/2&#8243;][vc_single_image image=&#8220;9226&#8243; img_size=&#8220;full&#8220; onclick=&#8220;custom_link&#8220; link=&#8220;#izvodjacka_lista&#8220;][\/vc_column][\/vc_row][vc_row disable_element=&#8220;yes&#8220; el_id=&#8220;kalendar&#8220;][vc_column][vc_custom_heading text=&#8220;PROGRAM \/ KALENDAR&#8220; font_container=&#8220;tag:h3|text_align:left&#8220; use_theme_fonts=&#8220;yes&#8220; css=&#8220;.vc_custom_1661782777572{padding-top: 40px !important;}&#8220;][\/vc_column][\/vc_row][vc_row full_width=&#8220;stretch_row_content&#8220; disable_element=&#8220;yes&#8220;][vc_column][vc_raw_html]JTNDaWZyYW1lJTIwc3JjJTNEJTIyaHR0cHMlM0ElMkYlMkZrYWxlbmRhci5ub3Zpc2FkMjAyMi5ycyUyRmthbGVpZG9za29wLTIwMjItbmVkZWxqYS1penZvZGphY2tlLXVtZXRub3N0aSUyRiUyMiUyMGZyYW1lYm9yZGVyJTNEJTIyMCUyMiUyMHN0eWxlJTNEJTIybWluLWhlaWdodCUzQSUyMDkwMHB4JTNCJTIyJTNFJTNDJTJGaWZyYW1lJTNFJTBB[\/vc_raw_html][\/vc_column][\/vc_row][vc_row disable_element=&#8220;yes&#8220;][vc_column][vc_custom_heading text=&#8220;Program u okviru ostalih nedelja umetnosti pogledajte klikom na baner:&#8220; font_container=&#8220;tag:h3|text_align:left&#8220; use_theme_fonts=&#8220;yes&#8220;][\/vc_column][\/vc_row][vc_row disable_element=&#8220;yes&#8220;][vc_column width=&#8220;1\/5&#8243;][vc_single_image image=&#8220;9192&#8243; img_size=&#8220;full&#8220; alignment=&#8220;center&#8220; onclick=&#8220;custom_link&#8220; img_link_target=&#8220;_blank&#8220; link=&#8220;\/sr\/kaleidoskop-kalendar-otvaranje\/&#8220;][\/vc_column][vc_column width=&#8220;1\/5&#8243;][vc_single_image image=&#8220;9194&#8243; img_size=&#8220;full&#8220; alignment=&#8220;center&#8220; onclick=&#8220;custom_link&#8220; img_link_target=&#8220;_blank&#8220; link=&#8220;\/sr\/kaleidoskop-kalendar-nedelja-arhitekture\/&#8220;][\/vc_column][vc_column width=&#8220;1\/5&#8243;][vc_single_image image=&#8220;9198&#8243; img_size=&#8220;full&#8220; alignment=&#8220;center&#8220; onclick=&#8220;custom_link&#8220; img_link_target=&#8220;_blank&#8220; link=&#8220;\/sr\/kaleidoskop-kalendar-nedelja-knjizevnosti\/&#8220;][\/vc_column][vc_column width=&#8220;1\/5&#8243;][vc_single_image image=&#8220;9200&#8243; img_size=&#8220;full&#8220; alignment=&#8220;center&#8220; onclick=&#8220;custom_link&#8220; img_link_target=&#8220;_blank&#8220; link=&#8220;\/sr\/kaleidoskop-kalendar-nedelja-vizulene-umetnosti\/&#8220;][\/vc_column][vc_column width=&#8220;1\/5&#8243;][vc_single_image image=&#8220;9202&#8243; img_size=&#8220;full&#8220; alignment=&#8220;center&#8220; onclick=&#8220;custom_link&#8220; img_link_target=&#8220;_blank&#8220; link=&#8220;\/sr\/kaleidoskop-kalendar-nedelja-primenjene-umetnosti\/&#8220;][\/vc_column][\/vc_row][vc_row disable_element=&#8220;yes&#8220;][vc_column][vc_column_text]Prva nedelja Kaleidoskopa kulture, nakon \u010detvorodnevne ceremonije sve\u010danog otvaranja, posve\u0107ena je izvo\u0111a\u010dkoj umetnosti koja \u0107e transformisati Distrikt i Kulturne stanice u umetni\u010dku scenu i nova mesta okupljanja u Novom Sadu. Jedan od najva\u017enijih doga\u0111aja kojim je proteklih godina zapo\u010dinjala ova nedelja je tradicionalni Korzo, koncert klasi\u010dne muzike koji \u0107emo ovom prilikom slu\u0161ati na otvaranju Kaleidoskopa.<\/p>\n<p>Nedelju izvo\u0111a\u010dke umetnosti 2023. godine obele\u017eava koncert dobitnika Gremija D\u017eejsona Majlsa, kao i virtuoza na violini Stefana Milenkovi\u0107a sa Kameratom, ali i nastup drugih vrsnih umetnika koji \u0107e o\u017eiveti novosadsku kulturnu scenu.<\/p>\n<p>[\/vc_column_text][\/vc_column][\/vc_row]<\/p>\n","protected":false},"excerpt":{"rendered":"<p>[vc_section][vc_row css=&#8220;.vc_custom_1707777596581{margin-top: 50px !important;}&#8220;][vc_column][vc_column_text] NEDELJA IZVO\u0110A\u010cKE UMETNOSTI DISTRIKT [\/vc_column_text][vc_row_inner disable_element=&#8220;yes&#8220;][vc_column_inner][vc_basic_grid post_type=&#8220;post&#8220; max_items=&#8220;12&#8243; element_width=&#8220;3&#8243; gap=&#8220;10&#8243; item=&#8220;117&#8243; grid_id=&#8220;vc_gid:1728903774353-bc50ba01-141e-6&#8243; taxonomies=&#8220;14&#8243;][\/vc_column_inner][\/vc_row_inner][vc_video link=&#8220;https:\/\/www.youtube.com\/watch?v=PAh1ynVrTHE&amp;t=9s&#8220;][\/vc_column][\/vc_row][\/vc_section][vc_row disable_element=&#8220;yes&#8220;][vc_column][vc_column_text] NEDELJA IZVO\u0110A\u010cKE UMETNOSTI [\/vc_column_text][\/vc_column][\/vc_row][vc_section][vc_row disable_element=&#8220;yes&#8220; css=&#8220;.vc_custom_1728903793092{padding-top: 10px !important;}&#8220;][vc_column][vc_custom_heading text=&#8220;PROGRAM&#8220; font_container=&#8220;tag:h3|text_align:left&#8220; use_theme_fonts=&#8220;yes&#8220;][vc_column_text]\u2022 Predstava \u201eDemokratija\u201c \/ SKCNS Fabrika \/ 20. septembar \/ 19&#8230;<\/p>\n","protected":false},"author":6,"featured_media":12201,"parent":0,"menu_order":0,"comment_status":"closed","ping_status":"closed","template":"","meta":{"footnotes":""},"class_list":["post-6842","page","type-page","status-publish","has-post-thumbnail","hentry"],"yoast_head":"<!-- This site is optimized with the Yoast SEO plugin v22.4 - https:\/\/yoast.com\/wordpress\/plugins\/seo\/ -->\n<title>Kaleidoskop kalendar - Nedelja izvo\u0111a\u010dke umetnosti<\/title>\n<meta name=\"description\" content=\"Nedelja izvo\u0111a\u010dke umetnosti nudi koncerte na otvorenom, performanse, pozori\u0161ne predstave i ples u savremenim formama u prostoru Distrikta.\" \/>\n<meta name=\"robots\" content=\"index, follow, max-snippet:-1, max-image-preview:large, max-video-preview:-1\" \/>\n<link rel=\"canonical\" href=\"https:\/\/kaleidoskopkulture.com\/sr\/kaleidoskop-kalendar-nedelja-izvodjacke-umetnosti\/\" \/>\n<meta property=\"og:locale\" content=\"sr_RS\" \/>\n<meta property=\"og:type\" content=\"article\" \/>\n<meta property=\"og:title\" content=\"Kaleidoskop kalendar - Nedelja izvo\u0111a\u010dke umetnosti\" \/>\n<meta property=\"og:description\" content=\"Nedelja izvo\u0111a\u010dke umetnosti nudi koncerte na otvorenom, performanse, pozori\u0161ne predstave i ples u savremenim formama u prostoru Distrikta.\" \/>\n<meta property=\"og:url\" content=\"https:\/\/kaleidoskopkulture.com\/sr\/kaleidoskop-kalendar-nedelja-izvodjacke-umetnosti\/\" \/>\n<meta property=\"og:site_name\" content=\"Kaleidoskop kulture\" \/>\n<meta property=\"article:modified_time\" content=\"2024-10-14T11:03:35+00:00\" \/>\n<meta property=\"og:image\" content=\"https:\/\/kaleidoskopkulture.com\/wp-content\/uploads\/2024\/08\/kk24_vizuali_genericki9-1.png\" \/>\n\t<meta property=\"og:image:width\" content=\"1080\" \/>\n\t<meta property=\"og:image:height\" content=\"1080\" \/>\n\t<meta property=\"og:image:type\" content=\"image\/png\" \/>\n<meta name=\"twitter:card\" content=\"summary_large_image\" \/>\n<meta name=\"twitter:label1\" content=\"Procenjeno vreme \u010ditanja\" \/>\n\t<meta name=\"twitter:data1\" content=\"5 minuta\" \/>\n<script type=\"application\/ld+json\" class=\"yoast-schema-graph\">{\"@context\":\"https:\/\/schema.org\",\"@graph\":[{\"@type\":\"WebPage\",\"@id\":\"https:\/\/kaleidoskopkulture.com\/sr\/kaleidoskop-kalendar-nedelja-izvodjacke-umetnosti\/\",\"url\":\"https:\/\/kaleidoskopkulture.com\/sr\/kaleidoskop-kalendar-nedelja-izvodjacke-umetnosti\/\",\"name\":\"Kaleidoskop kalendar - Nedelja izvo\u0111a\u010dke umetnosti\",\"isPartOf\":{\"@id\":\"https:\/\/kaleidoskopkulture.com\/sr\/#website\"},\"primaryImageOfPage\":{\"@id\":\"https:\/\/kaleidoskopkulture.com\/sr\/kaleidoskop-kalendar-nedelja-izvodjacke-umetnosti\/#primaryimage\"},\"image\":{\"@id\":\"https:\/\/kaleidoskopkulture.com\/sr\/kaleidoskop-kalendar-nedelja-izvodjacke-umetnosti\/#primaryimage\"},\"thumbnailUrl\":\"https:\/\/kaleidoskopkulture.com\/wp-content\/uploads\/2024\/08\/kk24_vizuali_genericki9-1.png\",\"datePublished\":\"2022-08-08T06:59:34+00:00\",\"dateModified\":\"2024-10-14T11:03:35+00:00\",\"description\":\"Nedelja izvo\u0111a\u010dke umetnosti nudi koncerte na otvorenom, performanse, pozori\u0161ne predstave i ples u savremenim formama u prostoru Distrikta.\",\"breadcrumb\":{\"@id\":\"https:\/\/kaleidoskopkulture.com\/sr\/kaleidoskop-kalendar-nedelja-izvodjacke-umetnosti\/#breadcrumb\"},\"inLanguage\":\"sr-RS\",\"potentialAction\":[{\"@type\":\"ReadAction\",\"target\":[\"https:\/\/kaleidoskopkulture.com\/sr\/kaleidoskop-kalendar-nedelja-izvodjacke-umetnosti\/\"]}]},{\"@type\":\"ImageObject\",\"inLanguage\":\"sr-RS\",\"@id\":\"https:\/\/kaleidoskopkulture.com\/sr\/kaleidoskop-kalendar-nedelja-izvodjacke-umetnosti\/#primaryimage\",\"url\":\"https:\/\/kaleidoskopkulture.com\/wp-content\/uploads\/2024\/08\/kk24_vizuali_genericki9-1.png\",\"contentUrl\":\"https:\/\/kaleidoskopkulture.com\/wp-content\/uploads\/2024\/08\/kk24_vizuali_genericki9-1.png\",\"width\":1080,\"height\":1080},{\"@type\":\"BreadcrumbList\",\"@id\":\"https:\/\/kaleidoskopkulture.com\/sr\/kaleidoskop-kalendar-nedelja-izvodjacke-umetnosti\/#breadcrumb\",\"itemListElement\":[{\"@type\":\"ListItem\",\"position\":1,\"name\":\"Home\",\"item\":\"https:\/\/kaleidoskopkulture.com\/sr\/\"},{\"@type\":\"ListItem\",\"position\":2,\"name\":\"Kaleidoskop kalendar &#8211; Nedelja izvo\u0111a\u010dke umetnosti\"}]},{\"@type\":\"WebSite\",\"@id\":\"https:\/\/kaleidoskopkulture.com\/sr\/#website\",\"url\":\"https:\/\/kaleidoskopkulture.com\/sr\/\",\"name\":\"Kaleidoskop kulture\",\"description\":\"Novo lice kulture u Novom Sadu\",\"publisher\":{\"@id\":\"https:\/\/kaleidoskopkulture.com\/sr\/#organization\"},\"potentialAction\":[{\"@type\":\"SearchAction\",\"target\":{\"@type\":\"EntryPoint\",\"urlTemplate\":\"https:\/\/kaleidoskopkulture.com\/sr\/?s={search_term_string}\"},\"query-input\":\"required name=search_term_string\"}],\"inLanguage\":\"sr-RS\"},{\"@type\":\"Organization\",\"@id\":\"https:\/\/kaleidoskopkulture.com\/sr\/#organization\",\"name\":\"Kaleidoskop kulture\",\"url\":\"https:\/\/kaleidoskopkulture.com\/sr\/\",\"logo\":{\"@type\":\"ImageObject\",\"inLanguage\":\"sr-RS\",\"@id\":\"https:\/\/kaleidoskopkulture.com\/sr\/#\/schema\/logo\/image\/\",\"url\":\"https:\/\/kaleidoskopkulture.com\/wp-content\/uploads\/2022\/08\/cropped-kk-logo-1-1.png\",\"contentUrl\":\"https:\/\/kaleidoskopkulture.com\/wp-content\/uploads\/2022\/08\/cropped-kk-logo-1-1.png\",\"width\":260,\"height\":90,\"caption\":\"Kaleidoskop kulture\"},\"image\":{\"@id\":\"https:\/\/kaleidoskopkulture.com\/sr\/#\/schema\/logo\/image\/\"}}]}<\/script>\n<!-- \/ Yoast SEO plugin. -->","yoast_head_json":{"title":"Kaleidoskop kalendar - Nedelja izvo\u0111a\u010dke umetnosti","description":"Nedelja izvo\u0111a\u010dke umetnosti nudi koncerte na otvorenom, performanse, pozori\u0161ne predstave i ples u savremenim formama u prostoru Distrikta.","robots":{"index":"index","follow":"follow","max-snippet":"max-snippet:-1","max-image-preview":"max-image-preview:large","max-video-preview":"max-video-preview:-1"},"canonical":"https:\/\/kaleidoskopkulture.com\/sr\/kaleidoskop-kalendar-nedelja-izvodjacke-umetnosti\/","og_locale":"sr_RS","og_type":"article","og_title":"Kaleidoskop kalendar - Nedelja izvo\u0111a\u010dke umetnosti","og_description":"Nedelja izvo\u0111a\u010dke umetnosti nudi koncerte na otvorenom, performanse, pozori\u0161ne predstave i ples u savremenim formama u prostoru Distrikta.","og_url":"https:\/\/kaleidoskopkulture.com\/sr\/kaleidoskop-kalendar-nedelja-izvodjacke-umetnosti\/","og_site_name":"Kaleidoskop kulture","article_modified_time":"2024-10-14T11:03:35+00:00","og_image":[{"width":1080,"height":1080,"url":"https:\/\/kaleidoskopkulture.com\/wp-content\/uploads\/2024\/08\/kk24_vizuali_genericki9-1.png","type":"image\/png"}],"twitter_card":"summary_large_image","twitter_misc":{"Procenjeno vreme \u010ditanja":"5 minuta"},"schema":{"@context":"https:\/\/schema.org","@graph":[{"@type":"WebPage","@id":"https:\/\/kaleidoskopkulture.com\/sr\/kaleidoskop-kalendar-nedelja-izvodjacke-umetnosti\/","url":"https:\/\/kaleidoskopkulture.com\/sr\/kaleidoskop-kalendar-nedelja-izvodjacke-umetnosti\/","name":"Kaleidoskop kalendar - Nedelja izvo\u0111a\u010dke umetnosti","isPartOf":{"@id":"https:\/\/kaleidoskopkulture.com\/sr\/#website"},"primaryImageOfPage":{"@id":"https:\/\/kaleidoskopkulture.com\/sr\/kaleidoskop-kalendar-nedelja-izvodjacke-umetnosti\/#primaryimage"},"image":{"@id":"https:\/\/kaleidoskopkulture.com\/sr\/kaleidoskop-kalendar-nedelja-izvodjacke-umetnosti\/#primaryimage"},"thumbnailUrl":"https:\/\/kaleidoskopkulture.com\/wp-content\/uploads\/2024\/08\/kk24_vizuali_genericki9-1.png","datePublished":"2022-08-08T06:59:34+00:00","dateModified":"2024-10-14T11:03:35+00:00","description":"Nedelja izvo\u0111a\u010dke umetnosti nudi koncerte na otvorenom, performanse, pozori\u0161ne predstave i ples u savremenim formama u prostoru Distrikta.","breadcrumb":{"@id":"https:\/\/kaleidoskopkulture.com\/sr\/kaleidoskop-kalendar-nedelja-izvodjacke-umetnosti\/#breadcrumb"},"inLanguage":"sr-RS","potentialAction":[{"@type":"ReadAction","target":["https:\/\/kaleidoskopkulture.com\/sr\/kaleidoskop-kalendar-nedelja-izvodjacke-umetnosti\/"]}]},{"@type":"ImageObject","inLanguage":"sr-RS","@id":"https:\/\/kaleidoskopkulture.com\/sr\/kaleidoskop-kalendar-nedelja-izvodjacke-umetnosti\/#primaryimage","url":"https:\/\/kaleidoskopkulture.com\/wp-content\/uploads\/2024\/08\/kk24_vizuali_genericki9-1.png","contentUrl":"https:\/\/kaleidoskopkulture.com\/wp-content\/uploads\/2024\/08\/kk24_vizuali_genericki9-1.png","width":1080,"height":1080},{"@type":"BreadcrumbList","@id":"https:\/\/kaleidoskopkulture.com\/sr\/kaleidoskop-kalendar-nedelja-izvodjacke-umetnosti\/#breadcrumb","itemListElement":[{"@type":"ListItem","position":1,"name":"Home","item":"https:\/\/kaleidoskopkulture.com\/sr\/"},{"@type":"ListItem","position":2,"name":"Kaleidoskop kalendar &#8211; Nedelja izvo\u0111a\u010dke umetnosti"}]},{"@type":"WebSite","@id":"https:\/\/kaleidoskopkulture.com\/sr\/#website","url":"https:\/\/kaleidoskopkulture.com\/sr\/","name":"Kaleidoskop kulture","description":"Novo lice kulture u Novom Sadu","publisher":{"@id":"https:\/\/kaleidoskopkulture.com\/sr\/#organization"},"potentialAction":[{"@type":"SearchAction","target":{"@type":"EntryPoint","urlTemplate":"https:\/\/kaleidoskopkulture.com\/sr\/?s={search_term_string}"},"query-input":"required name=search_term_string"}],"inLanguage":"sr-RS"},{"@type":"Organization","@id":"https:\/\/kaleidoskopkulture.com\/sr\/#organization","name":"Kaleidoskop kulture","url":"https:\/\/kaleidoskopkulture.com\/sr\/","logo":{"@type":"ImageObject","inLanguage":"sr-RS","@id":"https:\/\/kaleidoskopkulture.com\/sr\/#\/schema\/logo\/image\/","url":"https:\/\/kaleidoskopkulture.com\/wp-content\/uploads\/2022\/08\/cropped-kk-logo-1-1.png","contentUrl":"https:\/\/kaleidoskopkulture.com\/wp-content\/uploads\/2022\/08\/cropped-kk-logo-1-1.png","width":260,"height":90,"caption":"Kaleidoskop kulture"},"image":{"@id":"https:\/\/kaleidoskopkulture.com\/sr\/#\/schema\/logo\/image\/"}}]}},"_links":{"self":[{"href":"https:\/\/kaleidoskopkulture.com\/sr\/wp-json\/wp\/v2\/pages\/6842","targetHints":{"allow":["GET"]}}],"collection":[{"href":"https:\/\/kaleidoskopkulture.com\/sr\/wp-json\/wp\/v2\/pages"}],"about":[{"href":"https:\/\/kaleidoskopkulture.com\/sr\/wp-json\/wp\/v2\/types\/page"}],"author":[{"embeddable":true,"href":"https:\/\/kaleidoskopkulture.com\/sr\/wp-json\/wp\/v2\/users\/6"}],"replies":[{"embeddable":true,"href":"https:\/\/kaleidoskopkulture.com\/sr\/wp-json\/wp\/v2\/comments?post=6842"}],"version-history":[{"count":74,"href":"https:\/\/kaleidoskopkulture.com\/sr\/wp-json\/wp\/v2\/pages\/6842\/revisions"}],"predecessor-version":[{"id":13654,"href":"https:\/\/kaleidoskopkulture.com\/sr\/wp-json\/wp\/v2\/pages\/6842\/revisions\/13654"}],"wp:featuredmedia":[{"embeddable":true,"href":"https:\/\/kaleidoskopkulture.com\/sr\/wp-json\/wp\/v2\/media\/12201"}],"wp:attachment":[{"href":"https:\/\/kaleidoskopkulture.com\/sr\/wp-json\/wp\/v2\/media?parent=6842"}],"curies":[{"name":"wp","href":"https:\/\/api.w.org\/{rel}","templated":true}]}}