{"id":6829,"date":"2022-08-08T08:42:23","date_gmt":"2022-08-08T06:42:23","guid":{"rendered":"https:\/\/kaleidoskopkulture.com\/?page_id=6829"},"modified":"2024-10-14T13:02:27","modified_gmt":"2024-10-14T11:02:27","slug":"kaleidoskop-kalendar-nedelja-arhitekture","status":"publish","type":"page","link":"https:\/\/kaleidoskopkulture.com\/sr\/kaleidoskop-kalendar-nedelja-arhitekture\/","title":{"rendered":"Kaleidoskop kalendar &#8211; Nedelja arhitekture"},"content":{"rendered":"<p>[vc_section][vc_row css=&#8220;.vc_custom_1707777596581{margin-top: 50px !important;}&#8220;][vc_column][vc_column_text]<\/p>\n<h4 style=\"text-align: center;\"><span style=\"color: #a59bff;\">NEDELJA ARHITEKTURE<\/span><\/h4>\n<p style=\"text-align: center;\">DISTRIKT<\/p>\n<p>[\/vc_column_text][vc_row_inner disable_element=&#8220;yes&#8220; css=&#8220;.vc_custom_1723725585608{margin-top: 200px !important;}&#8220;][vc_column_inner][\/vc_column_inner][\/vc_row_inner][vc_video link=&#8220;https:\/\/www.youtube.com\/watch?v=wRxaLWmcbgk&#8220;][\/vc_column][\/vc_row][vc_row disable_element=&#8220;yes&#8220;][vc_column][vc_column_text]<\/p>\n<h3 class=\"vc_custom_heading\">PROGRAM<\/h3>\n<p>&nbsp;<\/p>\n<div class=\"wpb_text_column wpb_content_element \">\n<p><strong>\u2022 Predavanja: <a href=\"https:\/\/kalendar.novisad2022.rs\/events\/predavanja-idis-turato-i-dejan-miljkovic-kaleidoskop-kulture-2024\/\">Idis Turato i Dejan Miljkovi\u0107\u00a0<\/a><\/strong>\/ Distrikt, Biro \/ 27. septembar \/ 19 sati \/ <a href=\"https:\/\/docs.google.com\/forms\/d\/18On-bQ7iRqWmtETCjHk2W3jNfnxX2K26StHJHOkWy-w\/viewform?edit_requested=true\"><strong>PRIJAVA<\/strong><\/a><\/p>\n<div class=\"wpb_wrapper\">\n<p><strong>\u2022 Predavanje <a href=\"https:\/\/kalendar.novisad2022.rs\/events\/riken-jamamoto-kaleidoskop-kulture-2024\/\">Riken Jamamoto<\/a><\/strong> \/ Srpsko narodno pozori\u0161te* \/ 28. septembar \/ 20.30 sati \/ <strong><a href=\"https:\/\/docs.google.com\/forms\/d\/e\/1FAIpQLSf2DAtDgldS4Fuha9vAFw1T0JX6ftZx9Zc7EZ1FDQMrQnOcSw\/viewform\">PRIJAVA<\/a><\/strong><\/p>\n<p>*<strong>Usled najavljene ki\u0161e, predavanje Rikena Jamamota odr\u017ea\u0107e se na novoj lokaciji &#8211; u Srpskom narodnom pozori\u0161tu, 28. septembra od 20.30 \u010dasova. Svi koji su popunili formular prijave, mo\u0107i \u0107e da prisustvuju predavanju. <\/strong><strong>Prijave \u0107e biti proveravane pred doga\u0111aj, 28. septembra, od 19.30 do 20.15,\u00a0 nakon toga ne\u0107e va\u017eiti.<\/strong><\/p>\n<p>&nbsp;<\/p>\n<\/div>\n<\/div>\n<p>[\/vc_column_text][\/vc_column][\/vc_row][\/vc_section][vc_row disable_element=&#8220;yes&#8220;][vc_column][vc_column_text]<\/p>\n<h4 style=\"text-align: center;\">NEDELJA ARHITEKTURE<\/h4>\n<p>[\/vc_column_text][\/vc_column][\/vc_row][vc_section][vc_row disable_element=&#8220;yes&#8220; css=&#8220;.vc_custom_1728903737822{padding-top: 10px !important;}&#8220;][vc_column][vc_custom_heading text=&#8220;IZDVAJAMO&#8220; font_container=&#8220;tag:h3|text_align:left&#8220; use_theme_fonts=&#8220;yes&#8220;][\/vc_column][\/vc_row][vc_row disable_element=&#8220;yes&#8220; css=&#8220;.vc_custom_1728903744548{padding-top: 15px !important;}&#8220; el_class=&#8220;izdvajamo-row&#8220;][vc_column width=&#8220;1\/5&#8243;][vc_single_image image=&#8220;12093&#8243; img_size=&#8220;500x500px&#8220; onclick=&#8220;custom_link&#8220; link=&#8220;https:\/\/kaleidoskopkulture.com\/sr\/dobitnik-prickerove-nagrade-riken-jamamoto-stize-na-ovogodisnji-kaleidoskop-kulture&#8220;][vc_custom_heading text=&#8220;Dobitnik Prickerove nagrade Riken Jamamoto sti\u017ee na ovogodi\u0161nji Kaleidoskop kulture&#8220; font_container=&#8220;tag:h5|text_align:left&#8220; use_theme_fonts=&#8220;yes&#8220; link=&#8220;url:%20https%3A%2F%2Fkaleidoskopkulture.com%2Fsr%2Fdobitnik-prickerove-nagrade-riken-jamamoto-stize-na-ovogodisnji-kaleidoskop-kulture&#8220;][vc_custom_heading text=&#8220;DETALJNIJE&#8220; font_container=&#8220;tag:h6|font_size:14|text_align:left&#8220; use_theme_fonts=&#8220;yes&#8220; link=&#8220;url:https%3A%2F%2Fkaleidoskopkulture.com%2Fsr%2Fdobitnik-prickerove-nagrade-riken-jamamoto-stize-na-ovogodisnji-kaleidoskop-kulture&#8220; el_class=&#8220;izdvajamo-dugme&#8220;][\/vc_column][vc_column width=&#8220;1\/5&#8243;][vc_single_image image=&#8220;13189&#8243; img_size=&#8220;500x500px&#8220; onclick=&#8220;custom_link&#8220; link=&#8220;https:\/\/kaleidoskopkulture.com\/sr\/arhitektura-danas-identitet-i-autenticnost-kroz-prizmu-idisa-turata-i-dejana-miljkovica\/&#8220;][vc_custom_heading text=&#8220;Arhitektura danas: Identitet i autenti\u010dnost kroz prizmu Idisa Turata i Dejana Miljkovi\u0107a&#8220; font_container=&#8220;tag:h5|text_align:left&#8220; use_theme_fonts=&#8220;yes&#8220; link=&#8220;url:https%3A%2F%2Fkaleidoskopkulture.com%2Fsr%2Farhitektura-danas-identitet-i-autenticnost-kroz-prizmu-idisa-turata-i-dejana-miljkovica%2F|title:Arhitektura%20danas%3A%20Identitet%20i%20autenti%C4%8Dnost%20kroz%20prizmu%20Idisa%20Turata%20i%20Dejana%20Miljkovi%C4%87a&#8220;][vc_custom_heading text=&#8220;DETALJNIJE&#8220; font_container=&#8220;tag:h6|font_size:14|text_align:left&#8220; use_theme_fonts=&#8220;yes&#8220; link=&#8220;url:https%3A%2F%2Fkaleidoskopkulture.com%2Fsr%2Farhitektura-danas-identitet-i-autenticnost-kroz-prizmu-idisa-turata-i-dejana-miljkovica%2F|title:Arhitektura%20danas%3A%20Identitet%20i%20autenti%C4%8Dnost%20kroz%20prizmu%20Idisa%20Turata%20i%20Dejana%20Miljkovi%C4%87a&#8220; el_class=&#8220;izdvajamo-dugme&#8220;][\/vc_column][\/vc_row][\/vc_section][vc_row full_width=&#8220;stretch_row&#8220; disable_element=&#8220;yes&#8220; css=&#8220;.vc_custom_1692257325593{padding-top: 40px !important;}&#8220;][vc_column width=&#8220;1\/2&#8243;][vc_single_image image=&#8220;9218&#8243; img_size=&#8220;full&#8220; alignment=&#8220;center&#8220; onclick=&#8220;custom_link&#8220; link=&#8220;#kalendar&#8220;][\/vc_column][vc_column width=&#8220;1\/2&#8243;][vc_single_image image=&#8220;9226&#8243; img_size=&#8220;full&#8220; alignment=&#8220;center&#8220; onclick=&#8220;custom_link&#8220; link=&#8220;#arhitektura_lista&#8220;][\/vc_column][\/vc_row][vc_row disable_element=&#8220;yes&#8220; el_id=&#8220;kalendar&#8220;][vc_column][vc_custom_heading text=&#8220;PROGRAM \/ KALENDAR&#8220; font_container=&#8220;tag:h3|text_align:left&#8220; use_theme_fonts=&#8220;yes&#8220; css=&#8220;.vc_custom_1661781461351{padding-top: 40px !important;}&#8220;][\/vc_column][\/vc_row][vc_row full_width=&#8220;stretch_row_content_no_spaces&#8220; disable_element=&#8220;yes&#8220;][vc_column][vc_raw_html]JTNDaWZyYW1lJTIwc3JjJTNEJTIyaHR0cHMlM0ElMkYlMkZrYWxlbmRhci5ub3Zpc2FkMjAyMi5ycyUyRmthbGVpZG9za29wLTIwMjItbmVkZWxqYS1hcmhpdGVrdHVyZSUyRiUyMiUyMGZyYW1lYm9yZGVyJTNEJTIyMCUyMiUyMHN0eWxlJTNEJTIybWluLWhlaWdodCUzQSUyMDkwMHB4JTNCJTIyJTNFJTNDJTJGaWZyYW1lJTNFJTBB[\/vc_raw_html][\/vc_column][\/vc_row][vc_row disable_element=&#8220;yes&#8220;][vc_column][vc_custom_heading text=&#8220;Program u okviru ostalih nedelja umetnosti pogledajte klikom na baner:&#8220; font_container=&#8220;tag:h3|text_align:left&#8220; use_theme_fonts=&#8220;yes&#8220;][\/vc_column][\/vc_row][vc_row disable_element=&#8220;yes&#8220;][vc_column width=&#8220;1\/5&#8243;][vc_single_image image=&#8220;9192&#8243; img_size=&#8220;full&#8220; alignment=&#8220;center&#8220; onclick=&#8220;custom_link&#8220; img_link_target=&#8220;_blank&#8220; link=&#8220;\/sr\/kaleidoskop-kalendar-otvaranje\/&#8220;][\/vc_column][vc_column width=&#8220;1\/5&#8243;][vc_single_image image=&#8220;9196&#8243; img_size=&#8220;full&#8220; alignment=&#8220;center&#8220; onclick=&#8220;custom_link&#8220; img_link_target=&#8220;_blank&#8220; link=&#8220;\/sr\/kaleidoskop-kalendar-nedelja-izvodjacke-umetnosti\/&#8220;][\/vc_column][vc_column width=&#8220;1\/5&#8243;][vc_single_image image=&#8220;9198&#8243; img_size=&#8220;full&#8220; alignment=&#8220;center&#8220; onclick=&#8220;custom_link&#8220; img_link_target=&#8220;_blank&#8220; link=&#8220;\/sr\/kaleidoskop-kalendar-nedelja-knjizevnosti\/&#8220;][\/vc_column][vc_column width=&#8220;1\/5&#8243;][vc_single_image image=&#8220;9200&#8243; img_size=&#8220;full&#8220; alignment=&#8220;center&#8220; onclick=&#8220;custom_link&#8220; img_link_target=&#8220;_blank&#8220; link=&#8220;\/sr\/kaleidoskop-kalendar-nedelja-vizulene-umetnosti\/&#8220;][\/vc_column][vc_column width=&#8220;1\/5&#8243;][vc_single_image image=&#8220;9202&#8243; img_size=&#8220;full&#8220; alignment=&#8220;center&#8220; onclick=&#8220;custom_link&#8220; img_link_target=&#8220;_blank&#8220; link=&#8220;\/sr\/kaleidoskop-kalendar-nedelja-primenjene-umetnosti\/&#8220;][\/vc_column][\/vc_row][vc_row disable_element=&#8220;yes&#8220;][vc_column][vc_column_text]Nedelja arhitekture posve\u0107ena je industrijskom nasle\u0111u, modernoj arhitekturi i scenskom dizajnu kroz izlo\u017ebe, tribine, radionice i druge vrste programa koji \u010desto koriste savremenu tehnologiju. Ove godine, tokom nedelje arhitekture sti\u017ee \u010duveni svetski arhitekta Alehandro Aravena, dobitnik Prickerove nagrade, Nobelovog pandana u arhitekturi.[\/vc_column_text][\/vc_column][\/vc_row]<\/p>\n","protected":false},"excerpt":{"rendered":"<p>[vc_section][vc_row css=&#8220;.vc_custom_1707777596581{margin-top: 50px !important;}&#8220;][vc_column][vc_column_text] NEDELJA ARHITEKTURE DISTRIKT [\/vc_column_text][vc_row_inner disable_element=&#8220;yes&#8220; css=&#8220;.vc_custom_1723725585608{margin-top: 200px !important;}&#8220;][vc_column_inner][\/vc_column_inner][\/vc_row_inner][vc_video link=&#8220;https:\/\/www.youtube.com\/watch?v=wRxaLWmcbgk&#8220;][\/vc_column][\/vc_row][vc_row disable_element=&#8220;yes&#8220;][vc_column][vc_column_text] PROGRAM &nbsp; \u2022 Predavanja: Idis Turato i Dejan Miljkovi\u0107\u00a0\/ Distrikt, Biro \/ 27. septembar \/ 19 sati \/ PRIJAVA \u2022 Predavanje Riken Jamamoto \/ Srpsko narodno&#8230;<\/p>\n","protected":false},"author":6,"featured_media":12203,"parent":0,"menu_order":0,"comment_status":"closed","ping_status":"closed","template":"","meta":{"footnotes":""},"class_list":["post-6829","page","type-page","status-publish","has-post-thumbnail","hentry"],"yoast_head":"<!-- This site is optimized with the Yoast SEO plugin v22.4 - https:\/\/yoast.com\/wordpress\/plugins\/seo\/ -->\n<title>Kaleidoskop kalendar - Nedelja arhitekture<\/title>\n<meta name=\"description\" content=\"U nedelji arhitekture Kaleidoskopa kulture ima\u0107emo priliku da upoznamo ovogodi\u0161njeg dobitnika Prickerove nagrade, Rikena Jamamota.\" \/>\n<meta name=\"robots\" content=\"index, follow, max-snippet:-1, max-image-preview:large, max-video-preview:-1\" \/>\n<link rel=\"canonical\" href=\"https:\/\/kaleidoskopkulture.com\/sr\/kaleidoskop-kalendar-nedelja-arhitekture\/\" \/>\n<meta property=\"og:locale\" content=\"sr_RS\" \/>\n<meta property=\"og:type\" content=\"article\" \/>\n<meta property=\"og:title\" content=\"Kaleidoskop kalendar - Nedelja arhitekture\" \/>\n<meta property=\"og:description\" content=\"U nedelji arhitekture Kaleidoskopa kulture ima\u0107emo priliku da upoznamo ovogodi\u0161njeg dobitnika Prickerove nagrade, Rikena Jamamota.\" \/>\n<meta property=\"og:url\" content=\"https:\/\/kaleidoskopkulture.com\/sr\/kaleidoskop-kalendar-nedelja-arhitekture\/\" \/>\n<meta property=\"og:site_name\" content=\"Kaleidoskop kulture\" \/>\n<meta property=\"article:modified_time\" content=\"2024-10-14T11:02:27+00:00\" \/>\n<meta property=\"og:image\" content=\"https:\/\/kaleidoskopkulture.com\/wp-content\/uploads\/2024\/08\/kk24_vizuali_genericki13-1.png\" \/>\n\t<meta property=\"og:image:width\" content=\"1080\" \/>\n\t<meta property=\"og:image:height\" content=\"1080\" \/>\n\t<meta property=\"og:image:type\" content=\"image\/png\" \/>\n<meta name=\"twitter:card\" content=\"summary_large_image\" \/>\n<meta name=\"twitter:label1\" content=\"Procenjeno vreme \u010ditanja\" \/>\n\t<meta name=\"twitter:data1\" content=\"4 minuta\" \/>\n<script type=\"application\/ld+json\" class=\"yoast-schema-graph\">{\"@context\":\"https:\/\/schema.org\",\"@graph\":[{\"@type\":\"WebPage\",\"@id\":\"https:\/\/kaleidoskopkulture.com\/sr\/kaleidoskop-kalendar-nedelja-arhitekture\/\",\"url\":\"https:\/\/kaleidoskopkulture.com\/sr\/kaleidoskop-kalendar-nedelja-arhitekture\/\",\"name\":\"Kaleidoskop kalendar - Nedelja arhitekture\",\"isPartOf\":{\"@id\":\"https:\/\/kaleidoskopkulture.com\/sr\/#website\"},\"primaryImageOfPage\":{\"@id\":\"https:\/\/kaleidoskopkulture.com\/sr\/kaleidoskop-kalendar-nedelja-arhitekture\/#primaryimage\"},\"image\":{\"@id\":\"https:\/\/kaleidoskopkulture.com\/sr\/kaleidoskop-kalendar-nedelja-arhitekture\/#primaryimage\"},\"thumbnailUrl\":\"https:\/\/kaleidoskopkulture.com\/wp-content\/uploads\/2024\/08\/kk24_vizuali_genericki13-1.png\",\"datePublished\":\"2022-08-08T06:42:23+00:00\",\"dateModified\":\"2024-10-14T11:02:27+00:00\",\"description\":\"U nedelji arhitekture Kaleidoskopa kulture ima\u0107emo priliku da upoznamo ovogodi\u0161njeg dobitnika Prickerove nagrade, Rikena Jamamota.\",\"breadcrumb\":{\"@id\":\"https:\/\/kaleidoskopkulture.com\/sr\/kaleidoskop-kalendar-nedelja-arhitekture\/#breadcrumb\"},\"inLanguage\":\"sr-RS\",\"potentialAction\":[{\"@type\":\"ReadAction\",\"target\":[\"https:\/\/kaleidoskopkulture.com\/sr\/kaleidoskop-kalendar-nedelja-arhitekture\/\"]}]},{\"@type\":\"ImageObject\",\"inLanguage\":\"sr-RS\",\"@id\":\"https:\/\/kaleidoskopkulture.com\/sr\/kaleidoskop-kalendar-nedelja-arhitekture\/#primaryimage\",\"url\":\"https:\/\/kaleidoskopkulture.com\/wp-content\/uploads\/2024\/08\/kk24_vizuali_genericki13-1.png\",\"contentUrl\":\"https:\/\/kaleidoskopkulture.com\/wp-content\/uploads\/2024\/08\/kk24_vizuali_genericki13-1.png\",\"width\":1080,\"height\":1080},{\"@type\":\"BreadcrumbList\",\"@id\":\"https:\/\/kaleidoskopkulture.com\/sr\/kaleidoskop-kalendar-nedelja-arhitekture\/#breadcrumb\",\"itemListElement\":[{\"@type\":\"ListItem\",\"position\":1,\"name\":\"Home\",\"item\":\"https:\/\/kaleidoskopkulture.com\/sr\/\"},{\"@type\":\"ListItem\",\"position\":2,\"name\":\"Kaleidoskop kalendar &#8211; Nedelja arhitekture\"}]},{\"@type\":\"WebSite\",\"@id\":\"https:\/\/kaleidoskopkulture.com\/sr\/#website\",\"url\":\"https:\/\/kaleidoskopkulture.com\/sr\/\",\"name\":\"Kaleidoskop kulture\",\"description\":\"Novo lice kulture u Novom Sadu\",\"publisher\":{\"@id\":\"https:\/\/kaleidoskopkulture.com\/sr\/#organization\"},\"potentialAction\":[{\"@type\":\"SearchAction\",\"target\":{\"@type\":\"EntryPoint\",\"urlTemplate\":\"https:\/\/kaleidoskopkulture.com\/sr\/?s={search_term_string}\"},\"query-input\":\"required name=search_term_string\"}],\"inLanguage\":\"sr-RS\"},{\"@type\":\"Organization\",\"@id\":\"https:\/\/kaleidoskopkulture.com\/sr\/#organization\",\"name\":\"Kaleidoskop kulture\",\"url\":\"https:\/\/kaleidoskopkulture.com\/sr\/\",\"logo\":{\"@type\":\"ImageObject\",\"inLanguage\":\"sr-RS\",\"@id\":\"https:\/\/kaleidoskopkulture.com\/sr\/#\/schema\/logo\/image\/\",\"url\":\"https:\/\/kaleidoskopkulture.com\/wp-content\/uploads\/2022\/08\/cropped-kk-logo-1-1.png\",\"contentUrl\":\"https:\/\/kaleidoskopkulture.com\/wp-content\/uploads\/2022\/08\/cropped-kk-logo-1-1.png\",\"width\":260,\"height\":90,\"caption\":\"Kaleidoskop kulture\"},\"image\":{\"@id\":\"https:\/\/kaleidoskopkulture.com\/sr\/#\/schema\/logo\/image\/\"}}]}<\/script>\n<!-- \/ Yoast SEO plugin. -->","yoast_head_json":{"title":"Kaleidoskop kalendar - Nedelja arhitekture","description":"U nedelji arhitekture Kaleidoskopa kulture ima\u0107emo priliku da upoznamo ovogodi\u0161njeg dobitnika Prickerove nagrade, Rikena Jamamota.","robots":{"index":"index","follow":"follow","max-snippet":"max-snippet:-1","max-image-preview":"max-image-preview:large","max-video-preview":"max-video-preview:-1"},"canonical":"https:\/\/kaleidoskopkulture.com\/sr\/kaleidoskop-kalendar-nedelja-arhitekture\/","og_locale":"sr_RS","og_type":"article","og_title":"Kaleidoskop kalendar - Nedelja arhitekture","og_description":"U nedelji arhitekture Kaleidoskopa kulture ima\u0107emo priliku da upoznamo ovogodi\u0161njeg dobitnika Prickerove nagrade, Rikena Jamamota.","og_url":"https:\/\/kaleidoskopkulture.com\/sr\/kaleidoskop-kalendar-nedelja-arhitekture\/","og_site_name":"Kaleidoskop kulture","article_modified_time":"2024-10-14T11:02:27+00:00","og_image":[{"width":1080,"height":1080,"url":"https:\/\/kaleidoskopkulture.com\/wp-content\/uploads\/2024\/08\/kk24_vizuali_genericki13-1.png","type":"image\/png"}],"twitter_card":"summary_large_image","twitter_misc":{"Procenjeno vreme \u010ditanja":"4 minuta"},"schema":{"@context":"https:\/\/schema.org","@graph":[{"@type":"WebPage","@id":"https:\/\/kaleidoskopkulture.com\/sr\/kaleidoskop-kalendar-nedelja-arhitekture\/","url":"https:\/\/kaleidoskopkulture.com\/sr\/kaleidoskop-kalendar-nedelja-arhitekture\/","name":"Kaleidoskop kalendar - Nedelja arhitekture","isPartOf":{"@id":"https:\/\/kaleidoskopkulture.com\/sr\/#website"},"primaryImageOfPage":{"@id":"https:\/\/kaleidoskopkulture.com\/sr\/kaleidoskop-kalendar-nedelja-arhitekture\/#primaryimage"},"image":{"@id":"https:\/\/kaleidoskopkulture.com\/sr\/kaleidoskop-kalendar-nedelja-arhitekture\/#primaryimage"},"thumbnailUrl":"https:\/\/kaleidoskopkulture.com\/wp-content\/uploads\/2024\/08\/kk24_vizuali_genericki13-1.png","datePublished":"2022-08-08T06:42:23+00:00","dateModified":"2024-10-14T11:02:27+00:00","description":"U nedelji arhitekture Kaleidoskopa kulture ima\u0107emo priliku da upoznamo ovogodi\u0161njeg dobitnika Prickerove nagrade, Rikena Jamamota.","breadcrumb":{"@id":"https:\/\/kaleidoskopkulture.com\/sr\/kaleidoskop-kalendar-nedelja-arhitekture\/#breadcrumb"},"inLanguage":"sr-RS","potentialAction":[{"@type":"ReadAction","target":["https:\/\/kaleidoskopkulture.com\/sr\/kaleidoskop-kalendar-nedelja-arhitekture\/"]}]},{"@type":"ImageObject","inLanguage":"sr-RS","@id":"https:\/\/kaleidoskopkulture.com\/sr\/kaleidoskop-kalendar-nedelja-arhitekture\/#primaryimage","url":"https:\/\/kaleidoskopkulture.com\/wp-content\/uploads\/2024\/08\/kk24_vizuali_genericki13-1.png","contentUrl":"https:\/\/kaleidoskopkulture.com\/wp-content\/uploads\/2024\/08\/kk24_vizuali_genericki13-1.png","width":1080,"height":1080},{"@type":"BreadcrumbList","@id":"https:\/\/kaleidoskopkulture.com\/sr\/kaleidoskop-kalendar-nedelja-arhitekture\/#breadcrumb","itemListElement":[{"@type":"ListItem","position":1,"name":"Home","item":"https:\/\/kaleidoskopkulture.com\/sr\/"},{"@type":"ListItem","position":2,"name":"Kaleidoskop kalendar &#8211; Nedelja arhitekture"}]},{"@type":"WebSite","@id":"https:\/\/kaleidoskopkulture.com\/sr\/#website","url":"https:\/\/kaleidoskopkulture.com\/sr\/","name":"Kaleidoskop kulture","description":"Novo lice kulture u Novom Sadu","publisher":{"@id":"https:\/\/kaleidoskopkulture.com\/sr\/#organization"},"potentialAction":[{"@type":"SearchAction","target":{"@type":"EntryPoint","urlTemplate":"https:\/\/kaleidoskopkulture.com\/sr\/?s={search_term_string}"},"query-input":"required name=search_term_string"}],"inLanguage":"sr-RS"},{"@type":"Organization","@id":"https:\/\/kaleidoskopkulture.com\/sr\/#organization","name":"Kaleidoskop kulture","url":"https:\/\/kaleidoskopkulture.com\/sr\/","logo":{"@type":"ImageObject","inLanguage":"sr-RS","@id":"https:\/\/kaleidoskopkulture.com\/sr\/#\/schema\/logo\/image\/","url":"https:\/\/kaleidoskopkulture.com\/wp-content\/uploads\/2022\/08\/cropped-kk-logo-1-1.png","contentUrl":"https:\/\/kaleidoskopkulture.com\/wp-content\/uploads\/2022\/08\/cropped-kk-logo-1-1.png","width":260,"height":90,"caption":"Kaleidoskop kulture"},"image":{"@id":"https:\/\/kaleidoskopkulture.com\/sr\/#\/schema\/logo\/image\/"}}]}},"_links":{"self":[{"href":"https:\/\/kaleidoskopkulture.com\/sr\/wp-json\/wp\/v2\/pages\/6829","targetHints":{"allow":["GET"]}}],"collection":[{"href":"https:\/\/kaleidoskopkulture.com\/sr\/wp-json\/wp\/v2\/pages"}],"about":[{"href":"https:\/\/kaleidoskopkulture.com\/sr\/wp-json\/wp\/v2\/types\/page"}],"author":[{"embeddable":true,"href":"https:\/\/kaleidoskopkulture.com\/sr\/wp-json\/wp\/v2\/users\/6"}],"replies":[{"embeddable":true,"href":"https:\/\/kaleidoskopkulture.com\/sr\/wp-json\/wp\/v2\/comments?post=6829"}],"version-history":[{"count":87,"href":"https:\/\/kaleidoskopkulture.com\/sr\/wp-json\/wp\/v2\/pages\/6829\/revisions"}],"predecessor-version":[{"id":13653,"href":"https:\/\/kaleidoskopkulture.com\/sr\/wp-json\/wp\/v2\/pages\/6829\/revisions\/13653"}],"wp:featuredmedia":[{"embeddable":true,"href":"https:\/\/kaleidoskopkulture.com\/sr\/wp-json\/wp\/v2\/media\/12203"}],"wp:attachment":[{"href":"https:\/\/kaleidoskopkulture.com\/sr\/wp-json\/wp\/v2\/media?parent=6829"}],"curies":[{"name":"wp","href":"https:\/\/api.w.org\/{rel}","templated":true}]}}