{"id":6804,"date":"2022-08-04T09:45:49","date_gmt":"2022-08-04T07:45:49","guid":{"rendered":"https:\/\/kaleidoskopkulture.com\/?page_id=6804"},"modified":"2024-10-14T13:11:57","modified_gmt":"2024-10-14T11:11:57","slug":"kaleidoskop-kalendar-nedelja-primenjene-umetnosti","status":"publish","type":"page","link":"https:\/\/kaleidoskopkulture.com\/sr\/kaleidoskop-kalendar-nedelja-primenjene-umetnosti\/","title":{"rendered":"Kaleidoskop kalendar &#8211; Nedelja primenjene umetnosti"},"content":{"rendered":"<p>[vc_section][vc_row css=&#8220;.vc_custom_1707777596581{margin-top: 50px !important;}&#8220;][vc_column][vc_column_text]<\/p>\n<h3 style=\"text-align: center;\"><span style=\"color: #695ab9;\">NEDELJA PRIMENJENE UMETNOSTI<\/span><\/h3>\n<p style=\"text-align: center;\">DISTRIKT<\/p>\n<p>[\/vc_column_text][vc_row_inner disable_element=&#8220;yes&#8220;][vc_column_inner][vc_basic_grid post_type=&#8220;post&#8220; max_items=&#8220;12&#8243; element_width=&#8220;3&#8243; gap=&#8220;10&#8243; item=&#8220;117&#8243; grid_id=&#8220;vc_gid:1728904217336-32320614-3678-1&#8243; taxonomies=&#8220;18&#8243;][\/vc_column_inner][\/vc_row_inner][\/vc_column][\/vc_row][vc_row][vc_column][vc_video link=&#8220;https:\/\/www.youtube.com\/watch?v=ZKkRUuZiU7o&#8220; align=&#8220;center&#8220;][\/vc_column][\/vc_row][\/vc_section][vc_row disable_element=&#8220;yes&#8220;][vc_column][vc_column_text]<\/p>\n<h4 style=\"text-align: center;\">NEDELJA PRIMENJENE UMETNOSTI<\/h4>\n<p>[\/vc_column_text][\/vc_column][\/vc_row][vc_row disable_element=&#8220;yes&#8220; css=&#8220;.vc_custom_1692257224115{padding-top: 40px !important;}&#8220;][vc_column width=&#8220;1\/2&#8243;][vc_single_image image=&#8220;9218&#8243; img_size=&#8220;full&#8220; alignment=&#8220;center&#8220; onclick=&#8220;custom_link&#8220; link=&#8220;#kalendar&#8220;][vc_custom_heading text=&#8220;PROGRAM \/ KALENDAR&#8220; font_container=&#8220;tag:h3|text_align:left&#8220; use_theme_fonts=&#8220;yes&#8220;][\/vc_column][vc_column width=&#8220;1\/2&#8243;][vc_single_image image=&#8220;9226&#8243; img_size=&#8220;full&#8220; alignment=&#8220;center&#8220; onclick=&#8220;custom_link&#8220; link=&#8220;#primenjena_lista&#8220;][\/vc_column][\/vc_row][vc_row disable_element=&#8220;yes&#8220; css=&#8220;.vc_custom_1692257234066{padding-top: 40px !important;}&#8220; el_id=&#8220;kalendar&#8220;][vc_column][\/vc_column][\/vc_row][vc_row full_width=&#8220;stretch_row_content&#8220; disable_element=&#8220;yes&#8220; css=&#8220;.vc_custom_1692257240923{padding-top: -100px !important;}&#8220;][vc_column][vc_raw_html]JTNDaWZyYW1lJTIwc3JjJTNEJTIyaHR0cHMlM0ElMkYlMkZrYWxlbmRhci5ub3Zpc2FkMjAyMi5ycyUyRmthbGVpZG9za29wLTIwMjItbmVkZWxqYS1wcmltZW5qZW5lLXVtZXRub3N0aSUyRiUyMiUyMHRpdGxlJTNEJTIyS2FsZWlkb3Nrb3AlMjBrdWx0dXJlJTIwa2FsZW5kYXIlMjIlMjBmcmFtZWJvcmRlciUzRCUyMjAlMjIlMjBzdHlsZSUzRCUyMm1pbi1oZWlnaHQlM0E5MDBweCUzQiUyMiUzRSUzQyUyRmlmcmFtZSUzRSUwQQ==[\/vc_raw_html][\/vc_column][\/vc_row][vc_row el_id=&#8220;primenjena_lista&#8220; css=&#8220;.vc_custom_1723535910489{padding-top: 20px !important;padding-bottom: 40px !important;}&#8220;][vc_column][vc_custom_heading text=&#8220;PROGRAM&#8220; font_container=&#8220;tag:h3|text_align:left|color:%23000000&#8243; use_theme_fonts=&#8220;yes&#8220;][vc_column_text css=&#8220;.vc_custom_1728904292041{padding-top: 40px !important;padding-right: 20px !important;padding-left: 20px !important;}&#8220;]<\/p>\n<p style=\"text-align: left;\"><strong>\u2022 <\/strong>Izlo\u017eba: <strong><a href=\"https:\/\/kalendar.novisad2022.rs\/events\/izlozba-produkcija-beskonacno-kaleidoskop-kulture-2024\/\">Produkcija (bes)kona\u010dno<\/a> (Atelje 61)<\/strong> \/ Radionica, lok. 4 \/ trajna postavka<\/p>\n<p>&nbsp;<\/p>\n<p>&nbsp;<\/p>\n<p>[\/vc_column_text][\/vc_column][\/vc_row][vc_section][vc_row disable_element=&#8220;yes&#8220; css=&#8220;.vc_custom_1728904301660{padding-top: 10px !important;}&#8220;][vc_column][vc_custom_heading text=&#8220;IZDVAJAMO&#8220; font_container=&#8220;tag:h3|text_align:left&#8220; use_theme_fonts=&#8220;yes&#8220;][\/vc_column][\/vc_row][vc_row disable_element=&#8220;yes&#8220; css=&#8220;.vc_custom_1728904308844{padding-top: 15px !important;}&#8220; el_class=&#8220;izdvajamo-row&#8220;][vc_column width=&#8220;1\/6&#8243;][vc_single_image image=&#8220;12068&#8243; img_size=&#8220;200x200px&#8220; onclick=&#8220;custom_link&#8220; img_link_target=&#8220;_blank&#8220; link=&#8220;https:\/\/kaleidoskopkulture.com\/sr\/prva-nedelja-kaleidoskopa-kulture-u-znaku-primenjene-umetnosti&#8220;][vc_custom_heading text=&#8220;Prva nedelja Kaleidoskopa kulture u znaku primenjene umetnosti&#8220; font_container=&#8220;tag:h6|text_align:left&#8220; use_theme_fonts=&#8220;yes&#8220; css=&#8220;.vc_custom_1724399896518{padding-bottom: 10px !important;}&#8220; link=&#8220;url:https%3A%2F%2Fkaleidoskopkulture.com%2Fsr%2Fprva-nedelja-kaleidoskopa-kulture-u-znaku-primenjene-umetnosti|target:_blank&#8220;][vc_custom_heading text=&#8220;DETALJNIJE&#8220; font_container=&#8220;tag:h6|font_size:14|text_align:left&#8220; use_theme_fonts=&#8220;yes&#8220; link=&#8220;url:https%3A%2F%2Fkaleidoskopkulture.com%2Fsr%2Fprva-nedelja-kaleidoskopa-kulture-u-znaku-primenjene-umetnosti|target:_blank&#8220; el_class=&#8220;izdvajamo-dugme&#8220; css=&#8220;.vc_custom_1724399899963{padding-bottom: 8px !important;}&#8220;][\/vc_column][vc_column width=&#8220;1\/6&#8243;][vc_single_image image=&#8220;12233&#8243; img_size=&#8220;200x200px&#8220; onclick=&#8220;custom_link&#8220; link=&#8220;https:\/\/kaleidoskopkulture.com\/sr\/svetski-umetnik-endru-dzouz-otkriva-svet-iza-scene-na-kaleidoskopu-kulture\/&#8220;][vc_custom_heading text=&#8220;Svetski umetnik Endru D\u017eouz otkriva svet iza scene na Kaleidoskopu kulture&#8220; font_container=&#8220;tag:h6|text_align:left&#8220; use_theme_fonts=&#8220;yes&#8220; css=&#8220;.vc_custom_1724399904579{padding-bottom: 10px !important;}&#8220; link=&#8220;url:https%3A%2F%2Fkaleidoskopkulture.com%2Fsr%2Fsvetski-umetnik-endru-dzouz-otkriva-svet-iza-scene-na-kaleidoskopu-kulture%2F|target:_blank&#8220;][vc_custom_heading text=&#8220;DETALJNIJE&#8220; font_container=&#8220;tag:h6|font_size:14|text_align:left&#8220; use_theme_fonts=&#8220;yes&#8220; link=&#8220;url:https%3A%2F%2Fkaleidoskopkulture.com%2Fsr%2Fsvetski-umetnik-endru-dzouz-otkriva-svet-iza-scene-na-kaleidoskopu-kulture%2F|target:_blank&#8220; el_class=&#8220;izdvajamo-dugme&#8220; css=&#8220;.vc_custom_1723628875987{padding-bottom: 8px !important;}&#8220;][\/vc_column][vc_column width=&#8220;1\/6&#8243;][vc_single_image image=&#8220;12507&#8243; img_size=&#8220;200x200px&#8220; onclick=&#8220;custom_link&#8220; link=&#8220;https:\/\/kaleidoskopkulture.com\/sr\/endru-melkior-tehnologija-uvek-treba-da-sluzi-umetnickoj-viziji-a-ne-da-je-diktira\/&#8220;][vc_custom_heading text=&#8220;Endru Melkior: Tehnologija uvek treba da slu\u017ei umetni\u010dkoj viziji, a ne da je diktira&#8220; font_container=&#8220;tag:h6|text_align:left&#8220; use_theme_fonts=&#8220;yes&#8220; css=&#8220;.vc_custom_1724399908863{padding-bottom: 10px !important;}&#8220; link=&#8220;url:https%3A%2F%2Fkaleidoskopkulture.com%2Fsr%2Fendru-melkior-tehnologija-uvek-treba-da-sluzi-umetnickoj-viziji-a-ne-da-je-diktira%2F|title:Endru%20Melkior%3A%20Tehnologija%20uvek%20treba%20da%20slu%C5%BEi%20umetni%C4%8Dkoj%20viziji%2C%20a%20ne%20da%20je%20diktira|target:_blank&#8220;][vc_custom_heading text=&#8220;DETALJNIJE&#8220; font_container=&#8220;tag:h6|font_size:14|text_align:left&#8220; use_theme_fonts=&#8220;yes&#8220; link=&#8220;url:https%3A%2F%2Fkaleidoskopkulture.com%2Fsr%2Fendru-melkior-tehnologija-uvek-treba-da-sluzi-umetnickoj-viziji-a-ne-da-je-diktira%2F|title:Endru%20Melkior%3A%20Tehnologija%20uvek%20treba%20da%20slu%C5%BEi%20umetni%C4%8Dkoj%20viziji%2C%20a%20ne%20da%20je%20diktira|target:_blank&#8220; el_class=&#8220;izdvajamo-dugme&#8220; css=&#8220;.vc_custom_1724145142744{padding-bottom: 8px !important;}&#8220;][\/vc_column][\/vc_row][\/vc_section][vc_row disable_element=&#8220;yes&#8220; css=&#8220;.vc_custom_1707778460300{padding-top: 40px !important;}&#8220;][vc_column][vc_custom_heading text=&#8220;Program u okviru ostalih nedelja umetnosti pogledajte klikom na baner:&#8220; font_container=&#8220;tag:h3|text_align:left&#8220; use_theme_fonts=&#8220;yes&#8220;][\/vc_column][\/vc_row][vc_row disable_element=&#8220;yes&#8220;][vc_column width=&#8220;1\/5&#8243;][vc_single_image image=&#8220;9192&#8243; img_size=&#8220;full&#8220; alignment=&#8220;center&#8220; onclick=&#8220;custom_link&#8220; img_link_target=&#8220;_blank&#8220; link=&#8220;\/sr\/kaleidoskop-kalendar-otvaranje\/&#8220;][\/vc_column][vc_column width=&#8220;1\/5&#8243;][\/vc_column][vc_column width=&#8220;1\/5&#8243;][vc_single_image image=&#8220;9196&#8243; img_size=&#8220;full&#8220; alignment=&#8220;center&#8220; onclick=&#8220;custom_link&#8220; img_link_target=&#8220;_blank&#8220; link=&#8220;\/sr\/kaleidoskop-kalendar-nedelja-izvodjacke-umetnosti\/&#8220;][\/vc_column][vc_column width=&#8220;1\/5&#8243;][vc_single_image image=&#8220;9198&#8243; img_size=&#8220;full&#8220; alignment=&#8220;center&#8220; onclick=&#8220;custom_link&#8220; img_link_target=&#8220;_blank&#8220; link=&#8220;\/sr\/kaleidoskop-kalendar-nedelja-knjizevnosti\/&#8220;][\/vc_column][vc_column width=&#8220;1\/5&#8243;][vc_single_image image=&#8220;9200&#8243; img_size=&#8220;full&#8220; alignment=&#8220;center&#8220; onclick=&#8220;custom_link&#8220; img_link_target=&#8220;_blank&#8220; link=&#8220;\/sr\/kaleidoskop-kalendar-nedelja-vizulene-umetnosti\/&#8220;][\/vc_column][\/vc_row][vc_row disable_element=&#8220;yes&#8220;][vc_column][vc_column_text]<\/p>\n<p style=\"text-align: left;\">Na nedelju dana Novi Sad postaje centar primenjene umetnosti, a ove godine \u0107e se program umesto na SPENSU, odr\u017eati u Distriktu i mre\u017ei Kulturnih stanica. Nedelja primenjene umetnosti okuplja dizajn zajednicu Srbije i regiona, predstavljaju\u0107i evropske prakse. Kao legati gradu, nakon godine titule Evropske prestonice kulture, Distrikt i Kulturne stanice postaju moderni dizajn paviljon koji inspiri\u0161e i edukuje dizajnere i dizajnerke, ali i vizuelne umetnike i umetnice, te podsti\u010de razvoj doma\u0107e dizajn scene, kroz programe koji prikazuju nove tokove u domenu grafi\u010dkog dizajna, dizajna proizvoda, mode, fotografije, animacije i <em>street arta<\/em>.<\/p>\n<p>[\/vc_column_text][vc_single_image image=&#8220;9194&#8243; img_size=&#8220;full&#8220; alignment=&#8220;center&#8220; onclick=&#8220;custom_link&#8220; img_link_target=&#8220;_blank&#8220; link=&#8220;\/sr\/kaleidoskop-kalendar-nedelja-arhitekture\/&#8220;][\/vc_column][\/vc_row]<\/p>\n","protected":false},"excerpt":{"rendered":"<p>[vc_section][vc_row css=&#8220;.vc_custom_1707777596581{margin-top: 50px !important;}&#8220;][vc_column][vc_column_text] NEDELJA PRIMENJENE UMETNOSTI DISTRIKT [\/vc_column_text][vc_row_inner disable_element=&#8220;yes&#8220;][vc_column_inner][vc_basic_grid post_type=&#8220;post&#8220; max_items=&#8220;12&#8243; element_width=&#8220;3&#8243; gap=&#8220;10&#8243; item=&#8220;117&#8243; grid_id=&#8220;vc_gid:1728904217336-32320614-3678-1&#8243; taxonomies=&#8220;18&#8243;][\/vc_column_inner][\/vc_row_inner][\/vc_column][\/vc_row][vc_row][vc_column][vc_video link=&#8220;https:\/\/www.youtube.com\/watch?v=ZKkRUuZiU7o&#8220; align=&#8220;center&#8220;][\/vc_column][\/vc_row][\/vc_section][vc_row disable_element=&#8220;yes&#8220;][vc_column][vc_column_text] NEDELJA PRIMENJENE UMETNOSTI [\/vc_column_text][\/vc_column][\/vc_row][vc_row disable_element=&#8220;yes&#8220; css=&#8220;.vc_custom_1692257224115{padding-top: 40px !important;}&#8220;][vc_column width=&#8220;1\/2&#8243;][vc_single_image image=&#8220;9218&#8243; img_size=&#8220;full&#8220; alignment=&#8220;center&#8220; onclick=&#8220;custom_link&#8220; link=&#8220;#kalendar&#8220;][vc_custom_heading text=&#8220;PROGRAM \/ KALENDAR&#8220; font_container=&#8220;tag:h3|text_align:left&#8220; use_theme_fonts=&#8220;yes&#8220;][\/vc_column][vc_column width=&#8220;1\/2&#8243;][vc_single_image&#8230;<\/p>\n","protected":false},"author":6,"featured_media":12193,"parent":0,"menu_order":0,"comment_status":"closed","ping_status":"closed","template":"","meta":{"footnotes":""},"class_list":["post-6804","page","type-page","status-publish","has-post-thumbnail","hentry"],"yoast_head":"<!-- This site is optimized with the Yoast SEO plugin v22.4 - https:\/\/yoast.com\/wordpress\/plugins\/seo\/ -->\n<title>Kaleidoskop kalendar - Nedelja primenjene umetnosti<\/title>\n<meta name=\"description\" content=\"U okviru Kaleidoskopa kulture, najve\u0107e umetni\u010dke smotre u ovom delu Evrope, Distrikt \u0107e postati centar primenjene umetnosti 6. i 7. septembra.\" \/>\n<meta name=\"robots\" content=\"index, follow, max-snippet:-1, max-image-preview:large, max-video-preview:-1\" \/>\n<link rel=\"canonical\" href=\"https:\/\/kaleidoskopkulture.com\/sr\/kaleidoskop-kalendar-nedelja-primenjene-umetnosti\/\" \/>\n<meta property=\"og:locale\" content=\"sr_RS\" \/>\n<meta property=\"og:type\" content=\"article\" \/>\n<meta property=\"og:title\" content=\"Kaleidoskop kalendar - Nedelja primenjene umetnosti\" \/>\n<meta property=\"og:description\" content=\"U okviru Kaleidoskopa kulture, najve\u0107e umetni\u010dke smotre u ovom delu Evrope, Distrikt \u0107e postati centar primenjene umetnosti 6. i 7. septembra.\" \/>\n<meta property=\"og:url\" content=\"https:\/\/kaleidoskopkulture.com\/sr\/kaleidoskop-kalendar-nedelja-primenjene-umetnosti\/\" \/>\n<meta property=\"og:site_name\" content=\"Kaleidoskop kulture\" \/>\n<meta property=\"article:modified_time\" content=\"2024-10-14T11:11:57+00:00\" \/>\n<meta property=\"og:image\" content=\"https:\/\/kaleidoskopkulture.com\/wp-content\/uploads\/2024\/08\/kk24_vizuali_genericki5-1.png\" \/>\n\t<meta property=\"og:image:width\" content=\"1080\" \/>\n\t<meta property=\"og:image:height\" content=\"1080\" \/>\n\t<meta property=\"og:image:type\" content=\"image\/png\" \/>\n<meta name=\"twitter:card\" content=\"summary_large_image\" \/>\n<meta name=\"twitter:label1\" content=\"Procenjeno vreme \u010ditanja\" \/>\n\t<meta name=\"twitter:data1\" content=\"5 minuta\" \/>\n<script type=\"application\/ld+json\" class=\"yoast-schema-graph\">{\"@context\":\"https:\/\/schema.org\",\"@graph\":[{\"@type\":\"WebPage\",\"@id\":\"https:\/\/kaleidoskopkulture.com\/sr\/kaleidoskop-kalendar-nedelja-primenjene-umetnosti\/\",\"url\":\"https:\/\/kaleidoskopkulture.com\/sr\/kaleidoskop-kalendar-nedelja-primenjene-umetnosti\/\",\"name\":\"Kaleidoskop kalendar - Nedelja primenjene umetnosti\",\"isPartOf\":{\"@id\":\"https:\/\/kaleidoskopkulture.com\/sr\/#website\"},\"primaryImageOfPage\":{\"@id\":\"https:\/\/kaleidoskopkulture.com\/sr\/kaleidoskop-kalendar-nedelja-primenjene-umetnosti\/#primaryimage\"},\"image\":{\"@id\":\"https:\/\/kaleidoskopkulture.com\/sr\/kaleidoskop-kalendar-nedelja-primenjene-umetnosti\/#primaryimage\"},\"thumbnailUrl\":\"https:\/\/kaleidoskopkulture.com\/wp-content\/uploads\/2024\/08\/kk24_vizuali_genericki5-1.png\",\"datePublished\":\"2022-08-04T07:45:49+00:00\",\"dateModified\":\"2024-10-14T11:11:57+00:00\",\"description\":\"U okviru Kaleidoskopa kulture, najve\u0107e umetni\u010dke smotre u ovom delu Evrope, Distrikt \u0107e postati centar primenjene umetnosti 6. i 7. septembra.\",\"breadcrumb\":{\"@id\":\"https:\/\/kaleidoskopkulture.com\/sr\/kaleidoskop-kalendar-nedelja-primenjene-umetnosti\/#breadcrumb\"},\"inLanguage\":\"sr-RS\",\"potentialAction\":[{\"@type\":\"ReadAction\",\"target\":[\"https:\/\/kaleidoskopkulture.com\/sr\/kaleidoskop-kalendar-nedelja-primenjene-umetnosti\/\"]}]},{\"@type\":\"ImageObject\",\"inLanguage\":\"sr-RS\",\"@id\":\"https:\/\/kaleidoskopkulture.com\/sr\/kaleidoskop-kalendar-nedelja-primenjene-umetnosti\/#primaryimage\",\"url\":\"https:\/\/kaleidoskopkulture.com\/wp-content\/uploads\/2024\/08\/kk24_vizuali_genericki5-1.png\",\"contentUrl\":\"https:\/\/kaleidoskopkulture.com\/wp-content\/uploads\/2024\/08\/kk24_vizuali_genericki5-1.png\",\"width\":1080,\"height\":1080},{\"@type\":\"BreadcrumbList\",\"@id\":\"https:\/\/kaleidoskopkulture.com\/sr\/kaleidoskop-kalendar-nedelja-primenjene-umetnosti\/#breadcrumb\",\"itemListElement\":[{\"@type\":\"ListItem\",\"position\":1,\"name\":\"Home\",\"item\":\"https:\/\/kaleidoskopkulture.com\/sr\/\"},{\"@type\":\"ListItem\",\"position\":2,\"name\":\"Kaleidoskop kalendar &#8211; Nedelja primenjene umetnosti\"}]},{\"@type\":\"WebSite\",\"@id\":\"https:\/\/kaleidoskopkulture.com\/sr\/#website\",\"url\":\"https:\/\/kaleidoskopkulture.com\/sr\/\",\"name\":\"Kaleidoskop kulture\",\"description\":\"Novo lice kulture u Novom Sadu\",\"publisher\":{\"@id\":\"https:\/\/kaleidoskopkulture.com\/sr\/#organization\"},\"potentialAction\":[{\"@type\":\"SearchAction\",\"target\":{\"@type\":\"EntryPoint\",\"urlTemplate\":\"https:\/\/kaleidoskopkulture.com\/sr\/?s={search_term_string}\"},\"query-input\":\"required name=search_term_string\"}],\"inLanguage\":\"sr-RS\"},{\"@type\":\"Organization\",\"@id\":\"https:\/\/kaleidoskopkulture.com\/sr\/#organization\",\"name\":\"Kaleidoskop kulture\",\"url\":\"https:\/\/kaleidoskopkulture.com\/sr\/\",\"logo\":{\"@type\":\"ImageObject\",\"inLanguage\":\"sr-RS\",\"@id\":\"https:\/\/kaleidoskopkulture.com\/sr\/#\/schema\/logo\/image\/\",\"url\":\"https:\/\/kaleidoskopkulture.com\/wp-content\/uploads\/2022\/08\/cropped-kk-logo-1-1.png\",\"contentUrl\":\"https:\/\/kaleidoskopkulture.com\/wp-content\/uploads\/2022\/08\/cropped-kk-logo-1-1.png\",\"width\":260,\"height\":90,\"caption\":\"Kaleidoskop kulture\"},\"image\":{\"@id\":\"https:\/\/kaleidoskopkulture.com\/sr\/#\/schema\/logo\/image\/\"}}]}<\/script>\n<!-- \/ Yoast SEO plugin. -->","yoast_head_json":{"title":"Kaleidoskop kalendar - Nedelja primenjene umetnosti","description":"U okviru Kaleidoskopa kulture, najve\u0107e umetni\u010dke smotre u ovom delu Evrope, Distrikt \u0107e postati centar primenjene umetnosti 6. i 7. septembra.","robots":{"index":"index","follow":"follow","max-snippet":"max-snippet:-1","max-image-preview":"max-image-preview:large","max-video-preview":"max-video-preview:-1"},"canonical":"https:\/\/kaleidoskopkulture.com\/sr\/kaleidoskop-kalendar-nedelja-primenjene-umetnosti\/","og_locale":"sr_RS","og_type":"article","og_title":"Kaleidoskop kalendar - Nedelja primenjene umetnosti","og_description":"U okviru Kaleidoskopa kulture, najve\u0107e umetni\u010dke smotre u ovom delu Evrope, Distrikt \u0107e postati centar primenjene umetnosti 6. i 7. septembra.","og_url":"https:\/\/kaleidoskopkulture.com\/sr\/kaleidoskop-kalendar-nedelja-primenjene-umetnosti\/","og_site_name":"Kaleidoskop kulture","article_modified_time":"2024-10-14T11:11:57+00:00","og_image":[{"width":1080,"height":1080,"url":"https:\/\/kaleidoskopkulture.com\/wp-content\/uploads\/2024\/08\/kk24_vizuali_genericki5-1.png","type":"image\/png"}],"twitter_card":"summary_large_image","twitter_misc":{"Procenjeno vreme \u010ditanja":"5 minuta"},"schema":{"@context":"https:\/\/schema.org","@graph":[{"@type":"WebPage","@id":"https:\/\/kaleidoskopkulture.com\/sr\/kaleidoskop-kalendar-nedelja-primenjene-umetnosti\/","url":"https:\/\/kaleidoskopkulture.com\/sr\/kaleidoskop-kalendar-nedelja-primenjene-umetnosti\/","name":"Kaleidoskop kalendar - Nedelja primenjene umetnosti","isPartOf":{"@id":"https:\/\/kaleidoskopkulture.com\/sr\/#website"},"primaryImageOfPage":{"@id":"https:\/\/kaleidoskopkulture.com\/sr\/kaleidoskop-kalendar-nedelja-primenjene-umetnosti\/#primaryimage"},"image":{"@id":"https:\/\/kaleidoskopkulture.com\/sr\/kaleidoskop-kalendar-nedelja-primenjene-umetnosti\/#primaryimage"},"thumbnailUrl":"https:\/\/kaleidoskopkulture.com\/wp-content\/uploads\/2024\/08\/kk24_vizuali_genericki5-1.png","datePublished":"2022-08-04T07:45:49+00:00","dateModified":"2024-10-14T11:11:57+00:00","description":"U okviru Kaleidoskopa kulture, najve\u0107e umetni\u010dke smotre u ovom delu Evrope, Distrikt \u0107e postati centar primenjene umetnosti 6. i 7. septembra.","breadcrumb":{"@id":"https:\/\/kaleidoskopkulture.com\/sr\/kaleidoskop-kalendar-nedelja-primenjene-umetnosti\/#breadcrumb"},"inLanguage":"sr-RS","potentialAction":[{"@type":"ReadAction","target":["https:\/\/kaleidoskopkulture.com\/sr\/kaleidoskop-kalendar-nedelja-primenjene-umetnosti\/"]}]},{"@type":"ImageObject","inLanguage":"sr-RS","@id":"https:\/\/kaleidoskopkulture.com\/sr\/kaleidoskop-kalendar-nedelja-primenjene-umetnosti\/#primaryimage","url":"https:\/\/kaleidoskopkulture.com\/wp-content\/uploads\/2024\/08\/kk24_vizuali_genericki5-1.png","contentUrl":"https:\/\/kaleidoskopkulture.com\/wp-content\/uploads\/2024\/08\/kk24_vizuali_genericki5-1.png","width":1080,"height":1080},{"@type":"BreadcrumbList","@id":"https:\/\/kaleidoskopkulture.com\/sr\/kaleidoskop-kalendar-nedelja-primenjene-umetnosti\/#breadcrumb","itemListElement":[{"@type":"ListItem","position":1,"name":"Home","item":"https:\/\/kaleidoskopkulture.com\/sr\/"},{"@type":"ListItem","position":2,"name":"Kaleidoskop kalendar &#8211; Nedelja primenjene umetnosti"}]},{"@type":"WebSite","@id":"https:\/\/kaleidoskopkulture.com\/sr\/#website","url":"https:\/\/kaleidoskopkulture.com\/sr\/","name":"Kaleidoskop kulture","description":"Novo lice kulture u Novom Sadu","publisher":{"@id":"https:\/\/kaleidoskopkulture.com\/sr\/#organization"},"potentialAction":[{"@type":"SearchAction","target":{"@type":"EntryPoint","urlTemplate":"https:\/\/kaleidoskopkulture.com\/sr\/?s={search_term_string}"},"query-input":"required name=search_term_string"}],"inLanguage":"sr-RS"},{"@type":"Organization","@id":"https:\/\/kaleidoskopkulture.com\/sr\/#organization","name":"Kaleidoskop kulture","url":"https:\/\/kaleidoskopkulture.com\/sr\/","logo":{"@type":"ImageObject","inLanguage":"sr-RS","@id":"https:\/\/kaleidoskopkulture.com\/sr\/#\/schema\/logo\/image\/","url":"https:\/\/kaleidoskopkulture.com\/wp-content\/uploads\/2022\/08\/cropped-kk-logo-1-1.png","contentUrl":"https:\/\/kaleidoskopkulture.com\/wp-content\/uploads\/2022\/08\/cropped-kk-logo-1-1.png","width":260,"height":90,"caption":"Kaleidoskop kulture"},"image":{"@id":"https:\/\/kaleidoskopkulture.com\/sr\/#\/schema\/logo\/image\/"}}]}},"_links":{"self":[{"href":"https:\/\/kaleidoskopkulture.com\/sr\/wp-json\/wp\/v2\/pages\/6804","targetHints":{"allow":["GET"]}}],"collection":[{"href":"https:\/\/kaleidoskopkulture.com\/sr\/wp-json\/wp\/v2\/pages"}],"about":[{"href":"https:\/\/kaleidoskopkulture.com\/sr\/wp-json\/wp\/v2\/types\/page"}],"author":[{"embeddable":true,"href":"https:\/\/kaleidoskopkulture.com\/sr\/wp-json\/wp\/v2\/users\/6"}],"replies":[{"embeddable":true,"href":"https:\/\/kaleidoskopkulture.com\/sr\/wp-json\/wp\/v2\/comments?post=6804"}],"version-history":[{"count":167,"href":"https:\/\/kaleidoskopkulture.com\/sr\/wp-json\/wp\/v2\/pages\/6804\/revisions"}],"predecessor-version":[{"id":13658,"href":"https:\/\/kaleidoskopkulture.com\/sr\/wp-json\/wp\/v2\/pages\/6804\/revisions\/13658"}],"wp:featuredmedia":[{"embeddable":true,"href":"https:\/\/kaleidoskopkulture.com\/sr\/wp-json\/wp\/v2\/media\/12193"}],"wp:attachment":[{"href":"https:\/\/kaleidoskopkulture.com\/sr\/wp-json\/wp\/v2\/media?parent=6804"}],"curies":[{"name":"wp","href":"https:\/\/api.w.org\/{rel}","templated":true}]}}