{"id":6782,"date":"2022-08-03T18:35:57","date_gmt":"2022-08-03T16:35:57","guid":{"rendered":"https:\/\/kaleidoskopkulture.com\/?page_id=6782"},"modified":"2024-10-14T13:09:40","modified_gmt":"2024-10-14T11:09:40","slug":"kaleidoskop-kalendar-nedelja-knjizevnosti","status":"publish","type":"page","link":"https:\/\/kaleidoskopkulture.com\/sr\/kaleidoskop-kalendar-nedelja-knjizevnosti\/","title":{"rendered":"Kaleidoskop kalendar &#8211; Nedelja knji\u017eevnosti"},"content":{"rendered":"<p>[vc_section][vc_row css=&#8220;.vc_custom_1707777596581{margin-top: 50px !important;}&#8220;][vc_column][vc_column_text]<\/p>\n<h4 style=\"text-align: center;\"><span style=\"color: #f59650;\">NEDELJA KNJI\u017dEVNOSTI<\/span><\/h4>\n<p style=\"text-align: center;\">DISTRIKT<\/p>\n<p>[\/vc_column_text][vc_row_inner disable_element=&#8220;yes&#8220;][vc_column_inner][vc_basic_grid post_type=&#8220;post&#8220; max_items=&#8220;12&#8243; element_width=&#8220;3&#8243; gap=&#8220;10&#8243; item=&#8220;117&#8243; grid_id=&#8220;vc_gid:1728904081128-b9a9eca0-48e3-6&#8243; taxonomies=&#8220;15&#8243;][\/vc_column_inner][\/vc_row_inner][\/vc_column][\/vc_row][vc_row][vc_column][vc_video link=&#8220;https:\/\/www.youtube.com\/watch?v=3RU1PWsVlSc&#8220;][\/vc_column][\/vc_row][\/vc_section][vc_row disable_element=&#8220;yes&#8220;][vc_column][vc_column_text]<\/p>\n<h4 style=\"text-align: center;\">NEDELJA KNJI\u017dEVNOSTI<\/h4>\n<p>[\/vc_column_text][\/vc_column][\/vc_row][vc_row disable_element=&#8220;yes&#8220; css=&#8220;.vc_custom_1692257377126{padding-top: 40px !important;}&#8220;][vc_column width=&#8220;1\/2&#8243;][vc_single_image image=&#8220;9218&#8243; img_size=&#8220;full&#8220; alignment=&#8220;center&#8220; onclick=&#8220;custom_link&#8220; link=&#8220;#kalendar&#8220;][\/vc_column][vc_column width=&#8220;1\/2&#8243;][vc_single_image image=&#8220;9226&#8243; img_size=&#8220;full&#8220; alignment=&#8220;center&#8220; onclick=&#8220;custom_link&#8220; link=&#8220;#knjizevnost_lista&#8220;][\/vc_column][\/vc_row][vc_row disable_element=&#8220;yes&#8220; css=&#8220;.vc_custom_1692257387756{padding-top: 40px !important;}&#8220; el_id=&#8220;kalendar&#8220;][vc_column][vc_custom_heading text=&#8220;PROGRAM \/ KALENDAR&#8220; font_container=&#8220;tag:h3|text_align:left&#8220; use_theme_fonts=&#8220;yes&#8220;][\/vc_column][\/vc_row][vc_row full_width=&#8220;stretch_row_content&#8220; disable_element=&#8220;yes&#8220;][vc_column][vc_raw_html]JTNDaWZyYW1lJTIwc3JjJTNEJTIyaHR0cHMlM0ElMkYlMkZrYWxlbmRhci5ub3Zpc2FkMjAyMi5ycyUyRmthbGVpZG9za29wLTIwMjItbmVkZWxqYS1rbmppemV2bm9zdGklMkYlMjIlMjB0aXRsZSUzRCUyMkthbGVpZG9za29wJTIwa3VsdHVyZSUyMGthbGVuZGFyJTIyJTIwZnJhbWVib3JkZXIlM0QlMjIwJTIyJTIwc3R5bGUlM0QlMjJtaW4taGVpZ2h0JTNBJTIwMTI1MHB4JTNCJTIyJTNFJTNDJTJGaWZyYW1lJTNFJTBB[\/vc_raw_html][\/vc_column][\/vc_row][vc_row el_id=&#8220;knjizevnost_lista&#8220; css=&#8220;.vc_custom_1723721275980{padding-bottom: 40px !important;}&#8220;][vc_column][vc_custom_heading text=&#8220;TI\u0160MA PAVILJON&#8220; font_container=&#8220;tag:h3|text_align:left&#8220; use_theme_fonts=&#8220;yes&#8220;][vc_column_text css=&#8220;.vc_custom_1728904159513{padding-top: 40px !important;padding-right: 20px !important;padding-left: 20px !important;}&#8220;]<a href=\"https:\/\/kalendar.novisad2022.rs\/events\/izlozba-upotreba-coveka\/\"><strong>Interaktivna izlo\u017eba \u201eUpotreba \u010doveka\u201d<\/strong><\/a> \/ objekat Proizvodnja<\/p>\n<p>Radno vreme izlo\u017ebe je <strong>od srede do nedelje, od 16 do 20 sati.<\/strong><\/p>\n<p>[\/vc_column_text][\/vc_column][\/vc_row][vc_section][vc_row disable_element=&#8220;yes&#8220; css=&#8220;.vc_custom_1728904167099{padding-top: 10px !important;}&#8220;][vc_column][vc_custom_heading text=&#8220;IZDVAJAMO&#8220; font_container=&#8220;tag:h3|text_align:left&#8220; use_theme_fonts=&#8220;yes&#8220;][\/vc_column][\/vc_row][vc_row disable_element=&#8220;yes&#8220; css=&#8220;.vc_custom_1728904176450{padding-top: 15px !important;}&#8220; el_class=&#8220;izdvajamo-row&#8220;][vc_column width=&#8220;1\/6&#8243;][vc_single_image image=&#8220;12073&#8243; img_size=&#8220;200x200px&#8220; onclick=&#8220;custom_link&#8220; img_link_target=&#8220;_blank&#8220; link=&#8220;https:\/\/kaleidoskopkulture.com\/sr\/distrikt-se-pretvara-u-veliki-muzej-na-otvorenom-posvecen-aleksandru-tismi\/&#8220;][vc_custom_heading text=&#8220;Distrikt se pretvara u veliki muzej na otvorenom posve\u0107en Aleksandru Ti\u0161mi&#8220; font_container=&#8220;tag:h6|text_align:left&#8220; use_theme_fonts=&#8220;yes&#8220; css=&#8220;.vc_custom_1724399739143{padding-bottom: 10px !important;}&#8220; link=&#8220;url:https%3A%2F%2Fkaleidoskopkulture.com%2Fsr%2Fdistrikt-se-pretvara-u-veliki-muzej-na-otvorenom-posvecen-aleksandru-tismi%2F|target:_blank&#8220;][vc_custom_heading text=&#8220;DETALJNIJE&#8220; font_container=&#8220;tag:h6|font_size:14|text_align:left&#8220; use_theme_fonts=&#8220;yes&#8220; link=&#8220;url:https%3A%2F%2Fkaleidoskopkulture.com%2Fsr%2Fdistrikt-se-pretvara-u-veliki-muzej-na-otvorenom-posvecen-aleksandru-tismi%2F|target:_blank&#8220; el_class=&#8220;izdvajamo-dugme&#8220; css=&#8220;.vc_custom_1724399743768{padding-bottom: 8px !important;}&#8220;][\/vc_column][\/vc_row][\/vc_section][vc_row disable_element=&#8220;yes&#8220;][vc_column][vc_custom_heading text=&#8220;Program u okviru ostalih nedelja umetnosti pogledajte klikom na baner:&#8220; font_container=&#8220;tag:h3|text_align:left&#8220; use_theme_fonts=&#8220;yes&#8220;][\/vc_column][\/vc_row][vc_row disable_element=&#8220;yes&#8220;][vc_column width=&#8220;1\/5&#8243;][vc_single_image image=&#8220;9192&#8243; img_size=&#8220;full&#8220; alignment=&#8220;center&#8220; onclick=&#8220;custom_link&#8220; img_link_target=&#8220;_blank&#8220; link=&#8220;\/sr\/kaleidoskop-kalendar-otvaranje\/&#8220;][\/vc_column][vc_column width=&#8220;1\/5&#8243;][vc_single_image image=&#8220;9196&#8243; img_size=&#8220;full&#8220; alignment=&#8220;center&#8220; onclick=&#8220;custom_link&#8220; img_link_target=&#8220;_blank&#8220; link=&#8220;\/sr\/kaleidoskop-kalendar-nedelja-izvodjacke-umetnosti\/&#8220;][\/vc_column][vc_column width=&#8220;1\/5&#8243;][vc_single_image image=&#8220;9200&#8243; img_size=&#8220;full&#8220; alignment=&#8220;center&#8220; onclick=&#8220;custom_link&#8220; img_link_target=&#8220;_blank&#8220; link=&#8220;\/sr\/kaleidoskop-kalendar-nedelja-vizulene-umetnosti\/&#8220;][\/vc_column][vc_column width=&#8220;1\/5&#8243;][vc_single_image image=&#8220;9202&#8243; img_size=&#8220;full&#8220; alignment=&#8220;center&#8220; onclick=&#8220;custom_link&#8220; img_link_target=&#8220;_blank&#8220; link=&#8220;\/sr\/kaleidoskop-kalendar-nedelja-primenjene-umetnosti\/&#8220;][\/vc_column][vc_column width=&#8220;1\/5&#8243;][vc_single_image image=&#8220;9194&#8243; img_size=&#8220;full&#8220; alignment=&#8220;center&#8220; onclick=&#8220;custom_link&#8220; img_link_target=&#8220;_blank&#8220; link=&#8220;\/sr\/kaleidoskop-kalendar-nedelja-arhitekture\/&#8220;][\/vc_column][\/vc_row][vc_row disable_element=&#8220;yes&#8220;][vc_column][vc_column_text]Jedinstven koncept u ovom delu Evrope pretvara Novi Sad u grad knjige, uz knji\u017eevne programe i predavanja, okupljaju\u0107i najzna\u010dajnija regionalna imena iz oblasti knji\u017eevnosti i drugih umetni\u010dkih praksi koje iz nje proizilaze. Nedelja knji\u017eevnosti donosi razgovore sa autorima i autorkama, kao odstupanja od ustaljenih na\u010dina knji\u017eevnih promocija, i nudi odgovore na pitanje za\u0161to su nam knjige va\u017ene.<\/p>\n<p>U nedelji knji\u017eevnosti gostova\u0107e: Matija Be\u0107kovi\u0107, Muharem Bazdulj, Milica Vu\u010dkovi\u0107, Jasminka Petrovi\u0107 i Danica Vuki\u0107evi\u0107.[\/vc_column_text][\/vc_column][\/vc_row]<\/p>\n","protected":false},"excerpt":{"rendered":"<p>[vc_section][vc_row css=&#8220;.vc_custom_1707777596581{margin-top: 50px !important;}&#8220;][vc_column][vc_column_text] NEDELJA KNJI\u017dEVNOSTI DISTRIKT [\/vc_column_text][vc_row_inner disable_element=&#8220;yes&#8220;][vc_column_inner][vc_basic_grid post_type=&#8220;post&#8220; max_items=&#8220;12&#8243; element_width=&#8220;3&#8243; gap=&#8220;10&#8243; item=&#8220;117&#8243; grid_id=&#8220;vc_gid:1728904081128-b9a9eca0-48e3-6&#8243; taxonomies=&#8220;15&#8243;][\/vc_column_inner][\/vc_row_inner][\/vc_column][\/vc_row][vc_row][vc_column][vc_video link=&#8220;https:\/\/www.youtube.com\/watch?v=3RU1PWsVlSc&#8220;][\/vc_column][\/vc_row][\/vc_section][vc_row disable_element=&#8220;yes&#8220;][vc_column][vc_column_text] NEDELJA KNJI\u017dEVNOSTI [\/vc_column_text][\/vc_column][\/vc_row][vc_row disable_element=&#8220;yes&#8220; css=&#8220;.vc_custom_1692257377126{padding-top: 40px !important;}&#8220;][vc_column width=&#8220;1\/2&#8243;][vc_single_image image=&#8220;9218&#8243; img_size=&#8220;full&#8220; alignment=&#8220;center&#8220; onclick=&#8220;custom_link&#8220; link=&#8220;#kalendar&#8220;][\/vc_column][vc_column width=&#8220;1\/2&#8243;][vc_single_image image=&#8220;9226&#8243; img_size=&#8220;full&#8220; alignment=&#8220;center&#8220; onclick=&#8220;custom_link&#8220; link=&#8220;#knjizevnost_lista&#8220;][\/vc_column][\/vc_row][vc_row disable_element=&#8220;yes&#8220; css=&#8220;.vc_custom_1692257387756{padding-top: 40px&#8230;<\/p>\n","protected":false},"author":6,"featured_media":12197,"parent":0,"menu_order":0,"comment_status":"closed","ping_status":"closed","template":"","meta":{"footnotes":""},"class_list":["post-6782","page","type-page","status-publish","has-post-thumbnail","hentry"],"yoast_head":"<!-- This site is optimized with the Yoast SEO plugin v22.4 - https:\/\/yoast.com\/wordpress\/plugins\/seo\/ -->\n<title>Kaleidoskop kalendar - Nedelja knji\u017eevnosti<\/title>\n<meta name=\"description\" content=\"Novi Sad se u okviru Kaleidoskopa kulture pretvara u grad knji\u017eevnosti obele\u017eavaju\u0107i 100 godina od ro\u0111enja Aleksandra Ti\u0161me.\" \/>\n<meta name=\"robots\" content=\"index, follow, max-snippet:-1, max-image-preview:large, max-video-preview:-1\" \/>\n<link rel=\"canonical\" href=\"https:\/\/kaleidoskopkulture.com\/sr\/kaleidoskop-kalendar-nedelja-knjizevnosti\/\" \/>\n<meta property=\"og:locale\" content=\"sr_RS\" \/>\n<meta property=\"og:type\" content=\"article\" \/>\n<meta property=\"og:title\" content=\"Kaleidoskop kalendar - Nedelja knji\u017eevnosti\" \/>\n<meta property=\"og:description\" content=\"Novi Sad se u okviru Kaleidoskopa kulture pretvara u grad knji\u017eevnosti obele\u017eavaju\u0107i 100 godina od ro\u0111enja Aleksandra Ti\u0161me.\" \/>\n<meta property=\"og:url\" content=\"https:\/\/kaleidoskopkulture.com\/sr\/kaleidoskop-kalendar-nedelja-knjizevnosti\/\" \/>\n<meta property=\"og:site_name\" content=\"Kaleidoskop kulture\" \/>\n<meta property=\"article:modified_time\" content=\"2024-10-14T11:09:40+00:00\" \/>\n<meta property=\"og:image\" content=\"https:\/\/kaleidoskopkulture.com\/wp-content\/uploads\/2024\/08\/kk24_vizuali_genericki8-1.png\" \/>\n\t<meta property=\"og:image:width\" content=\"1080\" \/>\n\t<meta property=\"og:image:height\" content=\"1080\" \/>\n\t<meta property=\"og:image:type\" content=\"image\/png\" \/>\n<meta name=\"twitter:card\" content=\"summary_large_image\" \/>\n<meta name=\"twitter:label1\" content=\"Procenjeno vreme \u010ditanja\" \/>\n\t<meta name=\"twitter:data1\" content=\"4 minuta\" \/>\n<script type=\"application\/ld+json\" class=\"yoast-schema-graph\">{\"@context\":\"https:\/\/schema.org\",\"@graph\":[{\"@type\":\"WebPage\",\"@id\":\"https:\/\/kaleidoskopkulture.com\/sr\/kaleidoskop-kalendar-nedelja-knjizevnosti\/\",\"url\":\"https:\/\/kaleidoskopkulture.com\/sr\/kaleidoskop-kalendar-nedelja-knjizevnosti\/\",\"name\":\"Kaleidoskop kalendar - Nedelja knji\u017eevnosti\",\"isPartOf\":{\"@id\":\"https:\/\/kaleidoskopkulture.com\/sr\/#website\"},\"primaryImageOfPage\":{\"@id\":\"https:\/\/kaleidoskopkulture.com\/sr\/kaleidoskop-kalendar-nedelja-knjizevnosti\/#primaryimage\"},\"image\":{\"@id\":\"https:\/\/kaleidoskopkulture.com\/sr\/kaleidoskop-kalendar-nedelja-knjizevnosti\/#primaryimage\"},\"thumbnailUrl\":\"https:\/\/kaleidoskopkulture.com\/wp-content\/uploads\/2024\/08\/kk24_vizuali_genericki8-1.png\",\"datePublished\":\"2022-08-03T16:35:57+00:00\",\"dateModified\":\"2024-10-14T11:09:40+00:00\",\"description\":\"Novi Sad se u okviru Kaleidoskopa kulture pretvara u grad knji\u017eevnosti obele\u017eavaju\u0107i 100 godina od ro\u0111enja Aleksandra Ti\u0161me.\",\"breadcrumb\":{\"@id\":\"https:\/\/kaleidoskopkulture.com\/sr\/kaleidoskop-kalendar-nedelja-knjizevnosti\/#breadcrumb\"},\"inLanguage\":\"sr-RS\",\"potentialAction\":[{\"@type\":\"ReadAction\",\"target\":[\"https:\/\/kaleidoskopkulture.com\/sr\/kaleidoskop-kalendar-nedelja-knjizevnosti\/\"]}]},{\"@type\":\"ImageObject\",\"inLanguage\":\"sr-RS\",\"@id\":\"https:\/\/kaleidoskopkulture.com\/sr\/kaleidoskop-kalendar-nedelja-knjizevnosti\/#primaryimage\",\"url\":\"https:\/\/kaleidoskopkulture.com\/wp-content\/uploads\/2024\/08\/kk24_vizuali_genericki8-1.png\",\"contentUrl\":\"https:\/\/kaleidoskopkulture.com\/wp-content\/uploads\/2024\/08\/kk24_vizuali_genericki8-1.png\",\"width\":1080,\"height\":1080},{\"@type\":\"BreadcrumbList\",\"@id\":\"https:\/\/kaleidoskopkulture.com\/sr\/kaleidoskop-kalendar-nedelja-knjizevnosti\/#breadcrumb\",\"itemListElement\":[{\"@type\":\"ListItem\",\"position\":1,\"name\":\"Home\",\"item\":\"https:\/\/kaleidoskopkulture.com\/sr\/\"},{\"@type\":\"ListItem\",\"position\":2,\"name\":\"Kaleidoskop kalendar &#8211; Nedelja knji\u017eevnosti\"}]},{\"@type\":\"WebSite\",\"@id\":\"https:\/\/kaleidoskopkulture.com\/sr\/#website\",\"url\":\"https:\/\/kaleidoskopkulture.com\/sr\/\",\"name\":\"Kaleidoskop kulture\",\"description\":\"Novo lice kulture u Novom Sadu\",\"publisher\":{\"@id\":\"https:\/\/kaleidoskopkulture.com\/sr\/#organization\"},\"potentialAction\":[{\"@type\":\"SearchAction\",\"target\":{\"@type\":\"EntryPoint\",\"urlTemplate\":\"https:\/\/kaleidoskopkulture.com\/sr\/?s={search_term_string}\"},\"query-input\":\"required name=search_term_string\"}],\"inLanguage\":\"sr-RS\"},{\"@type\":\"Organization\",\"@id\":\"https:\/\/kaleidoskopkulture.com\/sr\/#organization\",\"name\":\"Kaleidoskop kulture\",\"url\":\"https:\/\/kaleidoskopkulture.com\/sr\/\",\"logo\":{\"@type\":\"ImageObject\",\"inLanguage\":\"sr-RS\",\"@id\":\"https:\/\/kaleidoskopkulture.com\/sr\/#\/schema\/logo\/image\/\",\"url\":\"https:\/\/kaleidoskopkulture.com\/wp-content\/uploads\/2022\/08\/cropped-kk-logo-1-1.png\",\"contentUrl\":\"https:\/\/kaleidoskopkulture.com\/wp-content\/uploads\/2022\/08\/cropped-kk-logo-1-1.png\",\"width\":260,\"height\":90,\"caption\":\"Kaleidoskop kulture\"},\"image\":{\"@id\":\"https:\/\/kaleidoskopkulture.com\/sr\/#\/schema\/logo\/image\/\"}}]}<\/script>\n<!-- \/ Yoast SEO plugin. -->","yoast_head_json":{"title":"Kaleidoskop kalendar - Nedelja knji\u017eevnosti","description":"Novi Sad se u okviru Kaleidoskopa kulture pretvara u grad knji\u017eevnosti obele\u017eavaju\u0107i 100 godina od ro\u0111enja Aleksandra Ti\u0161me.","robots":{"index":"index","follow":"follow","max-snippet":"max-snippet:-1","max-image-preview":"max-image-preview:large","max-video-preview":"max-video-preview:-1"},"canonical":"https:\/\/kaleidoskopkulture.com\/sr\/kaleidoskop-kalendar-nedelja-knjizevnosti\/","og_locale":"sr_RS","og_type":"article","og_title":"Kaleidoskop kalendar - Nedelja knji\u017eevnosti","og_description":"Novi Sad se u okviru Kaleidoskopa kulture pretvara u grad knji\u017eevnosti obele\u017eavaju\u0107i 100 godina od ro\u0111enja Aleksandra Ti\u0161me.","og_url":"https:\/\/kaleidoskopkulture.com\/sr\/kaleidoskop-kalendar-nedelja-knjizevnosti\/","og_site_name":"Kaleidoskop kulture","article_modified_time":"2024-10-14T11:09:40+00:00","og_image":[{"width":1080,"height":1080,"url":"https:\/\/kaleidoskopkulture.com\/wp-content\/uploads\/2024\/08\/kk24_vizuali_genericki8-1.png","type":"image\/png"}],"twitter_card":"summary_large_image","twitter_misc":{"Procenjeno vreme \u010ditanja":"4 minuta"},"schema":{"@context":"https:\/\/schema.org","@graph":[{"@type":"WebPage","@id":"https:\/\/kaleidoskopkulture.com\/sr\/kaleidoskop-kalendar-nedelja-knjizevnosti\/","url":"https:\/\/kaleidoskopkulture.com\/sr\/kaleidoskop-kalendar-nedelja-knjizevnosti\/","name":"Kaleidoskop kalendar - Nedelja knji\u017eevnosti","isPartOf":{"@id":"https:\/\/kaleidoskopkulture.com\/sr\/#website"},"primaryImageOfPage":{"@id":"https:\/\/kaleidoskopkulture.com\/sr\/kaleidoskop-kalendar-nedelja-knjizevnosti\/#primaryimage"},"image":{"@id":"https:\/\/kaleidoskopkulture.com\/sr\/kaleidoskop-kalendar-nedelja-knjizevnosti\/#primaryimage"},"thumbnailUrl":"https:\/\/kaleidoskopkulture.com\/wp-content\/uploads\/2024\/08\/kk24_vizuali_genericki8-1.png","datePublished":"2022-08-03T16:35:57+00:00","dateModified":"2024-10-14T11:09:40+00:00","description":"Novi Sad se u okviru Kaleidoskopa kulture pretvara u grad knji\u017eevnosti obele\u017eavaju\u0107i 100 godina od ro\u0111enja Aleksandra Ti\u0161me.","breadcrumb":{"@id":"https:\/\/kaleidoskopkulture.com\/sr\/kaleidoskop-kalendar-nedelja-knjizevnosti\/#breadcrumb"},"inLanguage":"sr-RS","potentialAction":[{"@type":"ReadAction","target":["https:\/\/kaleidoskopkulture.com\/sr\/kaleidoskop-kalendar-nedelja-knjizevnosti\/"]}]},{"@type":"ImageObject","inLanguage":"sr-RS","@id":"https:\/\/kaleidoskopkulture.com\/sr\/kaleidoskop-kalendar-nedelja-knjizevnosti\/#primaryimage","url":"https:\/\/kaleidoskopkulture.com\/wp-content\/uploads\/2024\/08\/kk24_vizuali_genericki8-1.png","contentUrl":"https:\/\/kaleidoskopkulture.com\/wp-content\/uploads\/2024\/08\/kk24_vizuali_genericki8-1.png","width":1080,"height":1080},{"@type":"BreadcrumbList","@id":"https:\/\/kaleidoskopkulture.com\/sr\/kaleidoskop-kalendar-nedelja-knjizevnosti\/#breadcrumb","itemListElement":[{"@type":"ListItem","position":1,"name":"Home","item":"https:\/\/kaleidoskopkulture.com\/sr\/"},{"@type":"ListItem","position":2,"name":"Kaleidoskop kalendar &#8211; Nedelja knji\u017eevnosti"}]},{"@type":"WebSite","@id":"https:\/\/kaleidoskopkulture.com\/sr\/#website","url":"https:\/\/kaleidoskopkulture.com\/sr\/","name":"Kaleidoskop kulture","description":"Novo lice kulture u Novom Sadu","publisher":{"@id":"https:\/\/kaleidoskopkulture.com\/sr\/#organization"},"potentialAction":[{"@type":"SearchAction","target":{"@type":"EntryPoint","urlTemplate":"https:\/\/kaleidoskopkulture.com\/sr\/?s={search_term_string}"},"query-input":"required name=search_term_string"}],"inLanguage":"sr-RS"},{"@type":"Organization","@id":"https:\/\/kaleidoskopkulture.com\/sr\/#organization","name":"Kaleidoskop kulture","url":"https:\/\/kaleidoskopkulture.com\/sr\/","logo":{"@type":"ImageObject","inLanguage":"sr-RS","@id":"https:\/\/kaleidoskopkulture.com\/sr\/#\/schema\/logo\/image\/","url":"https:\/\/kaleidoskopkulture.com\/wp-content\/uploads\/2022\/08\/cropped-kk-logo-1-1.png","contentUrl":"https:\/\/kaleidoskopkulture.com\/wp-content\/uploads\/2022\/08\/cropped-kk-logo-1-1.png","width":260,"height":90,"caption":"Kaleidoskop kulture"},"image":{"@id":"https:\/\/kaleidoskopkulture.com\/sr\/#\/schema\/logo\/image\/"}}]}},"_links":{"self":[{"href":"https:\/\/kaleidoskopkulture.com\/sr\/wp-json\/wp\/v2\/pages\/6782","targetHints":{"allow":["GET"]}}],"collection":[{"href":"https:\/\/kaleidoskopkulture.com\/sr\/wp-json\/wp\/v2\/pages"}],"about":[{"href":"https:\/\/kaleidoskopkulture.com\/sr\/wp-json\/wp\/v2\/types\/page"}],"author":[{"embeddable":true,"href":"https:\/\/kaleidoskopkulture.com\/sr\/wp-json\/wp\/v2\/users\/6"}],"replies":[{"embeddable":true,"href":"https:\/\/kaleidoskopkulture.com\/sr\/wp-json\/wp\/v2\/comments?post=6782"}],"version-history":[{"count":148,"href":"https:\/\/kaleidoskopkulture.com\/sr\/wp-json\/wp\/v2\/pages\/6782\/revisions"}],"predecessor-version":[{"id":13657,"href":"https:\/\/kaleidoskopkulture.com\/sr\/wp-json\/wp\/v2\/pages\/6782\/revisions\/13657"}],"wp:featuredmedia":[{"embeddable":true,"href":"https:\/\/kaleidoskopkulture.com\/sr\/wp-json\/wp\/v2\/media\/12197"}],"wp:attachment":[{"href":"https:\/\/kaleidoskopkulture.com\/sr\/wp-json\/wp\/v2\/media?parent=6782"}],"curies":[{"name":"wp","href":"https:\/\/api.w.org\/{rel}","templated":true}]}}