{"id":6773,"date":"2022-08-03T17:53:52","date_gmt":"2022-08-03T15:53:52","guid":{"rendered":"https:\/\/kaleidoskopkulture.com\/?page_id=6773"},"modified":"2024-10-14T13:15:10","modified_gmt":"2024-10-14T11:15:10","slug":"kaleidoskop-kalendar-otvaranje","status":"publish","type":"page","link":"https:\/\/kaleidoskopkulture.com\/sr\/kaleidoskop-kalendar-otvaranje\/","title":{"rendered":"Kaleidoskop kalendar &#8211; Otvaranje"},"content":{"rendered":"<p>[vc_row css=&#8220;.vc_custom_1707777596581{margin-top: 50px !important;}&#8220;][vc_column][vc_column_text]<\/p>\n<h4 style=\"text-align: center;\"><span style=\"color: #eb649b;\">SVE\u010cANO OTVARANJE<\/span><\/h4>\n<p style=\"text-align: center;\">KORZO<\/p>\n<p>[\/vc_column_text][vc_row_inner disable_element=&#8220;yes&#8220;][vc_column_inner][vc_basic_grid post_type=&#8220;post&#8220; max_items=&#8220;12&#8243; element_width=&#8220;3&#8243; gap=&#8220;10&#8243; item=&#8220;117&#8243; grid_id=&#8220;vc_gid:1728904482967-715dea2b-d380-10&#8243; taxonomies=&#8220;18&#8243;][\/vc_column_inner][\/vc_row_inner][vc_video link=&#8220;https:\/\/www.youtube.com\/watch?v=pjDbRTJ6Gdw&#8220; align=&#8220;center&#8220;][\/vc_column][\/vc_row][vc_row disable_element=&#8220;yes&#8220;][vc_column][vc_column_text]<\/p>\n<h4 style=\"text-align: center;\">OTVARANJE \/ septembar 2024.<\/h4>\n<p>[\/vc_column_text][\/vc_column][\/vc_row][vc_row disable_element=&#8220;yes&#8220; css=&#8220;.vc_custom_1723112338992{padding-top: 40px !important;}&#8220;][vc_column width=&#8220;1\/2&#8243;][vc_single_image image=&#8220;9218&#8243; img_size=&#8220;full&#8220; alignment=&#8220;center&#8220; onclick=&#8220;custom_link&#8220; link=&#8220;#kalendar_program&#8220;][\/vc_column][vc_column width=&#8220;1\/2&#8243;][vc_single_image image=&#8220;9220&#8243; img_size=&#8220;full&#8220; alignment=&#8220;center&#8220; onclick=&#8220;custom_link&#8220; link=&#8220;#otvaranje_lista&#8220;][\/vc_column][\/vc_row][vc_section][vc_row disable_element=&#8220;yes&#8220; css=&#8220;.vc_custom_1728904498508{padding-top: 10px !important;}&#8220;][vc_column][vc_custom_heading text=&#8220;IZDVAJAMO&#8220; font_container=&#8220;tag:h3|text_align:left&#8220; use_theme_fonts=&#8220;yes&#8220; css=&#8220;.vc_custom_1661763595388{padding-top: 30px !important;}&#8220;][\/vc_column][\/vc_row][vc_row disable_element=&#8220;yes&#8220; css=&#8220;.vc_custom_1728904503522{padding-top: 15px !important;}&#8220; el_class=&#8220;izdvajamo-row&#8220;][vc_column width=&#8220;1\/5&#8243;][vc_single_image image=&#8220;12090&#8243; img_size=&#8220;500x500px&#8220; onclick=&#8220;custom_link&#8220; img_link_target=&#8220;_blank&#8220; link=&#8220;https:\/\/kaleidoskopkulture.com\/sr\/najbolja-mlada-umetnica-u-svetu-klasicne-muzike-nastupa-na-ovogodisnjem-korzu\/&#8220;][vc_custom_heading text=&#8220;Najbolja mlada umetnica u svetu klasi\u010dne muzike nastupa na ovogodi\u0161njem Korzu&#8220; font_container=&#8220;tag:h5|text_align:left&#8220; use_theme_fonts=&#8220;yes&#8220; css=&#8220;.vc_custom_1723107172427{padding-bottom: 10px !important;}&#8220; link=&#8220;url:https%3A%2F%2Fkaleidoskopkulture.com%2Fsr%2Fnajbolja-mlada-umetnica-u-svetu-klasicne-muzike-nastupa-na-ovogodisnjem-korzu%2F|target:_blank&#8220;][vc_custom_heading text=&#8220;DETALJNIJE&#8220; font_container=&#8220;tag:h6|font_size:14|text_align:left&#8220; use_theme_fonts=&#8220;yes&#8220; link=&#8220;url:https%3A%2F%2Fkaleidoskopkulture.com%2Fsr%2Fnajbolja-mlada-umetnica-u-svetu-klasicne-muzike-nastupa-na-ovogodisnjem-korzu%2F|target:_blank&#8220; el_class=&#8220;izdvajamo-dugme&#8220; css=&#8220;.vc_custom_1723107194684{padding-bottom: 8px !important;}&#8220;][\/vc_column][\/vc_row][\/vc_section][vc_row disable_element=&#8220;yes&#8220; el_id=&#8220;kalendar_program&#8220;][vc_column][vc_custom_heading text=&#8220;PROGRAM \/ KALENDAR&#8220; font_container=&#8220;tag:h3|text_align:left&#8220; use_theme_fonts=&#8220;yes&#8220; css=&#8220;.vc_custom_1661762486741{padding-top: 40px !important;}&#8220;][\/vc_column][\/vc_row][vc_row full_width=&#8220;stretch_row_content&#8220; disable_element=&#8220;yes&#8220;][vc_column][vc_raw_html]JTNDaWZyYW1lJTIwc3JjJTNEJTIyaHR0cHMlM0ElMkYlMkZrYWxlbmRhci5ub3Zpc2FkMjAyMi5ycyUyRmthbGVpZG9za29wLTIwMjItb3R2YXJhbmplJTJGJTIyJTIwdGl0bGUlM0QlMjJLYWxlaWRvc2tvcCUyMGt1bHR1cmUlMjBrYWxlbmRhciUyMiUyMGZyYW1lYm9yZGVyJTNEJTIyMCUyMiUyMHN0eWxlJTNEJTIybWluLWhlaWdodCUzQSUyMDEyNTBweCUzQiUyMiUzRSUzQyUyRmlmcmFtZSUzRSUwQQ==[\/vc_raw_html][\/vc_column][\/vc_row][vc_row disable_element=&#8220;yes&#8220; el_id=&#8220;otvaranje_lista&#8220;][vc_column][vc_custom_heading text=&#8220;PROGRAM \/ LISTA&#8220; font_container=&#8220;tag:h3|text_align:left&#8220; use_theme_fonts=&#8220;yes&#8220; css=&#8220;.vc_custom_1692210461371{padding-top: 40px !important;}&#8220;][\/vc_column][\/vc_row][vc_row disable_element=&#8220;yes&#8220; css=&#8220;.vc_custom_1707776262497{padding-bottom: 40px !important;}&#8220;][vc_column][vc_column_text css=&#8220;.vc_custom_1707386085100{padding-top: 40px !important;padding-right: 20px !important;padding-left: 20px !important;}&#8220;]<strong>Program \u0107emo objaviti uskoro.<\/strong>[\/vc_column_text][\/vc_column][\/vc_row][vc_row disable_element=&#8220;yes&#8220; el_id=&#8220;otvaranje_program&#8220; css=&#8220;.vc_custom_1707776269464{padding-top: 40px !important;}&#8220;][vc_column][vc_custom_heading text=&#8220;Program u okviru ostalih nedelja umetnosti pogledajte klikom na baner:&#8220; font_container=&#8220;tag:h3|text_align:left&#8220; use_theme_fonts=&#8220;yes&#8220;][\/vc_column][\/vc_row][vc_row disable_element=&#8220;yes&#8220;][vc_column width=&#8220;1\/5&#8243;][vc_single_image image=&#8220;9194&#8243; img_size=&#8220;full&#8220; onclick=&#8220;custom_link&#8220; img_link_target=&#8220;_blank&#8220; link=&#8220;https:\/\/kaleidoskopkulture.com\/sr\/kaleidoskop-kalendar-nedelja-arhitekture\/&#8220;][\/vc_column][vc_column width=&#8220;1\/5&#8243;][vc_single_image image=&#8220;9196&#8243; img_size=&#8220;full&#8220; onclick=&#8220;custom_link&#8220; img_link_target=&#8220;_blank&#8220; link=&#8220;https:\/\/kaleidoskopkulture.com\/sr\/kaleidoskop-kalendar-nedelja-izvodjacke-umetnosti\/&#8220;][\/vc_column][vc_column width=&#8220;1\/5&#8243;][vc_single_image image=&#8220;9198&#8243; img_size=&#8220;full&#8220; onclick=&#8220;custom_link&#8220; img_link_target=&#8220;_blank&#8220; link=&#8220;https:\/\/kaleidoskopkulture.com\/sr\/kaleidoskop-kalendar-nedelja-knjizevnosti\/&#8220;][\/vc_column][vc_column width=&#8220;1\/5&#8243;][vc_single_image image=&#8220;9200&#8243; img_size=&#8220;full&#8220; onclick=&#8220;custom_link&#8220; img_link_target=&#8220;_blank&#8220; link=&#8220;https:\/\/kaleidoskopkulture.com\/sr\/kaleidoskop-kalendar-nedelja-vizulene-umetnosti\/&#8220;][\/vc_column][vc_column width=&#8220;1\/5&#8243;][vc_single_image image=&#8220;9202&#8243; img_size=&#8220;full&#8220; onclick=&#8220;custom_link&#8220; img_link_target=&#8220;_blank&#8220; link=&#8220;https:\/\/kaleidoskopkulture.com\/sr\/kaleidoskop-kalendar-nedelja-primenjene-umetnosti\/&#8220;][\/vc_column][\/vc_row][vc_row disable_element=&#8220;yes&#8220;][vc_column][vc_column_text]Otvaranje je Kaleidoskop kulture u malom. Odr\u017eava se tokom \u010detiri dana u prostoru Distrikta, jednog od najva\u017enijih infrastrukturnih projekata Novog Sada kao Evropske prestonice kulture, kao i na Korzu. Kao \u0161to je uvertira uvodna kompozicija koja prethodi jednom delu i upoznaje slu\u0161aoce i slu\u0161ateljke sa muzi\u010dkim doga\u0111ajima koji \u0107e uslediti, tako je i nedelja otvaranja najava za sve one bogate tonove koji \u010dine simfoniju Kaleidoskopa kulture tokom pet nedelja \u2013 arhitekturu, izvo\u0111a\u010dku umetnost, knji\u017eevnost, vizuelnu i primenjenu umetnost.<\/p>\n<p>Ove godine, otvaranje \u0161estog po redu Kaleidoskopa kulture obele\u017eava tradicionalni Korzo na Bulevaru Mihajla Pupina, 7. septembra, kojim zapo\u010dinje sve\u010dana ceremonija otvaranja, nakon \u010dega sledi jo\u0161 tri dana otvaranja u vidu veli\u010danstvenog multimedijalnog doga\u0111aja u Distriktu, od 8. do 10. septembra.<\/p>\n<p>Korzo je veliki koncert klasi\u010dne muzike pod vedrim nebom, na nekada\u0161njem novosadskom \u0161etali\u0161tu, a dana\u0161njem Bulevaru Mihajla Pupina, na kojem se zarad kulture obustavlja saobra\u0107aj na jedno ve\u010de. Uz imena svetskog ranga, posebnu binu i repertoar koji se sastoji od najpoznatijih dela klasi\u010dne muzike, Korzo je, o\u017eivljavaju\u0107i nekada\u0161nja vremena, postao nova tradicija Novog Sada i jedan od legata Evropske prestonice kulture, kao retkost koja Srpsku Atinu izdvaja u odnosu na \u010ditav region, ali i \u0161ire.<\/p>\n<p>Prethodnih godina program otvaranja Kaleidoskopa kulture obele\u017eili su multimedijalno izvo\u0111enje opere \u201eRigoleto\u201c pod vedrim nebom, Ars Elektronika, jedna od najpresti\u017enijih institucija u sferi novih likovnih medija i savremenih umetni\u010dkih praksi, CGA konferencija, Nikola Frezo, Repetitor, filmski festival \u201eObnova\u201c, Katalin Ladik, Vitomirka Trebovac, Nada Kolund\u017eija, Slobodan Trkulja i mnogi drugi.[\/vc_column_text][\/vc_column][\/vc_row]<\/p>\n","protected":false},"excerpt":{"rendered":"<p>[vc_row css=&#8220;.vc_custom_1707777596581{margin-top: 50px !important;}&#8220;][vc_column][vc_column_text] SVE\u010cANO OTVARANJE KORZO [\/vc_column_text][vc_row_inner disable_element=&#8220;yes&#8220;][vc_column_inner][vc_basic_grid post_type=&#8220;post&#8220; max_items=&#8220;12&#8243; element_width=&#8220;3&#8243; gap=&#8220;10&#8243; item=&#8220;117&#8243; grid_id=&#8220;vc_gid:1728904482967-715dea2b-d380-10&#8243; taxonomies=&#8220;18&#8243;][\/vc_column_inner][\/vc_row_inner][vc_video link=&#8220;https:\/\/www.youtube.com\/watch?v=pjDbRTJ6Gdw&#8220; align=&#8220;center&#8220;][\/vc_column][\/vc_row][vc_row disable_element=&#8220;yes&#8220;][vc_column][vc_column_text] OTVARANJE \/ septembar 2024. [\/vc_column_text][\/vc_column][\/vc_row][vc_row disable_element=&#8220;yes&#8220; css=&#8220;.vc_custom_1723112338992{padding-top: 40px !important;}&#8220;][vc_column width=&#8220;1\/2&#8243;][vc_single_image image=&#8220;9218&#8243; img_size=&#8220;full&#8220; alignment=&#8220;center&#8220; onclick=&#8220;custom_link&#8220; link=&#8220;#kalendar_program&#8220;][\/vc_column][vc_column width=&#8220;1\/2&#8243;][vc_single_image image=&#8220;9220&#8243; img_size=&#8220;full&#8220; alignment=&#8220;center&#8220; onclick=&#8220;custom_link&#8220; link=&#8220;#otvaranje_lista&#8220;][\/vc_column][\/vc_row][vc_section][vc_row&#8230;<\/p>\n","protected":false},"author":6,"featured_media":12195,"parent":0,"menu_order":0,"comment_status":"closed","ping_status":"closed","template":"","meta":{"footnotes":""},"class_list":["post-6773","page","type-page","status-publish","has-post-thumbnail","hentry"],"yoast_head":"<!-- This site is optimized with the Yoast SEO plugin v22.4 - https:\/\/yoast.com\/wordpress\/plugins\/seo\/ -->\n<title>Kaleidoskop kalendar - Otvaranje<\/title>\n<meta name=\"description\" content=\"Ovogodi\u0161nji Kaleidoskop kulture bi\u0107e sve\u010dano otvoren Korzom, 5. septembra na Bulevaru Mihajla Pupina, koncertom klasi\u010dne muzike.\" \/>\n<meta name=\"robots\" content=\"index, follow, max-snippet:-1, max-image-preview:large, max-video-preview:-1\" \/>\n<link rel=\"canonical\" href=\"https:\/\/kaleidoskopkulture.com\/sr\/kaleidoskop-kalendar-otvaranje\/\" \/>\n<meta property=\"og:locale\" content=\"sr_RS\" \/>\n<meta property=\"og:type\" content=\"article\" \/>\n<meta property=\"og:title\" content=\"Kaleidoskop kalendar - Otvaranje\" \/>\n<meta property=\"og:description\" content=\"Ovogodi\u0161nji Kaleidoskop kulture bi\u0107e sve\u010dano otvoren Korzom, 5. septembra na Bulevaru Mihajla Pupina, koncertom klasi\u010dne muzike.\" \/>\n<meta property=\"og:url\" content=\"https:\/\/kaleidoskopkulture.com\/sr\/kaleidoskop-kalendar-otvaranje\/\" \/>\n<meta property=\"og:site_name\" content=\"Kaleidoskop kulture\" \/>\n<meta property=\"article:modified_time\" content=\"2024-10-14T11:15:10+00:00\" \/>\n<meta property=\"og:image\" content=\"https:\/\/kaleidoskopkulture.com\/wp-content\/uploads\/2024\/08\/korzo_vizuali.png\" \/>\n\t<meta property=\"og:image:width\" content=\"1080\" \/>\n\t<meta property=\"og:image:height\" content=\"1080\" \/>\n\t<meta property=\"og:image:type\" content=\"image\/png\" \/>\n<meta name=\"twitter:card\" content=\"summary_large_image\" \/>\n<meta name=\"twitter:label1\" content=\"Procenjeno vreme \u010ditanja\" \/>\n\t<meta name=\"twitter:data1\" content=\"5 minuta\" \/>\n<script type=\"application\/ld+json\" class=\"yoast-schema-graph\">{\"@context\":\"https:\/\/schema.org\",\"@graph\":[{\"@type\":\"WebPage\",\"@id\":\"https:\/\/kaleidoskopkulture.com\/sr\/kaleidoskop-kalendar-otvaranje\/\",\"url\":\"https:\/\/kaleidoskopkulture.com\/sr\/kaleidoskop-kalendar-otvaranje\/\",\"name\":\"Kaleidoskop kalendar - Otvaranje\",\"isPartOf\":{\"@id\":\"https:\/\/kaleidoskopkulture.com\/sr\/#website\"},\"primaryImageOfPage\":{\"@id\":\"https:\/\/kaleidoskopkulture.com\/sr\/kaleidoskop-kalendar-otvaranje\/#primaryimage\"},\"image\":{\"@id\":\"https:\/\/kaleidoskopkulture.com\/sr\/kaleidoskop-kalendar-otvaranje\/#primaryimage\"},\"thumbnailUrl\":\"https:\/\/kaleidoskopkulture.com\/wp-content\/uploads\/2024\/08\/korzo_vizuali.png\",\"datePublished\":\"2022-08-03T15:53:52+00:00\",\"dateModified\":\"2024-10-14T11:15:10+00:00\",\"description\":\"Ovogodi\u0161nji Kaleidoskop kulture bi\u0107e sve\u010dano otvoren Korzom, 5. septembra na Bulevaru Mihajla Pupina, koncertom klasi\u010dne muzike.\",\"breadcrumb\":{\"@id\":\"https:\/\/kaleidoskopkulture.com\/sr\/kaleidoskop-kalendar-otvaranje\/#breadcrumb\"},\"inLanguage\":\"sr-RS\",\"potentialAction\":[{\"@type\":\"ReadAction\",\"target\":[\"https:\/\/kaleidoskopkulture.com\/sr\/kaleidoskop-kalendar-otvaranje\/\"]}]},{\"@type\":\"ImageObject\",\"inLanguage\":\"sr-RS\",\"@id\":\"https:\/\/kaleidoskopkulture.com\/sr\/kaleidoskop-kalendar-otvaranje\/#primaryimage\",\"url\":\"https:\/\/kaleidoskopkulture.com\/wp-content\/uploads\/2024\/08\/korzo_vizuali.png\",\"contentUrl\":\"https:\/\/kaleidoskopkulture.com\/wp-content\/uploads\/2024\/08\/korzo_vizuali.png\",\"width\":1080,\"height\":1080},{\"@type\":\"BreadcrumbList\",\"@id\":\"https:\/\/kaleidoskopkulture.com\/sr\/kaleidoskop-kalendar-otvaranje\/#breadcrumb\",\"itemListElement\":[{\"@type\":\"ListItem\",\"position\":1,\"name\":\"Home\",\"item\":\"https:\/\/kaleidoskopkulture.com\/sr\/\"},{\"@type\":\"ListItem\",\"position\":2,\"name\":\"Kaleidoskop kalendar &#8211; Otvaranje\"}]},{\"@type\":\"WebSite\",\"@id\":\"https:\/\/kaleidoskopkulture.com\/sr\/#website\",\"url\":\"https:\/\/kaleidoskopkulture.com\/sr\/\",\"name\":\"Kaleidoskop kulture\",\"description\":\"Novo lice kulture u Novom Sadu\",\"publisher\":{\"@id\":\"https:\/\/kaleidoskopkulture.com\/sr\/#organization\"},\"potentialAction\":[{\"@type\":\"SearchAction\",\"target\":{\"@type\":\"EntryPoint\",\"urlTemplate\":\"https:\/\/kaleidoskopkulture.com\/sr\/?s={search_term_string}\"},\"query-input\":\"required name=search_term_string\"}],\"inLanguage\":\"sr-RS\"},{\"@type\":\"Organization\",\"@id\":\"https:\/\/kaleidoskopkulture.com\/sr\/#organization\",\"name\":\"Kaleidoskop kulture\",\"url\":\"https:\/\/kaleidoskopkulture.com\/sr\/\",\"logo\":{\"@type\":\"ImageObject\",\"inLanguage\":\"sr-RS\",\"@id\":\"https:\/\/kaleidoskopkulture.com\/sr\/#\/schema\/logo\/image\/\",\"url\":\"https:\/\/kaleidoskopkulture.com\/wp-content\/uploads\/2022\/08\/cropped-kk-logo-1-1.png\",\"contentUrl\":\"https:\/\/kaleidoskopkulture.com\/wp-content\/uploads\/2022\/08\/cropped-kk-logo-1-1.png\",\"width\":260,\"height\":90,\"caption\":\"Kaleidoskop kulture\"},\"image\":{\"@id\":\"https:\/\/kaleidoskopkulture.com\/sr\/#\/schema\/logo\/image\/\"}}]}<\/script>\n<!-- \/ Yoast SEO plugin. -->","yoast_head_json":{"title":"Kaleidoskop kalendar - Otvaranje","description":"Ovogodi\u0161nji Kaleidoskop kulture bi\u0107e sve\u010dano otvoren Korzom, 5. septembra na Bulevaru Mihajla Pupina, koncertom klasi\u010dne muzike.","robots":{"index":"index","follow":"follow","max-snippet":"max-snippet:-1","max-image-preview":"max-image-preview:large","max-video-preview":"max-video-preview:-1"},"canonical":"https:\/\/kaleidoskopkulture.com\/sr\/kaleidoskop-kalendar-otvaranje\/","og_locale":"sr_RS","og_type":"article","og_title":"Kaleidoskop kalendar - Otvaranje","og_description":"Ovogodi\u0161nji Kaleidoskop kulture bi\u0107e sve\u010dano otvoren Korzom, 5. septembra na Bulevaru Mihajla Pupina, koncertom klasi\u010dne muzike.","og_url":"https:\/\/kaleidoskopkulture.com\/sr\/kaleidoskop-kalendar-otvaranje\/","og_site_name":"Kaleidoskop kulture","article_modified_time":"2024-10-14T11:15:10+00:00","og_image":[{"width":1080,"height":1080,"url":"https:\/\/kaleidoskopkulture.com\/wp-content\/uploads\/2024\/08\/korzo_vizuali.png","type":"image\/png"}],"twitter_card":"summary_large_image","twitter_misc":{"Procenjeno vreme \u010ditanja":"5 minuta"},"schema":{"@context":"https:\/\/schema.org","@graph":[{"@type":"WebPage","@id":"https:\/\/kaleidoskopkulture.com\/sr\/kaleidoskop-kalendar-otvaranje\/","url":"https:\/\/kaleidoskopkulture.com\/sr\/kaleidoskop-kalendar-otvaranje\/","name":"Kaleidoskop kalendar - Otvaranje","isPartOf":{"@id":"https:\/\/kaleidoskopkulture.com\/sr\/#website"},"primaryImageOfPage":{"@id":"https:\/\/kaleidoskopkulture.com\/sr\/kaleidoskop-kalendar-otvaranje\/#primaryimage"},"image":{"@id":"https:\/\/kaleidoskopkulture.com\/sr\/kaleidoskop-kalendar-otvaranje\/#primaryimage"},"thumbnailUrl":"https:\/\/kaleidoskopkulture.com\/wp-content\/uploads\/2024\/08\/korzo_vizuali.png","datePublished":"2022-08-03T15:53:52+00:00","dateModified":"2024-10-14T11:15:10+00:00","description":"Ovogodi\u0161nji Kaleidoskop kulture bi\u0107e sve\u010dano otvoren Korzom, 5. septembra na Bulevaru Mihajla Pupina, koncertom klasi\u010dne muzike.","breadcrumb":{"@id":"https:\/\/kaleidoskopkulture.com\/sr\/kaleidoskop-kalendar-otvaranje\/#breadcrumb"},"inLanguage":"sr-RS","potentialAction":[{"@type":"ReadAction","target":["https:\/\/kaleidoskopkulture.com\/sr\/kaleidoskop-kalendar-otvaranje\/"]}]},{"@type":"ImageObject","inLanguage":"sr-RS","@id":"https:\/\/kaleidoskopkulture.com\/sr\/kaleidoskop-kalendar-otvaranje\/#primaryimage","url":"https:\/\/kaleidoskopkulture.com\/wp-content\/uploads\/2024\/08\/korzo_vizuali.png","contentUrl":"https:\/\/kaleidoskopkulture.com\/wp-content\/uploads\/2024\/08\/korzo_vizuali.png","width":1080,"height":1080},{"@type":"BreadcrumbList","@id":"https:\/\/kaleidoskopkulture.com\/sr\/kaleidoskop-kalendar-otvaranje\/#breadcrumb","itemListElement":[{"@type":"ListItem","position":1,"name":"Home","item":"https:\/\/kaleidoskopkulture.com\/sr\/"},{"@type":"ListItem","position":2,"name":"Kaleidoskop kalendar &#8211; Otvaranje"}]},{"@type":"WebSite","@id":"https:\/\/kaleidoskopkulture.com\/sr\/#website","url":"https:\/\/kaleidoskopkulture.com\/sr\/","name":"Kaleidoskop kulture","description":"Novo lice kulture u Novom Sadu","publisher":{"@id":"https:\/\/kaleidoskopkulture.com\/sr\/#organization"},"potentialAction":[{"@type":"SearchAction","target":{"@type":"EntryPoint","urlTemplate":"https:\/\/kaleidoskopkulture.com\/sr\/?s={search_term_string}"},"query-input":"required name=search_term_string"}],"inLanguage":"sr-RS"},{"@type":"Organization","@id":"https:\/\/kaleidoskopkulture.com\/sr\/#organization","name":"Kaleidoskop kulture","url":"https:\/\/kaleidoskopkulture.com\/sr\/","logo":{"@type":"ImageObject","inLanguage":"sr-RS","@id":"https:\/\/kaleidoskopkulture.com\/sr\/#\/schema\/logo\/image\/","url":"https:\/\/kaleidoskopkulture.com\/wp-content\/uploads\/2022\/08\/cropped-kk-logo-1-1.png","contentUrl":"https:\/\/kaleidoskopkulture.com\/wp-content\/uploads\/2022\/08\/cropped-kk-logo-1-1.png","width":260,"height":90,"caption":"Kaleidoskop kulture"},"image":{"@id":"https:\/\/kaleidoskopkulture.com\/sr\/#\/schema\/logo\/image\/"}}]}},"_links":{"self":[{"href":"https:\/\/kaleidoskopkulture.com\/sr\/wp-json\/wp\/v2\/pages\/6773","targetHints":{"allow":["GET"]}}],"collection":[{"href":"https:\/\/kaleidoskopkulture.com\/sr\/wp-json\/wp\/v2\/pages"}],"about":[{"href":"https:\/\/kaleidoskopkulture.com\/sr\/wp-json\/wp\/v2\/types\/page"}],"author":[{"embeddable":true,"href":"https:\/\/kaleidoskopkulture.com\/sr\/wp-json\/wp\/v2\/users\/6"}],"replies":[{"embeddable":true,"href":"https:\/\/kaleidoskopkulture.com\/sr\/wp-json\/wp\/v2\/comments?post=6773"}],"version-history":[{"count":199,"href":"https:\/\/kaleidoskopkulture.com\/sr\/wp-json\/wp\/v2\/pages\/6773\/revisions"}],"predecessor-version":[{"id":13661,"href":"https:\/\/kaleidoskopkulture.com\/sr\/wp-json\/wp\/v2\/pages\/6773\/revisions\/13661"}],"wp:featuredmedia":[{"embeddable":true,"href":"https:\/\/kaleidoskopkulture.com\/sr\/wp-json\/wp\/v2\/media\/12195"}],"wp:attachment":[{"href":"https:\/\/kaleidoskopkulture.com\/sr\/wp-json\/wp\/v2\/media?parent=6773"}],"curies":[{"name":"wp","href":"https:\/\/api.w.org\/{rel}","templated":true}]}}