{"id":29,"date":"2020-08-21T10:01:27","date_gmt":"2020-08-21T08:01:27","guid":{"rendered":"https:\/\/kaleidoskopkulture.com\/?page_id=29"},"modified":"2024-10-22T08:12:24","modified_gmt":"2024-10-22T06:12:24","slug":"o-nama","status":"publish","type":"page","link":"https:\/\/kaleidoskopkulture.com\/sr\/o-nama\/","title":{"rendered":"O nama"},"content":{"rendered":"<p><strong>Kaleidoskop kulture <\/strong>je jedna od najzna\u010dajnijih umetni\u010dkih smotri u ovom delu Evrope i dobitnik nagrade za Najbolji evropski trend brend u oblasti kulture. Odr\u017ean je po sedmi put, 2024. godine u Novom Sadu, a ova manifestacija okuplja brojne doma\u0107e, regionalne, evropske i svetske umetnike kroz 5 nedelja umetnosti u obnovljenom prostorima za kulturu. Legat je projekta Novi Sad &#8211; Evropska prestonica kulture.<\/p>\n<p><iframe title=\"\u041e\u0442\u0432\u043e\u0440\u0435\u043d \u0441\u0435\u0434\u043c\u0438 \u041a\u0430\u043b\u0435\u0438\u0434\u043e\u0441\u043a\u043e\u043f \u043a\u0443\u043b\u0442\u0443\u0440\u0435!\" width=\"640\" height=\"360\" src=\"https:\/\/www.youtube.com\/embed\/pjDbRTJ6Gdw?feature=oembed\" frameborder=\"0\" allow=\"accelerometer; autoplay; clipboard-write; encrypted-media; gyroscope; picture-in-picture; web-share\" referrerpolicy=\"strict-origin-when-cross-origin\" allowfullscreen><\/iframe><\/p>\n<p>Jedna od najpose\u0107enijih i najprepoznatljivijih manifestacija u Novom Sadu, Kaleidoskop kulture, zaslu\u017eeno je dobio najvi\u0161e ocene novosadske publike. Od 2018. godine, kada je realizovan prvi put, Kaleidoskop kulture svakog septembra i oktobra pretvara \u010ditav grad u scenu, \u010dime posebno doprinosi turizmu u Novom Sadu, pa je tako ovaj grad kulture atraktivna turisti\u010dka lokacija i u jesenjem periodu.<\/p>\n<div id='gallery-1' class='gallery galleryid-29 gallery-columns-2 gallery-size-large'><figure class='gallery-item'>\n\t\t\t<div class='gallery-icon landscape'>\n\t\t\t\t<a href='https:\/\/kaleidoskopkulture.com\/wp-content\/uploads\/2024\/02\/V.Velickovic-October05-014-1-Cropped.jpg'><img fetchpriority=\"high\" decoding=\"async\" width=\"640\" height=\"360\" src=\"https:\/\/kaleidoskopkulture.com\/wp-content\/uploads\/2024\/02\/V.Velickovic-October05-014-1-Cropped-1024x576.jpg\" class=\"attachment-large size-large\" alt=\"\" srcset=\"https:\/\/kaleidoskopkulture.com\/wp-content\/uploads\/2024\/02\/V.Velickovic-October05-014-1-Cropped-1024x576.jpg 1024w, https:\/\/kaleidoskopkulture.com\/wp-content\/uploads\/2024\/02\/V.Velickovic-October05-014-1-Cropped-300x169.jpg 300w, https:\/\/kaleidoskopkulture.com\/wp-content\/uploads\/2024\/02\/V.Velickovic-October05-014-1-Cropped-768x432.jpg 768w, https:\/\/kaleidoskopkulture.com\/wp-content\/uploads\/2024\/02\/V.Velickovic-October05-014-1-Cropped-1536x864.jpg 1536w, https:\/\/kaleidoskopkulture.com\/wp-content\/uploads\/2024\/02\/V.Velickovic-October05-014-1-Cropped.jpg 1636w\" sizes=\"(max-width: 640px) 100vw, 640px\" \/><\/a>\n\t\t\t<\/div><\/figure><figure class='gallery-item'>\n\t\t\t<div class='gallery-icon landscape'>\n\t\t\t\t<a href='https:\/\/kaleidoskopkulture.com\/wp-content\/uploads\/2024\/02\/V.Velickovic-September07-152-Cropped.jpg'><img decoding=\"async\" width=\"640\" height=\"360\" src=\"https:\/\/kaleidoskopkulture.com\/wp-content\/uploads\/2024\/02\/V.Velickovic-September07-152-Cropped-1024x576.jpg\" class=\"attachment-large size-large\" alt=\"\" srcset=\"https:\/\/kaleidoskopkulture.com\/wp-content\/uploads\/2024\/02\/V.Velickovic-September07-152-Cropped-1024x576.jpg 1024w, https:\/\/kaleidoskopkulture.com\/wp-content\/uploads\/2024\/02\/V.Velickovic-September07-152-Cropped-300x169.jpg 300w, https:\/\/kaleidoskopkulture.com\/wp-content\/uploads\/2024\/02\/V.Velickovic-September07-152-Cropped-768x432.jpg 768w, https:\/\/kaleidoskopkulture.com\/wp-content\/uploads\/2024\/02\/V.Velickovic-September07-152-Cropped-1536x863.jpg 1536w, https:\/\/kaleidoskopkulture.com\/wp-content\/uploads\/2024\/02\/V.Velickovic-September07-152-Cropped.jpg 1902w\" sizes=\"(max-width: 640px) 100vw, 640px\" \/><\/a>\n\t\t\t<\/div><\/figure><figure class='gallery-item'>\n\t\t\t<div class='gallery-icon landscape'>\n\t\t\t\t<a href='https:\/\/kaleidoskopkulture.com\/wp-content\/uploads\/2024\/02\/ervin-kovac_izlozba-sava-sumanovic-21-1-Cropped-1-scaled.jpg'><img decoding=\"async\" width=\"640\" height=\"360\" src=\"https:\/\/kaleidoskopkulture.com\/wp-content\/uploads\/2024\/02\/ervin-kovac_izlozba-sava-sumanovic-21-1-Cropped-1-1024x576.jpg\" class=\"attachment-large size-large\" alt=\"\" srcset=\"https:\/\/kaleidoskopkulture.com\/wp-content\/uploads\/2024\/02\/ervin-kovac_izlozba-sava-sumanovic-21-1-Cropped-1-1024x576.jpg 1024w, https:\/\/kaleidoskopkulture.com\/wp-content\/uploads\/2024\/02\/ervin-kovac_izlozba-sava-sumanovic-21-1-Cropped-1-300x169.jpg 300w, https:\/\/kaleidoskopkulture.com\/wp-content\/uploads\/2024\/02\/ervin-kovac_izlozba-sava-sumanovic-21-1-Cropped-1-768x432.jpg 768w, https:\/\/kaleidoskopkulture.com\/wp-content\/uploads\/2024\/02\/ervin-kovac_izlozba-sava-sumanovic-21-1-Cropped-1-1536x864.jpg 1536w, https:\/\/kaleidoskopkulture.com\/wp-content\/uploads\/2024\/02\/ervin-kovac_izlozba-sava-sumanovic-21-1-Cropped-1-2048x1152.jpg 2048w\" sizes=\"(max-width: 640px) 100vw, 640px\" \/><\/a>\n\t\t\t<\/div><\/figure><figure class='gallery-item'>\n\t\t\t<div class='gallery-icon landscape'>\n\t\t\t\t<a href='https:\/\/kaleidoskopkulture.com\/wp-content\/uploads\/2024\/02\/ervin-kovac_dizajn-paviljon_dan-1-14-Cropped-scaled.jpg'><img loading=\"lazy\" decoding=\"async\" width=\"640\" height=\"360\" src=\"https:\/\/kaleidoskopkulture.com\/wp-content\/uploads\/2024\/02\/ervin-kovac_dizajn-paviljon_dan-1-14-Cropped-1024x576.jpg\" class=\"attachment-large size-large\" alt=\"\" srcset=\"https:\/\/kaleidoskopkulture.com\/wp-content\/uploads\/2024\/02\/ervin-kovac_dizajn-paviljon_dan-1-14-Cropped-1024x576.jpg 1024w, https:\/\/kaleidoskopkulture.com\/wp-content\/uploads\/2024\/02\/ervin-kovac_dizajn-paviljon_dan-1-14-Cropped-300x169.jpg 300w, https:\/\/kaleidoskopkulture.com\/wp-content\/uploads\/2024\/02\/ervin-kovac_dizajn-paviljon_dan-1-14-Cropped-768x432.jpg 768w, https:\/\/kaleidoskopkulture.com\/wp-content\/uploads\/2024\/02\/ervin-kovac_dizajn-paviljon_dan-1-14-Cropped-1536x864.jpg 1536w, https:\/\/kaleidoskopkulture.com\/wp-content\/uploads\/2024\/02\/ervin-kovac_dizajn-paviljon_dan-1-14-Cropped-2048x1152.jpg 2048w\" sizes=\"(max-width: 640px) 100vw, 640px\" \/><\/a>\n\t\t\t<\/div><\/figure>\n\t\t<\/div>\n\n<p>Tradicionalno, sve\u010dano otvaranje Kaleidoskopa kulture obele\u017eava se koncertom klasi\u010dne muzike na <strong>Korzu,<\/strong>\u00a0na Bulevaru Mihajla Pupina, nakon \u010dega sledi petonedeljni program u <strong>Distriktu <\/strong>(izvo\u0111a\u010dka, primenjena, vizuelna umetnost, arhitektura i knji\u017eevnost) koji promovi\u0161e <strong>kulturu zajedni\u0161tva.\u00a0<\/strong><\/p>\n","protected":false},"excerpt":{"rendered":"<p>Kaleidoskop kulture je jedna od najzna\u010dajnijih umetni\u010dkih smotri u ovom delu Evrope i dobitnik nagrade za Najbolji evropski trend brend u oblasti kulture. Odr\u017ean je po sedmi put, 2024. godine u Novom Sadu, a ova manifestacija okuplja brojne doma\u0107e, regionalne,&#8230;<\/p>\n","protected":false},"author":5,"featured_media":12011,"parent":0,"menu_order":0,"comment_status":"closed","ping_status":"closed","template":"","meta":{"footnotes":""},"class_list":["post-29","page","type-page","status-publish","has-post-thumbnail","hentry"],"yoast_head":"<!-- This site is optimized with the Yoast SEO plugin v22.4 - https:\/\/yoast.com\/wordpress\/plugins\/seo\/ -->\n<title>O nama<\/title>\n<meta name=\"description\" content=\"Celogodi\u0161nji projekat kulture zajedni\u0161tva i ovaj put \u0107e tokom pet nedelja predstaviti pet vrsta umetnosti.\" \/>\n<meta name=\"robots\" content=\"index, follow, max-snippet:-1, max-image-preview:large, max-video-preview:-1\" \/>\n<link rel=\"canonical\" href=\"https:\/\/kaleidoskopkulture.com\/sr\/o-nama\/\" \/>\n<meta property=\"og:locale\" content=\"sr_RS\" \/>\n<meta property=\"og:type\" content=\"article\" \/>\n<meta property=\"og:title\" content=\"O nama\" \/>\n<meta property=\"og:description\" content=\"Celogodi\u0161nji projekat kulture zajedni\u0161tva i ovaj put \u0107e tokom pet nedelja predstaviti pet vrsta umetnosti.\" \/>\n<meta property=\"og:url\" content=\"https:\/\/kaleidoskopkulture.com\/sr\/o-nama\/\" \/>\n<meta property=\"og:site_name\" content=\"Kaleidoskop kulture\" \/>\n<meta property=\"article:modified_time\" content=\"2024-10-22T06:12:24+00:00\" \/>\n<meta property=\"og:image\" content=\"https:\/\/kaleidoskopkulture.com\/wp-content\/uploads\/2021\/06\/kk_prva-najava.png\" \/>\n\t<meta property=\"og:image:width\" content=\"1620\" \/>\n\t<meta property=\"og:image:height\" content=\"1013\" \/>\n\t<meta property=\"og:image:type\" content=\"image\/png\" \/>\n<meta name=\"twitter:card\" content=\"summary_large_image\" \/>\n<meta name=\"twitter:label1\" content=\"Procenjeno vreme \u010ditanja\" \/>\n\t<meta name=\"twitter:data1\" content=\"1 minut\" \/>\n<script type=\"application\/ld+json\" class=\"yoast-schema-graph\">{\"@context\":\"https:\/\/schema.org\",\"@graph\":[{\"@type\":\"WebPage\",\"@id\":\"https:\/\/kaleidoskopkulture.com\/sr\/o-nama\/\",\"url\":\"https:\/\/kaleidoskopkulture.com\/sr\/o-nama\/\",\"name\":\"O nama\",\"isPartOf\":{\"@id\":\"https:\/\/kaleidoskopkulture.com\/sr\/#website\"},\"primaryImageOfPage\":{\"@id\":\"https:\/\/kaleidoskopkulture.com\/sr\/o-nama\/#primaryimage\"},\"image\":{\"@id\":\"https:\/\/kaleidoskopkulture.com\/sr\/o-nama\/#primaryimage\"},\"thumbnailUrl\":\"https:\/\/kaleidoskopkulture.com\/wp-content\/uploads\/2024\/07\/kk24_vizuali_genericki_3x2.png\",\"datePublished\":\"2020-08-21T08:01:27+00:00\",\"dateModified\":\"2024-10-22T06:12:24+00:00\",\"description\":\"Celogodi\u0161nji projekat kulture zajedni\u0161tva i ovaj put \u0107e tokom pet nedelja predstaviti pet vrsta umetnosti.\",\"breadcrumb\":{\"@id\":\"https:\/\/kaleidoskopkulture.com\/sr\/o-nama\/#breadcrumb\"},\"inLanguage\":\"sr-RS\",\"potentialAction\":[{\"@type\":\"ReadAction\",\"target\":[\"https:\/\/kaleidoskopkulture.com\/sr\/o-nama\/\"]}]},{\"@type\":\"ImageObject\",\"inLanguage\":\"sr-RS\",\"@id\":\"https:\/\/kaleidoskopkulture.com\/sr\/o-nama\/#primaryimage\",\"url\":\"https:\/\/kaleidoskopkulture.com\/wp-content\/uploads\/2024\/07\/kk24_vizuali_genericki_3x2.png\",\"contentUrl\":\"https:\/\/kaleidoskopkulture.com\/wp-content\/uploads\/2024\/07\/kk24_vizuali_genericki_3x2.png\",\"width\":1080,\"height\":720},{\"@type\":\"BreadcrumbList\",\"@id\":\"https:\/\/kaleidoskopkulture.com\/sr\/o-nama\/#breadcrumb\",\"itemListElement\":[{\"@type\":\"ListItem\",\"position\":1,\"name\":\"Home\",\"item\":\"https:\/\/kaleidoskopkulture.com\/sr\/\"},{\"@type\":\"ListItem\",\"position\":2,\"name\":\"O nama\"}]},{\"@type\":\"WebSite\",\"@id\":\"https:\/\/kaleidoskopkulture.com\/sr\/#website\",\"url\":\"https:\/\/kaleidoskopkulture.com\/sr\/\",\"name\":\"Kaleidoskop kulture\",\"description\":\"Novo lice kulture u Novom Sadu\",\"publisher\":{\"@id\":\"https:\/\/kaleidoskopkulture.com\/sr\/#organization\"},\"potentialAction\":[{\"@type\":\"SearchAction\",\"target\":{\"@type\":\"EntryPoint\",\"urlTemplate\":\"https:\/\/kaleidoskopkulture.com\/sr\/?s={search_term_string}\"},\"query-input\":\"required name=search_term_string\"}],\"inLanguage\":\"sr-RS\"},{\"@type\":\"Organization\",\"@id\":\"https:\/\/kaleidoskopkulture.com\/sr\/#organization\",\"name\":\"Kaleidoskop kulture\",\"url\":\"https:\/\/kaleidoskopkulture.com\/sr\/\",\"logo\":{\"@type\":\"ImageObject\",\"inLanguage\":\"sr-RS\",\"@id\":\"https:\/\/kaleidoskopkulture.com\/sr\/#\/schema\/logo\/image\/\",\"url\":\"https:\/\/kaleidoskopkulture.com\/wp-content\/uploads\/2022\/08\/cropped-kk-logo-1-1.png\",\"contentUrl\":\"https:\/\/kaleidoskopkulture.com\/wp-content\/uploads\/2022\/08\/cropped-kk-logo-1-1.png\",\"width\":260,\"height\":90,\"caption\":\"Kaleidoskop kulture\"},\"image\":{\"@id\":\"https:\/\/kaleidoskopkulture.com\/sr\/#\/schema\/logo\/image\/\"}}]}<\/script>\n<!-- \/ Yoast SEO plugin. -->","yoast_head_json":{"title":"O nama","description":"Celogodi\u0161nji projekat kulture zajedni\u0161tva i ovaj put \u0107e tokom pet nedelja predstaviti pet vrsta umetnosti.","robots":{"index":"index","follow":"follow","max-snippet":"max-snippet:-1","max-image-preview":"max-image-preview:large","max-video-preview":"max-video-preview:-1"},"canonical":"https:\/\/kaleidoskopkulture.com\/sr\/o-nama\/","og_locale":"sr_RS","og_type":"article","og_title":"O nama","og_description":"Celogodi\u0161nji projekat kulture zajedni\u0161tva i ovaj put \u0107e tokom pet nedelja predstaviti pet vrsta umetnosti.","og_url":"https:\/\/kaleidoskopkulture.com\/sr\/o-nama\/","og_site_name":"Kaleidoskop kulture","article_modified_time":"2024-10-22T06:12:24+00:00","og_image":[{"width":1620,"height":1013,"url":"https:\/\/kaleidoskopkulture.com\/wp-content\/uploads\/2021\/06\/kk_prva-najava.png","type":"image\/png"}],"twitter_card":"summary_large_image","twitter_misc":{"Procenjeno vreme \u010ditanja":"1 minut"},"schema":{"@context":"https:\/\/schema.org","@graph":[{"@type":"WebPage","@id":"https:\/\/kaleidoskopkulture.com\/sr\/o-nama\/","url":"https:\/\/kaleidoskopkulture.com\/sr\/o-nama\/","name":"O nama","isPartOf":{"@id":"https:\/\/kaleidoskopkulture.com\/sr\/#website"},"primaryImageOfPage":{"@id":"https:\/\/kaleidoskopkulture.com\/sr\/o-nama\/#primaryimage"},"image":{"@id":"https:\/\/kaleidoskopkulture.com\/sr\/o-nama\/#primaryimage"},"thumbnailUrl":"https:\/\/kaleidoskopkulture.com\/wp-content\/uploads\/2024\/07\/kk24_vizuali_genericki_3x2.png","datePublished":"2020-08-21T08:01:27+00:00","dateModified":"2024-10-22T06:12:24+00:00","description":"Celogodi\u0161nji projekat kulture zajedni\u0161tva i ovaj put \u0107e tokom pet nedelja predstaviti pet vrsta umetnosti.","breadcrumb":{"@id":"https:\/\/kaleidoskopkulture.com\/sr\/o-nama\/#breadcrumb"},"inLanguage":"sr-RS","potentialAction":[{"@type":"ReadAction","target":["https:\/\/kaleidoskopkulture.com\/sr\/o-nama\/"]}]},{"@type":"ImageObject","inLanguage":"sr-RS","@id":"https:\/\/kaleidoskopkulture.com\/sr\/o-nama\/#primaryimage","url":"https:\/\/kaleidoskopkulture.com\/wp-content\/uploads\/2024\/07\/kk24_vizuali_genericki_3x2.png","contentUrl":"https:\/\/kaleidoskopkulture.com\/wp-content\/uploads\/2024\/07\/kk24_vizuali_genericki_3x2.png","width":1080,"height":720},{"@type":"BreadcrumbList","@id":"https:\/\/kaleidoskopkulture.com\/sr\/o-nama\/#breadcrumb","itemListElement":[{"@type":"ListItem","position":1,"name":"Home","item":"https:\/\/kaleidoskopkulture.com\/sr\/"},{"@type":"ListItem","position":2,"name":"O nama"}]},{"@type":"WebSite","@id":"https:\/\/kaleidoskopkulture.com\/sr\/#website","url":"https:\/\/kaleidoskopkulture.com\/sr\/","name":"Kaleidoskop kulture","description":"Novo lice kulture u Novom Sadu","publisher":{"@id":"https:\/\/kaleidoskopkulture.com\/sr\/#organization"},"potentialAction":[{"@type":"SearchAction","target":{"@type":"EntryPoint","urlTemplate":"https:\/\/kaleidoskopkulture.com\/sr\/?s={search_term_string}"},"query-input":"required name=search_term_string"}],"inLanguage":"sr-RS"},{"@type":"Organization","@id":"https:\/\/kaleidoskopkulture.com\/sr\/#organization","name":"Kaleidoskop kulture","url":"https:\/\/kaleidoskopkulture.com\/sr\/","logo":{"@type":"ImageObject","inLanguage":"sr-RS","@id":"https:\/\/kaleidoskopkulture.com\/sr\/#\/schema\/logo\/image\/","url":"https:\/\/kaleidoskopkulture.com\/wp-content\/uploads\/2022\/08\/cropped-kk-logo-1-1.png","contentUrl":"https:\/\/kaleidoskopkulture.com\/wp-content\/uploads\/2022\/08\/cropped-kk-logo-1-1.png","width":260,"height":90,"caption":"Kaleidoskop kulture"},"image":{"@id":"https:\/\/kaleidoskopkulture.com\/sr\/#\/schema\/logo\/image\/"}}]}},"_links":{"self":[{"href":"https:\/\/kaleidoskopkulture.com\/sr\/wp-json\/wp\/v2\/pages\/29","targetHints":{"allow":["GET"]}}],"collection":[{"href":"https:\/\/kaleidoskopkulture.com\/sr\/wp-json\/wp\/v2\/pages"}],"about":[{"href":"https:\/\/kaleidoskopkulture.com\/sr\/wp-json\/wp\/v2\/types\/page"}],"author":[{"embeddable":true,"href":"https:\/\/kaleidoskopkulture.com\/sr\/wp-json\/wp\/v2\/users\/5"}],"replies":[{"embeddable":true,"href":"https:\/\/kaleidoskopkulture.com\/sr\/wp-json\/wp\/v2\/comments?post=29"}],"version-history":[{"count":29,"href":"https:\/\/kaleidoskopkulture.com\/sr\/wp-json\/wp\/v2\/pages\/29\/revisions"}],"predecessor-version":[{"id":13864,"href":"https:\/\/kaleidoskopkulture.com\/sr\/wp-json\/wp\/v2\/pages\/29\/revisions\/13864"}],"wp:featuredmedia":[{"embeddable":true,"href":"https:\/\/kaleidoskopkulture.com\/sr\/wp-json\/wp\/v2\/media\/12011"}],"wp:attachment":[{"href":"https:\/\/kaleidoskopkulture.com\/sr\/wp-json\/wp\/v2\/media?parent=29"}],"curies":[{"name":"wp","href":"https:\/\/api.w.org\/{rel}","templated":true}]}}