{"id":2324,"date":"2020-09-16T14:36:32","date_gmt":"2020-09-16T12:36:32","guid":{"rendered":"https:\/\/kaleidoskopkulture.com\/?page_id=2324"},"modified":"2022-09-13T07:09:08","modified_gmt":"2022-09-13T05:09:08","slug":"nedelja-vizuelne-umetnosti-2021-program","status":"publish","type":"page","link":"https:\/\/kaleidoskopkulture.com\/sr\/nedelja-vizuelne-umetnosti-2021-program\/","title":{"rendered":"Nedelja vizuelne umetnosti program 2021"},"content":{"rendered":"<p>[vc_row][vc_column][vc_column_text]<\/p>\n<h3 style=\"text-align: center;\">NEDELJA VIZUELNE UMETNOSTI \/ 24 \u2013 30. septembra 2021.<\/h3>\n<p>&nbsp;<\/p>\n<p>&nbsp;<\/p>\n<p><strong>PETAK, 24. SEPTEMBAR<\/strong><\/p>\n<p style=\"text-align: left;\"><strong>24. IX 2021 \/ 20.22 \/ Trg galerija<\/strong><br \/>\n<a href=\"https:\/\/kaleidoskopkulture.com\/sr\/projekat-smic-tema-pomeraj-u-kodu\/\" target=\"_blank\" rel=\"noopener noreferrer\">Projekat SMIC: Tema \u2013 Pomeraj u k\u00f4du<\/a> \/ <a href=\"https:\/\/suluv.org\/\">SULUV<\/a>; <a href=\"https:\/\/www.ddor.rs\/\">DDOR<\/a><\/p>\n<p><strong>24. IX 2021 \/ 20.22 \/ Trg galerija<\/strong><br \/>\n<a href=\"https:\/\/kaleidoskopkulture.com\/sr\/ddor-izlozba-trajne-vrednosti\/\">Otvaranje izlo\u017ebe \u201eTrajne vrednosti \u2013 Zbirka umetni\u010dkih dela DDOR osiguranja\u201c<\/a> \/ <a href=\"https:\/\/www.galerijamaticesrpske.rs\/\">Galerija Matice srpske<\/a>; <a href=\"https:\/\/www.ddor.rs\/\">DDOR<\/a><\/p>\n<p><strong>24. IX 2021 \/ 21.00 \/ Trg galerija<\/strong><br \/>\n<a href=\"https:\/\/kaleidoskopkulture.com\/sr\/rebel-brass\/\">Koncert benda \u201eRebel Brass\u201c<\/a> \/ <a href=\"https:\/\/www.galerijamaticesrpske.rs\/\">Galerija Matice srpske<\/a>; <a href=\"https:\/\/www.ddor.rs\/\">DDOR<\/a><\/p>\n<p><strong>24 &#8211; 28. IX 2021 \/ 17.00 \/ KS E\u0111\u0161eg<\/strong><br \/>\n<a href=\"https:\/\/kaleidoskopkulture.com\/sr\/umetnicke-radionice-radna-sveska\/\" target=\"_blank\" rel=\"noopener noreferrer\">Radionice \u201eRadna sveska\u201c<\/a> \/ Marina Milanovi\u0107<\/p>\n<p>&nbsp;<\/p>\n<p><strong>SUBOTA, 25. SEPTEMBAR<\/strong><\/p>\n<p><strong>25. IX 2021 \/ 10.30 i 12.30 \/ Trg galerija<\/strong><br \/>\n<a href=\"https:\/\/kaleidoskopkulture.com\/sr\/koncert-klasicne-muzike-za-decu\/\">Koncert klasi\u010dne muzike za decu<\/a> \/ <a href=\"https:\/\/www.galerijamaticesrpske.rs\/\">Galerija Matice srpske<\/a>; <a href=\"https:\/\/www.muzickaomladina.org\/\">Muzi\u010dka omladina Novog Sada<\/a>; <a href=\"https:\/\/www.ddor.rs\/\">DDOR<\/a><\/p>\n<p><strong>25. IX 2021 \/ 11.00 i 12.30 \/ Trg galerija<\/strong><br \/>\n<a href=\"https:\/\/kaleidoskopkulture.com\/sr\/kreativna-radionica-za-decu-neka-masta-luta-parkom-skulptura\/\">Kreativna radionica za decu \u201eNeka ma\u0161ta luta Parkom skulptura\u201c<\/a> \/ <a href=\"https:\/\/www.galerijamaticesrpske.rs\/\">Galerija Matice srpske<\/a>; <a href=\"https:\/\/www.ddor.rs\/\">DDOR<\/a><\/p>\n<p><strong>25. IX 2021 \/ 13.00 i 17.00 \/ Galerija Matice srpske<\/strong><br \/>\n<a href=\"https:\/\/kaleidoskopkulture.com\/sr\/kustoska-vodjenje-kroz-izlozbu-trajne-vrednosti-zbirka-umetnickih-dela-ddor-osiguranja\/\">Kustosko vo\u0111enje kroz izlo\u017ebu \u201eTrajne vrednosti \u2013 Zbirka umetni\u010dkih dela DDOR osiguranja\u201c<\/a> \/ <a href=\"https:\/\/www.galerijamaticesrpske.rs\/\">Galerija Matice srpske<\/a>; <a href=\"https:\/\/www.ddor.rs\/\">DDOR<\/a><\/p>\n<p><strong>25. IX 2021 &#8211; 16. X 2021 \/ 10.00 &#8211; 22.00 \/ Galerija Matice srpske<\/strong><br \/>\n<a href=\"https:\/\/kaleidoskopkulture.com\/sr\/ddor-izlozba-trajne-vrednosti\/\">Izlo\u017eba \u201eTrajne vrednosti \u2013 Zbirka umetni\u010dkih dela DDOR osiguranja\u201c<\/a> \/ <a href=\"https:\/\/www.galerijamaticesrpske.rs\/\">Galerija Matice srpske<\/a>; <a href=\"https:\/\/www.ddor.rs\/\">DDOR<\/a><\/p>\n<p><strong>25. IX 2021 \/ 18.00 &#8211; 23.00 \/ Plato na Trgu galerija i prostorije DDOR osiguranja (Bul. Mihajla Pupina 8)<\/strong><br \/>\n<a href=\"https:\/\/kaleidoskopkulture.com\/sr\/projekat-smic-tema-pomeraj-u-kodu\/\" target=\"_blank\" rel=\"noopener noreferrer\">Projekat SMIC: Tema \u2013 Pomeraj u k\u00f4du<\/a> \/ <a href=\"https:\/\/suluv.org\/\">SULUV<\/a>; <a href=\"https:\/\/www.ddor.rs\/\">DDOR<\/a><\/p>\n<p>&nbsp;<\/p>\n<p><strong>NEDELJA, 26. SEPTEMBAR<\/strong><\/p>\n<p><strong>26. IX 2021 &#8211; 16. X 2021 \/ 10.00 &#8211; 22.00 \/ Galerija Matice srpske<\/strong><br \/>\n<a href=\"https:\/\/kaleidoskopkulture.com\/sr\/ddor-izlozba-trajne-vrednosti\/\">Izlo\u017eba \u201eTrajne vrednosti \u2013 Zbirka umetni\u010dkih dela DDOR osiguranja\u201c<\/a> \/ <a href=\"https:\/\/www.galerijamaticesrpske.rs\/\">Galerija Matice srpske<\/a>; <a href=\"https:\/\/www.ddor.rs\/\">DDOR<\/a><\/p>\n<p><strong>26. IX 2021 \/ 18.00 &#8211; 22.00 \/ Plato na Trgu galerija i prostorije DDOR osiguranja (Bul. Mihajla Pupina 8)<\/strong><br \/>\n<a href=\"https:\/\/kaleidoskopkulture.com\/sr\/projekat-smic-tema-pomeraj-u-kodu\/\" target=\"_blank\" rel=\"noopener noreferrer\">Projekat SMIC: Tema \u2013 Pomeraj u k\u00f4du<\/a> \/ <a href=\"https:\/\/suluv.org\/\">SULUV<\/a>; <a href=\"https:\/\/www.ddor.rs\/\">DDOR<\/a><\/p>\n<p><strong>26. IX 2021 \/ 11.00 \/ Trg galerija<\/strong><br \/>\n<a href=\"https:\/\/kaleidoskopkulture.com\/sr\/park-skulptura-piknik-sa-skulpturama-i-ansambl-positano-string-quartet\/\">Otvaranje Parka skulptura \u201ePiknik sa skulpturama\u201c i koncert sastava \u201ePositano String Quartet\u201c<\/a> \/ <a href=\"https:\/\/www.galerijamaticesrpske.rs\/\">Galerija Matice srpske<\/a>; <a href=\"https:\/\/www.muzickaomladina.org\/\">Muzi\u010dka omladina Novog Sada<\/a>; <a href=\"https:\/\/www.ddor.rs\/\">DDOR<\/a><\/p>\n<p><strong>26. IX 2021 \/ 13.00 i 17.00 \/ Galerija Matice srpske<\/strong><br \/>\n<a href=\"https:\/\/kaleidoskopkulture.com\/sr\/kustoska-vodjenje-kroz-izlozbu-trajne-vrednosti-zbirka-umetnickih-dela-ddor-osiguranja\/\">Kustosko vo\u0111enje kroz izlo\u017ebu \u201eTrajne vrednosti \u2013 Zbirka umetni\u010dkih dela DDOR osiguranja\u201c<\/a> \/ <a href=\"https:\/\/www.galerijamaticesrpske.rs\/\">Galerija Matice srpske<\/a>; <a href=\"https:\/\/www.ddor.rs\/\">DDOR<\/a><\/p>\n<p><strong>26 &#8211; 30. IX 2021 \/ Fabrika<\/strong><br \/>\n<a href=\"https:\/\/kaleidoskopkulture.com\/sr\/izlozba-homogeno-u-nehomogenom\/\" target=\"_blank\" rel=\"noopener noreferrer\">Izlo\u017eba \u201eHomogeno u nehomogenom\u201c<\/a>\u00a0\/ Darija Dragojlovi\u0107<\/p>\n<p>&nbsp;<\/p>\n<p><strong>PONEDELJAK, 27. SEPTEMBAR<\/strong><\/p>\n<p><strong>27. IX 2021 &#8211; 16. X 2021 \/ 10.00 &#8211; 22.00 \/ Galerija Matice srpske<\/strong><br \/>\n<a href=\"https:\/\/kaleidoskopkulture.com\/sr\/ddor-izlozba-trajne-vrednosti\/\">Izlo\u017eba \u201eTrajne vrednosti \u2013 Zbirka umetni\u010dkih dela DDOR osiguranja\u201c<\/a> \/ <a href=\"https:\/\/www.galerijamaticesrpske.rs\/\">Galerija Matice srpske<\/a>; <a href=\"https:\/\/www.ddor.rs\/\">DDOR<\/a><\/p>\n<p><strong>27. IX &#8211; 11. X 2021 \/ KS Svilara<\/strong><br \/>\n<a href=\"https:\/\/kaleidoskopkulture.com\/sr\/izlozba-i-monografija-vladimira-velickovica\/\" target=\"_blank\" rel=\"noopener noreferrer\">Promocija monografije i izlo\u017eba radova Vladimira Veli\u010dkovi\u0107a<\/a><\/p>\n<p><strong>27. IX 2021 \/ 18.00 &#8211; 22.00 \/ Plato na Trgu galerija i prostorije DDOR osiguranja (Bul. Mihajla Pupina 8)<\/strong><br \/>\n<a href=\"https:\/\/kaleidoskopkulture.com\/sr\/projekat-smic-tema-pomeraj-u-kodu\/\" target=\"_blank\" rel=\"noopener noreferrer\">Projekat SMIC: Tema \u2013 Pomeraj u k\u00f4du<\/a> \/ <a href=\"https:\/\/suluv.org\/\">SULUV<\/a>; <a href=\"https:\/\/www.ddor.rs\/\">DDOR<\/a><\/p>\n<p>&nbsp;<\/p>\n<p><strong>UTORAK, 28. SEPTEMBAR<\/strong><\/p>\n<p><strong>28. IX 2021 &#8211; 16. X 2021 \/ 10.00 &#8211; 22.00 \/ Galerija Matice srpske<\/strong><br \/>\n<a href=\"https:\/\/kaleidoskopkulture.com\/sr\/ddor-izlozba-trajne-vrednosti\/\">Izlo\u017eba \u201eTrajne vrednosti \u2013 Zbirka umetni\u010dkih dela DDOR osiguranja\u201c<\/a> \/ <a href=\"https:\/\/www.galerijamaticesrpske.rs\/\">Galerija Matice srpske<\/a>; <a href=\"https:\/\/www.ddor.rs\/\">DDOR<\/a><\/p>\n<p><strong>28. IX 2021 \/ 20.00 \/ KS E\u0111\u0161eg<\/strong><br \/>\n<a href=\"https:\/\/kaleidoskopkulture.com\/sr\/premijera-filma-nastalog-u-okviru-projekta-kizuna-i-multimedijalni-koncert-benda-bruke\/\">Premijera filma nastalog u okviru projekta \u201eKizuna\u201c i multimedijalni koncert benda \u201eBruke\u201c<\/a> \/ Marko Ka\u0107anski<\/p>\n<p><strong>28. IX &#8211; 2. X 2021 \/ 16.00 \/ KS E\u0111\u0161eg<\/strong><br \/>\n<a href=\"https:\/\/kaleidoskopkulture.com\/sr\/dani-punog-meseca-knjiga-vitomirke-trebovac\/\" target=\"_blank\" rel=\"noopener noreferrer\">Dani punog meseca \u2013 knjiga Vitomirke Trebovac<\/a><\/p>\n<p>&nbsp;<\/p>\n<p><strong>SREDA, 29. SEPTEMBAR<\/strong><\/p>\n<p><strong>29. IX 2021 \/ 10.00 &#8211; 16.00 \/ KS E\u0111\u0161eg<\/strong><br \/>\n<a href=\"https:\/\/kaleidoskopkulture.com\/sr\/savremeni-izazovi-i-tradicionalna-znanja-konzervacije-i-restauracije\/\" target=\"_blank\" rel=\"noopener noreferrer\">Radionice \u201eSavremeni izazovi i tradicionalna znanja konzervacije i restauracije\u201c<\/a> \/ Milica Sekuli\u0107<\/p>\n<p><strong>29. IX 2021 &#8211; 16. X 2021 \/ 10.00 &#8211; 22.00 \/ Galerija Matice srpske<\/strong><br \/>\n<a href=\"https:\/\/kaleidoskopkulture.com\/sr\/ddor-izlozba-trajne-vrednosti\/\">Izlo\u017eba \u201eTrajne vrednosti \u2013 Zbirka umetni\u010dkih dela DDOR osiguranja\u201c<\/a> \/ <a href=\"https:\/\/www.galerijamaticesrpske.rs\/\">Galerija Matice srpske<\/a>; <a href=\"https:\/\/www.ddor.rs\/\">DDOR<\/a><\/p>\n<p>&nbsp;<\/p>\n<p><strong>SUBOTA, 2. OKTOBAR<\/strong><\/p>\n<p><strong>2. X 2021 \/ 16.00 \/ Novo mesto, Detelinara<\/strong><br \/>\n<a href=\"https:\/\/kaleidoskopkulture.com\/sr\/ambijentalna-instalacija-muzej-buducnosti\/\">Muzej budu\u0107nosti<\/a> \/ \u017deljko Grulovi\u0107<\/p>\n<p><strong>2. X 2021 \/ 20.00 \/ Novo naselje &#8211; mikrogranting<\/strong><br \/>\n<a href=\"https:\/\/kaleidoskopkulture.com\/sr\/film-prasina\/\">Film \u201ePra\u0161ina\u201d<\/a> \/ Filip Markovinovi\u0107<\/p>\n<p>&nbsp;<\/p>\n<p><strong>NEDELJA, 3. OKTOBAR<\/strong><\/p>\n<p><strong>3. X 2021 \/ 16.00 \/ Novo mesto, Detelinara<\/strong><br \/>\n<a href=\"https:\/\/kaleidoskopkulture.com\/sr\/ambijentalna-instalacija-muzej-buducnosti\/\">Muzej budu\u0107nosti<\/a> \/ \u017deljko Grulovi\u0107<\/p>\n<p>&nbsp;<\/p>\n<p><strong>UTORAK, 5. OKTOBAR<\/strong><\/p>\n<p><strong>5. X 2021 \/ 18.00 \/ KS Svilara<\/strong><br \/>\n<a href=\"https:\/\/kaleidoskopkulture.com\/sr\/strucno-vodjenje-vladimira-lalica-kroz-izlozbu-vladimira-velickovica\/\">Stru\u010dno vo\u0111enje Vladimira Lali\u0107a kroz izlo\u017ebu Vladimira Veli\u010dkovi\u0107a<\/a>[\/vc_column_text][\/vc_column][\/vc_row][vc_row][vc_column][vc_column_text css=&#8220;.vc_custom_1600787448920{padding-top: 50px !important;}&#8220;]<strong>Program u okviru ostalih nedelja umetnosti pogledajte klikom na baner:<\/strong>[\/vc_column_text][\/vc_column][\/vc_row][vc_row][vc_column width=&#8220;1\/5&#8243;][vc_single_image image=&#8220;3748&#8243; img_size=&#8220;full&#8220; alignment=&#8220;center&#8220; onclick=&#8220;custom_link&#8220; link=&#8220;https:\/\/kaleidoskopkulture.com\/sr\/otvaranje-2021-program\/&#8220;][\/vc_column][vc_column width=&#8220;1\/5&#8243;][vc_single_image image=&#8220;3758&#8243; img_size=&#8220;full&#8220; alignment=&#8220;center&#8220; onclick=&#8220;custom_link&#8220; link=&#8220;https:\/\/kaleidoskopkulture.com\/sr\/nedelja-arhitekture-2021-program\/&#8220;][\/vc_column][vc_column width=&#8220;1\/5&#8243;][vc_single_image image=&#8220;3756&#8243; img_size=&#8220;full&#8220; alignment=&#8220;center&#8220; onclick=&#8220;custom_link&#8220; link=&#8220;https:\/\/kaleidoskopkulture.com\/sr\/nedelja-izvodjacke-umetnosti-2021-program\/&#8220;][\/vc_column][vc_column width=&#8220;1\/5&#8243;][vc_single_image image=&#8220;3754&#8243; img_size=&#8220;full&#8220; alignment=&#8220;center&#8220; onclick=&#8220;custom_link&#8220; link=&#8220;https:\/\/kaleidoskopkulture.com\/sr\/nedelja-knjizevnosti-2021-program\/&#8220;][\/vc_column][vc_column width=&#8220;1\/5&#8243;][vc_single_image image=&#8220;3750&#8243; img_size=&#8220;full&#8220; alignment=&#8220;center&#8220; onclick=&#8220;custom_link&#8220; link=&#8220;https:\/\/kaleidoskopkulture.com\/sr\/nedelja-primenjene-umetnosti-2021-program\/&#8220;][\/vc_column][\/vc_row]<\/p>\n","protected":false},"excerpt":{"rendered":"<p>[vc_row][vc_column][vc_column_text] NEDELJA VIZUELNE UMETNOSTI \/ 24 \u2013 30. septembra 2021. &nbsp; &nbsp; PETAK, 24. SEPTEMBAR 24. IX 2021 \/ 20.22 \/ Trg galerija Projekat SMIC: Tema \u2013 Pomeraj u k\u00f4du \/ SULUV; DDOR 24. IX 2021 \/ 20.22 \/ Trg&#8230;<\/p>\n","protected":false},"author":7,"featured_media":3752,"parent":0,"menu_order":0,"comment_status":"closed","ping_status":"closed","template":"","meta":{"footnotes":""},"class_list":["post-2324","page","type-page","status-publish","has-post-thumbnail","hentry"],"yoast_head":"<!-- This site is optimized with the Yoast SEO plugin v22.4 - https:\/\/yoast.com\/wordpress\/plugins\/seo\/ -->\n<title>Program nedelje vizuelne umetnosti - Kaleidoskop kulture<\/title>\n<meta name=\"robots\" content=\"index, follow, max-snippet:-1, max-image-preview:large, max-video-preview:-1\" \/>\n<link rel=\"canonical\" href=\"https:\/\/kaleidoskopkulture.com\/sr\/nedelja-vizuelne-umetnosti-2021-program\/\" \/>\n<meta property=\"og:locale\" content=\"sr_RS\" \/>\n<meta property=\"og:type\" content=\"article\" \/>\n<meta property=\"og:title\" content=\"Program nedelje vizuelne umetnosti - Kaleidoskop kulture\" \/>\n<meta property=\"og:description\" content=\"[vc_row][vc_column][vc_column_text] NEDELJA VIZUELNE UMETNOSTI \/ 24 \u2013 30. septembra 2021. &nbsp; &nbsp; PETAK, 24. SEPTEMBAR 24. IX 2021 \/ 20.22 \/ Trg galerija Projekat SMIC: Tema \u2013 Pomeraj u k\u00f4du \/ SULUV; DDOR 24. IX 2021 \/ 20.22 \/ Trg...\" \/>\n<meta property=\"og:url\" content=\"https:\/\/kaleidoskopkulture.com\/sr\/nedelja-vizuelne-umetnosti-2021-program\/\" \/>\n<meta property=\"og:site_name\" content=\"Kaleidoskop kulture\" \/>\n<meta property=\"article:modified_time\" content=\"2022-09-13T05:09:08+00:00\" \/>\n<meta property=\"og:image\" content=\"https:\/\/kaleidoskopkulture.com\/wp-content\/uploads\/2021\/08\/vizuelna2-1.png\" \/>\n\t<meta property=\"og:image:width\" content=\"1080\" \/>\n\t<meta property=\"og:image:height\" content=\"1080\" \/>\n\t<meta property=\"og:image:type\" content=\"image\/png\" \/>\n<meta name=\"twitter:card\" content=\"summary_large_image\" \/>\n<meta name=\"twitter:label1\" content=\"Procenjeno vreme \u010ditanja\" \/>\n\t<meta name=\"twitter:data1\" content=\"3 minuta\" \/>\n<script type=\"application\/ld+json\" class=\"yoast-schema-graph\">{\"@context\":\"https:\/\/schema.org\",\"@graph\":[{\"@type\":\"WebPage\",\"@id\":\"https:\/\/kaleidoskopkulture.com\/sr\/nedelja-vizuelne-umetnosti-2021-program\/\",\"url\":\"https:\/\/kaleidoskopkulture.com\/sr\/nedelja-vizuelne-umetnosti-2021-program\/\",\"name\":\"Program nedelje vizuelne umetnosti - Kaleidoskop kulture\",\"isPartOf\":{\"@id\":\"https:\/\/kaleidoskopkulture.com\/sr\/#website\"},\"primaryImageOfPage\":{\"@id\":\"https:\/\/kaleidoskopkulture.com\/sr\/nedelja-vizuelne-umetnosti-2021-program\/#primaryimage\"},\"image\":{\"@id\":\"https:\/\/kaleidoskopkulture.com\/sr\/nedelja-vizuelne-umetnosti-2021-program\/#primaryimage\"},\"thumbnailUrl\":\"https:\/\/kaleidoskopkulture.com\/wp-content\/uploads\/2021\/08\/vizuelna2-1.png\",\"datePublished\":\"2020-09-16T12:36:32+00:00\",\"dateModified\":\"2022-09-13T05:09:08+00:00\",\"breadcrumb\":{\"@id\":\"https:\/\/kaleidoskopkulture.com\/sr\/nedelja-vizuelne-umetnosti-2021-program\/#breadcrumb\"},\"inLanguage\":\"sr-RS\",\"potentialAction\":[{\"@type\":\"ReadAction\",\"target\":[\"https:\/\/kaleidoskopkulture.com\/sr\/nedelja-vizuelne-umetnosti-2021-program\/\"]}]},{\"@type\":\"ImageObject\",\"inLanguage\":\"sr-RS\",\"@id\":\"https:\/\/kaleidoskopkulture.com\/sr\/nedelja-vizuelne-umetnosti-2021-program\/#primaryimage\",\"url\":\"https:\/\/kaleidoskopkulture.com\/wp-content\/uploads\/2021\/08\/vizuelna2-1.png\",\"contentUrl\":\"https:\/\/kaleidoskopkulture.com\/wp-content\/uploads\/2021\/08\/vizuelna2-1.png\",\"width\":1080,\"height\":1080},{\"@type\":\"BreadcrumbList\",\"@id\":\"https:\/\/kaleidoskopkulture.com\/sr\/nedelja-vizuelne-umetnosti-2021-program\/#breadcrumb\",\"itemListElement\":[{\"@type\":\"ListItem\",\"position\":1,\"name\":\"Home\",\"item\":\"https:\/\/kaleidoskopkulture.com\/sr\/\"},{\"@type\":\"ListItem\",\"position\":2,\"name\":\"Nedelja vizuelne umetnosti program 2021\"}]},{\"@type\":\"WebSite\",\"@id\":\"https:\/\/kaleidoskopkulture.com\/sr\/#website\",\"url\":\"https:\/\/kaleidoskopkulture.com\/sr\/\",\"name\":\"Kaleidoskop kulture\",\"description\":\"Novo lice kulture u Novom Sadu\",\"publisher\":{\"@id\":\"https:\/\/kaleidoskopkulture.com\/sr\/#organization\"},\"potentialAction\":[{\"@type\":\"SearchAction\",\"target\":{\"@type\":\"EntryPoint\",\"urlTemplate\":\"https:\/\/kaleidoskopkulture.com\/sr\/?s={search_term_string}\"},\"query-input\":\"required name=search_term_string\"}],\"inLanguage\":\"sr-RS\"},{\"@type\":\"Organization\",\"@id\":\"https:\/\/kaleidoskopkulture.com\/sr\/#organization\",\"name\":\"Kaleidoskop kulture\",\"url\":\"https:\/\/kaleidoskopkulture.com\/sr\/\",\"logo\":{\"@type\":\"ImageObject\",\"inLanguage\":\"sr-RS\",\"@id\":\"https:\/\/kaleidoskopkulture.com\/sr\/#\/schema\/logo\/image\/\",\"url\":\"https:\/\/kaleidoskopkulture.com\/wp-content\/uploads\/2022\/08\/cropped-kk-logo-1-1.png\",\"contentUrl\":\"https:\/\/kaleidoskopkulture.com\/wp-content\/uploads\/2022\/08\/cropped-kk-logo-1-1.png\",\"width\":260,\"height\":90,\"caption\":\"Kaleidoskop kulture\"},\"image\":{\"@id\":\"https:\/\/kaleidoskopkulture.com\/sr\/#\/schema\/logo\/image\/\"}}]}<\/script>\n<!-- \/ Yoast SEO plugin. -->","yoast_head_json":{"title":"Program nedelje vizuelne umetnosti - Kaleidoskop kulture","robots":{"index":"index","follow":"follow","max-snippet":"max-snippet:-1","max-image-preview":"max-image-preview:large","max-video-preview":"max-video-preview:-1"},"canonical":"https:\/\/kaleidoskopkulture.com\/sr\/nedelja-vizuelne-umetnosti-2021-program\/","og_locale":"sr_RS","og_type":"article","og_title":"Program nedelje vizuelne umetnosti - Kaleidoskop kulture","og_description":"[vc_row][vc_column][vc_column_text] NEDELJA VIZUELNE UMETNOSTI \/ 24 \u2013 30. septembra 2021. &nbsp; &nbsp; PETAK, 24. SEPTEMBAR 24. IX 2021 \/ 20.22 \/ Trg galerija Projekat SMIC: Tema \u2013 Pomeraj u k\u00f4du \/ SULUV; DDOR 24. IX 2021 \/ 20.22 \/ Trg...","og_url":"https:\/\/kaleidoskopkulture.com\/sr\/nedelja-vizuelne-umetnosti-2021-program\/","og_site_name":"Kaleidoskop kulture","article_modified_time":"2022-09-13T05:09:08+00:00","og_image":[{"width":1080,"height":1080,"url":"https:\/\/kaleidoskopkulture.com\/wp-content\/uploads\/2021\/08\/vizuelna2-1.png","type":"image\/png"}],"twitter_card":"summary_large_image","twitter_misc":{"Procenjeno vreme \u010ditanja":"3 minuta"},"schema":{"@context":"https:\/\/schema.org","@graph":[{"@type":"WebPage","@id":"https:\/\/kaleidoskopkulture.com\/sr\/nedelja-vizuelne-umetnosti-2021-program\/","url":"https:\/\/kaleidoskopkulture.com\/sr\/nedelja-vizuelne-umetnosti-2021-program\/","name":"Program nedelje vizuelne umetnosti - Kaleidoskop kulture","isPartOf":{"@id":"https:\/\/kaleidoskopkulture.com\/sr\/#website"},"primaryImageOfPage":{"@id":"https:\/\/kaleidoskopkulture.com\/sr\/nedelja-vizuelne-umetnosti-2021-program\/#primaryimage"},"image":{"@id":"https:\/\/kaleidoskopkulture.com\/sr\/nedelja-vizuelne-umetnosti-2021-program\/#primaryimage"},"thumbnailUrl":"https:\/\/kaleidoskopkulture.com\/wp-content\/uploads\/2021\/08\/vizuelna2-1.png","datePublished":"2020-09-16T12:36:32+00:00","dateModified":"2022-09-13T05:09:08+00:00","breadcrumb":{"@id":"https:\/\/kaleidoskopkulture.com\/sr\/nedelja-vizuelne-umetnosti-2021-program\/#breadcrumb"},"inLanguage":"sr-RS","potentialAction":[{"@type":"ReadAction","target":["https:\/\/kaleidoskopkulture.com\/sr\/nedelja-vizuelne-umetnosti-2021-program\/"]}]},{"@type":"ImageObject","inLanguage":"sr-RS","@id":"https:\/\/kaleidoskopkulture.com\/sr\/nedelja-vizuelne-umetnosti-2021-program\/#primaryimage","url":"https:\/\/kaleidoskopkulture.com\/wp-content\/uploads\/2021\/08\/vizuelna2-1.png","contentUrl":"https:\/\/kaleidoskopkulture.com\/wp-content\/uploads\/2021\/08\/vizuelna2-1.png","width":1080,"height":1080},{"@type":"BreadcrumbList","@id":"https:\/\/kaleidoskopkulture.com\/sr\/nedelja-vizuelne-umetnosti-2021-program\/#breadcrumb","itemListElement":[{"@type":"ListItem","position":1,"name":"Home","item":"https:\/\/kaleidoskopkulture.com\/sr\/"},{"@type":"ListItem","position":2,"name":"Nedelja vizuelne umetnosti program 2021"}]},{"@type":"WebSite","@id":"https:\/\/kaleidoskopkulture.com\/sr\/#website","url":"https:\/\/kaleidoskopkulture.com\/sr\/","name":"Kaleidoskop kulture","description":"Novo lice kulture u Novom Sadu","publisher":{"@id":"https:\/\/kaleidoskopkulture.com\/sr\/#organization"},"potentialAction":[{"@type":"SearchAction","target":{"@type":"EntryPoint","urlTemplate":"https:\/\/kaleidoskopkulture.com\/sr\/?s={search_term_string}"},"query-input":"required name=search_term_string"}],"inLanguage":"sr-RS"},{"@type":"Organization","@id":"https:\/\/kaleidoskopkulture.com\/sr\/#organization","name":"Kaleidoskop kulture","url":"https:\/\/kaleidoskopkulture.com\/sr\/","logo":{"@type":"ImageObject","inLanguage":"sr-RS","@id":"https:\/\/kaleidoskopkulture.com\/sr\/#\/schema\/logo\/image\/","url":"https:\/\/kaleidoskopkulture.com\/wp-content\/uploads\/2022\/08\/cropped-kk-logo-1-1.png","contentUrl":"https:\/\/kaleidoskopkulture.com\/wp-content\/uploads\/2022\/08\/cropped-kk-logo-1-1.png","width":260,"height":90,"caption":"Kaleidoskop kulture"},"image":{"@id":"https:\/\/kaleidoskopkulture.com\/sr\/#\/schema\/logo\/image\/"}}]}},"_links":{"self":[{"href":"https:\/\/kaleidoskopkulture.com\/sr\/wp-json\/wp\/v2\/pages\/2324","targetHints":{"allow":["GET"]}}],"collection":[{"href":"https:\/\/kaleidoskopkulture.com\/sr\/wp-json\/wp\/v2\/pages"}],"about":[{"href":"https:\/\/kaleidoskopkulture.com\/sr\/wp-json\/wp\/v2\/types\/page"}],"author":[{"embeddable":true,"href":"https:\/\/kaleidoskopkulture.com\/sr\/wp-json\/wp\/v2\/users\/7"}],"replies":[{"embeddable":true,"href":"https:\/\/kaleidoskopkulture.com\/sr\/wp-json\/wp\/v2\/comments?post=2324"}],"version-history":[{"count":43,"href":"https:\/\/kaleidoskopkulture.com\/sr\/wp-json\/wp\/v2\/pages\/2324\/revisions"}],"predecessor-version":[{"id":8376,"href":"https:\/\/kaleidoskopkulture.com\/sr\/wp-json\/wp\/v2\/pages\/2324\/revisions\/8376"}],"wp:featuredmedia":[{"embeddable":true,"href":"https:\/\/kaleidoskopkulture.com\/sr\/wp-json\/wp\/v2\/media\/3752"}],"wp:attachment":[{"href":"https:\/\/kaleidoskopkulture.com\/sr\/wp-json\/wp\/v2\/media?parent=2324"}],"curies":[{"name":"wp","href":"https:\/\/api.w.org\/{rel}","templated":true}]}}