{"id":2322,"date":"2020-09-16T14:35:39","date_gmt":"2020-09-16T12:35:39","guid":{"rendered":"https:\/\/kaleidoskopkulture.com\/?page_id=2322"},"modified":"2022-09-13T07:08:52","modified_gmt":"2022-09-13T05:08:52","slug":"nedelja-knjizevnosti-2021-program","status":"publish","type":"page","link":"https:\/\/kaleidoskopkulture.com\/sr\/nedelja-knjizevnosti-2021-program\/","title":{"rendered":"Nedelja knji\u017eevnosti program 2021"},"content":{"rendered":"<p>[vc_row][vc_column][vc_column_text]<\/p>\n<h3 style=\"text-align: center;\">NEDELJA KNJI\u017dEVNOSTI \/ 18 \u2013 23. septembar 2021.<\/h3>\n<p>&nbsp;<\/p>\n<p><strong>SUBOTA, 18. SEPTEMBAR<\/strong><\/p>\n<p><strong>17.00 &#8211; 21.00 \/ Podgra\u0111e Petrovaradinske tvr\u0111ave (parking kod Vojne bolnice)<\/strong><br \/>\n<a href=\"https:\/\/kaleidoskopkulture.com\/sr\/razmena-knjiga-pod-vedrim-nebom\/\">Novosadska razmena knjiga ( Podgra\u0111e Booktown)<\/a><\/p>\n<p><strong>18.00 &#8211; 22.00 \/ Podgra\u0111e Petrovaradinske tvr\u0111ave (na \u0161est lokacija)<\/strong><br \/>\n<a href=\"https:\/\/kaleidoskopkulture.com\/sr\/noc-knjizevnosti-2\/\" target=\"_blank\" rel=\"noopener noreferrer\">No\u0107 knji\u017eevnosti (Podgra\u0111e Booktown)<\/a> \/ Francuski institut; EUNIC klaster<\/p>\n<p><strong>19.00 &#8211; 20.00 \/ Podgra\u0111e Petrovaradinske tvr\u0111ave (glavna bina u Beogradskoj ulici)<\/strong><br \/>\n<a href=\"https:\/\/kaleidoskopkulture.com\/sr\/krug-laureata-gost-svetislav-basara-vodi-vule-zuric\/\">Krug laureata: Svetislav Basara (Podrga\u0111e Booktown)<\/a><\/p>\n<p><strong>20.00 \/ Podgra\u0111e Petrovaradinske tvr\u0111ave (parking kod Vojne bolnice)<\/strong><br \/>\nFilmovana knjiga: <span class=\"NormalTextRun SpellingErrorV2 BCX0 DefaultHighlightTransition SCXW92557212\">D\u017eulijet (<\/span><span class=\"NormalTextRun BCX0 SCXW92557212\">po <\/span><span class=\"NormalTextRun SpellingErrorV2 BCX0 SCXW92557212\">romanu<\/span><span class=\"NormalTextRun BCX0 SCXW92557212\">\u00a0Nika\u00a0<\/span><span class=\"NormalTextRun SpellingErrorV2 BCX0 DefaultHighlightTransition SCXW92557212\">Hornbija) &#8211; Podrga\u0111e Booktown<\/span><\/p>\n<p><strong>22.30 \/ Podgra\u0111e Petrovaradinske tvr\u0111ave (glavna bina u Beogradskoj ulici)<\/strong><br \/>\n<a href=\"https:\/\/kaleidoskopkulture.com\/sr\/kralj-cacka\/\" target=\"_blank\" rel=\"noopener noreferrer\">Kralj \u010ca\u010dka (Podgra\u0111e Booktown)<\/a><\/p>\n<p>&nbsp;<\/p>\n<p><strong>NEDELJA, 19. SEPTEMBAR<\/strong><\/p>\n<p><strong>17.00 &#8211; 18.00 \/ Podgra\u0111e Petrovaradinske tvr\u0111ave (Kafe Bukowski)<\/strong><br \/>\n<a href=\"https:\/\/kaleidoskopkulture.com\/sr\/promocija-knjige-prickice\/\">Promocija knjige \u201ePri\u010dkice\u201d (Podgra\u0111e Booktown)<\/a><\/p>\n<p><strong>17.00 &#8211; 21.00 \/ Podgra\u0111e Petrovaradinske tvr\u0111ave (parking kod Vojne bolnice)<\/strong><br \/>\n<a href=\"https:\/\/kaleidoskopkulture.com\/sr\/razmena-knjiga-pod-vedrim-nebom\/\">Novosadska razmena knjiga (Podgra\u0111e Booktown)<\/a><\/p>\n<p><strong>17.30 &#8211; 19.00 \/ Podgra\u0111e Petrovaradinske tvr\u0111ave (<a href=\"https:\/\/www.facebook.com\/prostorgradic\/\">Prostor<\/a>)<\/strong><br \/>\n<a href=\"https:\/\/kaleidoskopkulture.com\/sr\/dogadjaj\/panel-diskusija-zasto-pisem-ili-o-identitetu-pisca-danas-fabuloze\/\">Tribina Fabuloze <span class=\"TextRun SCXW104719492 BCX0\" lang=\"SR-LATN-RS\" xml:lang=\"SR-LATN-RS\" data-contrast=\"auto\"><span class=\"NormalTextRun SCXW104719492 BCX0\">#1 \u2013 \u201eZa\u0161to pi\u0161em? \u2013 Ili o identitetu pisca danas\u201c<\/span><\/span>\u00a0(Podgra\u0111e Booktown)<\/a><\/p>\n<p><strong>19.00 &#8211; 20.00 \/ Podgra\u0111e Petrovaradinske tvr\u0111ave (<a href=\"https:\/\/www.facebook.com\/prostorgradic\/\">Prostor<\/a>)<\/strong><br \/>\n<a href=\"https:\/\/kaleidoskopkulture.com\/sr\/novi-glasovi-filip-grujic\/\">Novi glasovi \/ Filip Gruji\u0107 i Borisav Mati\u0107 (Podgra\u0111e Booktown)<\/a><\/p>\n<p><strong>19.30 &#8211; 21.00 \/ Podgra\u0111e Petrovaradinske tvr\u0111ave (glavna bina u Beogradskoj ulici)<\/strong><br \/>\n<a href=\"https:\/\/kaleidoskopkulture.com\/sr\/rambo-amadeus-veceri-glomazne-poezije\/\">Rambo Amadeus \u201eVe\u010deri glomazne poezije\u201d (Podgra\u0111e Booktown)<\/a><\/p>\n<p><strong>20.00 &#8211; 21.30 \/ Podgra\u0111e Petrovaradinske tvr\u0111ave <span class=\"NormalTextRun BCX0 SCXW16337075\">(parking<\/span><span class=\"NormalTextRun BCX0 SCXW16337075\">\u00a0<\/span><span class=\"NormalTextRun SpellingErrorV2 BCX0 SCXW16337075\">kod<\/span><span class=\"NormalTextRun BCX0 SCXW16337075\">\u00a0<\/span><span class=\"NormalTextRun SpellingErrorV2 BCX0 SCXW16337075\">Vojne<\/span><span class=\"NormalTextRun BCX0 SCXW16337075\">\u00a0<\/span><span class=\"NormalTextRun SpellingErrorV2 BCX0 DefaultHighlightTransition SCXW16337075\">bolnice<\/span><span class=\"NormalTextRun BCX0 SCXW16337075\">)<\/span><\/strong><br \/>\n<span class=\"NormalTextRun SpellingErrorV2 BCX0 SCXW16337075\">Film<\/span><span class=\"NormalTextRun SpellingErrorV2 BCX0 SCXW16337075\">ovana<\/span><span class=\"NormalTextRun BCX0 SCXW16337075\">\u00a0<\/span><span class=\"NormalTextRun SpellingErrorV2 BCX0 DefaultHighlightTransition SCXW16337075\">knjiga<\/span><span class=\"NormalTextRun BCX0 SCXW16337075\">:\u00a0<\/span><span class=\"NormalTextRun SpellingErrorV2 BCX0 SCXW16337075\">Gde<\/span><span class=\"NormalTextRun BCX0 SCXW16337075\">\u00a0<\/span><span class=\"NormalTextRun SpellingErrorV2 BCX0 SCXW16337075\">si<\/span><span class=\"NormalTextRun BCX0 SCXW16337075\">\u00a0<\/span><span class=\"NormalTextRun SpellingErrorV2 BCX0 SCXW16337075\">nestala<\/span><span class=\"NormalTextRun BCX0 SCXW16337075\">, Bernadeta? (<\/span><span class=\"NormalTextRun ContextualSpellingAndGrammarErrorV2 BCX0 SCXW16337075\">po<\/span><span class=\"NormalTextRun BCX0 SCXW16337075\">\u00a0<\/span><span class=\"NormalTextRun SpellingErrorV2 BCX0 SCXW16337075\">romanu<\/span><span class=\"NormalTextRun BCX0 SCXW16337075\">\u00a0Marije\u00a0<\/span><span class=\"NormalTextRun SpellingErrorV2 BCX0 SCXW16337075\">Sempl) &#8211; <span class=\"NormalTextRun BCX0 SCXW16337075\">Podgra\u0111e Bookwtown<\/span><\/span><\/p>\n<p><strong>21.30 &#8211; 23.00 \/ Podgra\u0111e Petrovaradinske tvr\u0111ave (glavna bina u Beogradskoj ulici)<\/strong><br \/>\n<a href=\"https:\/\/kaleidoskopkulture.com\/sr\/predstava-udarna-vest\/\">Predstava \u201eUdarna vest\u201d (Podgra\u0111e Booktown) \/ Atila Kapitanj<\/a><\/p>\n<p>&nbsp;<\/p>\n<p><strong>PONEDELJAK, 20. SEPTEMBAR<\/strong><\/p>\n<p><strong>19.30 \/ KS Bukovac<\/strong><br \/>\n<a href=\"https:\/\/kaleidoskopkulture.com\/sr\/dogadjaj\/panel-diskusija-ama-kakvo-zensko-pismo-zenska-glava-ili-evolucija-zena-od-boljih-citalaca-do-boljih-pisaca-fabuloze\/\"><span class=\"TextRun SCXW72527885 BCX0\" lang=\"SR-LATN-RS\" xml:lang=\"SR-LATN-RS\" data-contrast=\"auto\"><span class=\"NormalTextRun SpellingErrorV2 SCXW72527885 BCX0\">Fabuloze<\/span><span class=\"NormalTextRun SCXW72527885 BCX0\">\u00a0#2 \u2013 \u201e<\/span><span class=\"NormalTextRun SCXW72527885 BCX0\">Am<\/span><span class=\"NormalTextRun SCXW72527885 BCX0\">a kakvo \u017eensko pismo, \u017eenska glava! \u2013 ili\u00a0<\/span><span class=\"NormalTextRun SCXW72527885 BCX0\">evolucija \u017eena od boljih \u010ditalaca do boljih pisaca\u201c<\/span><\/span><span class=\"EOP SCXW72527885 BCX0\" data-ccp-props=\"{&quot;201341983&quot;:0,&quot;335559739&quot;:160,&quot;335559740&quot;:259}\">\u00a0<\/span><\/a><\/p>\n<p>&nbsp;<\/p>\n<p><strong>UTORAK, 21. SEPTEMBAR<\/strong><\/p>\n<p><strong>20.00 \/ KS E\u0111\u0161eg<\/strong><br \/>\n<a href=\"https:\/\/kaleidoskopkulture.com\/sr\/imerzivna-predstava-alice-in-wonderland\/\">Imerzivna predstava <em>Alice in Wonderland<\/em> <\/a>\/ Dimitrije Beljanski<\/p>\n<p><strong>19.30 \/ Bulevar Books<\/strong><br \/>\n<a href=\"https:\/\/kaleidoskopkulture.com\/sr\/dogadjaj\/panel-diskusija-pisem-dakle-postojim-i-u-knjizi-ili-o-odnosima-stvarnog-i-izmisljenog-u-savremenoj-knjizevnosti-fabuloze\/\"><span class=\"TextRun SCXW219771823 BCX0\" lang=\"SR-LATN-RS\" xml:lang=\"SR-LATN-RS\" data-contrast=\"auto\"><span class=\"NormalTextRun SpellingErrorV2 SpellingErrorHighlight SCXW219771823 BCX0\">Fabuloze<\/span><span class=\"NormalTextRun SCXW219771823 BCX0\">\u00a0#3 \u2013 \u201e<\/span><span class=\"NormalTextRun SCXW219771823 BCX0\">Pi\u0161em, dakle postojim. (I u knjizi) \u2013 Ili o odnosima stvarnog i izmi\u0161ljenog u savremenoj knji\u017eevnosti\u201c<\/span><\/span><span class=\"EOP SCXW219771823 BCX0\" data-ccp-props=\"{&quot;201341983&quot;:0,&quot;335559739&quot;:160,&quot;335559740&quot;:259}\">\u00a0<\/span><\/a><\/p>\n<p>&nbsp;<\/p>\n<p><strong>SREDA, 22. SEPTEMBAR<\/strong><\/p>\n<p><strong>19.00 \/ KS Svilara<\/strong><br \/>\n<a href=\"https:\/\/kaleidoskopkulture.com\/sr\/panel-diskusija-urbani-simboli-i-signali-paralelni-svetovi-novog-sada\/\">Urbani simboli i signali: paralelni svetovi Novog Sada<\/a> \/ Milan Tripkovi\u0107<\/p>\n<p>&nbsp;<\/p>\n<p><strong>\u010cETVRTAK, 23. SEPTEMBAR<\/strong><\/p>\n<p><strong>19.00 \/ KS Mlin<\/strong><br \/>\n<a href=\"https:\/\/kaleidoskopkulture.com\/sr\/interaktivna-predstava-zivot-margite-stefanovic\/\">\u017divot Margite Stefanovi\u0107<\/a> \/ Neda Nosovi\u0107 i Ivana Anti\u0107[\/vc_column_text][\/vc_column][\/vc_row][vc_row][vc_column][vc_column_text css=&#8220;.vc_custom_1600787448920{padding-top: 50px !important;}&#8220;]<strong>Program u okviru ostalih nedelja umetnosti pogledajte klikom na baner:<\/strong>[\/vc_column_text][\/vc_column][\/vc_row][vc_row][vc_column width=&#8220;1\/5&#8243;][vc_single_image image=&#8220;3748&#8243; img_size=&#8220;full&#8220; alignment=&#8220;center&#8220; onclick=&#8220;custom_link&#8220; link=&#8220;https:\/\/kaleidoskopkulture.com\/sr\/otvaranje-2021-program\/&#8220;][\/vc_column][vc_column width=&#8220;1\/5&#8243;][vc_single_image image=&#8220;3758&#8243; img_size=&#8220;full&#8220; alignment=&#8220;center&#8220; onclick=&#8220;custom_link&#8220; link=&#8220;https:\/\/kaleidoskopkulture.com\/sr\/nedelja-arhitekture-2021-program\/&#8220;][\/vc_column][vc_column width=&#8220;1\/5&#8243;][vc_single_image image=&#8220;3756&#8243; img_size=&#8220;full&#8220; alignment=&#8220;center&#8220; onclick=&#8220;custom_link&#8220; link=&#8220;https:\/\/kaleidoskopkulture.com\/sr\/nedelja-izvodjacke-umetnosti-2021-program\/&#8220;][\/vc_column][vc_column width=&#8220;1\/5&#8243;][vc_single_image image=&#8220;3752&#8243; img_size=&#8220;full&#8220; alignment=&#8220;center&#8220; onclick=&#8220;custom_link&#8220; link=&#8220;https:\/\/kaleidoskopkulture.com\/sr\/nedelja-vizuelne-umetnosti-2021-program\/&#8220;][\/vc_column][vc_column width=&#8220;1\/5&#8243;][vc_single_image image=&#8220;3750&#8243; img_size=&#8220;full&#8220; alignment=&#8220;center&#8220; onclick=&#8220;custom_link&#8220; link=&#8220;https:\/\/kaleidoskopkulture.com\/sr\/nedelja-primenjene-umetnosti-2021-program\/&#8220;][\/vc_column][\/vc_row]<\/p>\n","protected":false},"excerpt":{"rendered":"<p>[vc_row][vc_column][vc_column_text] NEDELJA KNJI\u017dEVNOSTI \/ 18 \u2013 23. septembar 2021. &nbsp; SUBOTA, 18. SEPTEMBAR 17.00 &#8211; 21.00 \/ Podgra\u0111e Petrovaradinske tvr\u0111ave (parking kod Vojne bolnice) Novosadska razmena knjiga ( Podgra\u0111e Booktown) 18.00 &#8211; 22.00 \/ Podgra\u0111e Petrovaradinske tvr\u0111ave (na \u0161est lokacija)&#8230;<\/p>\n","protected":false},"author":7,"featured_media":3754,"parent":0,"menu_order":0,"comment_status":"closed","ping_status":"closed","template":"","meta":{"footnotes":""},"class_list":["post-2322","page","type-page","status-publish","has-post-thumbnail","hentry"],"yoast_head":"<!-- This site is optimized with the Yoast SEO plugin v22.4 - https:\/\/yoast.com\/wordpress\/plugins\/seo\/ -->\n<title>Program nedelje knji\u017eevnosti - Kaleidoskop kulture<\/title>\n<meta name=\"robots\" content=\"index, follow, max-snippet:-1, max-image-preview:large, max-video-preview:-1\" \/>\n<link rel=\"canonical\" href=\"https:\/\/kaleidoskopkulture.com\/sr\/nedelja-knjizevnosti-2021-program\/\" \/>\n<meta property=\"og:locale\" content=\"sr_RS\" \/>\n<meta property=\"og:type\" content=\"article\" \/>\n<meta property=\"og:title\" content=\"Program nedelje knji\u017eevnosti - Kaleidoskop kulture\" \/>\n<meta property=\"og:description\" content=\"[vc_row][vc_column][vc_column_text] NEDELJA KNJI\u017dEVNOSTI \/ 18 \u2013 23. septembar 2021. &nbsp; SUBOTA, 18. SEPTEMBAR 17.00 &#8211; 21.00 \/ Podgra\u0111e Petrovaradinske tvr\u0111ave (parking kod Vojne bolnice) Novosadska razmena knjiga ( Podgra\u0111e Booktown) 18.00 &#8211; 22.00 \/ Podgra\u0111e Petrovaradinske tvr\u0111ave (na \u0161est lokacija)...\" \/>\n<meta property=\"og:url\" content=\"https:\/\/kaleidoskopkulture.com\/sr\/nedelja-knjizevnosti-2021-program\/\" \/>\n<meta property=\"og:site_name\" content=\"Kaleidoskop kulture\" \/>\n<meta property=\"article:modified_time\" content=\"2022-09-13T05:08:52+00:00\" \/>\n<meta property=\"og:image\" content=\"https:\/\/kaleidoskopkulture.com\/wp-content\/uploads\/2021\/08\/knjizevnost2-1.png\" \/>\n\t<meta property=\"og:image:width\" content=\"1080\" \/>\n\t<meta property=\"og:image:height\" content=\"1080\" \/>\n\t<meta property=\"og:image:type\" content=\"image\/png\" \/>\n<meta name=\"twitter:card\" content=\"summary_large_image\" \/>\n<meta name=\"twitter:label1\" content=\"Procenjeno vreme \u010ditanja\" \/>\n\t<meta name=\"twitter:data1\" content=\"2 minuta\" \/>\n<script type=\"application\/ld+json\" class=\"yoast-schema-graph\">{\"@context\":\"https:\/\/schema.org\",\"@graph\":[{\"@type\":\"WebPage\",\"@id\":\"https:\/\/kaleidoskopkulture.com\/sr\/nedelja-knjizevnosti-2021-program\/\",\"url\":\"https:\/\/kaleidoskopkulture.com\/sr\/nedelja-knjizevnosti-2021-program\/\",\"name\":\"Program nedelje knji\u017eevnosti - Kaleidoskop kulture\",\"isPartOf\":{\"@id\":\"https:\/\/kaleidoskopkulture.com\/sr\/#website\"},\"primaryImageOfPage\":{\"@id\":\"https:\/\/kaleidoskopkulture.com\/sr\/nedelja-knjizevnosti-2021-program\/#primaryimage\"},\"image\":{\"@id\":\"https:\/\/kaleidoskopkulture.com\/sr\/nedelja-knjizevnosti-2021-program\/#primaryimage\"},\"thumbnailUrl\":\"https:\/\/kaleidoskopkulture.com\/wp-content\/uploads\/2021\/08\/knjizevnost2-1.png\",\"datePublished\":\"2020-09-16T12:35:39+00:00\",\"dateModified\":\"2022-09-13T05:08:52+00:00\",\"breadcrumb\":{\"@id\":\"https:\/\/kaleidoskopkulture.com\/sr\/nedelja-knjizevnosti-2021-program\/#breadcrumb\"},\"inLanguage\":\"sr-RS\",\"potentialAction\":[{\"@type\":\"ReadAction\",\"target\":[\"https:\/\/kaleidoskopkulture.com\/sr\/nedelja-knjizevnosti-2021-program\/\"]}]},{\"@type\":\"ImageObject\",\"inLanguage\":\"sr-RS\",\"@id\":\"https:\/\/kaleidoskopkulture.com\/sr\/nedelja-knjizevnosti-2021-program\/#primaryimage\",\"url\":\"https:\/\/kaleidoskopkulture.com\/wp-content\/uploads\/2021\/08\/knjizevnost2-1.png\",\"contentUrl\":\"https:\/\/kaleidoskopkulture.com\/wp-content\/uploads\/2021\/08\/knjizevnost2-1.png\",\"width\":1080,\"height\":1080},{\"@type\":\"BreadcrumbList\",\"@id\":\"https:\/\/kaleidoskopkulture.com\/sr\/nedelja-knjizevnosti-2021-program\/#breadcrumb\",\"itemListElement\":[{\"@type\":\"ListItem\",\"position\":1,\"name\":\"Home\",\"item\":\"https:\/\/kaleidoskopkulture.com\/sr\/\"},{\"@type\":\"ListItem\",\"position\":2,\"name\":\"Nedelja knji\u017eevnosti program 2021\"}]},{\"@type\":\"WebSite\",\"@id\":\"https:\/\/kaleidoskopkulture.com\/sr\/#website\",\"url\":\"https:\/\/kaleidoskopkulture.com\/sr\/\",\"name\":\"Kaleidoskop kulture\",\"description\":\"Novo lice kulture u Novom Sadu\",\"publisher\":{\"@id\":\"https:\/\/kaleidoskopkulture.com\/sr\/#organization\"},\"potentialAction\":[{\"@type\":\"SearchAction\",\"target\":{\"@type\":\"EntryPoint\",\"urlTemplate\":\"https:\/\/kaleidoskopkulture.com\/sr\/?s={search_term_string}\"},\"query-input\":\"required name=search_term_string\"}],\"inLanguage\":\"sr-RS\"},{\"@type\":\"Organization\",\"@id\":\"https:\/\/kaleidoskopkulture.com\/sr\/#organization\",\"name\":\"Kaleidoskop kulture\",\"url\":\"https:\/\/kaleidoskopkulture.com\/sr\/\",\"logo\":{\"@type\":\"ImageObject\",\"inLanguage\":\"sr-RS\",\"@id\":\"https:\/\/kaleidoskopkulture.com\/sr\/#\/schema\/logo\/image\/\",\"url\":\"https:\/\/kaleidoskopkulture.com\/wp-content\/uploads\/2022\/08\/cropped-kk-logo-1-1.png\",\"contentUrl\":\"https:\/\/kaleidoskopkulture.com\/wp-content\/uploads\/2022\/08\/cropped-kk-logo-1-1.png\",\"width\":260,\"height\":90,\"caption\":\"Kaleidoskop kulture\"},\"image\":{\"@id\":\"https:\/\/kaleidoskopkulture.com\/sr\/#\/schema\/logo\/image\/\"}}]}<\/script>\n<!-- \/ Yoast SEO plugin. -->","yoast_head_json":{"title":"Program nedelje knji\u017eevnosti - Kaleidoskop kulture","robots":{"index":"index","follow":"follow","max-snippet":"max-snippet:-1","max-image-preview":"max-image-preview:large","max-video-preview":"max-video-preview:-1"},"canonical":"https:\/\/kaleidoskopkulture.com\/sr\/nedelja-knjizevnosti-2021-program\/","og_locale":"sr_RS","og_type":"article","og_title":"Program nedelje knji\u017eevnosti - Kaleidoskop kulture","og_description":"[vc_row][vc_column][vc_column_text] NEDELJA KNJI\u017dEVNOSTI \/ 18 \u2013 23. septembar 2021. &nbsp; SUBOTA, 18. SEPTEMBAR 17.00 &#8211; 21.00 \/ Podgra\u0111e Petrovaradinske tvr\u0111ave (parking kod Vojne bolnice) Novosadska razmena knjiga ( Podgra\u0111e Booktown) 18.00 &#8211; 22.00 \/ Podgra\u0111e Petrovaradinske tvr\u0111ave (na \u0161est lokacija)...","og_url":"https:\/\/kaleidoskopkulture.com\/sr\/nedelja-knjizevnosti-2021-program\/","og_site_name":"Kaleidoskop kulture","article_modified_time":"2022-09-13T05:08:52+00:00","og_image":[{"width":1080,"height":1080,"url":"https:\/\/kaleidoskopkulture.com\/wp-content\/uploads\/2021\/08\/knjizevnost2-1.png","type":"image\/png"}],"twitter_card":"summary_large_image","twitter_misc":{"Procenjeno vreme \u010ditanja":"2 minuta"},"schema":{"@context":"https:\/\/schema.org","@graph":[{"@type":"WebPage","@id":"https:\/\/kaleidoskopkulture.com\/sr\/nedelja-knjizevnosti-2021-program\/","url":"https:\/\/kaleidoskopkulture.com\/sr\/nedelja-knjizevnosti-2021-program\/","name":"Program nedelje knji\u017eevnosti - Kaleidoskop kulture","isPartOf":{"@id":"https:\/\/kaleidoskopkulture.com\/sr\/#website"},"primaryImageOfPage":{"@id":"https:\/\/kaleidoskopkulture.com\/sr\/nedelja-knjizevnosti-2021-program\/#primaryimage"},"image":{"@id":"https:\/\/kaleidoskopkulture.com\/sr\/nedelja-knjizevnosti-2021-program\/#primaryimage"},"thumbnailUrl":"https:\/\/kaleidoskopkulture.com\/wp-content\/uploads\/2021\/08\/knjizevnost2-1.png","datePublished":"2020-09-16T12:35:39+00:00","dateModified":"2022-09-13T05:08:52+00:00","breadcrumb":{"@id":"https:\/\/kaleidoskopkulture.com\/sr\/nedelja-knjizevnosti-2021-program\/#breadcrumb"},"inLanguage":"sr-RS","potentialAction":[{"@type":"ReadAction","target":["https:\/\/kaleidoskopkulture.com\/sr\/nedelja-knjizevnosti-2021-program\/"]}]},{"@type":"ImageObject","inLanguage":"sr-RS","@id":"https:\/\/kaleidoskopkulture.com\/sr\/nedelja-knjizevnosti-2021-program\/#primaryimage","url":"https:\/\/kaleidoskopkulture.com\/wp-content\/uploads\/2021\/08\/knjizevnost2-1.png","contentUrl":"https:\/\/kaleidoskopkulture.com\/wp-content\/uploads\/2021\/08\/knjizevnost2-1.png","width":1080,"height":1080},{"@type":"BreadcrumbList","@id":"https:\/\/kaleidoskopkulture.com\/sr\/nedelja-knjizevnosti-2021-program\/#breadcrumb","itemListElement":[{"@type":"ListItem","position":1,"name":"Home","item":"https:\/\/kaleidoskopkulture.com\/sr\/"},{"@type":"ListItem","position":2,"name":"Nedelja knji\u017eevnosti program 2021"}]},{"@type":"WebSite","@id":"https:\/\/kaleidoskopkulture.com\/sr\/#website","url":"https:\/\/kaleidoskopkulture.com\/sr\/","name":"Kaleidoskop kulture","description":"Novo lice kulture u Novom Sadu","publisher":{"@id":"https:\/\/kaleidoskopkulture.com\/sr\/#organization"},"potentialAction":[{"@type":"SearchAction","target":{"@type":"EntryPoint","urlTemplate":"https:\/\/kaleidoskopkulture.com\/sr\/?s={search_term_string}"},"query-input":"required name=search_term_string"}],"inLanguage":"sr-RS"},{"@type":"Organization","@id":"https:\/\/kaleidoskopkulture.com\/sr\/#organization","name":"Kaleidoskop kulture","url":"https:\/\/kaleidoskopkulture.com\/sr\/","logo":{"@type":"ImageObject","inLanguage":"sr-RS","@id":"https:\/\/kaleidoskopkulture.com\/sr\/#\/schema\/logo\/image\/","url":"https:\/\/kaleidoskopkulture.com\/wp-content\/uploads\/2022\/08\/cropped-kk-logo-1-1.png","contentUrl":"https:\/\/kaleidoskopkulture.com\/wp-content\/uploads\/2022\/08\/cropped-kk-logo-1-1.png","width":260,"height":90,"caption":"Kaleidoskop kulture"},"image":{"@id":"https:\/\/kaleidoskopkulture.com\/sr\/#\/schema\/logo\/image\/"}}]}},"_links":{"self":[{"href":"https:\/\/kaleidoskopkulture.com\/sr\/wp-json\/wp\/v2\/pages\/2322","targetHints":{"allow":["GET"]}}],"collection":[{"href":"https:\/\/kaleidoskopkulture.com\/sr\/wp-json\/wp\/v2\/pages"}],"about":[{"href":"https:\/\/kaleidoskopkulture.com\/sr\/wp-json\/wp\/v2\/types\/page"}],"author":[{"embeddable":true,"href":"https:\/\/kaleidoskopkulture.com\/sr\/wp-json\/wp\/v2\/users\/7"}],"replies":[{"embeddable":true,"href":"https:\/\/kaleidoskopkulture.com\/sr\/wp-json\/wp\/v2\/comments?post=2322"}],"version-history":[{"count":31,"href":"https:\/\/kaleidoskopkulture.com\/sr\/wp-json\/wp\/v2\/pages\/2322\/revisions"}],"predecessor-version":[{"id":8374,"href":"https:\/\/kaleidoskopkulture.com\/sr\/wp-json\/wp\/v2\/pages\/2322\/revisions\/8374"}],"wp:featuredmedia":[{"embeddable":true,"href":"https:\/\/kaleidoskopkulture.com\/sr\/wp-json\/wp\/v2\/media\/3754"}],"wp:attachment":[{"href":"https:\/\/kaleidoskopkulture.com\/sr\/wp-json\/wp\/v2\/media?parent=2322"}],"curies":[{"name":"wp","href":"https:\/\/api.w.org\/{rel}","templated":true}]}}