{"id":2315,"date":"2020-09-16T14:31:59","date_gmt":"2020-09-16T12:31:59","guid":{"rendered":"https:\/\/kaleidoskopkulture.com\/?page_id=2315"},"modified":"2022-09-13T07:08:26","modified_gmt":"2022-09-13T05:08:26","slug":"nedelja-arhitekture-2021-program","status":"publish","type":"page","link":"https:\/\/kaleidoskopkulture.com\/sr\/nedelja-arhitekture-2021-program\/","title":{"rendered":"Nedelja arhitekture program 2021"},"content":{"rendered":"<p>[vc_row][vc_column][vc_column_text]<\/p>\n<h3 style=\"text-align: center;\">NEDELJA ARHITEKTURE \/ 6 \u2013 10. septembar 2021.<\/h3>\n<p>&nbsp;<\/p>\n<p>&nbsp;<\/p>\n<p><strong><span style=\"color: #333333;\">06. IX 2021 \/ 10.00 \u2013 12.00 \/ Kovilj (Nova mesta)<\/span><\/strong><br \/>\n<span style=\"color: #333333;\"><a href=\"https:\/\/kaleidoskopkulture.com\/sr\/dogadjaj\/radionice-stanice-od-do-zemlje\/\" target=\"_blank\" rel=\"noopener noreferrer\"><span style=\"text-decoration: underline;\">Radionica \u201eStanice od\/do zemlje\u201d<\/span><\/a> \/ Dragana Koji\u010di\u0107<\/span><\/p>\n<p><strong><span style=\"color: #333333;\">06. IX 2021 \/ 13.30 \u2013 15.30 \/ Stepanovi\u0107evo (Nova mesta)<\/span><\/strong><br \/>\n<span style=\"color: #333333;\"><a href=\"https:\/\/kaleidoskopkulture.com\/sr\/dogadjaj\/radionice-stanice-od-do-zemlje\/\" target=\"_blank\" rel=\"noopener noreferrer\"><span style=\"text-decoration: underline;\">Radionica \u201eStanice od\/do zemlje\u201d<\/span><\/a> \/ Dragana Koji\u010di\u0107<\/span><\/p>\n<p><strong><span style=\"color: #333333;\">06. IX 2021 \/ 17.00 \u2013 19.00 \/ Ledinci (Nova mesta)<\/span><\/strong><br \/>\n<span style=\"color: #333333;\"><a href=\"https:\/\/kaleidoskopkulture.com\/sr\/dogadjaj\/radionice-stanice-od-do-zemlje\/\" target=\"_blank\" rel=\"noopener noreferrer\"><span style=\"text-decoration: underline;\">Radionica \u201eStanice od\/do zemlje\u201d<\/span><\/a> \/ Dragana Koji\u010di\u0107<\/span><\/p>\n<p><strong><span style=\"color: #333333;\">06. IX 2021 \/ 19.00 \/ Kulturna stanica Liman<\/span><\/strong><br \/>\n<span style=\"color: #333333;\"><a href=\"https:\/\/kaleidoskopkulture.com\/sr\/dogadjaj\/otvaranje-izlozbe-viseslojnost\/\" target=\"_blank\" rel=\"noopener noreferrer\"><span style=\"text-decoration: underline;\">Otvaranje izlo\u017ebe \u017eenskog arhitektonskog stvarala\u0161tva \u201eVi\u0161eslojnost\u201d<\/span><\/a> \/ <a href=\"http:\/\/www.zad.rs\/srb\/\" target=\"_blank\" rel=\"noopener noreferrer\"><span style=\"text-decoration: underline;\">\u017dAD<\/span><\/a>; <span style=\"text-decoration: underline;\"><a href=\"https:\/\/arhitekton.net\/\" target=\"_blank\" rel=\"noopener noreferrer\">Arhitekton<\/a><\/span><\/span><\/p>\n<p><strong><span style=\"color: #333333;\">07. IX 2021 \/ 10.00 \u2013 12.00 \/ Detelinara (Nova mesta)<\/span><\/strong><br \/>\n<span style=\"color: #333333;\"><a href=\"https:\/\/kaleidoskopkulture.com\/sr\/dogadjaj\/radionice-stanice-od-do-zemlje\/\" target=\"_blank\" rel=\"noopener noreferrer\"><span style=\"text-decoration: underline;\">Radionica \u201eStanice od\/do zemlje\u201d<\/span><\/a> \/ Dragana Koji\u010di\u0107<\/span><\/p>\n<p><strong><span style=\"color: #333333;\">07. IX 2021 \/ 13.00 \u2013 15.00 \/ Novo naselje (Nova mesta)<\/span><\/strong><br \/>\n<span style=\"color: #333333;\"><a href=\"https:\/\/kaleidoskopkulture.com\/sr\/dogadjaj\/radionice-stanice-od-do-zemlje\/\" target=\"_blank\" rel=\"noopener noreferrer\"><span style=\"text-decoration: underline;\">Radionica \u201eStanice od\/do zemlje\u201d<\/span><\/a> \/ Dragana Koji\u010di\u0107<\/span><\/p>\n<p><strong><span style=\"color: #333333;\">07. IX 2021 \/ 19.00 \/ Kulturna stanica Liman<\/span><\/strong><br \/>\n<span style=\"color: #333333;\"><a href=\"https:\/\/kaleidoskopkulture.com\/sr\/dogadjaj\/zad-tribina-viseslojnost-arhitektura-scene\/\" target=\"_blank\" rel=\"noopener noreferrer\"><span style=\"text-decoration: underline;\">\u017dAD tribina: Vi\u0161eslojnost \u2013 Arhitektura scene (iskustva festivala)<\/span><\/a> \/ <a href=\"http:\/\/www.zad.rs\/srb\/\" target=\"_blank\" rel=\"noopener noreferrer\"><span style=\"text-decoration: underline;\">\u017dAD<\/span><\/a>; <span style=\"text-decoration: underline;\"><a href=\"https:\/\/arhitekton.net\/\" target=\"_blank\" rel=\"noopener noreferrer\">Arhitekton<\/a><\/span><\/span><\/p>\n<p><strong><span style=\"color: #333333;\">08. IX 2021 \/ 19.00 \/ Kulturna stanica Liman<\/span><\/strong><br \/>\n<span style=\"color: #333333;\"><a href=\"https:\/\/kaleidoskopkulture.com\/sr\/dogadjaj\/zad-tribina-viseslojnost-arhitektura-i-izlozbe\/\" target=\"_blank\" rel=\"noopener noreferrer\"><span style=\"text-decoration: underline;\">\u017dAD tribina: Vi\u0161eslojnost \u2013 Arhitektura i izlo\u017ebe<\/span> <\/a>\/ <a href=\"http:\/\/www.zad.rs\/srb\/\" target=\"_blank\" rel=\"noopener noreferrer\"><span style=\"text-decoration: underline;\">\u017dAD<\/span><\/a>; <span style=\"text-decoration: underline;\"><a href=\"https:\/\/arhitekton.net\/\" target=\"_blank\" rel=\"noopener noreferrer\">Arhitekton<\/a><\/span><\/span><\/p>\n<p><strong><span style=\"color: #333333;\">09. IX 2021 \/ 17.00 \u2013 22.00 \/ Kulturna stanica Liman<\/span><\/strong><br \/>\n<span style=\"color: #333333;\"><a href=\"https:\/\/kaleidoskopkulture.com\/sr\/dogadjaj\/zatvaranje-izlozbe-viseslojnost-zad-i-novosadjani\/\" target=\"_blank\" rel=\"noopener noreferrer\"><span style=\"text-decoration: underline;\">Zatvaranje izlo\u017ebe \u2013 \u017dAD i Novosa\u0111ani<\/span><\/a> \/ <a href=\"http:\/\/www.zad.rs\/srb\/\" target=\"_blank\" rel=\"noopener noreferrer\"><span style=\"text-decoration: underline;\">\u017dAD<\/span><\/a>; <span style=\"text-decoration: underline;\"><a href=\"https:\/\/arhitekton.net\/\" target=\"_blank\" rel=\"noopener noreferrer\">Arhitekton<\/a><\/span><\/span><\/p>\n<p><strong><span style=\"color: #333333;\">09. IX 2021 \/ 20.30 \/ Kulturna stanica Liman<\/span><\/strong><br \/>\n<span style=\"color: #333333;\"><a href=\"https:\/\/kaleidoskopkulture.com\/sr\/dogadjaj\/premijera-kratkometraznog-filma-novi-sad-kroz-ples\/\" target=\"_blank\" rel=\"noopener noreferrer\"><span style=\"text-decoration: underline;\">Novi Sad kroz ples<\/span><\/a> \/ Aleksandra \u010cavi\u0107<\/span>[\/vc_column_text][\/vc_column][\/vc_row][vc_row][vc_column][vc_column_text css=&#8220;.vc_custom_1600787448920{padding-top: 50px !important;}&#8220;]<strong>Program u okviru ostalih nedelja umetnosti pogledajte klikom na baner:<\/strong>[\/vc_column_text][\/vc_column][\/vc_row][vc_row][vc_column width=&#8220;1\/5&#8243;][vc_single_image image=&#8220;3748&#8243; img_size=&#8220;full&#8220; alignment=&#8220;center&#8220; onclick=&#8220;custom_link&#8220; link=&#8220;https:\/\/kaleidoskopkulture.com\/sr\/otvaranje-2021-program\/&#8220;][\/vc_column][vc_column width=&#8220;1\/5&#8243;][vc_single_image image=&#8220;3756&#8243; img_size=&#8220;full&#8220; alignment=&#8220;center&#8220; onclick=&#8220;custom_link&#8220; link=&#8220;https:\/\/kaleidoskopkulture.com\/sr\/nedelja-izvodjacke-umetnosti-2021-program\/&#8220;][\/vc_column][vc_column width=&#8220;1\/5&#8243;][vc_single_image image=&#8220;3754&#8243; img_size=&#8220;full&#8220; alignment=&#8220;center&#8220; onclick=&#8220;custom_link&#8220; link=&#8220;https:\/\/kaleidoskopkulture.com\/sr\/nedelja-knjizevnosti-2021-program\/&#8220;][\/vc_column][vc_column width=&#8220;1\/5&#8243;][vc_single_image image=&#8220;3752&#8243; img_size=&#8220;full&#8220; alignment=&#8220;center&#8220; onclick=&#8220;custom_link&#8220; link=&#8220;https:\/\/kaleidoskopkulture.com\/sr\/nedelja-vizuelne-umetnosti-2021-program\/&#8220;][\/vc_column][vc_column width=&#8220;1\/5&#8243;][vc_single_image image=&#8220;3750&#8243; img_size=&#8220;full&#8220; alignment=&#8220;center&#8220; onclick=&#8220;custom_link&#8220; link=&#8220;https:\/\/kaleidoskopkulture.com\/sr\/nedelja-primenjene-umetnosti-2021-program\/&#8220;][\/vc_column][\/vc_row]<\/p>\n","protected":false},"excerpt":{"rendered":"<p>[vc_row][vc_column][vc_column_text] NEDELJA ARHITEKTURE \/ 6 \u2013 10. septembar 2021. &nbsp; &nbsp; 06. IX 2021 \/ 10.00 \u2013 12.00 \/ Kovilj (Nova mesta) Radionica \u201eStanice od\/do zemlje\u201d \/ Dragana Koji\u010di\u0107 06. IX 2021 \/ 13.30 \u2013 15.30 \/ Stepanovi\u0107evo (Nova mesta)&#8230;<\/p>\n","protected":false},"author":7,"featured_media":3758,"parent":0,"menu_order":0,"comment_status":"closed","ping_status":"closed","template":"","meta":{"footnotes":""},"class_list":["post-2315","page","type-page","status-publish","has-post-thumbnail","hentry"],"yoast_head":"<!-- This site is optimized with the Yoast SEO plugin v22.4 - https:\/\/yoast.com\/wordpress\/plugins\/seo\/ -->\n<title>Program nedelje arhitekture - Kaleidoskop kulture<\/title>\n<meta name=\"robots\" content=\"index, follow, max-snippet:-1, max-image-preview:large, max-video-preview:-1\" \/>\n<link rel=\"canonical\" href=\"https:\/\/kaleidoskopkulture.com\/sr\/nedelja-arhitekture-2021-program\/\" \/>\n<meta property=\"og:locale\" content=\"sr_RS\" \/>\n<meta property=\"og:type\" content=\"article\" \/>\n<meta property=\"og:title\" content=\"Program nedelje arhitekture - Kaleidoskop kulture\" \/>\n<meta property=\"og:description\" content=\"[vc_row][vc_column][vc_column_text] NEDELJA ARHITEKTURE \/ 6 \u2013 10. septembar 2021. &nbsp; &nbsp; 06. IX 2021 \/ 10.00 \u2013 12.00 \/ Kovilj (Nova mesta) Radionica \u201eStanice od\/do zemlje\u201d \/ Dragana Koji\u010di\u0107 06. IX 2021 \/ 13.30 \u2013 15.30 \/ Stepanovi\u0107evo (Nova mesta)...\" \/>\n<meta property=\"og:url\" content=\"https:\/\/kaleidoskopkulture.com\/sr\/nedelja-arhitekture-2021-program\/\" \/>\n<meta property=\"og:site_name\" content=\"Kaleidoskop kulture\" \/>\n<meta property=\"article:modified_time\" content=\"2022-09-13T05:08:26+00:00\" \/>\n<meta property=\"og:image\" content=\"https:\/\/kaleidoskopkulture.com\/wp-content\/uploads\/2021\/08\/arhitektura2-2.png\" \/>\n\t<meta property=\"og:image:width\" content=\"1080\" \/>\n\t<meta property=\"og:image:height\" content=\"1080\" \/>\n\t<meta property=\"og:image:type\" content=\"image\/png\" \/>\n<meta name=\"twitter:card\" content=\"summary_large_image\" \/>\n<meta name=\"twitter:label1\" content=\"Procenjeno vreme \u010ditanja\" \/>\n\t<meta name=\"twitter:data1\" content=\"2 minuta\" \/>\n<script type=\"application\/ld+json\" class=\"yoast-schema-graph\">{\"@context\":\"https:\/\/schema.org\",\"@graph\":[{\"@type\":\"WebPage\",\"@id\":\"https:\/\/kaleidoskopkulture.com\/sr\/nedelja-arhitekture-2021-program\/\",\"url\":\"https:\/\/kaleidoskopkulture.com\/sr\/nedelja-arhitekture-2021-program\/\",\"name\":\"Program nedelje arhitekture - Kaleidoskop kulture\",\"isPartOf\":{\"@id\":\"https:\/\/kaleidoskopkulture.com\/sr\/#website\"},\"primaryImageOfPage\":{\"@id\":\"https:\/\/kaleidoskopkulture.com\/sr\/nedelja-arhitekture-2021-program\/#primaryimage\"},\"image\":{\"@id\":\"https:\/\/kaleidoskopkulture.com\/sr\/nedelja-arhitekture-2021-program\/#primaryimage\"},\"thumbnailUrl\":\"https:\/\/kaleidoskopkulture.com\/wp-content\/uploads\/2021\/08\/arhitektura2-2.png\",\"datePublished\":\"2020-09-16T12:31:59+00:00\",\"dateModified\":\"2022-09-13T05:08:26+00:00\",\"breadcrumb\":{\"@id\":\"https:\/\/kaleidoskopkulture.com\/sr\/nedelja-arhitekture-2021-program\/#breadcrumb\"},\"inLanguage\":\"sr-RS\",\"potentialAction\":[{\"@type\":\"ReadAction\",\"target\":[\"https:\/\/kaleidoskopkulture.com\/sr\/nedelja-arhitekture-2021-program\/\"]}]},{\"@type\":\"ImageObject\",\"inLanguage\":\"sr-RS\",\"@id\":\"https:\/\/kaleidoskopkulture.com\/sr\/nedelja-arhitekture-2021-program\/#primaryimage\",\"url\":\"https:\/\/kaleidoskopkulture.com\/wp-content\/uploads\/2021\/08\/arhitektura2-2.png\",\"contentUrl\":\"https:\/\/kaleidoskopkulture.com\/wp-content\/uploads\/2021\/08\/arhitektura2-2.png\",\"width\":1080,\"height\":1080},{\"@type\":\"BreadcrumbList\",\"@id\":\"https:\/\/kaleidoskopkulture.com\/sr\/nedelja-arhitekture-2021-program\/#breadcrumb\",\"itemListElement\":[{\"@type\":\"ListItem\",\"position\":1,\"name\":\"Home\",\"item\":\"https:\/\/kaleidoskopkulture.com\/sr\/\"},{\"@type\":\"ListItem\",\"position\":2,\"name\":\"Nedelja arhitekture program 2021\"}]},{\"@type\":\"WebSite\",\"@id\":\"https:\/\/kaleidoskopkulture.com\/sr\/#website\",\"url\":\"https:\/\/kaleidoskopkulture.com\/sr\/\",\"name\":\"Kaleidoskop kulture\",\"description\":\"Novo lice kulture u Novom Sadu\",\"publisher\":{\"@id\":\"https:\/\/kaleidoskopkulture.com\/sr\/#organization\"},\"potentialAction\":[{\"@type\":\"SearchAction\",\"target\":{\"@type\":\"EntryPoint\",\"urlTemplate\":\"https:\/\/kaleidoskopkulture.com\/sr\/?s={search_term_string}\"},\"query-input\":\"required name=search_term_string\"}],\"inLanguage\":\"sr-RS\"},{\"@type\":\"Organization\",\"@id\":\"https:\/\/kaleidoskopkulture.com\/sr\/#organization\",\"name\":\"Kaleidoskop kulture\",\"url\":\"https:\/\/kaleidoskopkulture.com\/sr\/\",\"logo\":{\"@type\":\"ImageObject\",\"inLanguage\":\"sr-RS\",\"@id\":\"https:\/\/kaleidoskopkulture.com\/sr\/#\/schema\/logo\/image\/\",\"url\":\"https:\/\/kaleidoskopkulture.com\/wp-content\/uploads\/2022\/08\/cropped-kk-logo-1-1.png\",\"contentUrl\":\"https:\/\/kaleidoskopkulture.com\/wp-content\/uploads\/2022\/08\/cropped-kk-logo-1-1.png\",\"width\":260,\"height\":90,\"caption\":\"Kaleidoskop kulture\"},\"image\":{\"@id\":\"https:\/\/kaleidoskopkulture.com\/sr\/#\/schema\/logo\/image\/\"}}]}<\/script>\n<!-- \/ Yoast SEO plugin. -->","yoast_head_json":{"title":"Program nedelje arhitekture - Kaleidoskop kulture","robots":{"index":"index","follow":"follow","max-snippet":"max-snippet:-1","max-image-preview":"max-image-preview:large","max-video-preview":"max-video-preview:-1"},"canonical":"https:\/\/kaleidoskopkulture.com\/sr\/nedelja-arhitekture-2021-program\/","og_locale":"sr_RS","og_type":"article","og_title":"Program nedelje arhitekture - Kaleidoskop kulture","og_description":"[vc_row][vc_column][vc_column_text] NEDELJA ARHITEKTURE \/ 6 \u2013 10. septembar 2021. &nbsp; &nbsp; 06. IX 2021 \/ 10.00 \u2013 12.00 \/ Kovilj (Nova mesta) Radionica \u201eStanice od\/do zemlje\u201d \/ Dragana Koji\u010di\u0107 06. IX 2021 \/ 13.30 \u2013 15.30 \/ Stepanovi\u0107evo (Nova mesta)...","og_url":"https:\/\/kaleidoskopkulture.com\/sr\/nedelja-arhitekture-2021-program\/","og_site_name":"Kaleidoskop kulture","article_modified_time":"2022-09-13T05:08:26+00:00","og_image":[{"width":1080,"height":1080,"url":"https:\/\/kaleidoskopkulture.com\/wp-content\/uploads\/2021\/08\/arhitektura2-2.png","type":"image\/png"}],"twitter_card":"summary_large_image","twitter_misc":{"Procenjeno vreme \u010ditanja":"2 minuta"},"schema":{"@context":"https:\/\/schema.org","@graph":[{"@type":"WebPage","@id":"https:\/\/kaleidoskopkulture.com\/sr\/nedelja-arhitekture-2021-program\/","url":"https:\/\/kaleidoskopkulture.com\/sr\/nedelja-arhitekture-2021-program\/","name":"Program nedelje arhitekture - Kaleidoskop kulture","isPartOf":{"@id":"https:\/\/kaleidoskopkulture.com\/sr\/#website"},"primaryImageOfPage":{"@id":"https:\/\/kaleidoskopkulture.com\/sr\/nedelja-arhitekture-2021-program\/#primaryimage"},"image":{"@id":"https:\/\/kaleidoskopkulture.com\/sr\/nedelja-arhitekture-2021-program\/#primaryimage"},"thumbnailUrl":"https:\/\/kaleidoskopkulture.com\/wp-content\/uploads\/2021\/08\/arhitektura2-2.png","datePublished":"2020-09-16T12:31:59+00:00","dateModified":"2022-09-13T05:08:26+00:00","breadcrumb":{"@id":"https:\/\/kaleidoskopkulture.com\/sr\/nedelja-arhitekture-2021-program\/#breadcrumb"},"inLanguage":"sr-RS","potentialAction":[{"@type":"ReadAction","target":["https:\/\/kaleidoskopkulture.com\/sr\/nedelja-arhitekture-2021-program\/"]}]},{"@type":"ImageObject","inLanguage":"sr-RS","@id":"https:\/\/kaleidoskopkulture.com\/sr\/nedelja-arhitekture-2021-program\/#primaryimage","url":"https:\/\/kaleidoskopkulture.com\/wp-content\/uploads\/2021\/08\/arhitektura2-2.png","contentUrl":"https:\/\/kaleidoskopkulture.com\/wp-content\/uploads\/2021\/08\/arhitektura2-2.png","width":1080,"height":1080},{"@type":"BreadcrumbList","@id":"https:\/\/kaleidoskopkulture.com\/sr\/nedelja-arhitekture-2021-program\/#breadcrumb","itemListElement":[{"@type":"ListItem","position":1,"name":"Home","item":"https:\/\/kaleidoskopkulture.com\/sr\/"},{"@type":"ListItem","position":2,"name":"Nedelja arhitekture program 2021"}]},{"@type":"WebSite","@id":"https:\/\/kaleidoskopkulture.com\/sr\/#website","url":"https:\/\/kaleidoskopkulture.com\/sr\/","name":"Kaleidoskop kulture","description":"Novo lice kulture u Novom Sadu","publisher":{"@id":"https:\/\/kaleidoskopkulture.com\/sr\/#organization"},"potentialAction":[{"@type":"SearchAction","target":{"@type":"EntryPoint","urlTemplate":"https:\/\/kaleidoskopkulture.com\/sr\/?s={search_term_string}"},"query-input":"required name=search_term_string"}],"inLanguage":"sr-RS"},{"@type":"Organization","@id":"https:\/\/kaleidoskopkulture.com\/sr\/#organization","name":"Kaleidoskop kulture","url":"https:\/\/kaleidoskopkulture.com\/sr\/","logo":{"@type":"ImageObject","inLanguage":"sr-RS","@id":"https:\/\/kaleidoskopkulture.com\/sr\/#\/schema\/logo\/image\/","url":"https:\/\/kaleidoskopkulture.com\/wp-content\/uploads\/2022\/08\/cropped-kk-logo-1-1.png","contentUrl":"https:\/\/kaleidoskopkulture.com\/wp-content\/uploads\/2022\/08\/cropped-kk-logo-1-1.png","width":260,"height":90,"caption":"Kaleidoskop kulture"},"image":{"@id":"https:\/\/kaleidoskopkulture.com\/sr\/#\/schema\/logo\/image\/"}}]}},"_links":{"self":[{"href":"https:\/\/kaleidoskopkulture.com\/sr\/wp-json\/wp\/v2\/pages\/2315","targetHints":{"allow":["GET"]}}],"collection":[{"href":"https:\/\/kaleidoskopkulture.com\/sr\/wp-json\/wp\/v2\/pages"}],"about":[{"href":"https:\/\/kaleidoskopkulture.com\/sr\/wp-json\/wp\/v2\/types\/page"}],"author":[{"embeddable":true,"href":"https:\/\/kaleidoskopkulture.com\/sr\/wp-json\/wp\/v2\/users\/7"}],"replies":[{"embeddable":true,"href":"https:\/\/kaleidoskopkulture.com\/sr\/wp-json\/wp\/v2\/comments?post=2315"}],"version-history":[{"count":26,"href":"https:\/\/kaleidoskopkulture.com\/sr\/wp-json\/wp\/v2\/pages\/2315\/revisions"}],"predecessor-version":[{"id":8372,"href":"https:\/\/kaleidoskopkulture.com\/sr\/wp-json\/wp\/v2\/pages\/2315\/revisions\/8372"}],"wp:featuredmedia":[{"embeddable":true,"href":"https:\/\/kaleidoskopkulture.com\/sr\/wp-json\/wp\/v2\/media\/3758"}],"wp:attachment":[{"href":"https:\/\/kaleidoskopkulture.com\/sr\/wp-json\/wp\/v2\/media?parent=2315"}],"curies":[{"name":"wp","href":"https:\/\/api.w.org\/{rel}","templated":true}]}}