{"id":10409,"date":"2024-02-14T00:19:14","date_gmt":"2024-02-13T23:19:14","guid":{"rendered":"https:\/\/kaleidoskopkulture.com\/?page_id=10409"},"modified":"2024-02-20T13:38:28","modified_gmt":"2024-02-20T12:38:28","slug":"kaleidoskop-kulture-2019","status":"publish","type":"page","link":"https:\/\/kaleidoskopkulture.com\/sr\/kaleidoskop-kulture-2019\/","title":{"rendered":"Kaleidoskop kulture 2019."},"content":{"rendered":"\t\t<div data-elementor-type=\"wp-page\" data-elementor-id=\"10409\" class=\"elementor elementor-10409\">\n\t\t\t\t<div class=\"elementor-element elementor-element-b1d9a64 e-flex e-con-boxed e-con e-parent\" data-id=\"b1d9a64\" data-element_type=\"container\" data-core-v316-plus=\"true\">\n\t\t\t\t\t<div class=\"e-con-inner\">\n\t\t\t\t<div class=\"elementor-element elementor-element-b485582 elementor-widget elementor-widget-video\" data-id=\"b485582\" data-element_type=\"widget\" data-settings=\"{&quot;youtube_url&quot;:&quot;https:\\\/\\\/www.youtube.com\\\/watch?v=vE12uRHC09Y&quot;,&quot;video_type&quot;:&quot;youtube&quot;,&quot;controls&quot;:&quot;yes&quot;}\" data-widget_type=\"video.default\">\n\t\t\t\t<div class=\"elementor-widget-container\">\n\t\t\t<style>\/*! elementor - v3.20.0 - 26-03-2024 *\/\n.elementor-widget-video .elementor-widget-container{overflow:hidden;transform:translateZ(0)}.elementor-widget-video .elementor-wrapper{aspect-ratio:var(--video-aspect-ratio)}.elementor-widget-video .elementor-wrapper iframe,.elementor-widget-video .elementor-wrapper video{height:100%;width:100%;display:flex;border:none;background-color:#000}@supports not (aspect-ratio:1\/1){.elementor-widget-video .elementor-wrapper{position:relative;overflow:hidden;height:0;padding-bottom:calc(100% \/ var(--video-aspect-ratio))}.elementor-widget-video .elementor-wrapper iframe,.elementor-widget-video .elementor-wrapper video{position:absolute;top:0;right:0;bottom:0;left:0}}.elementor-widget-video .elementor-open-inline .elementor-custom-embed-image-overlay{position:absolute;top:0;right:0;bottom:0;left:0;background-size:cover;background-position:50%}.elementor-widget-video .elementor-custom-embed-image-overlay{cursor:pointer;text-align:center}.elementor-widget-video .elementor-custom-embed-image-overlay:hover .elementor-custom-embed-play i{opacity:1}.elementor-widget-video .elementor-custom-embed-image-overlay img{display:block;width:100%;aspect-ratio:var(--video-aspect-ratio);-o-object-fit:cover;object-fit:cover;-o-object-position:center center;object-position:center center}@supports not (aspect-ratio:1\/1){.elementor-widget-video .elementor-custom-embed-image-overlay{position:relative;overflow:hidden;height:0;padding-bottom:calc(100% \/ var(--video-aspect-ratio))}.elementor-widget-video .elementor-custom-embed-image-overlay img{position:absolute;top:0;right:0;bottom:0;left:0}}.elementor-widget-video .e-hosted-video .elementor-video{-o-object-fit:cover;object-fit:cover}.e-con-inner>.elementor-widget-video,.e-con>.elementor-widget-video{width:var(--container-widget-width);--flex-grow:var(--container-widget-flex-grow)}<\/style>\t\t<div class=\"elementor-wrapper elementor-open-inline\">\n\t\t\t<div class=\"elementor-video\"><\/div>\t\t<\/div>\n\t\t\t\t<\/div>\n\t\t\t\t<\/div>\n\t\t\t\t<div class=\"elementor-element elementor-element-1a22761 elementor-widget elementor-widget-text-editor\" data-id=\"1a22761\" data-element_type=\"widget\" data-widget_type=\"text-editor.default\">\n\t\t\t\t<div class=\"elementor-widget-container\">\n\t\t\t<style>\/*! elementor - v3.20.0 - 26-03-2024 *\/\n.elementor-widget-text-editor.elementor-drop-cap-view-stacked .elementor-drop-cap{background-color:#69727d;color:#fff}.elementor-widget-text-editor.elementor-drop-cap-view-framed .elementor-drop-cap{color:#69727d;border:3px solid;background-color:transparent}.elementor-widget-text-editor:not(.elementor-drop-cap-view-default) .elementor-drop-cap{margin-top:8px}.elementor-widget-text-editor:not(.elementor-drop-cap-view-default) .elementor-drop-cap-letter{width:1em;height:1em}.elementor-widget-text-editor .elementor-drop-cap{float:left;text-align:center;line-height:1;font-size:50px}.elementor-widget-text-editor .elementor-drop-cap-letter{display:inline-block}<\/style>\t\t\t\t<p style=\"text-align: left;\"><strong>Drugi Kaleidoskop kulture,<\/strong>\u00a0koji je odr\u017ean od 24. avgusta do 30. septembra 2019. godine, obuhvatio je 400 programa na oko 80 lokacija. Zavr\u0161en je postavljanjem skulpture Kju na platou Kulturne stanice Svilara.<\/p><p style=\"text-align: left;\">Skulptura je isklesana od aran\u0111elova\u010dkog mermera, najpoznatijeg na ovim prostorima, u saradnji sa Smotrom umetnosti \u201eMermer i zvuci\u201d, a na njoj su radila \u010detiri umetnika, predstavnika triju Evropskih prestonica kulture: vajar Luka Kuli\u0107 i grafi\u010dar Danilo Vuksanovi\u0107 iz Srbije, vajar Ljubo de Karina iz Rijeke i slikar \u0106iprijan Hopirtean iz Temi\u0161vara.<\/p><p style=\"text-align: left;\">\u201eNovosadska kapija\u201c pokrenula je pitanje arhitekture na samom po\u010detku \u201eKaleidoskopa\u201c u Podgra\u0111u Petrovaradinske tvr\u0111ave, \u010dime je skrenuta pa\u017enja na jedan od najva\u017enijih infrastrukturnih projekata u pripremi Novog Sada za 2021. godinu.<\/p><p style=\"text-align: left;\">Usledila je \u201eFilmharmonija\u201c koja je spojila film i muziku, \u010carlija \u010caplina i Zagreba\u010dku filharmoniju i to u Parku prisajedinjenja, zatim \u201eKorzo\u201c specifi\u010dan koncert klasi\u010dne muzike na otvorenom, doga\u0111aj zbog kog je Novi Sad zatvorio jednu od glavnih saobra\u0107ajnica.<\/p><p style=\"text-align: left;\">\u017delezni\u010dka stanica o\u017eivljena je kroz izvo\u0111a\u010dku i vizuelnu umetnost, izlo\u017ebom \u0161vajcarskog dizajna \u201eSwiss style now\u201c i performansom pobednika 14. Pra\u0161kog kvadrijenala \u201eOva zgrada govori istinu\u201c, koji je imao osam izvo\u0111enja, tri dana zaredom.<\/p>\t\t\t\t\t\t<\/div>\n\t\t\t\t<\/div>\n\t\t\t\t\t<\/div>\n\t\t\t\t<\/div>\n\t\t<div class=\"elementor-element elementor-element-ffb20ad e-flex e-con-boxed e-con e-parent\" data-id=\"ffb20ad\" data-element_type=\"container\" data-core-v316-plus=\"true\">\n\t\t\t\t\t<div class=\"e-con-inner\">\n\t\t<div class=\"elementor-element elementor-element-be877ce e-con-full e-flex e-con e-child\" data-id=\"be877ce\" data-element_type=\"container\">\n\t\t\t\t<div class=\"elementor-element elementor-element-10e3a3d elementor-align-center elementor-widget elementor-widget-button\" data-id=\"10e3a3d\" data-element_type=\"widget\" data-widget_type=\"button.default\">\n\t\t\t\t<div class=\"elementor-widget-container\">\n\t\t\t\t\t<div class=\"elementor-button-wrapper\">\n\t\t\t<a class=\"elementor-button elementor-button-link elementor-size-sm\" href=\"https:\/\/kaleidoskopkulture.com\/sr\/galerija-otvaranje-2019\/\">\n\t\t\t\t\t\t<span class=\"elementor-button-content-wrapper\">\n\t\t\t\t\t\t<span class=\"elementor-button-text\">GALERIJA<br>OTVARANJE<\/span>\n\t\t<\/span>\n\t\t\t\t\t<\/a>\n\t\t<\/div>\n\t\t\t\t<\/div>\n\t\t\t\t<\/div>\n\t\t\t\t<\/div>\n\t\t<div class=\"elementor-element elementor-element-34d02ce e-con-full e-flex e-con e-child\" data-id=\"34d02ce\" data-element_type=\"container\">\n\t\t\t\t<div class=\"elementor-element elementor-element-a1f11f2 elementor-align-center elementor-widget elementor-widget-button\" data-id=\"a1f11f2\" data-element_type=\"widget\" data-widget_type=\"button.default\">\n\t\t\t\t<div class=\"elementor-widget-container\">\n\t\t\t\t\t<div class=\"elementor-button-wrapper\">\n\t\t\t<a class=\"elementor-button elementor-button-link elementor-size-sm\" href=\"https:\/\/kaleidoskopkulture.com\/sr\/galerija-izvodjacka-umetnost-2019\/\">\n\t\t\t\t\t\t<span class=\"elementor-button-content-wrapper\">\n\t\t\t\t\t\t<span class=\"elementor-button-text\">Galerija izvo\u0111a\u010dka umetnost<\/span>\n\t\t<\/span>\n\t\t\t\t\t<\/a>\n\t\t<\/div>\n\t\t\t\t<\/div>\n\t\t\t\t<\/div>\n\t\t\t\t<\/div>\n\t\t<div class=\"elementor-element elementor-element-1149cd3 e-con-full e-flex e-con e-child\" data-id=\"1149cd3\" data-element_type=\"container\">\n\t\t\t\t<div class=\"elementor-element elementor-element-aeeb873 elementor-align-center elementor-widget elementor-widget-button\" data-id=\"aeeb873\" data-element_type=\"widget\" data-widget_type=\"button.default\">\n\t\t\t\t<div class=\"elementor-widget-container\">\n\t\t\t\t\t<div class=\"elementor-button-wrapper\">\n\t\t\t<a class=\"elementor-button elementor-button-link elementor-size-sm\" href=\"https:\/\/kaleidoskopkulture.com\/sr\/galerija-primenjena-umetnost-2019\/\">\n\t\t\t\t\t\t<span class=\"elementor-button-content-wrapper\">\n\t\t\t\t\t\t<span class=\"elementor-button-text\">Galerija  Primenjena umetnost<\/span>\n\t\t<\/span>\n\t\t\t\t\t<\/a>\n\t\t<\/div>\n\t\t\t\t<\/div>\n\t\t\t\t<\/div>\n\t\t\t\t<\/div>\n\t\t<div class=\"elementor-element elementor-element-a333bcb e-con-full e-flex e-con e-child\" data-id=\"a333bcb\" data-element_type=\"container\">\n\t\t<div class=\"elementor-element elementor-element-f6da0a2 e-con-full e-flex e-con e-child\" data-id=\"f6da0a2\" data-element_type=\"container\">\n\t\t\t\t<div class=\"elementor-element elementor-element-3e438c2 elementor-align-center elementor-widget elementor-widget-button\" data-id=\"3e438c2\" data-element_type=\"widget\" data-widget_type=\"button.default\">\n\t\t\t\t<div class=\"elementor-widget-container\">\n\t\t\t\t\t<div class=\"elementor-button-wrapper\">\n\t\t\t<a class=\"elementor-button elementor-button-link elementor-size-sm\" href=\"https:\/\/kaleidoskopkulture.com\/sr\/galerija-vizuelna-umetnost-2019\/\">\n\t\t\t\t\t\t<span class=\"elementor-button-content-wrapper\">\n\t\t\t\t\t\t<span class=\"elementor-button-text\">Galerija vizuelna umetnost<\/span>\n\t\t<\/span>\n\t\t\t\t\t<\/a>\n\t\t<\/div>\n\t\t\t\t<\/div>\n\t\t\t\t<\/div>\n\t\t\t\t<\/div>\n\t\t\t\t<\/div>\n\t\t<div class=\"elementor-element elementor-element-2b69c90 e-con-full e-flex e-con e-child\" data-id=\"2b69c90\" data-element_type=\"container\">\n\t\t\t\t<div class=\"elementor-element elementor-element-42a0806 elementor-align-center elementor-widget elementor-widget-button\" data-id=\"42a0806\" data-element_type=\"widget\" data-widget_type=\"button.default\">\n\t\t\t\t<div class=\"elementor-widget-container\">\n\t\t\t\t\t<div class=\"elementor-button-wrapper\">\n\t\t\t<a class=\"elementor-button elementor-button-link elementor-size-sm\" href=\"https:\/\/kaleidoskopkulture.com\/sr\/galerija-arhitektura-2019\/\">\n\t\t\t\t\t\t<span class=\"elementor-button-content-wrapper\">\n\t\t\t\t\t\t<span class=\"elementor-button-text\">Galerija Arhitektura<\/span>\n\t\t<\/span>\n\t\t\t\t\t<\/a>\n\t\t<\/div>\n\t\t\t\t<\/div>\n\t\t\t\t<\/div>\n\t\t\t\t<\/div>\n\t\t<div class=\"elementor-element elementor-element-ad87cdc e-con-full e-flex e-con e-child\" data-id=\"ad87cdc\" data-element_type=\"container\">\n\t\t\t\t<div class=\"elementor-element elementor-element-eb0325c elementor-align-center elementor-widget elementor-widget-button\" data-id=\"eb0325c\" data-element_type=\"widget\" data-widget_type=\"button.default\">\n\t\t\t\t<div class=\"elementor-widget-container\">\n\t\t\t\t\t<div class=\"elementor-button-wrapper\">\n\t\t\t<a class=\"elementor-button elementor-button-link elementor-size-sm\" href=\"https:\/\/kaleidoskopkulture.com\/sr\/galerija-knjizevnost-2019\/\">\n\t\t\t\t\t\t<span class=\"elementor-button-content-wrapper\">\n\t\t\t\t\t\t<span class=\"elementor-button-text\">Galerija knji\u017eevnost<\/span>\n\t\t<\/span>\n\t\t\t\t\t<\/a>\n\t\t<\/div>\n\t\t\t\t<\/div>\n\t\t\t\t<\/div>\n\t\t\t\t<\/div>\n\t\t\t\t\t<\/div>\n\t\t\t\t<\/div>\n\t\t\t\t<\/div>\n\t\t","protected":false},"excerpt":{"rendered":"<p>https:\/\/www.youtube.com\/watch?v=vE12uRHC09Y Drugi Kaleidoskop kulture,\u00a0koji je odr\u017ean od 24. avgusta do 30. septembra 2019. godine, obuhvatio je 400 programa na oko 80 lokacija. Zavr\u0161en je postavljanjem skulpture Kju na platou Kulturne stanice Svilara. Skulptura je isklesana od aran\u0111elova\u010dkog mermera, najpoznatijeg na&#8230;<\/p>\n","protected":false},"author":11,"featured_media":0,"parent":0,"menu_order":0,"comment_status":"closed","ping_status":"closed","template":"","meta":{"footnotes":""},"class_list":["post-10409","page","type-page","status-publish","hentry"],"yoast_head":"<!-- This site is optimized with the Yoast SEO plugin v22.4 - https:\/\/yoast.com\/wordpress\/plugins\/seo\/ -->\n<title>Kaleidoskop kulture 2019. - Kaleidoskop kulture<\/title>\n<meta name=\"robots\" content=\"index, follow, max-snippet:-1, max-image-preview:large, max-video-preview:-1\" \/>\n<link rel=\"canonical\" href=\"https:\/\/kaleidoskopkulture.com\/sr\/kaleidoskop-kulture-2019\/\" \/>\n<meta property=\"og:locale\" content=\"sr_RS\" \/>\n<meta property=\"og:type\" content=\"article\" \/>\n<meta property=\"og:title\" content=\"Kaleidoskop kulture 2019. - Kaleidoskop kulture\" \/>\n<meta property=\"og:description\" content=\"https:\/\/www.youtube.com\/watch?v=vE12uRHC09Y Drugi Kaleidoskop kulture,\u00a0koji je odr\u017ean od 24. avgusta do 30. septembra 2019. godine, obuhvatio je 400 programa na oko 80 lokacija. Zavr\u0161en je postavljanjem skulpture Kju na platou Kulturne stanice Svilara. Skulptura je isklesana od aran\u0111elova\u010dkog mermera, najpoznatijeg na...\" \/>\n<meta property=\"og:url\" content=\"https:\/\/kaleidoskopkulture.com\/sr\/kaleidoskop-kulture-2019\/\" \/>\n<meta property=\"og:site_name\" content=\"Kaleidoskop kulture\" \/>\n<meta property=\"article:modified_time\" content=\"2024-02-20T12:38:28+00:00\" \/>\n<meta name=\"twitter:card\" content=\"summary_large_image\" \/>\n<meta name=\"twitter:label1\" content=\"Procenjeno vreme \u010ditanja\" \/>\n\t<meta name=\"twitter:data1\" content=\"1 minut\" \/>\n<script type=\"application\/ld+json\" class=\"yoast-schema-graph\">{\"@context\":\"https:\/\/schema.org\",\"@graph\":[{\"@type\":\"WebPage\",\"@id\":\"https:\/\/kaleidoskopkulture.com\/sr\/kaleidoskop-kulture-2019\/\",\"url\":\"https:\/\/kaleidoskopkulture.com\/sr\/kaleidoskop-kulture-2019\/\",\"name\":\"Kaleidoskop kulture 2019. - Kaleidoskop kulture\",\"isPartOf\":{\"@id\":\"https:\/\/kaleidoskopkulture.com\/sr\/#website\"},\"datePublished\":\"2024-02-13T23:19:14+00:00\",\"dateModified\":\"2024-02-20T12:38:28+00:00\",\"breadcrumb\":{\"@id\":\"https:\/\/kaleidoskopkulture.com\/sr\/kaleidoskop-kulture-2019\/#breadcrumb\"},\"inLanguage\":\"sr-RS\",\"potentialAction\":[{\"@type\":\"ReadAction\",\"target\":[\"https:\/\/kaleidoskopkulture.com\/sr\/kaleidoskop-kulture-2019\/\"]}]},{\"@type\":\"BreadcrumbList\",\"@id\":\"https:\/\/kaleidoskopkulture.com\/sr\/kaleidoskop-kulture-2019\/#breadcrumb\",\"itemListElement\":[{\"@type\":\"ListItem\",\"position\":1,\"name\":\"Home\",\"item\":\"https:\/\/kaleidoskopkulture.com\/sr\/\"},{\"@type\":\"ListItem\",\"position\":2,\"name\":\"Kaleidoskop kulture 2019.\"}]},{\"@type\":\"WebSite\",\"@id\":\"https:\/\/kaleidoskopkulture.com\/sr\/#website\",\"url\":\"https:\/\/kaleidoskopkulture.com\/sr\/\",\"name\":\"Kaleidoskop kulture\",\"description\":\"Novo lice kulture u Novom Sadu\",\"publisher\":{\"@id\":\"https:\/\/kaleidoskopkulture.com\/sr\/#organization\"},\"potentialAction\":[{\"@type\":\"SearchAction\",\"target\":{\"@type\":\"EntryPoint\",\"urlTemplate\":\"https:\/\/kaleidoskopkulture.com\/sr\/?s={search_term_string}\"},\"query-input\":\"required name=search_term_string\"}],\"inLanguage\":\"sr-RS\"},{\"@type\":\"Organization\",\"@id\":\"https:\/\/kaleidoskopkulture.com\/sr\/#organization\",\"name\":\"Kaleidoskop kulture\",\"url\":\"https:\/\/kaleidoskopkulture.com\/sr\/\",\"logo\":{\"@type\":\"ImageObject\",\"inLanguage\":\"sr-RS\",\"@id\":\"https:\/\/kaleidoskopkulture.com\/sr\/#\/schema\/logo\/image\/\",\"url\":\"https:\/\/kaleidoskopkulture.com\/wp-content\/uploads\/2022\/08\/cropped-kk-logo-1-1.png\",\"contentUrl\":\"https:\/\/kaleidoskopkulture.com\/wp-content\/uploads\/2022\/08\/cropped-kk-logo-1-1.png\",\"width\":260,\"height\":90,\"caption\":\"Kaleidoskop kulture\"},\"image\":{\"@id\":\"https:\/\/kaleidoskopkulture.com\/sr\/#\/schema\/logo\/image\/\"}}]}<\/script>\n<!-- \/ Yoast SEO plugin. -->","yoast_head_json":{"title":"Kaleidoskop kulture 2019. - Kaleidoskop kulture","robots":{"index":"index","follow":"follow","max-snippet":"max-snippet:-1","max-image-preview":"max-image-preview:large","max-video-preview":"max-video-preview:-1"},"canonical":"https:\/\/kaleidoskopkulture.com\/sr\/kaleidoskop-kulture-2019\/","og_locale":"sr_RS","og_type":"article","og_title":"Kaleidoskop kulture 2019. - Kaleidoskop kulture","og_description":"https:\/\/www.youtube.com\/watch?v=vE12uRHC09Y Drugi Kaleidoskop kulture,\u00a0koji je odr\u017ean od 24. avgusta do 30. septembra 2019. godine, obuhvatio je 400 programa na oko 80 lokacija. Zavr\u0161en je postavljanjem skulpture Kju na platou Kulturne stanice Svilara. Skulptura je isklesana od aran\u0111elova\u010dkog mermera, najpoznatijeg na...","og_url":"https:\/\/kaleidoskopkulture.com\/sr\/kaleidoskop-kulture-2019\/","og_site_name":"Kaleidoskop kulture","article_modified_time":"2024-02-20T12:38:28+00:00","twitter_card":"summary_large_image","twitter_misc":{"Procenjeno vreme \u010ditanja":"1 minut"},"schema":{"@context":"https:\/\/schema.org","@graph":[{"@type":"WebPage","@id":"https:\/\/kaleidoskopkulture.com\/sr\/kaleidoskop-kulture-2019\/","url":"https:\/\/kaleidoskopkulture.com\/sr\/kaleidoskop-kulture-2019\/","name":"Kaleidoskop kulture 2019. - Kaleidoskop kulture","isPartOf":{"@id":"https:\/\/kaleidoskopkulture.com\/sr\/#website"},"datePublished":"2024-02-13T23:19:14+00:00","dateModified":"2024-02-20T12:38:28+00:00","breadcrumb":{"@id":"https:\/\/kaleidoskopkulture.com\/sr\/kaleidoskop-kulture-2019\/#breadcrumb"},"inLanguage":"sr-RS","potentialAction":[{"@type":"ReadAction","target":["https:\/\/kaleidoskopkulture.com\/sr\/kaleidoskop-kulture-2019\/"]}]},{"@type":"BreadcrumbList","@id":"https:\/\/kaleidoskopkulture.com\/sr\/kaleidoskop-kulture-2019\/#breadcrumb","itemListElement":[{"@type":"ListItem","position":1,"name":"Home","item":"https:\/\/kaleidoskopkulture.com\/sr\/"},{"@type":"ListItem","position":2,"name":"Kaleidoskop kulture 2019."}]},{"@type":"WebSite","@id":"https:\/\/kaleidoskopkulture.com\/sr\/#website","url":"https:\/\/kaleidoskopkulture.com\/sr\/","name":"Kaleidoskop kulture","description":"Novo lice kulture u Novom Sadu","publisher":{"@id":"https:\/\/kaleidoskopkulture.com\/sr\/#organization"},"potentialAction":[{"@type":"SearchAction","target":{"@type":"EntryPoint","urlTemplate":"https:\/\/kaleidoskopkulture.com\/sr\/?s={search_term_string}"},"query-input":"required name=search_term_string"}],"inLanguage":"sr-RS"},{"@type":"Organization","@id":"https:\/\/kaleidoskopkulture.com\/sr\/#organization","name":"Kaleidoskop kulture","url":"https:\/\/kaleidoskopkulture.com\/sr\/","logo":{"@type":"ImageObject","inLanguage":"sr-RS","@id":"https:\/\/kaleidoskopkulture.com\/sr\/#\/schema\/logo\/image\/","url":"https:\/\/kaleidoskopkulture.com\/wp-content\/uploads\/2022\/08\/cropped-kk-logo-1-1.png","contentUrl":"https:\/\/kaleidoskopkulture.com\/wp-content\/uploads\/2022\/08\/cropped-kk-logo-1-1.png","width":260,"height":90,"caption":"Kaleidoskop kulture"},"image":{"@id":"https:\/\/kaleidoskopkulture.com\/sr\/#\/schema\/logo\/image\/"}}]}},"_links":{"self":[{"href":"https:\/\/kaleidoskopkulture.com\/sr\/wp-json\/wp\/v2\/pages\/10409","targetHints":{"allow":["GET"]}}],"collection":[{"href":"https:\/\/kaleidoskopkulture.com\/sr\/wp-json\/wp\/v2\/pages"}],"about":[{"href":"https:\/\/kaleidoskopkulture.com\/sr\/wp-json\/wp\/v2\/types\/page"}],"author":[{"embeddable":true,"href":"https:\/\/kaleidoskopkulture.com\/sr\/wp-json\/wp\/v2\/users\/11"}],"replies":[{"embeddable":true,"href":"https:\/\/kaleidoskopkulture.com\/sr\/wp-json\/wp\/v2\/comments?post=10409"}],"version-history":[{"count":25,"href":"https:\/\/kaleidoskopkulture.com\/sr\/wp-json\/wp\/v2\/pages\/10409\/revisions"}],"predecessor-version":[{"id":11414,"href":"https:\/\/kaleidoskopkulture.com\/sr\/wp-json\/wp\/v2\/pages\/10409\/revisions\/11414"}],"wp:attachment":[{"href":"https:\/\/kaleidoskopkulture.com\/sr\/wp-json\/wp\/v2\/media?parent=10409"}],"curies":[{"name":"wp","href":"https:\/\/api.w.org\/{rel}","templated":true}]}}