{"id":10407,"date":"2024-02-14T00:18:55","date_gmt":"2024-02-13T23:18:55","guid":{"rendered":"https:\/\/kaleidoskopkulture.com\/?page_id=10407"},"modified":"2024-02-20T15:29:25","modified_gmt":"2024-02-20T14:29:25","slug":"kaleidoskop-kulture-2020","status":"publish","type":"page","link":"https:\/\/kaleidoskopkulture.com\/sr\/kaleidoskop-kulture-2020\/","title":{"rendered":"Kaleidoskop kulture 2020."},"content":{"rendered":"\t\t<div data-elementor-type=\"wp-page\" data-elementor-id=\"10407\" class=\"elementor elementor-10407\">\n\t\t\t\t<div class=\"elementor-element elementor-element-b1d9a64 e-flex e-con-boxed e-con e-parent\" data-id=\"b1d9a64\" data-element_type=\"container\" data-core-v316-plus=\"true\">\n\t\t\t\t\t<div class=\"e-con-inner\">\n\t\t\t\t<div class=\"elementor-element elementor-element-b485582 elementor-widget elementor-widget-video\" data-id=\"b485582\" data-element_type=\"widget\" data-settings=\"{&quot;youtube_url&quot;:&quot;https:\\\/\\\/www.youtube.com\\\/watch?v=PiNxPIodcxo&quot;,&quot;video_type&quot;:&quot;youtube&quot;,&quot;controls&quot;:&quot;yes&quot;}\" data-widget_type=\"video.default\">\n\t\t\t\t<div class=\"elementor-widget-container\">\n\t\t\t<style>\/*! elementor - v3.20.0 - 26-03-2024 *\/\n.elementor-widget-video .elementor-widget-container{overflow:hidden;transform:translateZ(0)}.elementor-widget-video .elementor-wrapper{aspect-ratio:var(--video-aspect-ratio)}.elementor-widget-video .elementor-wrapper iframe,.elementor-widget-video .elementor-wrapper video{height:100%;width:100%;display:flex;border:none;background-color:#000}@supports not (aspect-ratio:1\/1){.elementor-widget-video .elementor-wrapper{position:relative;overflow:hidden;height:0;padding-bottom:calc(100% \/ var(--video-aspect-ratio))}.elementor-widget-video .elementor-wrapper iframe,.elementor-widget-video .elementor-wrapper video{position:absolute;top:0;right:0;bottom:0;left:0}}.elementor-widget-video .elementor-open-inline .elementor-custom-embed-image-overlay{position:absolute;top:0;right:0;bottom:0;left:0;background-size:cover;background-position:50%}.elementor-widget-video .elementor-custom-embed-image-overlay{cursor:pointer;text-align:center}.elementor-widget-video .elementor-custom-embed-image-overlay:hover .elementor-custom-embed-play i{opacity:1}.elementor-widget-video .elementor-custom-embed-image-overlay img{display:block;width:100%;aspect-ratio:var(--video-aspect-ratio);-o-object-fit:cover;object-fit:cover;-o-object-position:center center;object-position:center center}@supports not (aspect-ratio:1\/1){.elementor-widget-video .elementor-custom-embed-image-overlay{position:relative;overflow:hidden;height:0;padding-bottom:calc(100% \/ var(--video-aspect-ratio))}.elementor-widget-video .elementor-custom-embed-image-overlay img{position:absolute;top:0;right:0;bottom:0;left:0}}.elementor-widget-video .e-hosted-video .elementor-video{-o-object-fit:cover;object-fit:cover}.e-con-inner>.elementor-widget-video,.e-con>.elementor-widget-video{width:var(--container-widget-width);--flex-grow:var(--container-widget-flex-grow)}<\/style>\t\t<div class=\"elementor-wrapper elementor-open-inline\">\n\t\t\t<div class=\"elementor-video\"><\/div>\t\t<\/div>\n\t\t\t\t<\/div>\n\t\t\t\t<\/div>\n\t\t\t\t<div class=\"elementor-element elementor-element-1a22761 elementor-widget elementor-widget-text-editor\" data-id=\"1a22761\" data-element_type=\"widget\" data-widget_type=\"text-editor.default\">\n\t\t\t\t<div class=\"elementor-widget-container\">\n\t\t\t<style>\/*! elementor - v3.20.0 - 26-03-2024 *\/\n.elementor-widget-text-editor.elementor-drop-cap-view-stacked .elementor-drop-cap{background-color:#69727d;color:#fff}.elementor-widget-text-editor.elementor-drop-cap-view-framed .elementor-drop-cap{color:#69727d;border:3px solid;background-color:transparent}.elementor-widget-text-editor:not(.elementor-drop-cap-view-default) .elementor-drop-cap{margin-top:8px}.elementor-widget-text-editor:not(.elementor-drop-cap-view-default) .elementor-drop-cap-letter{width:1em;height:1em}.elementor-widget-text-editor .elementor-drop-cap{float:left;text-align:center;line-height:1;font-size:50px}.elementor-widget-text-editor .elementor-drop-cap-letter{display:inline-block}<\/style>\t\t\t\t<p style=\"text-align: left;\">Uprkos pandemiji,\u00a0<strong>tre\u0107i Kaleidoskop kulture<\/strong>, koji je odr\u017ean od 4. septembra do 9. oktobra 2020. godine, uspeo je da okupi neka od\u00a0<strong>najzna\u010dajnijih evropskih imena iz sveta knji\u017eevnosti i dizajna, kao i da podigne kapacitete lokalne scene<\/strong>, sa novim pristupom sadr\u017eajima i njihovoj realizaciji. To potvr\u0111uje i\u00a0<a href=\"https:\/\/kaleidoskopkulture.com\/sr\/rigoleto-ispred-ceskog-magacina\/\" target=\"_blank\" rel=\"noopener noreferrer\">opera \u201eRigoleto\u201d<\/a>\u00a0koja je prvi put izvedena na otvorenom, uz video projekciju i to ispred \u010ce\u0161kog magacina, u saradnji sa najstarijim teatrom u Srbiji \u2013 Srpskim narodnim pozori\u0161tem.<\/p><p style=\"text-align: left;\"><iframe title=\"Opera \u201eRigoleto\u201d - Aftermovie \/ Kaleidoskop kulture 2020\" src=\"https:\/\/www.youtube.com\/embed\/df7TNlXRUp4?feature=oembed\" width=\"640\" height=\"360\" frameborder=\"0\" allowfullscreen=\"allowfullscreen\" data-mce-fragment=\"1\"><\/iframe><\/p><p style=\"text-align: left;\">Zahvaljuju\u0107i tome \u0161to je\u00a0<strong>Novi Sad kao Evropska prestonica kulture me\u0111u prvima<\/strong>\u00a0u vreme pandemije pokrenuo proizvodnju i produkciju novih sadr\u017eaja koji su plasirani onlajn, kroz mre\u017eu kulturnih stanica i uz lokalne umetnike, spremno je do\u010dekan i Kaleidoskop kulture, u okviru kog su raznovrsni\u00a0<strong>programi stigli \u010dak do 200 hiljada ljudi<\/strong>\u00a0na dru\u0161tvenim mre\u017eama. Pored toga, programi Kaleidoskopa kulture preno\u0161eni su i na televizijskim i radijskim kanalima javnih servisa \u2013 Radio televiziji Srbije i Radio televiziji Vojvodine.<\/p><p style=\"text-align: left;\">Nedelja vizuelne umetnosti otvorila je vrata jednog od najstarijih nacionalnih umetni\u010dkih muzeja u Srbiji,\u00a0<strong>Galerije Matice srpske<\/strong>, gde je publika imala retku priliku da se upozna sa njenim privatnim kolekcijama, dok je u nedelji izvo\u0111a\u010dke umetnosti\u00a0<strong>Korzo<\/strong>, koji se ina\u010de odr\u017eava na jednom od glavnih novosadskih bulevara, 2020. godine poklonio publici \u0161irom sveta onlajn koncert jednog od najboljih svetskih klavirskih dua \u2013 LP Dua.<\/p><p style=\"text-align: left;\"><iframe title=\"LP Duo @ Korzo \/ Kaleidoskop kulture 2020\" src=\"https:\/\/www.youtube.com\/embed\/zGNgqfUunC4?feature=oembed\" width=\"640\" height=\"360\" frameborder=\"0\" allowfullscreen=\"allowfullscreen\" data-mce-fragment=\"1\"><\/iframe><\/p><p style=\"text-align: left;\">U nedelji knji\u017eevnosti\u00a0<strong>prvi put<\/strong>\u00a0je\u00a0<strong>u Srbiji odr\u017eana No\u0107 knji\u017eevnosti<\/strong>, zatim svojevrsno\u00a0<strong>Knji\u017eevno jutro na Najlonu<\/strong>, a Kaleidoskop kulture je povezao velika imena savremene knji\u017eevnosti kao \u0161to su\u00a0<strong>Dejan Tiago Stankovi\u0107, Isabel Veri, Loran Seksik, Barbi Markovi\u0107, Veronika Murek, Slobodan Ti\u0161ma, Aleksandar Gatalica, Laslo Bla\u0161kovi\u0107, Franjo Petrinovi\u0107<\/strong>, kao i mlade nade doma\u0107e knji\u017eevnosti\u00a0<strong>Ma\u0161u Seni\u010di\u0107<\/strong>\u00a0i\u00a0<strong>Radmilu Petrovi\u0107.<\/strong><\/p><p style=\"text-align: left;\"><strong>Dizajn paviljon<\/strong>, ispred novosadskog giganta modernisti\u010dke arhitekture, SPENS-a, u okviru nedelje primenjene umetnosti\u00a0<strong>zatvorio je tre\u0107i Kaleidoskop kulture.<\/strong>\u00a0Na izlo\u017ebi, koju je koncipirala i kustoski uredila\u00a0PDP konferencija, predstavilo se vi\u0161e od 70 autora i autorskih kolektiva iz 26 zemalja iz domena dizajna, ali i primenjene umetnosti. Me\u0111u njima su bili proslavljeni nema\u010dki\u00a0<em>Bureau Borsche<\/em>, \u010duveni italijanski\u00a0<em>Studio Mut<\/em>, vi\u0161estruko nagra\u0111ivani grafi\u010dki dizajner\u00a0<em>Erich Brechb\u00fchl<\/em>\u00a0i drugi.<\/p>\t\t\t\t\t\t<\/div>\n\t\t\t\t<\/div>\n\t\t\t\t\t<\/div>\n\t\t\t\t<\/div>\n\t\t<div class=\"elementor-element elementor-element-ffb20ad e-flex e-con-boxed e-con e-parent\" data-id=\"ffb20ad\" data-element_type=\"container\" data-core-v316-plus=\"true\">\n\t\t\t\t\t<div class=\"e-con-inner\">\n\t\t<div class=\"elementor-element elementor-element-be877ce e-con-full e-flex e-con e-child\" data-id=\"be877ce\" data-element_type=\"container\">\n\t\t\t\t<div class=\"elementor-element elementor-element-10e3a3d elementor-align-center elementor-widget elementor-widget-button\" data-id=\"10e3a3d\" data-element_type=\"widget\" data-widget_type=\"button.default\">\n\t\t\t\t<div class=\"elementor-widget-container\">\n\t\t\t\t\t<div class=\"elementor-button-wrapper\">\n\t\t\t<a class=\"elementor-button elementor-button-link elementor-size-sm\" href=\"https:\/\/kaleidoskopkulture.com\/sr\/galerija-otvaranje-2020\/\">\n\t\t\t\t\t\t<span class=\"elementor-button-content-wrapper\">\n\t\t\t\t\t\t<span class=\"elementor-button-text\">GALERIJA<br>OTVARANJE<\/span>\n\t\t<\/span>\n\t\t\t\t\t<\/a>\n\t\t<\/div>\n\t\t\t\t<\/div>\n\t\t\t\t<\/div>\n\t\t\t\t<\/div>\n\t\t<div class=\"elementor-element elementor-element-34d02ce e-con-full e-flex e-con e-child\" data-id=\"34d02ce\" data-element_type=\"container\">\n\t\t\t\t<div class=\"elementor-element elementor-element-a1f11f2 elementor-align-center elementor-widget elementor-widget-button\" data-id=\"a1f11f2\" data-element_type=\"widget\" data-widget_type=\"button.default\">\n\t\t\t\t<div class=\"elementor-widget-container\">\n\t\t\t\t\t<div class=\"elementor-button-wrapper\">\n\t\t\t<a class=\"elementor-button elementor-button-link elementor-size-sm\" href=\"https:\/\/kaleidoskopkulture.com\/sr\/galerija-izvodjacka-umetnost-2020\/\">\n\t\t\t\t\t\t<span class=\"elementor-button-content-wrapper\">\n\t\t\t\t\t\t<span class=\"elementor-button-text\">Galerija izvo\u0111a\u010dka umetnost<\/span>\n\t\t<\/span>\n\t\t\t\t\t<\/a>\n\t\t<\/div>\n\t\t\t\t<\/div>\n\t\t\t\t<\/div>\n\t\t\t\t<\/div>\n\t\t<div class=\"elementor-element elementor-element-1149cd3 e-con-full e-flex e-con e-child\" data-id=\"1149cd3\" data-element_type=\"container\">\n\t\t\t\t<div class=\"elementor-element elementor-element-aeeb873 elementor-align-center elementor-widget elementor-widget-button\" data-id=\"aeeb873\" data-element_type=\"widget\" data-widget_type=\"button.default\">\n\t\t\t\t<div class=\"elementor-widget-container\">\n\t\t\t\t\t<div class=\"elementor-button-wrapper\">\n\t\t\t<a class=\"elementor-button elementor-button-link elementor-size-sm\" href=\"https:\/\/kaleidoskopkulture.com\/sr\/galerija-primenjena-umetnost-2020\/\">\n\t\t\t\t\t\t<span class=\"elementor-button-content-wrapper\">\n\t\t\t\t\t\t<span class=\"elementor-button-text\">Galerija  Primenjena umetnost<\/span>\n\t\t<\/span>\n\t\t\t\t\t<\/a>\n\t\t<\/div>\n\t\t\t\t<\/div>\n\t\t\t\t<\/div>\n\t\t\t\t<\/div>\n\t\t<div class=\"elementor-element elementor-element-a333bcb e-con-full e-flex e-con e-child\" data-id=\"a333bcb\" data-element_type=\"container\">\n\t\t<div class=\"elementor-element elementor-element-f6da0a2 e-con-full e-flex e-con e-child\" data-id=\"f6da0a2\" data-element_type=\"container\">\n\t\t\t\t<div class=\"elementor-element elementor-element-3e438c2 elementor-align-center elementor-widget elementor-widget-button\" data-id=\"3e438c2\" data-element_type=\"widget\" data-widget_type=\"button.default\">\n\t\t\t\t<div class=\"elementor-widget-container\">\n\t\t\t\t\t<div class=\"elementor-button-wrapper\">\n\t\t\t<a class=\"elementor-button elementor-button-link elementor-size-sm\" href=\"https:\/\/kaleidoskopkulture.com\/sr\/galerija-vizuelna-umetnost-2020\/\">\n\t\t\t\t\t\t<span class=\"elementor-button-content-wrapper\">\n\t\t\t\t\t\t<span class=\"elementor-button-text\">Galerija vizuelna umetnost<\/span>\n\t\t<\/span>\n\t\t\t\t\t<\/a>\n\t\t<\/div>\n\t\t\t\t<\/div>\n\t\t\t\t<\/div>\n\t\t\t\t<\/div>\n\t\t\t\t<\/div>\n\t\t<div class=\"elementor-element elementor-element-2b69c90 e-con-full e-flex e-con e-child\" data-id=\"2b69c90\" data-element_type=\"container\">\n\t\t\t\t<div class=\"elementor-element elementor-element-42a0806 elementor-align-center elementor-widget elementor-widget-button\" data-id=\"42a0806\" data-element_type=\"widget\" data-widget_type=\"button.default\">\n\t\t\t\t<div class=\"elementor-widget-container\">\n\t\t\t\t\t<div class=\"elementor-button-wrapper\">\n\t\t\t<a class=\"elementor-button elementor-button-link elementor-size-sm\" href=\"https:\/\/kaleidoskopkulture.com\/sr\/galerija-arhitektura-2020\/\">\n\t\t\t\t\t\t<span class=\"elementor-button-content-wrapper\">\n\t\t\t\t\t\t<span class=\"elementor-button-text\">Galerija Arhitektura<\/span>\n\t\t<\/span>\n\t\t\t\t\t<\/a>\n\t\t<\/div>\n\t\t\t\t<\/div>\n\t\t\t\t<\/div>\n\t\t\t\t<\/div>\n\t\t<div class=\"elementor-element elementor-element-ad87cdc e-con-full e-flex e-con e-child\" data-id=\"ad87cdc\" data-element_type=\"container\">\n\t\t\t\t<div class=\"elementor-element elementor-element-eb0325c elementor-align-center elementor-widget elementor-widget-button\" data-id=\"eb0325c\" data-element_type=\"widget\" data-widget_type=\"button.default\">\n\t\t\t\t<div class=\"elementor-widget-container\">\n\t\t\t\t\t<div class=\"elementor-button-wrapper\">\n\t\t\t<a class=\"elementor-button elementor-button-link elementor-size-sm\" href=\"https:\/\/kaleidoskopkulture.com\/sr\/galerija-knjizevnost-2020\/\">\n\t\t\t\t\t\t<span class=\"elementor-button-content-wrapper\">\n\t\t\t\t\t\t<span class=\"elementor-button-text\">Galerija knji\u017eevnost<\/span>\n\t\t<\/span>\n\t\t\t\t\t<\/a>\n\t\t<\/div>\n\t\t\t\t<\/div>\n\t\t\t\t<\/div>\n\t\t\t\t<\/div>\n\t\t\t\t\t<\/div>\n\t\t\t\t<\/div>\n\t\t\t\t<\/div>\n\t\t","protected":false},"excerpt":{"rendered":"<p>https:\/\/www.youtube.com\/watch?v=PiNxPIodcxo Uprkos pandemiji,\u00a0tre\u0107i Kaleidoskop kulture, koji je odr\u017ean od 4. septembra do 9. oktobra 2020. godine, uspeo je da okupi neka od\u00a0najzna\u010dajnijih evropskih imena iz sveta knji\u017eevnosti i dizajna, kao i da podigne kapacitete lokalne scene, sa novim pristupom sadr\u017eajima&#8230;<\/p>\n","protected":false},"author":11,"featured_media":0,"parent":0,"menu_order":0,"comment_status":"closed","ping_status":"closed","template":"","meta":{"footnotes":""},"class_list":["post-10407","page","type-page","status-publish","hentry"],"yoast_head":"<!-- This site is optimized with the Yoast SEO plugin v22.4 - https:\/\/yoast.com\/wordpress\/plugins\/seo\/ -->\n<title>Kaleidoskop kulture 2020. - Kaleidoskop kulture<\/title>\n<meta name=\"robots\" content=\"index, follow, max-snippet:-1, max-image-preview:large, max-video-preview:-1\" \/>\n<link rel=\"canonical\" href=\"https:\/\/kaleidoskopkulture.com\/sr\/kaleidoskop-kulture-2020\/\" \/>\n<meta property=\"og:locale\" content=\"sr_RS\" \/>\n<meta property=\"og:type\" content=\"article\" \/>\n<meta property=\"og:title\" content=\"Kaleidoskop kulture 2020. - Kaleidoskop kulture\" \/>\n<meta property=\"og:description\" content=\"https:\/\/www.youtube.com\/watch?v=PiNxPIodcxo Uprkos pandemiji,\u00a0tre\u0107i Kaleidoskop kulture, koji je odr\u017ean od 4. septembra do 9. oktobra 2020. godine, uspeo je da okupi neka od\u00a0najzna\u010dajnijih evropskih imena iz sveta knji\u017eevnosti i dizajna, kao i da podigne kapacitete lokalne scene, sa novim pristupom sadr\u017eajima...\" \/>\n<meta property=\"og:url\" content=\"https:\/\/kaleidoskopkulture.com\/sr\/kaleidoskop-kulture-2020\/\" \/>\n<meta property=\"og:site_name\" content=\"Kaleidoskop kulture\" \/>\n<meta property=\"article:modified_time\" content=\"2024-02-20T14:29:25+00:00\" \/>\n<meta name=\"twitter:card\" content=\"summary_large_image\" \/>\n<meta name=\"twitter:label1\" content=\"Procenjeno vreme \u010ditanja\" \/>\n\t<meta name=\"twitter:data1\" content=\"2 minuta\" \/>\n<script type=\"application\/ld+json\" class=\"yoast-schema-graph\">{\"@context\":\"https:\/\/schema.org\",\"@graph\":[{\"@type\":\"WebPage\",\"@id\":\"https:\/\/kaleidoskopkulture.com\/sr\/kaleidoskop-kulture-2020\/\",\"url\":\"https:\/\/kaleidoskopkulture.com\/sr\/kaleidoskop-kulture-2020\/\",\"name\":\"Kaleidoskop kulture 2020. - Kaleidoskop kulture\",\"isPartOf\":{\"@id\":\"https:\/\/kaleidoskopkulture.com\/sr\/#website\"},\"datePublished\":\"2024-02-13T23:18:55+00:00\",\"dateModified\":\"2024-02-20T14:29:25+00:00\",\"breadcrumb\":{\"@id\":\"https:\/\/kaleidoskopkulture.com\/sr\/kaleidoskop-kulture-2020\/#breadcrumb\"},\"inLanguage\":\"sr-RS\",\"potentialAction\":[{\"@type\":\"ReadAction\",\"target\":[\"https:\/\/kaleidoskopkulture.com\/sr\/kaleidoskop-kulture-2020\/\"]}]},{\"@type\":\"BreadcrumbList\",\"@id\":\"https:\/\/kaleidoskopkulture.com\/sr\/kaleidoskop-kulture-2020\/#breadcrumb\",\"itemListElement\":[{\"@type\":\"ListItem\",\"position\":1,\"name\":\"Home\",\"item\":\"https:\/\/kaleidoskopkulture.com\/sr\/\"},{\"@type\":\"ListItem\",\"position\":2,\"name\":\"Kaleidoskop kulture 2020.\"}]},{\"@type\":\"WebSite\",\"@id\":\"https:\/\/kaleidoskopkulture.com\/sr\/#website\",\"url\":\"https:\/\/kaleidoskopkulture.com\/sr\/\",\"name\":\"Kaleidoskop kulture\",\"description\":\"Novo lice kulture u Novom Sadu\",\"publisher\":{\"@id\":\"https:\/\/kaleidoskopkulture.com\/sr\/#organization\"},\"potentialAction\":[{\"@type\":\"SearchAction\",\"target\":{\"@type\":\"EntryPoint\",\"urlTemplate\":\"https:\/\/kaleidoskopkulture.com\/sr\/?s={search_term_string}\"},\"query-input\":\"required name=search_term_string\"}],\"inLanguage\":\"sr-RS\"},{\"@type\":\"Organization\",\"@id\":\"https:\/\/kaleidoskopkulture.com\/sr\/#organization\",\"name\":\"Kaleidoskop kulture\",\"url\":\"https:\/\/kaleidoskopkulture.com\/sr\/\",\"logo\":{\"@type\":\"ImageObject\",\"inLanguage\":\"sr-RS\",\"@id\":\"https:\/\/kaleidoskopkulture.com\/sr\/#\/schema\/logo\/image\/\",\"url\":\"https:\/\/kaleidoskopkulture.com\/wp-content\/uploads\/2022\/08\/cropped-kk-logo-1-1.png\",\"contentUrl\":\"https:\/\/kaleidoskopkulture.com\/wp-content\/uploads\/2022\/08\/cropped-kk-logo-1-1.png\",\"width\":260,\"height\":90,\"caption\":\"Kaleidoskop kulture\"},\"image\":{\"@id\":\"https:\/\/kaleidoskopkulture.com\/sr\/#\/schema\/logo\/image\/\"}}]}<\/script>\n<!-- \/ Yoast SEO plugin. -->","yoast_head_json":{"title":"Kaleidoskop kulture 2020. - Kaleidoskop kulture","robots":{"index":"index","follow":"follow","max-snippet":"max-snippet:-1","max-image-preview":"max-image-preview:large","max-video-preview":"max-video-preview:-1"},"canonical":"https:\/\/kaleidoskopkulture.com\/sr\/kaleidoskop-kulture-2020\/","og_locale":"sr_RS","og_type":"article","og_title":"Kaleidoskop kulture 2020. - Kaleidoskop kulture","og_description":"https:\/\/www.youtube.com\/watch?v=PiNxPIodcxo Uprkos pandemiji,\u00a0tre\u0107i Kaleidoskop kulture, koji je odr\u017ean od 4. septembra do 9. oktobra 2020. godine, uspeo je da okupi neka od\u00a0najzna\u010dajnijih evropskih imena iz sveta knji\u017eevnosti i dizajna, kao i da podigne kapacitete lokalne scene, sa novim pristupom sadr\u017eajima...","og_url":"https:\/\/kaleidoskopkulture.com\/sr\/kaleidoskop-kulture-2020\/","og_site_name":"Kaleidoskop kulture","article_modified_time":"2024-02-20T14:29:25+00:00","twitter_card":"summary_large_image","twitter_misc":{"Procenjeno vreme \u010ditanja":"2 minuta"},"schema":{"@context":"https:\/\/schema.org","@graph":[{"@type":"WebPage","@id":"https:\/\/kaleidoskopkulture.com\/sr\/kaleidoskop-kulture-2020\/","url":"https:\/\/kaleidoskopkulture.com\/sr\/kaleidoskop-kulture-2020\/","name":"Kaleidoskop kulture 2020. - Kaleidoskop kulture","isPartOf":{"@id":"https:\/\/kaleidoskopkulture.com\/sr\/#website"},"datePublished":"2024-02-13T23:18:55+00:00","dateModified":"2024-02-20T14:29:25+00:00","breadcrumb":{"@id":"https:\/\/kaleidoskopkulture.com\/sr\/kaleidoskop-kulture-2020\/#breadcrumb"},"inLanguage":"sr-RS","potentialAction":[{"@type":"ReadAction","target":["https:\/\/kaleidoskopkulture.com\/sr\/kaleidoskop-kulture-2020\/"]}]},{"@type":"BreadcrumbList","@id":"https:\/\/kaleidoskopkulture.com\/sr\/kaleidoskop-kulture-2020\/#breadcrumb","itemListElement":[{"@type":"ListItem","position":1,"name":"Home","item":"https:\/\/kaleidoskopkulture.com\/sr\/"},{"@type":"ListItem","position":2,"name":"Kaleidoskop kulture 2020."}]},{"@type":"WebSite","@id":"https:\/\/kaleidoskopkulture.com\/sr\/#website","url":"https:\/\/kaleidoskopkulture.com\/sr\/","name":"Kaleidoskop kulture","description":"Novo lice kulture u Novom Sadu","publisher":{"@id":"https:\/\/kaleidoskopkulture.com\/sr\/#organization"},"potentialAction":[{"@type":"SearchAction","target":{"@type":"EntryPoint","urlTemplate":"https:\/\/kaleidoskopkulture.com\/sr\/?s={search_term_string}"},"query-input":"required name=search_term_string"}],"inLanguage":"sr-RS"},{"@type":"Organization","@id":"https:\/\/kaleidoskopkulture.com\/sr\/#organization","name":"Kaleidoskop kulture","url":"https:\/\/kaleidoskopkulture.com\/sr\/","logo":{"@type":"ImageObject","inLanguage":"sr-RS","@id":"https:\/\/kaleidoskopkulture.com\/sr\/#\/schema\/logo\/image\/","url":"https:\/\/kaleidoskopkulture.com\/wp-content\/uploads\/2022\/08\/cropped-kk-logo-1-1.png","contentUrl":"https:\/\/kaleidoskopkulture.com\/wp-content\/uploads\/2022\/08\/cropped-kk-logo-1-1.png","width":260,"height":90,"caption":"Kaleidoskop kulture"},"image":{"@id":"https:\/\/kaleidoskopkulture.com\/sr\/#\/schema\/logo\/image\/"}}]}},"_links":{"self":[{"href":"https:\/\/kaleidoskopkulture.com\/sr\/wp-json\/wp\/v2\/pages\/10407","targetHints":{"allow":["GET"]}}],"collection":[{"href":"https:\/\/kaleidoskopkulture.com\/sr\/wp-json\/wp\/v2\/pages"}],"about":[{"href":"https:\/\/kaleidoskopkulture.com\/sr\/wp-json\/wp\/v2\/types\/page"}],"author":[{"embeddable":true,"href":"https:\/\/kaleidoskopkulture.com\/sr\/wp-json\/wp\/v2\/users\/11"}],"replies":[{"embeddable":true,"href":"https:\/\/kaleidoskopkulture.com\/sr\/wp-json\/wp\/v2\/comments?post=10407"}],"version-history":[{"count":20,"href":"https:\/\/kaleidoskopkulture.com\/sr\/wp-json\/wp\/v2\/pages\/10407\/revisions"}],"predecessor-version":[{"id":11531,"href":"https:\/\/kaleidoskopkulture.com\/sr\/wp-json\/wp\/v2\/pages\/10407\/revisions\/11531"}],"wp:attachment":[{"href":"https:\/\/kaleidoskopkulture.com\/sr\/wp-json\/wp\/v2\/media?parent=10407"}],"curies":[{"name":"wp","href":"https:\/\/api.w.org\/{rel}","templated":true}]}}