{"id":6787,"date":"2022-08-03T18:43:33","date_gmt":"2022-08-03T16:43:33","guid":{"rendered":"https:\/\/kaleidoskopkulture.com\/?page_id=6787"},"modified":"2024-10-14T13:07:36","modified_gmt":"2024-10-14T11:07:36","slug":"kaleidoscope-calendar-literature","status":"publish","type":"page","link":"https:\/\/kaleidoskopkulture.com\/en\/kaleidoscope-calendar-literature\/","title":{"rendered":"Kaleidoscope calendar &#8211; Literature"},"content":{"rendered":"<p>[vc_row][vc_column][vc_column_text]<\/p>\n<h4 style=\"text-align: center;\"><span style=\"color: #f59650;\">LITERATURE WEEK<\/span><\/h4>\n<p style=\"text-align: center;\">DISTRICT<\/p>\n<p>[\/vc_column_text][\/vc_column][\/vc_row][vc_row disable_element=&#8221;yes&#8221; css=&#8221;.vc_custom_1692259205342{padding-top: 40px !important;}&#8221;][vc_column width=&#8221;1\/2&#8243;][vc_single_image image=&#8221;9223&#8243; img_size=&#8221;full&#8221; alignment=&#8221;center&#8221; onclick=&#8221;custom_link&#8221; link=&#8221;#calendar&#8221;][\/vc_column][vc_column width=&#8221;1\/2&#8243;][vc_single_image image=&#8221;9227&#8243; img_size=&#8221;full&#8221; alignment=&#8221;center&#8221; onclick=&#8221;custom_link&#8221; link=&#8221;#literature_list&#8221;][\/vc_column][\/vc_row][vc_row full_width=&#8221;stretch_row_content&#8221; disable_element=&#8221;yes&#8221; el_id=&#8221;calendar&#8221;][vc_column][vc_raw_html]JTNDaWZyYW1lJTIwc3JjJTNEJTIyaHR0cHMlM0ElMkYlMkZrYWxlbmRhci5ub3Zpc2FkMjAyMi5ycyUyRmVuJTJGa2FsZWlkb3Njb3BlLTIwMjItbGl0ZXJhdHVyZSUyRiUyMiUyMHRpdGxlJTNEJTIyS2FsZWlkb3Nrb3AlMjBrdWx0dXJlJTIwa2FsZW5kYXIlMjIlMjBmcmFtZWJvcmRlciUzRCUyMjAlMjIlMjBzdHlsZSUzRCUyMm1pbi1oZWlnaHQlM0ElMjAxMjUwcHglM0IlMjIlM0UlM0MlMkZpZnJhbWUlM0UlMEE=[\/vc_raw_html][\/vc_column][\/vc_row][vc_row el_id=&#8221;literature_list&#8221; css=&#8221;.vc_custom_1723792755157{padding-bottom: 40px !important;}&#8221;][vc_column][vc_video link=&#8221;https:\/\/www.youtube.com\/watch?v=3RU1PWsVlSc&#8221;][vc_custom_heading text=&#8221;PROGRAMME \/ LIST&#8221; font_container=&#8221;tag:h3|text_align:left&#8221; use_theme_fonts=&#8221;yes&#8221;][vc_column_text css=&#8221;.vc_custom_1728904023498{padding-top: 20px !important;padding-right: 20px !important;padding-left: 20px !important;}&#8221;]Interactive exhibition <strong>&#8216;<a href=\"https:\/\/kalendar.novisad2022.rs\/en\/events\/the-exhibition-the-use-of-man-kaleidoscope-of-culture-2024-2\/\">The Use of Man<\/a>&#8216; <\/strong>\/ Proizvodnja (Quarter)<\/p>\n<p id=\"tw-target-text\" class=\"tw-data-text tw-text-large tw-ta\" dir=\"ltr\" data-placeholder=\"Translation\" aria-label=\"Translated text\" data-ved=\"2ahUKEwje94K4gceIAxXhzAIHHWKkNawQ3ewLegQIBxAU\"><span class=\"Y2IQFc\" lang=\"en\">Working hours of the exhibition are <strong>from Wednesday to Sunday, from 4 p.m. to 8 p.m.<\/strong><\/span><\/p>\n<p>\u00a0[\/vc_column_text][vc_column_text css=&#8221;.vc_custom_1691758697191{padding-top: 40px !important;padding-right: 20px !important;padding-left: 20px !important;}&#8221;].[\/vc_column_text][\/vc_column][\/vc_row][vc_section][vc_row disable_element=&#8221;yes&#8221; css=&#8221;.vc_custom_1728904042924{padding-top: 10px !important;}&#8221;][vc_column][vc_custom_heading text=&#8221;Featured Events&#8221; font_container=&#8221;tag:h4|text_align:left&#8221; use_theme_fonts=&#8221;yes&#8221;][\/vc_column][\/vc_row][vc_row disable_element=&#8221;yes&#8221; css=&#8221;.vc_custom_1728904049283{padding-top: 15px !important;}&#8221; el_class=&#8221;izdvajamo-row&#8221;][vc_column width=&#8221;1\/6&#8243;][vc_single_image image=&#8221;12074&#8243; img_size=&#8221;200x200px&#8221; onclick=&#8221;custom_link&#8221; img_link_target=&#8221;_blank&#8221; link=&#8221;https:\/\/kaleidoskopkulture.com\/en\/district-will-transform-into-a-large-open-air-museum-dedicated-to-aleksandar-tisma\/&#8221;][vc_custom_heading text=&#8221;District will transform into a large open-air museum dedicated to Aleksandar Ti\u0161ma&#8221; font_container=&#8221;tag:h6|text_align:left&#8221; use_theme_fonts=&#8221;yes&#8221; css=&#8221;.vc_custom_1724400517589{padding-bottom: 10px !important;}&#8221; link=&#8221;url:https%3A%2F%2Fkaleidoskopkulture.com%2Fen%2Fdistrict-will-transform-into-a-large-open-air-museum-dedicated-to-aleksandar-tisma%2F|title:District%20will%20transform%20into%20a%20large%20open-air%20museum%20dedicated%20to%20Aleksandar%20Ti%C5%A1ma|target:_blank&#8221;][vc_custom_heading text=&#8221;MORE&#8221; font_container=&#8221;tag:h6|font_size:14|text_align:left&#8221; use_theme_fonts=&#8221;yes&#8221; link=&#8221;url:https%3A%2F%2Fkaleidoskopkulture.com%2Fen%2Fdistrict-will-transform-into-a-large-open-air-museum-dedicated-to-aleksandar-tisma%2F|title:District%20will%20transform%20into%20a%20large%20open-air%20museum%20dedicated%20to%20Aleksandar%20Ti%C5%A1ma|target:_blank&#8221; el_class=&#8221;izdvajamo-dugme&#8221; css=&#8221;.vc_custom_1723200152410{padding-bottom: 8px !important;}&#8221;][\/vc_column][\/vc_row][\/vc_section][vc_row disable_element=&#8221;yes&#8221;][vc_column][vc_column_text]<\/p>\n<div><strong>You can see the programme of the remaining weeks by clicking the following banners:<\/strong><\/div>\n<p>[\/vc_column_text][\/vc_column][\/vc_row][vc_row disable_element=&#8221;yes&#8221;][vc_column width=&#8221;1\/5&#8243;][vc_single_image image=&#8221;9205&#8243; img_size=&#8221;full&#8221; alignment=&#8221;center&#8221; onclick=&#8221;custom_link&#8221; img_link_target=&#8221;_blank&#8221; link=&#8221;\/en\/kaleidoscope-calendar-openning\/&#8221;][\/vc_column][vc_column width=&#8221;1\/5&#8243;][vc_single_image image=&#8221;9207&#8243; img_size=&#8221;full&#8221; alignment=&#8221;center&#8221; onclick=&#8221;custom_link&#8221; img_link_target=&#8221;_blank&#8221; link=&#8221;\/en\/kaleidoscope-calendar-architecture\/&#8221;][\/vc_column][vc_column width=&#8221;1\/5&#8243;][vc_single_image image=&#8221;9209&#8243; img_size=&#8221;full&#8221; alignment=&#8221;center&#8221; onclick=&#8221;custom_link&#8221; img_link_target=&#8221;_blank&#8221; link=&#8221;\/en\/kaleidoscope-calendar-performing-arts\/&#8221;][\/vc_column][vc_column width=&#8221;1\/5&#8243;][vc_single_image image=&#8221;9213&#8243; img_size=&#8221;full&#8221; alignment=&#8221;center&#8221; onclick=&#8221;custom_link&#8221; img_link_target=&#8221;_blank&#8221; link=&#8221;\/en\/kaleidoscope-calendar-visual-arts\/&#8221;][\/vc_column][vc_column width=&#8221;1\/5&#8243;][vc_single_image image=&#8221;9215&#8243; img_size=&#8221;full&#8221; alignment=&#8221;center&#8221; onclick=&#8221;custom_link&#8221; img_link_target=&#8221;_blank&#8221; link=&#8221;\/en\/kaleidoscope-calendar-applied-arts\/&#8221;][\/vc_column][\/vc_row][vc_row disable_element=&#8221;yes&#8221;][vc_column][vc_column_text]A unique concept in this part of Europe is turning Novi Sad into a book town, with literary programmes, bringing together the most important regional names in this field of art. Literature week brings discussions with authors and performances standing out from the usual ways of literary promotion and answering the question of why books are important to us.<\/p>\n<p>In 2022, L\u00e1szl\u00f3 V\u00e9gel, Vedrana Rudan and The Books of Knjige performed at the Booktown, while Voja Brajovi\u0107 and Zijah Sokolovi\u0107 read fairy tales to children.<\/p>\n<p>In the previous years, the literature week hosted Svetislav Basara, Rambo Amadeus, Slobodan Ti\u0161ma, Radmila Petrovi\u0107, Ma\u0161a Seni\u010di\u0107, Aleksandar Gatalica and others.[\/vc_column_text][\/vc_column][\/vc_row][vc_row css=&#8221;.vc_custom_1707777596581{margin-top: 50px !important;}&#8221;][vc_column][vc_row_inner disable_element=&#8221;yes&#8221;][vc_column_inner][vc_basic_grid post_type=&#8221;post&#8221; max_items=&#8221;12&#8243; element_width=&#8221;3&#8243; gap=&#8221;10&#8243; item=&#8221;117&#8243; grid_id=&#8221;vc_gid:1728903912549-94c682aa-ea3e-5&#8243; taxonomies=&#8221;18&#8243;][\/vc_column_inner][\/vc_row_inner][vc_row_inner css=&#8221;.vc_custom_1707777578943{margin-top: 200px !important;}&#8221;][vc_column_inner][\/vc_column_inner][\/vc_row_inner][\/vc_column][\/vc_row]<\/p>\n","protected":false},"excerpt":{"rendered":"<p>[vc_row][vc_column][vc_column_text] LITERATURE WEEK DISTRICT [\/vc_column_text][\/vc_column][\/vc_row][vc_row disable_element=&#8221;yes&#8221; css=&#8221;.vc_custom_1692259205342{padding-top: 40px !important;}&#8221;][vc_column width=&#8221;1\/2&#8243;][vc_single_image image=&#8221;9223&#8243; img_size=&#8221;full&#8221; alignment=&#8221;center&#8221; onclick=&#8221;custom_link&#8221; link=&#8221;#calendar&#8221;][\/vc_column][vc_column width=&#8221;1\/2&#8243;][vc_single_image image=&#8221;9227&#8243; img_size=&#8221;full&#8221; alignment=&#8221;center&#8221; onclick=&#8221;custom_link&#8221; link=&#8221;#literature_list&#8221;][\/vc_column][\/vc_row][vc_row full_width=&#8221;stretch_row_content&#8221; disable_element=&#8221;yes&#8221; el_id=&#8221;calendar&#8221;][vc_column][vc_raw_html]JTNDaWZyYW1lJTIwc3JjJTNEJTIyaHR0cHMlM0ElMkYlMkZrYWxlbmRhci5ub3Zpc2FkMjAyMi5ycyUyRmVuJTJGa2FsZWlkb3Njb3BlLTIwMjItbGl0ZXJhdHVyZSUyRiUyMiUyMHRpdGxlJTNEJTIyS2FsZWlkb3Nrb3AlMjBrdWx0dXJlJTIwa2FsZW5kYXIlMjIlMjBmcmFtZWJvcmRlciUzRCUyMjAlMjIlMjBzdHlsZSUzRCUyMm1pbi1oZWlnaHQlM0ElMjAxMjUwcHglM0IlMjIlM0UlM0MlMkZpZnJhbWUlM0UlMEE=[\/vc_raw_html][\/vc_column][\/vc_row][vc_row el_id=&#8221;literature_list&#8221; css=&#8221;.vc_custom_1723792755157{padding-bottom: 40px !important;}&#8221;][vc_column][vc_video link=&#8221;https:\/\/www.youtube.com\/watch?v=3RU1PWsVlSc&#8221;][vc_custom_heading text=&#8221;PROGRAMME \/ LIST&#8221; font_container=&#8221;tag:h3|text_align:left&#8221; use_theme_fonts=&#8221;yes&#8221;][vc_column_text css=&#8221;.vc_custom_1728904023498{padding-top: 20px !important;padding-right: 20px !important;padding-left: 20px&#8230;<\/p>\n","protected":false},"author":6,"featured_media":12198,"parent":0,"menu_order":0,"comment_status":"closed","ping_status":"closed","template":"","meta":{"footnotes":""},"class_list":["post-6787","page","type-page","status-publish","has-post-thumbnail","hentry"],"yoast_head":"<!-- This site is optimized with the Yoast SEO plugin v22.4 - https:\/\/yoast.com\/wordpress\/plugins\/seo\/ -->\n<title>Kaleidoscope calendar - Literature - Kaleidoskop kulture<\/title>\n<meta name=\"description\" content=\"As part of the Kaleidoscope of Culture, Novi Sad will transform into a city of literature, celebrating the 100th anniversary of the birth of Aleksandar Ti\u0161ma.\" \/>\n<meta name=\"robots\" content=\"index, follow, max-snippet:-1, max-image-preview:large, max-video-preview:-1\" \/>\n<link rel=\"canonical\" href=\"https:\/\/kaleidoskopkulture.com\/en\/kaleidoscope-calendar-literature\/\" \/>\n<meta property=\"og:locale\" content=\"en_US\" \/>\n<meta property=\"og:type\" content=\"article\" \/>\n<meta property=\"og:title\" content=\"Kaleidoscope calendar - Literature - Kaleidoskop kulture\" \/>\n<meta property=\"og:description\" content=\"As part of the Kaleidoscope of Culture, Novi Sad will transform into a city of literature, celebrating the 100th anniversary of the birth of Aleksandar Ti\u0161ma.\" \/>\n<meta property=\"og:url\" content=\"https:\/\/kaleidoskopkulture.com\/en\/kaleidoscope-calendar-literature\/\" \/>\n<meta property=\"og:site_name\" content=\"Kaleidoskop kulture\" \/>\n<meta property=\"article:modified_time\" content=\"2024-10-14T11:07:36+00:00\" \/>\n<meta property=\"og:image\" content=\"https:\/\/kaleidoskopkulture.com\/wp-content\/uploads\/2024\/08\/kk24_vizuali_genericki8-1.png\" \/>\n\t<meta property=\"og:image:width\" content=\"1080\" \/>\n\t<meta property=\"og:image:height\" content=\"1080\" \/>\n\t<meta property=\"og:image:type\" content=\"image\/png\" \/>\n<meta name=\"twitter:card\" content=\"summary_large_image\" \/>\n<meta name=\"twitter:label1\" content=\"Est. reading time\" \/>\n\t<meta name=\"twitter:data1\" content=\"4 minutes\" \/>\n<script type=\"application\/ld+json\" class=\"yoast-schema-graph\">{\"@context\":\"https:\/\/schema.org\",\"@graph\":[{\"@type\":\"WebPage\",\"@id\":\"https:\/\/kaleidoskopkulture.com\/en\/kaleidoscope-calendar-literature\/\",\"url\":\"https:\/\/kaleidoskopkulture.com\/en\/kaleidoscope-calendar-literature\/\",\"name\":\"Kaleidoscope calendar - Literature - Kaleidoskop kulture\",\"isPartOf\":{\"@id\":\"https:\/\/kaleidoskopkulture.com\/sr\/#website\"},\"primaryImageOfPage\":{\"@id\":\"https:\/\/kaleidoskopkulture.com\/en\/kaleidoscope-calendar-literature\/#primaryimage\"},\"image\":{\"@id\":\"https:\/\/kaleidoskopkulture.com\/en\/kaleidoscope-calendar-literature\/#primaryimage\"},\"thumbnailUrl\":\"https:\/\/kaleidoskopkulture.com\/wp-content\/uploads\/2024\/08\/kk24_vizuali_genericki8-1.png\",\"datePublished\":\"2022-08-03T16:43:33+00:00\",\"dateModified\":\"2024-10-14T11:07:36+00:00\",\"description\":\"As part of the Kaleidoscope of Culture, Novi Sad will transform into a city of literature, celebrating the 100th anniversary of the birth of Aleksandar Ti\u0161ma.\",\"breadcrumb\":{\"@id\":\"https:\/\/kaleidoskopkulture.com\/en\/kaleidoscope-calendar-literature\/#breadcrumb\"},\"inLanguage\":\"en-US\",\"potentialAction\":[{\"@type\":\"ReadAction\",\"target\":[\"https:\/\/kaleidoskopkulture.com\/en\/kaleidoscope-calendar-literature\/\"]}]},{\"@type\":\"ImageObject\",\"inLanguage\":\"en-US\",\"@id\":\"https:\/\/kaleidoskopkulture.com\/en\/kaleidoscope-calendar-literature\/#primaryimage\",\"url\":\"https:\/\/kaleidoskopkulture.com\/wp-content\/uploads\/2024\/08\/kk24_vizuali_genericki8-1.png\",\"contentUrl\":\"https:\/\/kaleidoskopkulture.com\/wp-content\/uploads\/2024\/08\/kk24_vizuali_genericki8-1.png\",\"width\":1080,\"height\":1080},{\"@type\":\"BreadcrumbList\",\"@id\":\"https:\/\/kaleidoskopkulture.com\/en\/kaleidoscope-calendar-literature\/#breadcrumb\",\"itemListElement\":[{\"@type\":\"ListItem\",\"position\":1,\"name\":\"Home\",\"item\":\"https:\/\/kaleidoskopkulture.com\/sr\/\"},{\"@type\":\"ListItem\",\"position\":2,\"name\":\"Kaleidoscope calendar &#8211; Literature\"}]},{\"@type\":\"WebSite\",\"@id\":\"https:\/\/kaleidoskopkulture.com\/sr\/#website\",\"url\":\"https:\/\/kaleidoskopkulture.com\/sr\/\",\"name\":\"Kaleidoskop kulture\",\"description\":\"Novo lice kulture u Novom Sadu\",\"publisher\":{\"@id\":\"https:\/\/kaleidoskopkulture.com\/sr\/#organization\"},\"potentialAction\":[{\"@type\":\"SearchAction\",\"target\":{\"@type\":\"EntryPoint\",\"urlTemplate\":\"https:\/\/kaleidoskopkulture.com\/sr\/?s={search_term_string}\"},\"query-input\":\"required name=search_term_string\"}],\"inLanguage\":\"en-US\"},{\"@type\":\"Organization\",\"@id\":\"https:\/\/kaleidoskopkulture.com\/sr\/#organization\",\"name\":\"Kaleidoskop kulture\",\"url\":\"https:\/\/kaleidoskopkulture.com\/sr\/\",\"logo\":{\"@type\":\"ImageObject\",\"inLanguage\":\"en-US\",\"@id\":\"https:\/\/kaleidoskopkulture.com\/sr\/#\/schema\/logo\/image\/\",\"url\":\"https:\/\/kaleidoskopkulture.com\/wp-content\/uploads\/2022\/08\/kk-en.png\",\"contentUrl\":\"https:\/\/kaleidoskopkulture.com\/wp-content\/uploads\/2022\/08\/kk-en.png\",\"width\":780,\"height\":272,\"caption\":\"Kaleidoskop kulture\"},\"image\":{\"@id\":\"https:\/\/kaleidoskopkulture.com\/sr\/#\/schema\/logo\/image\/\"}}]}<\/script>\n<!-- \/ Yoast SEO plugin. -->","yoast_head_json":{"title":"Kaleidoscope calendar - Literature - Kaleidoskop kulture","description":"As part of the Kaleidoscope of Culture, Novi Sad will transform into a city of literature, celebrating the 100th anniversary of the birth of Aleksandar Ti\u0161ma.","robots":{"index":"index","follow":"follow","max-snippet":"max-snippet:-1","max-image-preview":"max-image-preview:large","max-video-preview":"max-video-preview:-1"},"canonical":"https:\/\/kaleidoskopkulture.com\/en\/kaleidoscope-calendar-literature\/","og_locale":"en_US","og_type":"article","og_title":"Kaleidoscope calendar - Literature - Kaleidoskop kulture","og_description":"As part of the Kaleidoscope of Culture, Novi Sad will transform into a city of literature, celebrating the 100th anniversary of the birth of Aleksandar Ti\u0161ma.","og_url":"https:\/\/kaleidoskopkulture.com\/en\/kaleidoscope-calendar-literature\/","og_site_name":"Kaleidoskop kulture","article_modified_time":"2024-10-14T11:07:36+00:00","og_image":[{"width":1080,"height":1080,"url":"https:\/\/kaleidoskopkulture.com\/wp-content\/uploads\/2024\/08\/kk24_vizuali_genericki8-1.png","type":"image\/png"}],"twitter_card":"summary_large_image","twitter_misc":{"Est. reading time":"4 minutes"},"schema":{"@context":"https:\/\/schema.org","@graph":[{"@type":"WebPage","@id":"https:\/\/kaleidoskopkulture.com\/en\/kaleidoscope-calendar-literature\/","url":"https:\/\/kaleidoskopkulture.com\/en\/kaleidoscope-calendar-literature\/","name":"Kaleidoscope calendar - Literature - Kaleidoskop kulture","isPartOf":{"@id":"https:\/\/kaleidoskopkulture.com\/sr\/#website"},"primaryImageOfPage":{"@id":"https:\/\/kaleidoskopkulture.com\/en\/kaleidoscope-calendar-literature\/#primaryimage"},"image":{"@id":"https:\/\/kaleidoskopkulture.com\/en\/kaleidoscope-calendar-literature\/#primaryimage"},"thumbnailUrl":"https:\/\/kaleidoskopkulture.com\/wp-content\/uploads\/2024\/08\/kk24_vizuali_genericki8-1.png","datePublished":"2022-08-03T16:43:33+00:00","dateModified":"2024-10-14T11:07:36+00:00","description":"As part of the Kaleidoscope of Culture, Novi Sad will transform into a city of literature, celebrating the 100th anniversary of the birth of Aleksandar Ti\u0161ma.","breadcrumb":{"@id":"https:\/\/kaleidoskopkulture.com\/en\/kaleidoscope-calendar-literature\/#breadcrumb"},"inLanguage":"en-US","potentialAction":[{"@type":"ReadAction","target":["https:\/\/kaleidoskopkulture.com\/en\/kaleidoscope-calendar-literature\/"]}]},{"@type":"ImageObject","inLanguage":"en-US","@id":"https:\/\/kaleidoskopkulture.com\/en\/kaleidoscope-calendar-literature\/#primaryimage","url":"https:\/\/kaleidoskopkulture.com\/wp-content\/uploads\/2024\/08\/kk24_vizuali_genericki8-1.png","contentUrl":"https:\/\/kaleidoskopkulture.com\/wp-content\/uploads\/2024\/08\/kk24_vizuali_genericki8-1.png","width":1080,"height":1080},{"@type":"BreadcrumbList","@id":"https:\/\/kaleidoskopkulture.com\/en\/kaleidoscope-calendar-literature\/#breadcrumb","itemListElement":[{"@type":"ListItem","position":1,"name":"Home","item":"https:\/\/kaleidoskopkulture.com\/sr\/"},{"@type":"ListItem","position":2,"name":"Kaleidoscope calendar &#8211; Literature"}]},{"@type":"WebSite","@id":"https:\/\/kaleidoskopkulture.com\/sr\/#website","url":"https:\/\/kaleidoskopkulture.com\/sr\/","name":"Kaleidoskop kulture","description":"Novo lice kulture u Novom Sadu","publisher":{"@id":"https:\/\/kaleidoskopkulture.com\/sr\/#organization"},"potentialAction":[{"@type":"SearchAction","target":{"@type":"EntryPoint","urlTemplate":"https:\/\/kaleidoskopkulture.com\/sr\/?s={search_term_string}"},"query-input":"required name=search_term_string"}],"inLanguage":"en-US"},{"@type":"Organization","@id":"https:\/\/kaleidoskopkulture.com\/sr\/#organization","name":"Kaleidoskop kulture","url":"https:\/\/kaleidoskopkulture.com\/sr\/","logo":{"@type":"ImageObject","inLanguage":"en-US","@id":"https:\/\/kaleidoskopkulture.com\/sr\/#\/schema\/logo\/image\/","url":"https:\/\/kaleidoskopkulture.com\/wp-content\/uploads\/2022\/08\/kk-en.png","contentUrl":"https:\/\/kaleidoskopkulture.com\/wp-content\/uploads\/2022\/08\/kk-en.png","width":780,"height":272,"caption":"Kaleidoskop kulture"},"image":{"@id":"https:\/\/kaleidoskopkulture.com\/sr\/#\/schema\/logo\/image\/"}}]}},"_links":{"self":[{"href":"https:\/\/kaleidoskopkulture.com\/en\/wp-json\/wp\/v2\/pages\/6787","targetHints":{"allow":["GET"]}}],"collection":[{"href":"https:\/\/kaleidoskopkulture.com\/en\/wp-json\/wp\/v2\/pages"}],"about":[{"href":"https:\/\/kaleidoskopkulture.com\/en\/wp-json\/wp\/v2\/types\/page"}],"author":[{"embeddable":true,"href":"https:\/\/kaleidoskopkulture.com\/en\/wp-json\/wp\/v2\/users\/6"}],"replies":[{"embeddable":true,"href":"https:\/\/kaleidoskopkulture.com\/en\/wp-json\/wp\/v2\/comments?post=6787"}],"version-history":[{"count":85,"href":"https:\/\/kaleidoskopkulture.com\/en\/wp-json\/wp\/v2\/pages\/6787\/revisions"}],"predecessor-version":[{"id":13656,"href":"https:\/\/kaleidoskopkulture.com\/en\/wp-json\/wp\/v2\/pages\/6787\/revisions\/13656"}],"wp:featuredmedia":[{"embeddable":true,"href":"https:\/\/kaleidoskopkulture.com\/en\/wp-json\/wp\/v2\/media\/12198"}],"wp:attachment":[{"href":"https:\/\/kaleidoskopkulture.com\/en\/wp-json\/wp\/v2\/media?parent=6787"}],"curies":[{"name":"wp","href":"https:\/\/api.w.org\/{rel}","templated":true}]}}