{"id":2778,"date":"2020-09-22T16:43:08","date_gmt":"2020-09-22T14:43:08","guid":{"rendered":"https:\/\/kaleidoskopkulture.com\/?page_id=2778"},"modified":"2022-09-12T15:30:15","modified_gmt":"2022-09-12T13:30:15","slug":"literature-programme","status":"publish","type":"page","link":"https:\/\/kaleidoskopkulture.com\/en\/literature-programme\/","title":{"rendered":"Literature programme"},"content":{"rendered":"<p>[vc_row][vc_column][vc_column_text]<\/p>\n<h3 style=\"text-align: center;\">LITERATURE WEEK \/ 18 \u2013 23 September 2021<\/h3>\n<p>&nbsp;<\/p>\n<p>&nbsp;<\/p>\n<p><strong>18 SEPTEMBER 2021<\/strong><\/p>\n<p><strong>5 \u2013 9 p.m. \/ Suburbium of the Petrovaradin Fortress (parking lot near the Military hospital)<\/strong><\/p>\n<p>The Novi Sad Book Exchange (Podrga\u0111e Booktown)<\/p>\n<p><strong>6 \u2013 10 p.m. \/ Suburbium of the Petrovaradin Fortress<\/strong><\/p>\n<p>Literature Night (Podrga\u0111e Booktown) \/ French Institute; EUNIC cluster<\/p>\n<p><strong>7 \u2013 8 p.m. \/ Suburbium of the Petrovaradin Fortress (main stage in Beogradska Street)<\/strong><\/p>\n<p>Laureate Circle: guest Svetislav Basara (Podrga\u0111e Booktown)<\/p>\n<p><strong>8 p.m. \/ Suburbium of the Petrovaradin Fortress (parking lot near the Military hospital)<\/strong><br \/>\nFilmed book:\u00a0Juliet\u00a0(based on the novel by Nick Hornby) \u2013 Podrga\u0111e Booktown<\/p>\n<p><strong>10.30 p.m. \/ Suburbium of the Petrovaradin Fortress (main stage in Beogradska Street)<\/strong><\/p>\n<p>Kralj \u010ca\u010dka (Podrga\u0111e Booktown)<\/p>\n<p>&nbsp;<\/p>\n<p><strong>19 SEPTEMBER 2021<\/strong><\/p>\n<p><strong>5 \u2013 6 p.m. \/ Suburbium of the Petrovaradin Fortress (Caf\u00e9 Bukowski\u00a0)<\/strong><\/p>\n<p>\u2018Pri\u010dkice\u2019 book promotion (Podrga\u0111e Booktown)<\/p>\n<p><strong>5 \u2013 9 p.m. \/ Suburbium of the Petrovaradin Fortress (parking lot near the Military hospital)<\/strong><\/p>\n<p>The Novi Sad Book Exchange (Podrga\u0111e Booktown)<\/p>\n<p><strong>5:30 \u2013 7 p.m. \/ Suburbium of the Petrovaradin Fortress (<a href=\"https:\/\/www.facebook.com\/prostorgradic\/\">Prostor<\/a>)<\/strong><\/p>\n<p>Fabuloze #1 \u2013 Panel discussion \u2018Za\u0161to pi\u0161em? \u2013 Ili o identitetu pisca danas\u2019 (Podrga\u0111e Booktown)<\/p>\n<p><strong>7 \u2013 8 p.m. \/ Suburbium of the Petrovaradin Fortress (<a href=\"https:\/\/www.facebook.com\/prostorgradic\/\">Prostor<\/a>)<\/strong><\/p>\n<p>Novi glasovi \/ Filip Gruji\u0107 and Borisav Mati\u0107 (Podrga\u0111e Booktown)<\/p>\n<p><strong>7:30 \u2013 9 p.m. \/ Suburbium of the Petrovaradin Fortress (main stage in Beogradska Street)<\/strong><\/p>\n<p>Rambo Amadeus \u2018Ve\u010deri glomazne poezije\u2019 (Podrga\u0111e Booktown)<\/p>\n<p><strong>8 \u2013 9:30 p.m. \/ Suburbium of the Petrovaradin Fortress (parking lot near the Military hospital)<\/strong><br \/>\nFilmed book:\u00a0Where&#8217;d You Go, Bernadette\u00a0(based on the novel by\u00a0Maria Semple) \u2013\u00a0Podgra\u0111e Bookwtown<\/p>\n<p><strong>9.30 \u2013 11 p.m. \/ Suburbium of the Petrovaradin Fortress (main stage in Beogradska Street)<\/strong><\/p>\n<p>\u2018Udarna vest\u2019 play (Podrga\u0111e Booktown) \/ Atila Kapitanj<\/p>\n<p>&nbsp;<\/p>\n<p><strong>20 SEPTEMBER 2021 <\/strong><\/p>\n<p><strong>Bukovac CS<\/strong><\/p>\n<p>Fabuloze #2 \u2013 Panel discussion \u2018Ama kakvo \u017eensko pismo, \u017eenska glava! \u2013 ili evolucija \u017eena od boljih \u010ditalaca do boljih pisaca\u2019<\/p>\n<p>&nbsp;<\/p>\n<p><strong>21 SEPTEMBER 2021\u00a0<\/strong><\/p>\n<p><strong>8 p.m. \/ Egys\u00e9g CS<\/strong><\/p>\n<p>\u2018Alice in Wonderland\u2019 immersive play \/ Dimitrije Beljanski<\/p>\n<p><strong>7:30 p.m. \/ Bulevar Books<\/strong><\/p>\n<p>Fabuloze #3 \u2013 Panel disccusion \u2018Pi\u0161em, dakle postojim. (I u knjizi) \u2013 Ili o odnosima stvarnog i izmi\u0161ljenog u savremenoj knji\u017eevnosti<\/p>\n<p>&nbsp;<\/p>\n<p><strong>22 SEPTEMBER 2021 <\/strong><\/p>\n<p><strong>7 p.m. \/ Svilara CS<\/strong><\/p>\n<p>Urbani simboli i signali: paralelni svetovi Novog Sada \/ Milan Tripkovi\u0107<\/p>\n<p>&nbsp;<\/p>\n<p><strong>23 SEPTEMBER 2021 <\/strong><\/p>\n<p><strong>7 p.m. \/ Mlin CS<\/strong><\/p>\n<p>\u017divot Margite Stefanovi\u0107 \/ Neda Nosovi\u0107 and Ivana Anti\u0107[\/vc_column_text][\/vc_column][\/vc_row][vc_row][vc_column][vc_column_text css=&#8221;.vc_custom_1600849417184{padding-top: 50px !important;}&#8221;]<strong>Programme of other weeks of art can be seen by clicking on the banners below:<br \/>\n<\/strong>[\/vc_column_text][\/vc_column][\/vc_row][vc_row][vc_column width=&#8221;1\/5&#8243;][vc_single_image image=&#8221;4501&#8243; img_size=&#8221;full&#8221; alignment=&#8221;center&#8221; onclick=&#8221;custom_link&#8221; link=&#8221;https:\/\/kaleidoskopkulture.com\/en\/opening-programme\/&#8221;][\/vc_column][vc_column width=&#8221;1\/5&#8243;][vc_single_image image=&#8221;4503&#8243; img_size=&#8221;full&#8221; alignment=&#8221;center&#8221; onclick=&#8221;custom_link&#8221; link=&#8221;https:\/\/kaleidoskopkulture.com\/en\/architecture-programme\/&#8221;][\/vc_column][vc_column width=&#8221;1\/5&#8243;][vc_single_image image=&#8221;4493&#8243; img_size=&#8221;full&#8221; alignment=&#8221;center&#8221; onclick=&#8221;custom_link&#8221; link=&#8221;https:\/\/kaleidoskopkulture.com\/en\/performing-programme\/&#8221;][\/vc_column][vc_column width=&#8221;1\/5&#8243;][vc_single_image image=&#8221;4497&#8243; img_size=&#8221;full&#8221; alignment=&#8221;center&#8221; onclick=&#8221;custom_link&#8221; link=&#8221;https:\/\/kaleidoskopkulture.com\/en\/visual-programme\/&#8221;][\/vc_column][vc_column width=&#8221;1\/5&#8243;][vc_single_image image=&#8221;4499&#8243; img_size=&#8221;full&#8221; alignment=&#8221;center&#8221; onclick=&#8221;custom_link&#8221; link=&#8221;https:\/\/kaleidoskopkulture.com\/en\/applied-programme\/&#8221;][\/vc_column][\/vc_row]<\/p>\n","protected":false},"excerpt":{"rendered":"<p>[vc_row][vc_column][vc_column_text] LITERATURE WEEK \/ 18 \u2013 23 September 2021 &nbsp; &nbsp; 18 SEPTEMBER 2021 5 \u2013 9 p.m. \/ Suburbium of the Petrovaradin Fortress (parking lot near the Military hospital) The Novi Sad Book Exchange (Podrga\u0111e Booktown) 6 \u2013 10&#8230;<\/p>\n","protected":false},"author":5,"featured_media":4495,"parent":0,"menu_order":0,"comment_status":"closed","ping_status":"closed","template":"","meta":{"footnotes":""},"class_list":["post-2778","page","type-page","status-publish","has-post-thumbnail","hentry"],"yoast_head":"<!-- This site is optimized with the Yoast SEO plugin v22.4 - https:\/\/yoast.com\/wordpress\/plugins\/seo\/ -->\n<title>Literature programme - Kaleidoskop kulture<\/title>\n<meta name=\"robots\" content=\"index, follow, max-snippet:-1, max-image-preview:large, max-video-preview:-1\" \/>\n<link rel=\"canonical\" href=\"https:\/\/kaleidoskopkulture.com\/en\/literature-programme\/\" \/>\n<meta property=\"og:locale\" content=\"en_US\" \/>\n<meta property=\"og:type\" content=\"article\" \/>\n<meta property=\"og:title\" content=\"Literature programme - Kaleidoskop kulture\" \/>\n<meta property=\"og:description\" content=\"[vc_row][vc_column][vc_column_text] LITERATURE WEEK \/ 18 \u2013 23 September 2021 &nbsp; &nbsp; 18 SEPTEMBER 2021 5 \u2013 9 p.m. \/ Suburbium of the Petrovaradin Fortress (parking lot near the Military hospital) The Novi Sad Book Exchange (Podrga\u0111e Booktown) 6 \u2013 10...\" \/>\n<meta property=\"og:url\" content=\"https:\/\/kaleidoskopkulture.com\/en\/literature-programme\/\" \/>\n<meta property=\"og:site_name\" content=\"Kaleidoskop kulture\" \/>\n<meta property=\"article:modified_time\" content=\"2022-09-12T13:30:15+00:00\" \/>\n<meta property=\"og:image\" content=\"https:\/\/kaleidoskopkulture.com\/wp-content\/uploads\/2021\/09\/knjizevnost6-2.png\" \/>\n\t<meta property=\"og:image:width\" content=\"1080\" \/>\n\t<meta property=\"og:image:height\" content=\"1080\" \/>\n\t<meta property=\"og:image:type\" content=\"image\/png\" \/>\n<meta name=\"twitter:card\" content=\"summary_large_image\" \/>\n<meta name=\"twitter:label1\" content=\"Est. reading time\" \/>\n\t<meta name=\"twitter:data1\" content=\"3 minutes\" \/>\n<script type=\"application\/ld+json\" class=\"yoast-schema-graph\">{\"@context\":\"https:\/\/schema.org\",\"@graph\":[{\"@type\":\"WebPage\",\"@id\":\"https:\/\/kaleidoskopkulture.com\/en\/literature-programme\/\",\"url\":\"https:\/\/kaleidoskopkulture.com\/en\/literature-programme\/\",\"name\":\"Literature programme - Kaleidoskop kulture\",\"isPartOf\":{\"@id\":\"https:\/\/kaleidoskopkulture.com\/sr\/#website\"},\"primaryImageOfPage\":{\"@id\":\"https:\/\/kaleidoskopkulture.com\/en\/literature-programme\/#primaryimage\"},\"image\":{\"@id\":\"https:\/\/kaleidoskopkulture.com\/en\/literature-programme\/#primaryimage\"},\"thumbnailUrl\":\"https:\/\/kaleidoskopkulture.com\/wp-content\/uploads\/2021\/09\/knjizevnost6-2.png\",\"datePublished\":\"2020-09-22T14:43:08+00:00\",\"dateModified\":\"2022-09-12T13:30:15+00:00\",\"breadcrumb\":{\"@id\":\"https:\/\/kaleidoskopkulture.com\/en\/literature-programme\/#breadcrumb\"},\"inLanguage\":\"en-US\",\"potentialAction\":[{\"@type\":\"ReadAction\",\"target\":[\"https:\/\/kaleidoskopkulture.com\/en\/literature-programme\/\"]}]},{\"@type\":\"ImageObject\",\"inLanguage\":\"en-US\",\"@id\":\"https:\/\/kaleidoskopkulture.com\/en\/literature-programme\/#primaryimage\",\"url\":\"https:\/\/kaleidoskopkulture.com\/wp-content\/uploads\/2021\/09\/knjizevnost6-2.png\",\"contentUrl\":\"https:\/\/kaleidoskopkulture.com\/wp-content\/uploads\/2021\/09\/knjizevnost6-2.png\",\"width\":1080,\"height\":1080},{\"@type\":\"BreadcrumbList\",\"@id\":\"https:\/\/kaleidoskopkulture.com\/en\/literature-programme\/#breadcrumb\",\"itemListElement\":[{\"@type\":\"ListItem\",\"position\":1,\"name\":\"Home\",\"item\":\"https:\/\/kaleidoskopkulture.com\/sr\/\"},{\"@type\":\"ListItem\",\"position\":2,\"name\":\"Literature programme\"}]},{\"@type\":\"WebSite\",\"@id\":\"https:\/\/kaleidoskopkulture.com\/sr\/#website\",\"url\":\"https:\/\/kaleidoskopkulture.com\/sr\/\",\"name\":\"Kaleidoskop kulture\",\"description\":\"Novo lice kulture u Novom Sadu\",\"publisher\":{\"@id\":\"https:\/\/kaleidoskopkulture.com\/sr\/#organization\"},\"potentialAction\":[{\"@type\":\"SearchAction\",\"target\":{\"@type\":\"EntryPoint\",\"urlTemplate\":\"https:\/\/kaleidoskopkulture.com\/sr\/?s={search_term_string}\"},\"query-input\":\"required name=search_term_string\"}],\"inLanguage\":\"en-US\"},{\"@type\":\"Organization\",\"@id\":\"https:\/\/kaleidoskopkulture.com\/sr\/#organization\",\"name\":\"Kaleidoskop kulture\",\"url\":\"https:\/\/kaleidoskopkulture.com\/sr\/\",\"logo\":{\"@type\":\"ImageObject\",\"inLanguage\":\"en-US\",\"@id\":\"https:\/\/kaleidoskopkulture.com\/sr\/#\/schema\/logo\/image\/\",\"url\":\"https:\/\/kaleidoskopkulture.com\/wp-content\/uploads\/2022\/08\/kk-en.png\",\"contentUrl\":\"https:\/\/kaleidoskopkulture.com\/wp-content\/uploads\/2022\/08\/kk-en.png\",\"width\":780,\"height\":272,\"caption\":\"Kaleidoskop kulture\"},\"image\":{\"@id\":\"https:\/\/kaleidoskopkulture.com\/sr\/#\/schema\/logo\/image\/\"}}]}<\/script>\n<!-- \/ Yoast SEO plugin. -->","yoast_head_json":{"title":"Literature programme - Kaleidoskop kulture","robots":{"index":"index","follow":"follow","max-snippet":"max-snippet:-1","max-image-preview":"max-image-preview:large","max-video-preview":"max-video-preview:-1"},"canonical":"https:\/\/kaleidoskopkulture.com\/en\/literature-programme\/","og_locale":"en_US","og_type":"article","og_title":"Literature programme - Kaleidoskop kulture","og_description":"[vc_row][vc_column][vc_column_text] LITERATURE WEEK \/ 18 \u2013 23 September 2021 &nbsp; &nbsp; 18 SEPTEMBER 2021 5 \u2013 9 p.m. \/ Suburbium of the Petrovaradin Fortress (parking lot near the Military hospital) The Novi Sad Book Exchange (Podrga\u0111e Booktown) 6 \u2013 10...","og_url":"https:\/\/kaleidoskopkulture.com\/en\/literature-programme\/","og_site_name":"Kaleidoskop kulture","article_modified_time":"2022-09-12T13:30:15+00:00","og_image":[{"width":1080,"height":1080,"url":"https:\/\/kaleidoskopkulture.com\/wp-content\/uploads\/2021\/09\/knjizevnost6-2.png","type":"image\/png"}],"twitter_card":"summary_large_image","twitter_misc":{"Est. reading time":"3 minutes"},"schema":{"@context":"https:\/\/schema.org","@graph":[{"@type":"WebPage","@id":"https:\/\/kaleidoskopkulture.com\/en\/literature-programme\/","url":"https:\/\/kaleidoskopkulture.com\/en\/literature-programme\/","name":"Literature programme - Kaleidoskop kulture","isPartOf":{"@id":"https:\/\/kaleidoskopkulture.com\/sr\/#website"},"primaryImageOfPage":{"@id":"https:\/\/kaleidoskopkulture.com\/en\/literature-programme\/#primaryimage"},"image":{"@id":"https:\/\/kaleidoskopkulture.com\/en\/literature-programme\/#primaryimage"},"thumbnailUrl":"https:\/\/kaleidoskopkulture.com\/wp-content\/uploads\/2021\/09\/knjizevnost6-2.png","datePublished":"2020-09-22T14:43:08+00:00","dateModified":"2022-09-12T13:30:15+00:00","breadcrumb":{"@id":"https:\/\/kaleidoskopkulture.com\/en\/literature-programme\/#breadcrumb"},"inLanguage":"en-US","potentialAction":[{"@type":"ReadAction","target":["https:\/\/kaleidoskopkulture.com\/en\/literature-programme\/"]}]},{"@type":"ImageObject","inLanguage":"en-US","@id":"https:\/\/kaleidoskopkulture.com\/en\/literature-programme\/#primaryimage","url":"https:\/\/kaleidoskopkulture.com\/wp-content\/uploads\/2021\/09\/knjizevnost6-2.png","contentUrl":"https:\/\/kaleidoskopkulture.com\/wp-content\/uploads\/2021\/09\/knjizevnost6-2.png","width":1080,"height":1080},{"@type":"BreadcrumbList","@id":"https:\/\/kaleidoskopkulture.com\/en\/literature-programme\/#breadcrumb","itemListElement":[{"@type":"ListItem","position":1,"name":"Home","item":"https:\/\/kaleidoskopkulture.com\/sr\/"},{"@type":"ListItem","position":2,"name":"Literature programme"}]},{"@type":"WebSite","@id":"https:\/\/kaleidoskopkulture.com\/sr\/#website","url":"https:\/\/kaleidoskopkulture.com\/sr\/","name":"Kaleidoskop kulture","description":"Novo lice kulture u Novom Sadu","publisher":{"@id":"https:\/\/kaleidoskopkulture.com\/sr\/#organization"},"potentialAction":[{"@type":"SearchAction","target":{"@type":"EntryPoint","urlTemplate":"https:\/\/kaleidoskopkulture.com\/sr\/?s={search_term_string}"},"query-input":"required name=search_term_string"}],"inLanguage":"en-US"},{"@type":"Organization","@id":"https:\/\/kaleidoskopkulture.com\/sr\/#organization","name":"Kaleidoskop kulture","url":"https:\/\/kaleidoskopkulture.com\/sr\/","logo":{"@type":"ImageObject","inLanguage":"en-US","@id":"https:\/\/kaleidoskopkulture.com\/sr\/#\/schema\/logo\/image\/","url":"https:\/\/kaleidoskopkulture.com\/wp-content\/uploads\/2022\/08\/kk-en.png","contentUrl":"https:\/\/kaleidoskopkulture.com\/wp-content\/uploads\/2022\/08\/kk-en.png","width":780,"height":272,"caption":"Kaleidoskop kulture"},"image":{"@id":"https:\/\/kaleidoskopkulture.com\/sr\/#\/schema\/logo\/image\/"}}]}},"_links":{"self":[{"href":"https:\/\/kaleidoskopkulture.com\/en\/wp-json\/wp\/v2\/pages\/2778","targetHints":{"allow":["GET"]}}],"collection":[{"href":"https:\/\/kaleidoskopkulture.com\/en\/wp-json\/wp\/v2\/pages"}],"about":[{"href":"https:\/\/kaleidoskopkulture.com\/en\/wp-json\/wp\/v2\/types\/page"}],"author":[{"embeddable":true,"href":"https:\/\/kaleidoskopkulture.com\/en\/wp-json\/wp\/v2\/users\/5"}],"replies":[{"embeddable":true,"href":"https:\/\/kaleidoskopkulture.com\/en\/wp-json\/wp\/v2\/comments?post=2778"}],"version-history":[{"count":15,"href":"https:\/\/kaleidoskopkulture.com\/en\/wp-json\/wp\/v2\/pages\/2778\/revisions"}],"predecessor-version":[{"id":8349,"href":"https:\/\/kaleidoskopkulture.com\/en\/wp-json\/wp\/v2\/pages\/2778\/revisions\/8349"}],"wp:featuredmedia":[{"embeddable":true,"href":"https:\/\/kaleidoskopkulture.com\/en\/wp-json\/wp\/v2\/media\/4495"}],"wp:attachment":[{"href":"https:\/\/kaleidoskopkulture.com\/en\/wp-json\/wp\/v2\/media?parent=2778"}],"curies":[{"name":"wp","href":"https:\/\/api.w.org\/{rel}","templated":true}]}}