{"id":2776,"date":"2020-09-22T16:42:35","date_gmt":"2020-09-22T14:42:35","guid":{"rendered":"https:\/\/kaleidoskopkulture.com\/?page_id=2776"},"modified":"2022-09-12T15:29:28","modified_gmt":"2022-09-12T13:29:28","slug":"performing-programme","status":"publish","type":"page","link":"https:\/\/kaleidoskopkulture.com\/en\/performing-programme\/","title":{"rendered":"Performing programme"},"content":{"rendered":"<p>[vc_row][vc_column][vc_column_text]<\/p>\n<h3 style=\"text-align: center;\">PERFORMING ARTS WEEK \/ 11 \u2013 17 September 2021<\/h3>\n<p>&nbsp;<\/p>\n<p>&nbsp;<\/p>\n<p><strong>11 September 2021 \/ 8:22 p.m. \/ Korzo (Mihajlo Pupin Boulevard no. 16)<\/strong><\/p>\n<p>Stefan Milenkovi\u0107 and Vojvodina Symphony Orchestra<\/p>\n<p>&nbsp;<\/p>\n<p><strong>12 September 2021 \/ 6 p.m. \/ Rumenka CS<\/strong><\/p>\n<p>Children\u2019s digital world of music \/ Jovan Adamov<\/p>\n<p>&nbsp;<\/p>\n<p><strong>12 September 2021 \/ 8 p.m. \/ Svilara CS<\/strong><\/p>\n<p>\u201estasis: to visit\u201d dance play \/ Ana Javoran<\/p>\n<p>&nbsp;<\/p>\n<p><strong>12 September 2021 \/ 8 p.m. \/ Egys\u00e9g CS<\/strong><\/p>\n<p>Raw\u0111enice \/ Mirjana Rai\u0107 Tepi\u0107<\/p>\n<p>&nbsp;<\/p>\n<p><strong>13 September 2021 \/ 8 p.m. \/ Svilara CS<\/strong><\/p>\n<p>Novi Sad Tango Quintet \u2013 a tribute to Astor Piazzolla \/ Dragana Kuzmanovi\u0107<\/p>\n<p>&nbsp;<\/p>\n<p><span style=\"color: #333333;\"><strong>13 &#8211; 17 September 2021 \/ Fabrika<\/strong><\/span><br \/>\n<span style=\"color: #333333;\">Tanz Platz \/ SKCNS<\/span><\/p>\n<p>&nbsp;<\/p>\n<p><strong>14 September 2021 \/ 9 \u2013 11 a.m. \/ Mlin CS<\/strong><\/p>\n<p>Interactive music workshops for children \/ \u017darko Sebi\u0107<\/p>\n<p>&nbsp;<\/p>\n<p><strong>14 September 2021 \/ 8 p.m. \/ Svilara CS<\/strong><\/p>\n<p>Vojvodina Blues Band<\/p>\n<p>&nbsp;<\/p>\n<p><strong>15 September 2021 \/ 9 \u2013 11 a.m. \/ Mlin CS<\/strong><\/p>\n<p>Interactive music workshops for children \/ \u017darko Sebi\u0107<\/p>\n<p>&nbsp;<\/p>\n<p><strong>15 September 2021 \/ 7 p.m. \/ Svilara CS<\/strong><\/p>\n<p>Ju\u010dera\u0161nji svet <span style=\"color: #333333;\">\u2013 koncertno predstavljanje pesni\u010dko-muzi\u010dke edicije<\/span> \/ Milo\u0161 Zubac and Nemanja Ne\u0161i\u0107<\/p>\n<p>&nbsp;<\/p>\n<p><strong>16 September 2021 \/ 7 p.m. \/ Bukovac CS<\/strong><\/p>\n<p>Muzi\u010dko putovanje kroz stilske epohe \/ Milan Stojanovi\u0107<\/p>\n<p>&nbsp;<\/p>\n<p><strong>16 September 2021 \/ 8 p.m. \/ Svilara CS<\/strong><\/p>\n<p>Klatno by Goran Eri\u0107 and Ivan Burka \/ \u0160aht Maht ensemble<\/p>\n<p>&nbsp;<\/p>\n<p><strong>17 September 2021 \/ 7 p.m. \/ Svilara CS<\/strong><\/p>\n<p>Pri\u010de iz du\u0161e III \/ Vojana Obradovi\u0107[\/vc_column_text][\/vc_column][\/vc_row][vc_row][vc_column][vc_column_text css=&#8221;.vc_custom_1630602672798{padding-top: 50px !important;}&#8221;]<strong>You can see the programme of the remaining weeks by clicking the following banners:<\/strong>[\/vc_column_text][\/vc_column][\/vc_row][vc_row][vc_column width=&#8221;1\/5&#8243;][vc_single_image image=&#8221;4501&#8243; img_size=&#8221;full&#8221; alignment=&#8221;center&#8221; onclick=&#8221;custom_link&#8221; link=&#8221;https:\/\/kaleidoskopkulture.com\/en\/opening-programme\/&#8221;][\/vc_column][vc_column width=&#8221;1\/5&#8243;][vc_single_image image=&#8221;4503&#8243; img_size=&#8221;full&#8221; alignment=&#8221;center&#8221; onclick=&#8221;custom_link&#8221; link=&#8221;https:\/\/kaleidoskopkulture.com\/en\/architecture-programme\/&#8221;][\/vc_column][vc_column width=&#8221;1\/5&#8243;][vc_single_image image=&#8221;4495&#8243; img_size=&#8221;full&#8221; alignment=&#8221;center&#8221; onclick=&#8221;custom_link&#8221; link=&#8221;https:\/\/kaleidoskopkulture.com\/en\/literature-programme\/&#8221;][\/vc_column][vc_column width=&#8221;1\/5&#8243;][vc_single_image image=&#8221;4497&#8243; img_size=&#8221;full&#8221; alignment=&#8221;center&#8221; onclick=&#8221;custom_link&#8221; link=&#8221;https:\/\/kaleidoskopkulture.com\/en\/visual-programme\/&#8221;][\/vc_column][vc_column width=&#8221;1\/5&#8243;][vc_single_image image=&#8221;4499&#8243; img_size=&#8221;full&#8221; alignment=&#8221;center&#8221; onclick=&#8221;custom_link&#8221; link=&#8221;https:\/\/kaleidoskopkulture.com\/en\/applied-programme\/&#8221;][\/vc_column][\/vc_row]<\/p>\n","protected":false},"excerpt":{"rendered":"<p>[vc_row][vc_column][vc_column_text] PERFORMING ARTS WEEK \/ 11 \u2013 17 September 2021 &nbsp; &nbsp; 11 September 2021 \/ 8:22 p.m. \/ Korzo (Mihajlo Pupin Boulevard no. 16) Stefan Milenkovi\u0107 and Vojvodina Symphony Orchestra &nbsp; 12 September 2021 \/ 6 p.m. \/ Rumenka&#8230;<\/p>\n","protected":false},"author":5,"featured_media":4493,"parent":0,"menu_order":0,"comment_status":"closed","ping_status":"closed","template":"","meta":{"footnotes":""},"class_list":["post-2776","page","type-page","status-publish","has-post-thumbnail","hentry"],"yoast_head":"<!-- This site is optimized with the Yoast SEO plugin v22.4 - https:\/\/yoast.com\/wordpress\/plugins\/seo\/ -->\n<title>Performing programme - Kaleidoskop kulture<\/title>\n<meta name=\"robots\" content=\"index, follow, max-snippet:-1, max-image-preview:large, max-video-preview:-1\" \/>\n<link rel=\"canonical\" href=\"https:\/\/kaleidoskopkulture.com\/en\/performing-programme\/\" \/>\n<meta property=\"og:locale\" content=\"en_US\" \/>\n<meta property=\"og:type\" content=\"article\" \/>\n<meta property=\"og:title\" content=\"Performing programme - Kaleidoskop kulture\" \/>\n<meta property=\"og:description\" content=\"[vc_row][vc_column][vc_column_text] PERFORMING ARTS WEEK \/ 11 \u2013 17 September 2021 &nbsp; &nbsp; 11 September 2021 \/ 8:22 p.m. \/ Korzo (Mihajlo Pupin Boulevard no. 16) Stefan Milenkovi\u0107 and Vojvodina Symphony Orchestra &nbsp; 12 September 2021 \/ 6 p.m. \/ Rumenka...\" \/>\n<meta property=\"og:url\" content=\"https:\/\/kaleidoskopkulture.com\/en\/performing-programme\/\" \/>\n<meta property=\"og:site_name\" content=\"Kaleidoskop kulture\" \/>\n<meta property=\"article:modified_time\" content=\"2022-09-12T13:29:28+00:00\" \/>\n<meta property=\"og:image\" content=\"https:\/\/kaleidoskopkulture.com\/wp-content\/uploads\/2021\/09\/izvodjacka3-2.png\" \/>\n\t<meta property=\"og:image:width\" content=\"2250\" \/>\n\t<meta property=\"og:image:height\" content=\"2250\" \/>\n\t<meta property=\"og:image:type\" content=\"image\/png\" \/>\n<meta name=\"twitter:card\" content=\"summary_large_image\" \/>\n<meta name=\"twitter:label1\" content=\"Est. reading time\" \/>\n\t<meta name=\"twitter:data1\" content=\"2 minutes\" \/>\n<script type=\"application\/ld+json\" class=\"yoast-schema-graph\">{\"@context\":\"https:\/\/schema.org\",\"@graph\":[{\"@type\":\"WebPage\",\"@id\":\"https:\/\/kaleidoskopkulture.com\/en\/performing-programme\/\",\"url\":\"https:\/\/kaleidoskopkulture.com\/en\/performing-programme\/\",\"name\":\"Performing programme - Kaleidoskop kulture\",\"isPartOf\":{\"@id\":\"https:\/\/kaleidoskopkulture.com\/sr\/#website\"},\"primaryImageOfPage\":{\"@id\":\"https:\/\/kaleidoskopkulture.com\/en\/performing-programme\/#primaryimage\"},\"image\":{\"@id\":\"https:\/\/kaleidoskopkulture.com\/en\/performing-programme\/#primaryimage\"},\"thumbnailUrl\":\"https:\/\/kaleidoskopkulture.com\/wp-content\/uploads\/2021\/09\/izvodjacka3-2.png\",\"datePublished\":\"2020-09-22T14:42:35+00:00\",\"dateModified\":\"2022-09-12T13:29:28+00:00\",\"breadcrumb\":{\"@id\":\"https:\/\/kaleidoskopkulture.com\/en\/performing-programme\/#breadcrumb\"},\"inLanguage\":\"en-US\",\"potentialAction\":[{\"@type\":\"ReadAction\",\"target\":[\"https:\/\/kaleidoskopkulture.com\/en\/performing-programme\/\"]}]},{\"@type\":\"ImageObject\",\"inLanguage\":\"en-US\",\"@id\":\"https:\/\/kaleidoskopkulture.com\/en\/performing-programme\/#primaryimage\",\"url\":\"https:\/\/kaleidoskopkulture.com\/wp-content\/uploads\/2021\/09\/izvodjacka3-2.png\",\"contentUrl\":\"https:\/\/kaleidoskopkulture.com\/wp-content\/uploads\/2021\/09\/izvodjacka3-2.png\",\"width\":2250,\"height\":2250},{\"@type\":\"BreadcrumbList\",\"@id\":\"https:\/\/kaleidoskopkulture.com\/en\/performing-programme\/#breadcrumb\",\"itemListElement\":[{\"@type\":\"ListItem\",\"position\":1,\"name\":\"Home\",\"item\":\"https:\/\/kaleidoskopkulture.com\/sr\/\"},{\"@type\":\"ListItem\",\"position\":2,\"name\":\"Performing programme\"}]},{\"@type\":\"WebSite\",\"@id\":\"https:\/\/kaleidoskopkulture.com\/sr\/#website\",\"url\":\"https:\/\/kaleidoskopkulture.com\/sr\/\",\"name\":\"Kaleidoskop kulture\",\"description\":\"Novo lice kulture u Novom Sadu\",\"publisher\":{\"@id\":\"https:\/\/kaleidoskopkulture.com\/sr\/#organization\"},\"potentialAction\":[{\"@type\":\"SearchAction\",\"target\":{\"@type\":\"EntryPoint\",\"urlTemplate\":\"https:\/\/kaleidoskopkulture.com\/sr\/?s={search_term_string}\"},\"query-input\":\"required name=search_term_string\"}],\"inLanguage\":\"en-US\"},{\"@type\":\"Organization\",\"@id\":\"https:\/\/kaleidoskopkulture.com\/sr\/#organization\",\"name\":\"Kaleidoskop kulture\",\"url\":\"https:\/\/kaleidoskopkulture.com\/sr\/\",\"logo\":{\"@type\":\"ImageObject\",\"inLanguage\":\"en-US\",\"@id\":\"https:\/\/kaleidoskopkulture.com\/sr\/#\/schema\/logo\/image\/\",\"url\":\"https:\/\/kaleidoskopkulture.com\/wp-content\/uploads\/2022\/08\/kk-en.png\",\"contentUrl\":\"https:\/\/kaleidoskopkulture.com\/wp-content\/uploads\/2022\/08\/kk-en.png\",\"width\":780,\"height\":272,\"caption\":\"Kaleidoskop kulture\"},\"image\":{\"@id\":\"https:\/\/kaleidoskopkulture.com\/sr\/#\/schema\/logo\/image\/\"}}]}<\/script>\n<!-- \/ Yoast SEO plugin. -->","yoast_head_json":{"title":"Performing programme - Kaleidoskop kulture","robots":{"index":"index","follow":"follow","max-snippet":"max-snippet:-1","max-image-preview":"max-image-preview:large","max-video-preview":"max-video-preview:-1"},"canonical":"https:\/\/kaleidoskopkulture.com\/en\/performing-programme\/","og_locale":"en_US","og_type":"article","og_title":"Performing programme - Kaleidoskop kulture","og_description":"[vc_row][vc_column][vc_column_text] PERFORMING ARTS WEEK \/ 11 \u2013 17 September 2021 &nbsp; &nbsp; 11 September 2021 \/ 8:22 p.m. \/ Korzo (Mihajlo Pupin Boulevard no. 16) Stefan Milenkovi\u0107 and Vojvodina Symphony Orchestra &nbsp; 12 September 2021 \/ 6 p.m. \/ Rumenka...","og_url":"https:\/\/kaleidoskopkulture.com\/en\/performing-programme\/","og_site_name":"Kaleidoskop kulture","article_modified_time":"2022-09-12T13:29:28+00:00","og_image":[{"width":2250,"height":2250,"url":"https:\/\/kaleidoskopkulture.com\/wp-content\/uploads\/2021\/09\/izvodjacka3-2.png","type":"image\/png"}],"twitter_card":"summary_large_image","twitter_misc":{"Est. reading time":"2 minutes"},"schema":{"@context":"https:\/\/schema.org","@graph":[{"@type":"WebPage","@id":"https:\/\/kaleidoskopkulture.com\/en\/performing-programme\/","url":"https:\/\/kaleidoskopkulture.com\/en\/performing-programme\/","name":"Performing programme - Kaleidoskop kulture","isPartOf":{"@id":"https:\/\/kaleidoskopkulture.com\/sr\/#website"},"primaryImageOfPage":{"@id":"https:\/\/kaleidoskopkulture.com\/en\/performing-programme\/#primaryimage"},"image":{"@id":"https:\/\/kaleidoskopkulture.com\/en\/performing-programme\/#primaryimage"},"thumbnailUrl":"https:\/\/kaleidoskopkulture.com\/wp-content\/uploads\/2021\/09\/izvodjacka3-2.png","datePublished":"2020-09-22T14:42:35+00:00","dateModified":"2022-09-12T13:29:28+00:00","breadcrumb":{"@id":"https:\/\/kaleidoskopkulture.com\/en\/performing-programme\/#breadcrumb"},"inLanguage":"en-US","potentialAction":[{"@type":"ReadAction","target":["https:\/\/kaleidoskopkulture.com\/en\/performing-programme\/"]}]},{"@type":"ImageObject","inLanguage":"en-US","@id":"https:\/\/kaleidoskopkulture.com\/en\/performing-programme\/#primaryimage","url":"https:\/\/kaleidoskopkulture.com\/wp-content\/uploads\/2021\/09\/izvodjacka3-2.png","contentUrl":"https:\/\/kaleidoskopkulture.com\/wp-content\/uploads\/2021\/09\/izvodjacka3-2.png","width":2250,"height":2250},{"@type":"BreadcrumbList","@id":"https:\/\/kaleidoskopkulture.com\/en\/performing-programme\/#breadcrumb","itemListElement":[{"@type":"ListItem","position":1,"name":"Home","item":"https:\/\/kaleidoskopkulture.com\/sr\/"},{"@type":"ListItem","position":2,"name":"Performing programme"}]},{"@type":"WebSite","@id":"https:\/\/kaleidoskopkulture.com\/sr\/#website","url":"https:\/\/kaleidoskopkulture.com\/sr\/","name":"Kaleidoskop kulture","description":"Novo lice kulture u Novom Sadu","publisher":{"@id":"https:\/\/kaleidoskopkulture.com\/sr\/#organization"},"potentialAction":[{"@type":"SearchAction","target":{"@type":"EntryPoint","urlTemplate":"https:\/\/kaleidoskopkulture.com\/sr\/?s={search_term_string}"},"query-input":"required name=search_term_string"}],"inLanguage":"en-US"},{"@type":"Organization","@id":"https:\/\/kaleidoskopkulture.com\/sr\/#organization","name":"Kaleidoskop kulture","url":"https:\/\/kaleidoskopkulture.com\/sr\/","logo":{"@type":"ImageObject","inLanguage":"en-US","@id":"https:\/\/kaleidoskopkulture.com\/sr\/#\/schema\/logo\/image\/","url":"https:\/\/kaleidoskopkulture.com\/wp-content\/uploads\/2022\/08\/kk-en.png","contentUrl":"https:\/\/kaleidoskopkulture.com\/wp-content\/uploads\/2022\/08\/kk-en.png","width":780,"height":272,"caption":"Kaleidoskop kulture"},"image":{"@id":"https:\/\/kaleidoskopkulture.com\/sr\/#\/schema\/logo\/image\/"}}]}},"_links":{"self":[{"href":"https:\/\/kaleidoskopkulture.com\/en\/wp-json\/wp\/v2\/pages\/2776","targetHints":{"allow":["GET"]}}],"collection":[{"href":"https:\/\/kaleidoskopkulture.com\/en\/wp-json\/wp\/v2\/pages"}],"about":[{"href":"https:\/\/kaleidoskopkulture.com\/en\/wp-json\/wp\/v2\/types\/page"}],"author":[{"embeddable":true,"href":"https:\/\/kaleidoskopkulture.com\/en\/wp-json\/wp\/v2\/users\/5"}],"replies":[{"embeddable":true,"href":"https:\/\/kaleidoskopkulture.com\/en\/wp-json\/wp\/v2\/comments?post=2776"}],"version-history":[{"count":12,"href":"https:\/\/kaleidoskopkulture.com\/en\/wp-json\/wp\/v2\/pages\/2776\/revisions"}],"predecessor-version":[{"id":8347,"href":"https:\/\/kaleidoskopkulture.com\/en\/wp-json\/wp\/v2\/pages\/2776\/revisions\/8347"}],"wp:featuredmedia":[{"embeddable":true,"href":"https:\/\/kaleidoskopkulture.com\/en\/wp-json\/wp\/v2\/media\/4493"}],"wp:attachment":[{"href":"https:\/\/kaleidoskopkulture.com\/en\/wp-json\/wp\/v2\/media?parent=2776"}],"curies":[{"name":"wp","href":"https:\/\/api.w.org\/{rel}","templated":true}]}}