{"id":13343,"date":"2024-10-21T13:26:25","date_gmt":"2024-10-21T11:26:25","guid":{"rendered":"https:\/\/kaleidoskopkulture.com\/?page_id=13343"},"modified":"2024-10-21T13:28:34","modified_gmt":"2024-10-21T11:28:34","slug":"caleidoscope-of-culture-2024","status":"publish","type":"page","link":"https:\/\/kaleidoskopkulture.com\/en\/caleidoscope-of-culture-2024\/","title":{"rendered":"Caleidoscope of culture 2024."},"content":{"rendered":"\t\t<div data-elementor-type=\"wp-page\" data-elementor-id=\"13343\" class=\"elementor elementor-13343 elementor-13342\">\n\t\t\t\t<div class=\"elementor-element elementor-element-b1d9a64 e-flex e-con-boxed e-con e-parent\" data-id=\"b1d9a64\" data-element_type=\"container\" data-core-v316-plus=\"true\">\n\t\t\t\t\t<div class=\"e-con-inner\">\n\t\t\t\t<div class=\"elementor-element elementor-element-b485582 elementor-widget elementor-widget-video\" data-id=\"b485582\" data-element_type=\"widget\" data-settings=\"{&quot;youtube_url&quot;:&quot;https:\\\/\\\/www.youtube.com\\\/watch?v=JOPVYGD0PIM&quot;,&quot;video_type&quot;:&quot;youtube&quot;,&quot;controls&quot;:&quot;yes&quot;}\" data-widget_type=\"video.default\">\n\t\t\t\t<div class=\"elementor-widget-container\">\n\t\t\t<style>\/*! elementor - v3.20.0 - 26-03-2024 *\/\n.elementor-widget-video .elementor-widget-container{overflow:hidden;transform:translateZ(0)}.elementor-widget-video .elementor-wrapper{aspect-ratio:var(--video-aspect-ratio)}.elementor-widget-video .elementor-wrapper iframe,.elementor-widget-video .elementor-wrapper video{height:100%;width:100%;display:flex;border:none;background-color:#000}@supports not (aspect-ratio:1\/1){.elementor-widget-video .elementor-wrapper{position:relative;overflow:hidden;height:0;padding-bottom:calc(100% \/ var(--video-aspect-ratio))}.elementor-widget-video .elementor-wrapper iframe,.elementor-widget-video .elementor-wrapper video{position:absolute;top:0;right:0;bottom:0;left:0}}.elementor-widget-video .elementor-open-inline .elementor-custom-embed-image-overlay{position:absolute;top:0;right:0;bottom:0;left:0;background-size:cover;background-position:50%}.elementor-widget-video .elementor-custom-embed-image-overlay{cursor:pointer;text-align:center}.elementor-widget-video .elementor-custom-embed-image-overlay:hover .elementor-custom-embed-play i{opacity:1}.elementor-widget-video .elementor-custom-embed-image-overlay img{display:block;width:100%;aspect-ratio:var(--video-aspect-ratio);-o-object-fit:cover;object-fit:cover;-o-object-position:center center;object-position:center center}@supports not (aspect-ratio:1\/1){.elementor-widget-video .elementor-custom-embed-image-overlay{position:relative;overflow:hidden;height:0;padding-bottom:calc(100% \/ var(--video-aspect-ratio))}.elementor-widget-video .elementor-custom-embed-image-overlay img{position:absolute;top:0;right:0;bottom:0;left:0}}.elementor-widget-video .e-hosted-video .elementor-video{-o-object-fit:cover;object-fit:cover}.e-con-inner>.elementor-widget-video,.e-con>.elementor-widget-video{width:var(--container-widget-width);--flex-grow:var(--container-widget-flex-grow)}<\/style>\t\t<div class=\"elementor-wrapper elementor-open-inline\">\n\t\t\t<div class=\"elementor-video\"><\/div>\t\t<\/div>\n\t\t\t\t<\/div>\n\t\t\t\t<\/div>\n\t\t\t\t<div class=\"elementor-element elementor-element-1a22761 elementor-widget elementor-widget-text-editor\" data-id=\"1a22761\" data-element_type=\"widget\" data-widget_type=\"text-editor.default\">\n\t\t\t\t<div class=\"elementor-widget-container\">\n\t\t\t<style>\/*! elementor - v3.20.0 - 26-03-2024 *\/\n.elementor-widget-text-editor.elementor-drop-cap-view-stacked .elementor-drop-cap{background-color:#69727d;color:#fff}.elementor-widget-text-editor.elementor-drop-cap-view-framed .elementor-drop-cap{color:#69727d;border:3px solid;background-color:transparent}.elementor-widget-text-editor:not(.elementor-drop-cap-view-default) .elementor-drop-cap{margin-top:8px}.elementor-widget-text-editor:not(.elementor-drop-cap-view-default) .elementor-drop-cap-letter{width:1em;height:1em}.elementor-widget-text-editor .elementor-drop-cap{float:left;text-align:center;line-height:1;font-size:50px}.elementor-widget-text-editor .elementor-drop-cap-letter{display:inline-block}<\/style>\t\t\t\t<p style=\"text-align: left;\"><strong>Kaleidoscope of Culture<\/strong> is a unique cultural program that has established itself on the European map with prestigious awards as the most significant artistic event in the region.<\/p><p style=\"text-align: left;\">With its recognizable <strong>4\/5 concept over five weeks of art<\/strong>, this year for the seventh time, it brought global stars to Novi Sad, while showcasing the <strong>greats of Serbian culture<\/strong> and offering opportunities for young artists, thus strengthening the local and national scene.<\/p><p style=\"text-align: left;\">The official <strong>opening of the Kaleidoscope of Culture<\/strong> was traditionally held at <strong>Korzo,<\/strong> where <strong>Lana Zorjan<\/strong>, this year\u2019s recipient of the world\u2019s most prestigious classical music award, the Classical Music Award \u2013 Discovery Award, performed, alongside conductor, composer, and pianist, the rising young artist <strong>Maximilian Haberstock<\/strong>, and the <strong>Vojvodina Symphony Orchestra.<\/strong><\/p><p style=\"text-align: left;\">After that, five weeks of art followed in the renewed District. First, visitors enjoyed applied arts, as collaborators of world-renowned names like Bjork, David Bowie, Naomi Campbell, Gwyneth Paltrow, and Diana Ross \u2013 <strong>Andrew Melchior and Andrew Jose<\/strong> \u2013 arrived in Novi Sad. We enjoyed programs featuring over 90 artists through 10 exhibitions, 10 art installations, and 7 music programs, along with fashion shows, performances, and workshops.<\/p><p style=\"text-align: left;\">The week of literature followed, with over 100 artists participating across the entire District in the realization of the <strong>Ti\u0161ma Pavilion<\/strong>. We celebrated the centenary of the birth of Novi Sad\u2019s greatest contemporary writer with the exhibition <strong><em>The Use of Man<\/em>,<\/strong> which provided commentary on the book of the same name and the broader wartime context.<\/p><p style=\"text-align: left;\">During the week of performing arts, after sold-out concerts at France\u2019s largest concert hall, Accor, as well as performances at New York\u2019s Carnegie Hall and Paris\u2019 Olympia, the Novi Sad District hosted <strong>Ibrahim Maalouf,<\/strong> one of the most prominent trumpeters of today. This was a unique opportunity to witness over <strong>5,000 people<\/strong> at a jazz concert in the Novi Sad District.<\/p><p style=\"text-align: left;\">The architecture week of the Kaleidoscope of Culture presented the current <strong>Pritzker Prize laureate, Riken Yamamoto<\/strong>. In a packed hall at the Serbian National Theatre, we listened to his lecture, and the audience had the opportunity to ask questions.<\/p><p style=\"text-align: left;\">The final week of this year\u2019s Kaleidoscope of Culture was dedicated to the Black Wave. The exhibition <strong><em>The Darkest Wave<\/em>,<\/strong> curated by <strong>Dr. Monika Bilbija Ponjavi\u0107<\/strong>, presented the works of the most awarded yet simultaneously most banned artists of the Black Wave. The rich accompanying program included screenings of cult films, a conversation with<strong> \u017delimir \u017dilnik,<\/strong> and a lecture by the prominent artist <strong>Uro\u0161 \u0110uri\u0107.<\/strong><\/p>\t\t\t\t\t\t<\/div>\n\t\t\t\t<\/div>\n\t\t\t\t\t<\/div>\n\t\t\t\t<\/div>\n\t\t<div class=\"elementor-element elementor-element-ffb20ad e-flex e-con-boxed e-con e-parent\" data-id=\"ffb20ad\" data-element_type=\"container\" data-core-v316-plus=\"true\">\n\t\t\t\t\t<div class=\"e-con-inner\">\n\t\t<div class=\"elementor-element elementor-element-be877ce e-con-full e-flex e-con e-child\" data-id=\"be877ce\" data-element_type=\"container\">\n\t\t\t\t<div class=\"elementor-element elementor-element-10e3a3d elementor-align-center elementor-widget elementor-widget-button\" data-id=\"10e3a3d\" data-element_type=\"widget\" data-widget_type=\"button.default\">\n\t\t\t\t<div class=\"elementor-widget-container\">\n\t\t\t\t\t<div class=\"elementor-button-wrapper\">\n\t\t\t<a class=\"elementor-button elementor-button-link elementor-size-sm\" href=\"https:\/\/kaleidoskopkulture.com\/en\/gallery-opening-2024\/\">\n\t\t\t\t\t\t<span class=\"elementor-button-content-wrapper\">\n\t\t\t\t\t\t<span class=\"elementor-button-text\">GALLERY<br>OPENING<\/span>\n\t\t<\/span>\n\t\t\t\t\t<\/a>\n\t\t<\/div>\n\t\t\t\t<\/div>\n\t\t\t\t<\/div>\n\t\t\t\t<\/div>\n\t\t<div class=\"elementor-element elementor-element-34d02ce e-con-full e-flex e-con e-child\" data-id=\"34d02ce\" data-element_type=\"container\">\n\t\t\t\t<div class=\"elementor-element elementor-element-a1f11f2 elementor-align-center elementor-widget elementor-widget-button\" data-id=\"a1f11f2\" data-element_type=\"widget\" data-widget_type=\"button.default\">\n\t\t\t\t<div class=\"elementor-widget-container\">\n\t\t\t\t\t<div class=\"elementor-button-wrapper\">\n\t\t\t<a class=\"elementor-button elementor-button-link elementor-size-sm\" href=\"https:\/\/kaleidoskopkulture.com\/en\/gallery-applied-arts-2024\/\">\n\t\t\t\t\t\t<span class=\"elementor-button-content-wrapper\">\n\t\t\t\t\t\t<span class=\"elementor-button-text\">GALLERY APPLIED ARTS<\/span>\n\t\t<\/span>\n\t\t\t\t\t<\/a>\n\t\t<\/div>\n\t\t\t\t<\/div>\n\t\t\t\t<\/div>\n\t\t\t\t<\/div>\n\t\t<div class=\"elementor-element elementor-element-1149cd3 e-con-full e-flex e-con e-child\" data-id=\"1149cd3\" data-element_type=\"container\">\n\t\t\t\t<div class=\"elementor-element elementor-element-aeeb873 elementor-align-center elementor-widget elementor-widget-button\" data-id=\"aeeb873\" data-element_type=\"widget\" data-widget_type=\"button.default\">\n\t\t\t\t<div class=\"elementor-widget-container\">\n\t\t\t\t\t<div class=\"elementor-button-wrapper\">\n\t\t\t<a class=\"elementor-button elementor-button-link elementor-size-sm\" href=\"https:\/\/kaleidoskopkulture.com\/en\/gallery-literature-2024\/\">\n\t\t\t\t\t\t<span class=\"elementor-button-content-wrapper\">\n\t\t\t\t\t\t<span class=\"elementor-button-text\">GALLERY LITERATURE<\/span>\n\t\t<\/span>\n\t\t\t\t\t<\/a>\n\t\t<\/div>\n\t\t\t\t<\/div>\n\t\t\t\t<\/div>\n\t\t\t\t<\/div>\n\t\t<div class=\"elementor-element elementor-element-a333bcb e-con-full e-flex e-con e-child\" data-id=\"a333bcb\" data-element_type=\"container\">\n\t\t<div class=\"elementor-element elementor-element-f6da0a2 e-con-full e-flex e-con e-child\" data-id=\"f6da0a2\" data-element_type=\"container\">\n\t\t\t\t<div class=\"elementor-element elementor-element-3e438c2 elementor-align-center elementor-widget elementor-widget-button\" data-id=\"3e438c2\" data-element_type=\"widget\" data-widget_type=\"button.default\">\n\t\t\t\t<div class=\"elementor-widget-container\">\n\t\t\t\t\t<div class=\"elementor-button-wrapper\">\n\t\t\t<a class=\"elementor-button elementor-button-link elementor-size-sm\" href=\"https:\/\/kaleidoskopkulture.com\/en\/gallery-performing-arts-2024\/\">\n\t\t\t\t\t\t<span class=\"elementor-button-content-wrapper\">\n\t\t\t\t\t\t<span class=\"elementor-button-text\">GALLERY PERFORMING ARTS<\/span>\n\t\t<\/span>\n\t\t\t\t\t<\/a>\n\t\t<\/div>\n\t\t\t\t<\/div>\n\t\t\t\t<\/div>\n\t\t\t\t<\/div>\n\t\t\t\t<\/div>\n\t\t<div class=\"elementor-element elementor-element-2b69c90 e-con-full e-flex e-con e-child\" data-id=\"2b69c90\" data-element_type=\"container\">\n\t\t\t\t<div class=\"elementor-element elementor-element-42a0806 elementor-align-center elementor-widget elementor-widget-button\" data-id=\"42a0806\" data-element_type=\"widget\" data-widget_type=\"button.default\">\n\t\t\t\t<div class=\"elementor-widget-container\">\n\t\t\t\t\t<div class=\"elementor-button-wrapper\">\n\t\t\t<a class=\"elementor-button elementor-button-link elementor-size-sm\" href=\"https:\/\/kaleidoskopkulture.com\/en\/gallery-architecture-2024\/\">\n\t\t\t\t\t\t<span class=\"elementor-button-content-wrapper\">\n\t\t\t\t\t\t<span class=\"elementor-button-text\">GALLERY ARCHITECTURE<\/span>\n\t\t<\/span>\n\t\t\t\t\t<\/a>\n\t\t<\/div>\n\t\t\t\t<\/div>\n\t\t\t\t<\/div>\n\t\t\t\t<\/div>\n\t\t<div class=\"elementor-element elementor-element-ad87cdc e-con-full e-flex e-con e-child\" data-id=\"ad87cdc\" data-element_type=\"container\">\n\t\t\t\t<div class=\"elementor-element elementor-element-eb0325c elementor-align-center elementor-widget elementor-widget-button\" data-id=\"eb0325c\" data-element_type=\"widget\" data-widget_type=\"button.default\">\n\t\t\t\t<div class=\"elementor-widget-container\">\n\t\t\t\t\t<div class=\"elementor-button-wrapper\">\n\t\t\t<a class=\"elementor-button elementor-button-link elementor-size-sm\" href=\"https:\/\/kaleidoskopkulture.com\/en\/gallery-visual-arts-2024\/\">\n\t\t\t\t\t\t<span class=\"elementor-button-content-wrapper\">\n\t\t\t\t\t\t<span class=\"elementor-button-text\">GALLERY VISUAL ARTS<\/span>\n\t\t<\/span>\n\t\t\t\t\t<\/a>\n\t\t<\/div>\n\t\t\t\t<\/div>\n\t\t\t\t<\/div>\n\t\t\t\t<\/div>\n\t\t\t\t\t<\/div>\n\t\t\t\t<\/div>\n\t\t\t\t<\/div>\n\t\t","protected":false},"excerpt":{"rendered":"<p>Kaleidoscope of Culture is a unique cultural program that has established itself on the European map with prestigious awards as the most significant artistic event in the region. With its recognizable 4\/5 concept over five weeks of art, this year&#8230;<\/p>\n","protected":false},"author":10,"featured_media":0,"parent":0,"menu_order":0,"comment_status":"closed","ping_status":"closed","template":"","meta":{"footnotes":""},"class_list":["post-13343","page","type-page","status-publish","hentry"],"yoast_head":"<!-- This site is optimized with the Yoast SEO plugin v22.4 - https:\/\/yoast.com\/wordpress\/plugins\/seo\/ -->\n<title>Caleidoscope of culture 2024. - Kaleidoskop kulture<\/title>\n<meta name=\"robots\" content=\"index, follow, max-snippet:-1, max-image-preview:large, max-video-preview:-1\" \/>\n<link rel=\"canonical\" href=\"https:\/\/kaleidoskopkulture.com\/en\/caleidoscope-of-culture-2024\/\" \/>\n<meta property=\"og:locale\" content=\"en_US\" \/>\n<meta property=\"og:type\" content=\"article\" \/>\n<meta property=\"og:title\" content=\"Caleidoscope of culture 2024. - Kaleidoskop kulture\" \/>\n<meta property=\"og:description\" content=\"Kaleidoscope of Culture is a unique cultural program that has established itself on the European map with prestigious awards as the most significant artistic event in the region. With its recognizable 4\/5 concept over five weeks of art, this year...\" \/>\n<meta property=\"og:url\" content=\"https:\/\/kaleidoskopkulture.com\/en\/caleidoscope-of-culture-2024\/\" \/>\n<meta property=\"og:site_name\" content=\"Kaleidoskop kulture\" \/>\n<meta property=\"article:modified_time\" content=\"2024-10-21T11:28:34+00:00\" \/>\n<meta name=\"twitter:card\" content=\"summary_large_image\" \/>\n<meta name=\"twitter:label1\" content=\"Est. reading time\" \/>\n\t<meta name=\"twitter:data1\" content=\"2 minutes\" \/>\n<script type=\"application\/ld+json\" class=\"yoast-schema-graph\">{\"@context\":\"https:\/\/schema.org\",\"@graph\":[{\"@type\":\"WebPage\",\"@id\":\"https:\/\/kaleidoskopkulture.com\/en\/caleidoscope-of-culture-2024\/\",\"url\":\"https:\/\/kaleidoskopkulture.com\/en\/caleidoscope-of-culture-2024\/\",\"name\":\"Caleidoscope of culture 2024. - Kaleidoskop kulture\",\"isPartOf\":{\"@id\":\"https:\/\/kaleidoskopkulture.com\/sr\/#website\"},\"datePublished\":\"2024-10-21T11:26:25+00:00\",\"dateModified\":\"2024-10-21T11:28:34+00:00\",\"breadcrumb\":{\"@id\":\"https:\/\/kaleidoskopkulture.com\/en\/caleidoscope-of-culture-2024\/#breadcrumb\"},\"inLanguage\":\"en-US\",\"potentialAction\":[{\"@type\":\"ReadAction\",\"target\":[\"https:\/\/kaleidoskopkulture.com\/en\/caleidoscope-of-culture-2024\/\"]}]},{\"@type\":\"BreadcrumbList\",\"@id\":\"https:\/\/kaleidoskopkulture.com\/en\/caleidoscope-of-culture-2024\/#breadcrumb\",\"itemListElement\":[{\"@type\":\"ListItem\",\"position\":1,\"name\":\"Home\",\"item\":\"https:\/\/kaleidoskopkulture.com\/sr\/\"},{\"@type\":\"ListItem\",\"position\":2,\"name\":\"Caleidoscope of culture 2024.\"}]},{\"@type\":\"WebSite\",\"@id\":\"https:\/\/kaleidoskopkulture.com\/sr\/#website\",\"url\":\"https:\/\/kaleidoskopkulture.com\/sr\/\",\"name\":\"Kaleidoskop kulture\",\"description\":\"Novo lice kulture u Novom Sadu\",\"publisher\":{\"@id\":\"https:\/\/kaleidoskopkulture.com\/sr\/#organization\"},\"potentialAction\":[{\"@type\":\"SearchAction\",\"target\":{\"@type\":\"EntryPoint\",\"urlTemplate\":\"https:\/\/kaleidoskopkulture.com\/sr\/?s={search_term_string}\"},\"query-input\":\"required name=search_term_string\"}],\"inLanguage\":\"en-US\"},{\"@type\":\"Organization\",\"@id\":\"https:\/\/kaleidoskopkulture.com\/sr\/#organization\",\"name\":\"Kaleidoskop kulture\",\"url\":\"https:\/\/kaleidoskopkulture.com\/sr\/\",\"logo\":{\"@type\":\"ImageObject\",\"inLanguage\":\"en-US\",\"@id\":\"https:\/\/kaleidoskopkulture.com\/sr\/#\/schema\/logo\/image\/\",\"url\":\"https:\/\/kaleidoskopkulture.com\/wp-content\/uploads\/2022\/08\/kk-en.png\",\"contentUrl\":\"https:\/\/kaleidoskopkulture.com\/wp-content\/uploads\/2022\/08\/kk-en.png\",\"width\":780,\"height\":272,\"caption\":\"Kaleidoskop kulture\"},\"image\":{\"@id\":\"https:\/\/kaleidoskopkulture.com\/sr\/#\/schema\/logo\/image\/\"}}]}<\/script>\n<!-- \/ Yoast SEO plugin. -->","yoast_head_json":{"title":"Caleidoscope of culture 2024. - Kaleidoskop kulture","robots":{"index":"index","follow":"follow","max-snippet":"max-snippet:-1","max-image-preview":"max-image-preview:large","max-video-preview":"max-video-preview:-1"},"canonical":"https:\/\/kaleidoskopkulture.com\/en\/caleidoscope-of-culture-2024\/","og_locale":"en_US","og_type":"article","og_title":"Caleidoscope of culture 2024. - Kaleidoskop kulture","og_description":"Kaleidoscope of Culture is a unique cultural program that has established itself on the European map with prestigious awards as the most significant artistic event in the region. With its recognizable 4\/5 concept over five weeks of art, this year...","og_url":"https:\/\/kaleidoskopkulture.com\/en\/caleidoscope-of-culture-2024\/","og_site_name":"Kaleidoskop kulture","article_modified_time":"2024-10-21T11:28:34+00:00","twitter_card":"summary_large_image","twitter_misc":{"Est. reading time":"2 minutes"},"schema":{"@context":"https:\/\/schema.org","@graph":[{"@type":"WebPage","@id":"https:\/\/kaleidoskopkulture.com\/en\/caleidoscope-of-culture-2024\/","url":"https:\/\/kaleidoskopkulture.com\/en\/caleidoscope-of-culture-2024\/","name":"Caleidoscope of culture 2024. - Kaleidoskop kulture","isPartOf":{"@id":"https:\/\/kaleidoskopkulture.com\/sr\/#website"},"datePublished":"2024-10-21T11:26:25+00:00","dateModified":"2024-10-21T11:28:34+00:00","breadcrumb":{"@id":"https:\/\/kaleidoskopkulture.com\/en\/caleidoscope-of-culture-2024\/#breadcrumb"},"inLanguage":"en-US","potentialAction":[{"@type":"ReadAction","target":["https:\/\/kaleidoskopkulture.com\/en\/caleidoscope-of-culture-2024\/"]}]},{"@type":"BreadcrumbList","@id":"https:\/\/kaleidoskopkulture.com\/en\/caleidoscope-of-culture-2024\/#breadcrumb","itemListElement":[{"@type":"ListItem","position":1,"name":"Home","item":"https:\/\/kaleidoskopkulture.com\/sr\/"},{"@type":"ListItem","position":2,"name":"Caleidoscope of culture 2024."}]},{"@type":"WebSite","@id":"https:\/\/kaleidoskopkulture.com\/sr\/#website","url":"https:\/\/kaleidoskopkulture.com\/sr\/","name":"Kaleidoskop kulture","description":"Novo lice kulture u Novom Sadu","publisher":{"@id":"https:\/\/kaleidoskopkulture.com\/sr\/#organization"},"potentialAction":[{"@type":"SearchAction","target":{"@type":"EntryPoint","urlTemplate":"https:\/\/kaleidoskopkulture.com\/sr\/?s={search_term_string}"},"query-input":"required name=search_term_string"}],"inLanguage":"en-US"},{"@type":"Organization","@id":"https:\/\/kaleidoskopkulture.com\/sr\/#organization","name":"Kaleidoskop kulture","url":"https:\/\/kaleidoskopkulture.com\/sr\/","logo":{"@type":"ImageObject","inLanguage":"en-US","@id":"https:\/\/kaleidoskopkulture.com\/sr\/#\/schema\/logo\/image\/","url":"https:\/\/kaleidoskopkulture.com\/wp-content\/uploads\/2022\/08\/kk-en.png","contentUrl":"https:\/\/kaleidoskopkulture.com\/wp-content\/uploads\/2022\/08\/kk-en.png","width":780,"height":272,"caption":"Kaleidoskop kulture"},"image":{"@id":"https:\/\/kaleidoskopkulture.com\/sr\/#\/schema\/logo\/image\/"}}]}},"_links":{"self":[{"href":"https:\/\/kaleidoskopkulture.com\/en\/wp-json\/wp\/v2\/pages\/13343","targetHints":{"allow":["GET"]}}],"collection":[{"href":"https:\/\/kaleidoskopkulture.com\/en\/wp-json\/wp\/v2\/pages"}],"about":[{"href":"https:\/\/kaleidoskopkulture.com\/en\/wp-json\/wp\/v2\/types\/page"}],"author":[{"embeddable":true,"href":"https:\/\/kaleidoskopkulture.com\/en\/wp-json\/wp\/v2\/users\/10"}],"replies":[{"embeddable":true,"href":"https:\/\/kaleidoskopkulture.com\/en\/wp-json\/wp\/v2\/comments?post=13343"}],"version-history":[{"count":26,"href":"https:\/\/kaleidoskopkulture.com\/en\/wp-json\/wp\/v2\/pages\/13343\/revisions"}],"predecessor-version":[{"id":13860,"href":"https:\/\/kaleidoskopkulture.com\/en\/wp-json\/wp\/v2\/pages\/13343\/revisions\/13860"}],"wp:attachment":[{"href":"https:\/\/kaleidoskopkulture.com\/en\/wp-json\/wp\/v2\/media?parent=13343"}],"curies":[{"name":"wp","href":"https:\/\/api.w.org\/{rel}","templated":true}]}}