{"id":11594,"date":"2024-02-13T22:21:35","date_gmt":"2024-02-13T21:21:35","guid":{"rendered":"https:\/\/kaleidoskopkulture.com\/kaleidoskop-kulture-2023\/"},"modified":"2024-02-23T14:43:06","modified_gmt":"2024-02-23T13:43:06","slug":"caleidoscope-of-culture-2023","status":"publish","type":"page","link":"https:\/\/kaleidoskopkulture.com\/en\/caleidoscope-of-culture-2023\/","title":{"rendered":"Caleidoscope of culture 2023."},"content":{"rendered":"\t\t<div data-elementor-type=\"wp-page\" data-elementor-id=\"11594\" class=\"elementor elementor-11594 elementor-10381\">\n\t\t\t\t<div class=\"elementor-element elementor-element-17da68f e-flex e-con-boxed e-con e-parent\" data-id=\"17da68f\" data-element_type=\"container\" data-core-v316-plus=\"true\">\n\t\t\t\t\t<div class=\"e-con-inner\">\n\t\t\t\t<div class=\"elementor-element elementor-element-67cded7 elementor-widget elementor-widget-video\" data-id=\"67cded7\" data-element_type=\"widget\" data-settings=\"{&quot;youtube_url&quot;:&quot;https:\\\/\\\/www.youtube.com\\\/watch?v=_A412WFBoGs&amp;t=38s&quot;,&quot;video_type&quot;:&quot;youtube&quot;,&quot;controls&quot;:&quot;yes&quot;}\" data-widget_type=\"video.default\">\n\t\t\t\t<div class=\"elementor-widget-container\">\n\t\t\t<style>\/*! elementor - v3.20.0 - 26-03-2024 *\/\n.elementor-widget-video .elementor-widget-container{overflow:hidden;transform:translateZ(0)}.elementor-widget-video .elementor-wrapper{aspect-ratio:var(--video-aspect-ratio)}.elementor-widget-video .elementor-wrapper iframe,.elementor-widget-video .elementor-wrapper video{height:100%;width:100%;display:flex;border:none;background-color:#000}@supports not (aspect-ratio:1\/1){.elementor-widget-video .elementor-wrapper{position:relative;overflow:hidden;height:0;padding-bottom:calc(100% \/ var(--video-aspect-ratio))}.elementor-widget-video .elementor-wrapper iframe,.elementor-widget-video .elementor-wrapper video{position:absolute;top:0;right:0;bottom:0;left:0}}.elementor-widget-video .elementor-open-inline .elementor-custom-embed-image-overlay{position:absolute;top:0;right:0;bottom:0;left:0;background-size:cover;background-position:50%}.elementor-widget-video .elementor-custom-embed-image-overlay{cursor:pointer;text-align:center}.elementor-widget-video .elementor-custom-embed-image-overlay:hover .elementor-custom-embed-play i{opacity:1}.elementor-widget-video .elementor-custom-embed-image-overlay img{display:block;width:100%;aspect-ratio:var(--video-aspect-ratio);-o-object-fit:cover;object-fit:cover;-o-object-position:center center;object-position:center center}@supports not (aspect-ratio:1\/1){.elementor-widget-video .elementor-custom-embed-image-overlay{position:relative;overflow:hidden;height:0;padding-bottom:calc(100% \/ var(--video-aspect-ratio))}.elementor-widget-video .elementor-custom-embed-image-overlay img{position:absolute;top:0;right:0;bottom:0;left:0}}.elementor-widget-video .e-hosted-video .elementor-video{-o-object-fit:cover;object-fit:cover}.e-con-inner>.elementor-widget-video,.e-con>.elementor-widget-video{width:var(--container-widget-width);--flex-grow:var(--container-widget-flex-grow)}<\/style>\t\t<div class=\"elementor-wrapper elementor-open-inline\">\n\t\t\t<div class=\"elementor-video\"><\/div>\t\t<\/div>\n\t\t\t\t<\/div>\n\t\t\t\t<\/div>\n\t\t\t\t<div class=\"elementor-element elementor-element-f4633d0 elementor-widget elementor-widget-text-editor\" data-id=\"f4633d0\" data-element_type=\"widget\" data-widget_type=\"text-editor.default\">\n\t\t\t\t<div class=\"elementor-widget-container\">\n\t\t\t<style>\/*! elementor - v3.20.0 - 26-03-2024 *\/\n.elementor-widget-text-editor.elementor-drop-cap-view-stacked .elementor-drop-cap{background-color:#69727d;color:#fff}.elementor-widget-text-editor.elementor-drop-cap-view-framed .elementor-drop-cap{color:#69727d;border:3px solid;background-color:transparent}.elementor-widget-text-editor:not(.elementor-drop-cap-view-default) .elementor-drop-cap{margin-top:8px}.elementor-widget-text-editor:not(.elementor-drop-cap-view-default) .elementor-drop-cap-letter{width:1em;height:1em}.elementor-widget-text-editor .elementor-drop-cap{float:left;text-align:center;line-height:1;font-size:50px}.elementor-widget-text-editor .elementor-drop-cap-letter{display:inline-block}<\/style>\t\t\t\t<p style=\"text-align: left;\"><strong>The sixth Kaleidoscope of Culture<\/strong>, the best European Trend Brand in the field of culture and a legacy project that continues to live even after the European Capital of Culture title year, was held<strong> from 7 September to 15 October <\/strong>2023 in Novi Sad. During five weeks and through five types of art, <strong>more than 1,000 artists <\/strong>celebrated 40 days of culture of togetherness by responding to the artistic concept of <strong>\u2018Unbreakable Ties\u2019.<\/strong>\u00a0<\/p><p style=\"text-align: left;\"><strong>Kaleidoscope of Culture in 2023 <\/strong>began with a four-day opening, which was marked by <strong>Korzo<\/strong>, a traditional concert of classical music on Mihajla Pupina Boulevard, on <strong>7 September<\/strong>. The Novi Sad audience enjoyed the performance of Guinness record holder Peter Bence, who under a clear sky once again confirmed that he is the fastest pianist in the world. After the opening ceremony and the Korzo, due to which, for the sake of culture, one of the main roads in Novi Sad was closed, three more days of opening followed in the form of a magnificent multimedia event in the District. The opening is a <strong>kaleidoscope itself<\/strong>, a prelude to <strong>five weeks of art <\/strong>(performing, applied, visual arts, architecture and literature) that promote a <strong>culture of togetherness<\/strong>. The artistic concept of the sixth Kaleidoscope of Culture was \u2018Unbreakable Ties\u2019 and encompassed the creativity of the last 100 years. In this regard, the first permanent multimedia exhibition Spirit of Place \u2013 A Century of the District was opened in the District, and the public had the opportunity to see the unusual installation Heart, as well as an exhibition of the works of the greats of Serbian art, among them \u2013<strong> Petar Lubarda, Milena Pavlovi\u0107 Barili, Sava \u0160umanovi\u0107, Milan Konjevi\u0107, Olja Ivanjicki, Vladimir Veli\u010dkovi\u0107, Marina Abramovi\u0107 and others.\u00a0 <\/strong>\u00a0<strong>\u00a0<\/strong><\/p><p style=\"text-align: left;\">During five weeks, the Grammy winner and one of the most popular jazz musicians,\u00a0<strong><a href=\"https:\/\/kaleidoskopkulture.com\/sr\/jason-miles-kaleidoskop-kulture\/\">Jason Miles<\/a><\/strong>, then world virtuoso <a href=\"https:\/\/kaleidoskopkulture.com\/sr\/stefan-milenkovic-otvara-kulturnu-stanicu-stepanovicevo-u-nedelji-izvodjacke-umetnosti\/\"><strong>Stefan Milenkovi\u0107<\/strong><\/a>, as well as the most significant local and regional names of literature <strong>Muharem Bazdulj, Milica Vu\u010dkovi\u0107, Jasminka Petrovi\u0107, <\/strong>then winner of the Pritzker Prize, Nobel counterpart in architecture, <strong>Alejandro Aravena<\/strong>, renowned designers <strong>Goran Edi Tadi\u0107<\/strong> and <strong>Slavimir Stojanovi\u0107 Futro<\/strong>, and many others performed in Novi Sad.<\/p>\t\t\t\t\t\t<\/div>\n\t\t\t\t<\/div>\n\t\t\t\t\t<\/div>\n\t\t\t\t<\/div>\n\t\t<div class=\"elementor-element elementor-element-ffb20ad e-flex e-con-boxed e-con e-parent\" data-id=\"ffb20ad\" data-element_type=\"container\" data-core-v316-plus=\"true\">\n\t\t\t\t\t<div class=\"e-con-inner\">\n\t\t<div class=\"elementor-element elementor-element-be877ce e-con-full e-flex e-con e-child\" data-id=\"be877ce\" data-element_type=\"container\">\n\t\t\t\t<div class=\"elementor-element elementor-element-10e3a3d elementor-align-center elementor-widget elementor-widget-button\" data-id=\"10e3a3d\" data-element_type=\"widget\" data-widget_type=\"button.default\">\n\t\t\t\t<div class=\"elementor-widget-container\">\n\t\t\t\t\t<div class=\"elementor-button-wrapper\">\n\t\t\t<a class=\"elementor-button elementor-button-link elementor-size-sm\" href=\"https:\/\/kaleidoskopkulture.com\/en\/gallery-opening-2023\/\">\n\t\t\t\t\t\t<span class=\"elementor-button-content-wrapper\">\n\t\t\t\t\t\t<span class=\"elementor-button-text\">GALLERY<br>OPENING<\/span>\n\t\t<\/span>\n\t\t\t\t\t<\/a>\n\t\t<\/div>\n\t\t\t\t<\/div>\n\t\t\t\t<\/div>\n\t\t\t\t<\/div>\n\t\t<div class=\"elementor-element elementor-element-34d02ce e-con-full e-flex e-con e-child\" data-id=\"34d02ce\" data-element_type=\"container\">\n\t\t\t\t<div class=\"elementor-element elementor-element-a1f11f2 elementor-align-center elementor-widget elementor-widget-button\" data-id=\"a1f11f2\" data-element_type=\"widget\" data-widget_type=\"button.default\">\n\t\t\t\t<div class=\"elementor-widget-container\">\n\t\t\t\t\t<div class=\"elementor-button-wrapper\">\n\t\t\t<a class=\"elementor-button elementor-button-link elementor-size-sm\" href=\"https:\/\/kaleidoskopkulture.com\/en\/gallery-performing-arts-2023\/\">\n\t\t\t\t\t\t<span class=\"elementor-button-content-wrapper\">\n\t\t\t\t\t\t<span class=\"elementor-button-text\">GALLERY PERFORMING ARTS<\/span>\n\t\t<\/span>\n\t\t\t\t\t<\/a>\n\t\t<\/div>\n\t\t\t\t<\/div>\n\t\t\t\t<\/div>\n\t\t\t\t<\/div>\n\t\t<div class=\"elementor-element elementor-element-1149cd3 e-con-full e-flex e-con e-child\" data-id=\"1149cd3\" data-element_type=\"container\">\n\t\t\t\t<div class=\"elementor-element elementor-element-aeeb873 elementor-align-center elementor-widget elementor-widget-button\" data-id=\"aeeb873\" data-element_type=\"widget\" data-widget_type=\"button.default\">\n\t\t\t\t<div class=\"elementor-widget-container\">\n\t\t\t\t\t<div class=\"elementor-button-wrapper\">\n\t\t\t<a class=\"elementor-button elementor-button-link elementor-size-sm\" href=\"https:\/\/kaleidoskopkulture.com\/en\/gallery-applied-arts-2023\/\">\n\t\t\t\t\t\t<span class=\"elementor-button-content-wrapper\">\n\t\t\t\t\t\t<span class=\"elementor-button-text\">GALLERY APPLIED ARTS <\/span>\n\t\t<\/span>\n\t\t\t\t\t<\/a>\n\t\t<\/div>\n\t\t\t\t<\/div>\n\t\t\t\t<\/div>\n\t\t\t\t<\/div>\n\t\t<div class=\"elementor-element elementor-element-a333bcb e-con-full e-flex e-con e-child\" data-id=\"a333bcb\" data-element_type=\"container\">\n\t\t\t\t<div class=\"elementor-element elementor-element-3e438c2 elementor-align-center elementor-widget elementor-widget-button\" data-id=\"3e438c2\" data-element_type=\"widget\" data-widget_type=\"button.default\">\n\t\t\t\t<div class=\"elementor-widget-container\">\n\t\t\t\t\t<div class=\"elementor-button-wrapper\">\n\t\t\t<a class=\"elementor-button elementor-button-link elementor-size-sm\" href=\"https:\/\/kaleidoskopkulture.com\/en\/gallery-visual-arts-2023\/\">\n\t\t\t\t\t\t<span class=\"elementor-button-content-wrapper\">\n\t\t\t\t\t\t<span class=\"elementor-button-text\">GALLERY VISUAL ARTS <\/span>\n\t\t<\/span>\n\t\t\t\t\t<\/a>\n\t\t<\/div>\n\t\t\t\t<\/div>\n\t\t\t\t<\/div>\n\t\t\t\t<\/div>\n\t\t<div class=\"elementor-element elementor-element-2b69c90 e-con-full e-flex e-con e-child\" data-id=\"2b69c90\" data-element_type=\"container\">\n\t\t\t\t<div class=\"elementor-element elementor-element-42a0806 elementor-align-center elementor-widget elementor-widget-button\" data-id=\"42a0806\" data-element_type=\"widget\" data-widget_type=\"button.default\">\n\t\t\t\t<div class=\"elementor-widget-container\">\n\t\t\t\t\t<div class=\"elementor-button-wrapper\">\n\t\t\t<a class=\"elementor-button elementor-button-link elementor-size-sm\" href=\"https:\/\/kaleidoskopkulture.com\/en\/gallery-architecture-2023\/\">\n\t\t\t\t\t\t<span class=\"elementor-button-content-wrapper\">\n\t\t\t\t\t\t<span class=\"elementor-button-text\">GALLERY ARCHITECTURE<\/span>\n\t\t<\/span>\n\t\t\t\t\t<\/a>\n\t\t<\/div>\n\t\t\t\t<\/div>\n\t\t\t\t<\/div>\n\t\t\t\t<\/div>\n\t\t<div class=\"elementor-element elementor-element-ad87cdc e-con-full e-flex e-con e-child\" data-id=\"ad87cdc\" data-element_type=\"container\">\n\t\t\t\t<div class=\"elementor-element elementor-element-eb0325c elementor-align-center elementor-widget elementor-widget-button\" data-id=\"eb0325c\" data-element_type=\"widget\" data-widget_type=\"button.default\">\n\t\t\t\t<div class=\"elementor-widget-container\">\n\t\t\t\t\t<div class=\"elementor-button-wrapper\">\n\t\t\t<a class=\"elementor-button elementor-button-link elementor-size-sm\" href=\"https:\/\/kaleidoskopkulture.com\/en\/gallery-literature-2023\/\">\n\t\t\t\t\t\t<span class=\"elementor-button-content-wrapper\">\n\t\t\t\t\t\t<span class=\"elementor-button-text\">GALLERY LITERATURE <\/span>\n\t\t<\/span>\n\t\t\t\t\t<\/a>\n\t\t<\/div>\n\t\t\t\t<\/div>\n\t\t\t\t<\/div>\n\t\t\t\t<\/div>\n\t\t\t\t\t<\/div>\n\t\t\t\t<\/div>\n\t\t\t\t<\/div>\n\t\t","protected":false},"excerpt":{"rendered":"<p>https:\/\/www.youtube.com\/watch?v=_A412WFBoGs&#038;t=38s The sixth Kaleidoscope of Culture, the best European Trend Brand in the field of culture and a legacy project that continues to live even after the European Capital of Culture title year, was held from 7 September to 15&#8230;<\/p>\n","protected":false},"author":11,"featured_media":0,"parent":0,"menu_order":0,"comment_status":"closed","ping_status":"closed","template":"","meta":{"footnotes":""},"class_list":["post-11594","page","type-page","status-publish","hentry"],"yoast_head":"<!-- This site is optimized with the Yoast SEO plugin v22.4 - https:\/\/yoast.com\/wordpress\/plugins\/seo\/ -->\n<title>Caleidoscope of culture 2023. - Kaleidoskop kulture<\/title>\n<meta name=\"robots\" content=\"index, follow, max-snippet:-1, max-image-preview:large, max-video-preview:-1\" \/>\n<link rel=\"canonical\" href=\"https:\/\/kaleidoskopkulture.com\/en\/caleidoscope-of-culture-2023\/\" \/>\n<meta property=\"og:locale\" content=\"en_US\" \/>\n<meta property=\"og:type\" content=\"article\" \/>\n<meta property=\"og:title\" content=\"Caleidoscope of culture 2023. - Kaleidoskop kulture\" \/>\n<meta property=\"og:description\" content=\"https:\/\/www.youtube.com\/watch?v=_A412WFBoGs&#038;t=38s The sixth Kaleidoscope of Culture, the best European Trend Brand in the field of culture and a legacy project that continues to live even after the European Capital of Culture title year, was held from 7 September to 15...\" \/>\n<meta property=\"og:url\" content=\"https:\/\/kaleidoskopkulture.com\/en\/caleidoscope-of-culture-2023\/\" \/>\n<meta property=\"og:site_name\" content=\"Kaleidoskop kulture\" \/>\n<meta property=\"article:modified_time\" content=\"2024-02-23T13:43:06+00:00\" \/>\n<meta name=\"twitter:card\" content=\"summary_large_image\" \/>\n<meta name=\"twitter:label1\" content=\"Est. reading time\" \/>\n\t<meta name=\"twitter:data1\" content=\"2 minutes\" \/>\n<script type=\"application\/ld+json\" class=\"yoast-schema-graph\">{\"@context\":\"https:\/\/schema.org\",\"@graph\":[{\"@type\":\"WebPage\",\"@id\":\"https:\/\/kaleidoskopkulture.com\/en\/caleidoscope-of-culture-2023\/\",\"url\":\"https:\/\/kaleidoskopkulture.com\/en\/caleidoscope-of-culture-2023\/\",\"name\":\"Caleidoscope of culture 2023. - Kaleidoskop kulture\",\"isPartOf\":{\"@id\":\"https:\/\/kaleidoskopkulture.com\/sr\/#website\"},\"datePublished\":\"2024-02-13T21:21:35+00:00\",\"dateModified\":\"2024-02-23T13:43:06+00:00\",\"breadcrumb\":{\"@id\":\"https:\/\/kaleidoskopkulture.com\/en\/caleidoscope-of-culture-2023\/#breadcrumb\"},\"inLanguage\":\"en-US\",\"potentialAction\":[{\"@type\":\"ReadAction\",\"target\":[\"https:\/\/kaleidoskopkulture.com\/en\/caleidoscope-of-culture-2023\/\"]}]},{\"@type\":\"BreadcrumbList\",\"@id\":\"https:\/\/kaleidoskopkulture.com\/en\/caleidoscope-of-culture-2023\/#breadcrumb\",\"itemListElement\":[{\"@type\":\"ListItem\",\"position\":1,\"name\":\"Home\",\"item\":\"https:\/\/kaleidoskopkulture.com\/sr\/\"},{\"@type\":\"ListItem\",\"position\":2,\"name\":\"Caleidoscope of culture 2023.\"}]},{\"@type\":\"WebSite\",\"@id\":\"https:\/\/kaleidoskopkulture.com\/sr\/#website\",\"url\":\"https:\/\/kaleidoskopkulture.com\/sr\/\",\"name\":\"Kaleidoskop kulture\",\"description\":\"Novo lice kulture u Novom Sadu\",\"publisher\":{\"@id\":\"https:\/\/kaleidoskopkulture.com\/sr\/#organization\"},\"potentialAction\":[{\"@type\":\"SearchAction\",\"target\":{\"@type\":\"EntryPoint\",\"urlTemplate\":\"https:\/\/kaleidoskopkulture.com\/sr\/?s={search_term_string}\"},\"query-input\":\"required name=search_term_string\"}],\"inLanguage\":\"en-US\"},{\"@type\":\"Organization\",\"@id\":\"https:\/\/kaleidoskopkulture.com\/sr\/#organization\",\"name\":\"Kaleidoskop kulture\",\"url\":\"https:\/\/kaleidoskopkulture.com\/sr\/\",\"logo\":{\"@type\":\"ImageObject\",\"inLanguage\":\"en-US\",\"@id\":\"https:\/\/kaleidoskopkulture.com\/sr\/#\/schema\/logo\/image\/\",\"url\":\"https:\/\/kaleidoskopkulture.com\/wp-content\/uploads\/2022\/08\/kk-en.png\",\"contentUrl\":\"https:\/\/kaleidoskopkulture.com\/wp-content\/uploads\/2022\/08\/kk-en.png\",\"width\":780,\"height\":272,\"caption\":\"Kaleidoskop kulture\"},\"image\":{\"@id\":\"https:\/\/kaleidoskopkulture.com\/sr\/#\/schema\/logo\/image\/\"}}]}<\/script>\n<!-- \/ Yoast SEO plugin. -->","yoast_head_json":{"title":"Caleidoscope of culture 2023. - Kaleidoskop kulture","robots":{"index":"index","follow":"follow","max-snippet":"max-snippet:-1","max-image-preview":"max-image-preview:large","max-video-preview":"max-video-preview:-1"},"canonical":"https:\/\/kaleidoskopkulture.com\/en\/caleidoscope-of-culture-2023\/","og_locale":"en_US","og_type":"article","og_title":"Caleidoscope of culture 2023. - Kaleidoskop kulture","og_description":"https:\/\/www.youtube.com\/watch?v=_A412WFBoGs&#038;t=38s The sixth Kaleidoscope of Culture, the best European Trend Brand in the field of culture and a legacy project that continues to live even after the European Capital of Culture title year, was held from 7 September to 15...","og_url":"https:\/\/kaleidoskopkulture.com\/en\/caleidoscope-of-culture-2023\/","og_site_name":"Kaleidoskop kulture","article_modified_time":"2024-02-23T13:43:06+00:00","twitter_card":"summary_large_image","twitter_misc":{"Est. reading time":"2 minutes"},"schema":{"@context":"https:\/\/schema.org","@graph":[{"@type":"WebPage","@id":"https:\/\/kaleidoskopkulture.com\/en\/caleidoscope-of-culture-2023\/","url":"https:\/\/kaleidoskopkulture.com\/en\/caleidoscope-of-culture-2023\/","name":"Caleidoscope of culture 2023. - Kaleidoskop kulture","isPartOf":{"@id":"https:\/\/kaleidoskopkulture.com\/sr\/#website"},"datePublished":"2024-02-13T21:21:35+00:00","dateModified":"2024-02-23T13:43:06+00:00","breadcrumb":{"@id":"https:\/\/kaleidoskopkulture.com\/en\/caleidoscope-of-culture-2023\/#breadcrumb"},"inLanguage":"en-US","potentialAction":[{"@type":"ReadAction","target":["https:\/\/kaleidoskopkulture.com\/en\/caleidoscope-of-culture-2023\/"]}]},{"@type":"BreadcrumbList","@id":"https:\/\/kaleidoskopkulture.com\/en\/caleidoscope-of-culture-2023\/#breadcrumb","itemListElement":[{"@type":"ListItem","position":1,"name":"Home","item":"https:\/\/kaleidoskopkulture.com\/sr\/"},{"@type":"ListItem","position":2,"name":"Caleidoscope of culture 2023."}]},{"@type":"WebSite","@id":"https:\/\/kaleidoskopkulture.com\/sr\/#website","url":"https:\/\/kaleidoskopkulture.com\/sr\/","name":"Kaleidoskop kulture","description":"Novo lice kulture u Novom Sadu","publisher":{"@id":"https:\/\/kaleidoskopkulture.com\/sr\/#organization"},"potentialAction":[{"@type":"SearchAction","target":{"@type":"EntryPoint","urlTemplate":"https:\/\/kaleidoskopkulture.com\/sr\/?s={search_term_string}"},"query-input":"required name=search_term_string"}],"inLanguage":"en-US"},{"@type":"Organization","@id":"https:\/\/kaleidoskopkulture.com\/sr\/#organization","name":"Kaleidoskop kulture","url":"https:\/\/kaleidoskopkulture.com\/sr\/","logo":{"@type":"ImageObject","inLanguage":"en-US","@id":"https:\/\/kaleidoskopkulture.com\/sr\/#\/schema\/logo\/image\/","url":"https:\/\/kaleidoskopkulture.com\/wp-content\/uploads\/2022\/08\/kk-en.png","contentUrl":"https:\/\/kaleidoskopkulture.com\/wp-content\/uploads\/2022\/08\/kk-en.png","width":780,"height":272,"caption":"Kaleidoskop kulture"},"image":{"@id":"https:\/\/kaleidoskopkulture.com\/sr\/#\/schema\/logo\/image\/"}}]}},"_links":{"self":[{"href":"https:\/\/kaleidoskopkulture.com\/en\/wp-json\/wp\/v2\/pages\/11594","targetHints":{"allow":["GET"]}}],"collection":[{"href":"https:\/\/kaleidoskopkulture.com\/en\/wp-json\/wp\/v2\/pages"}],"about":[{"href":"https:\/\/kaleidoskopkulture.com\/en\/wp-json\/wp\/v2\/types\/page"}],"author":[{"embeddable":true,"href":"https:\/\/kaleidoskopkulture.com\/en\/wp-json\/wp\/v2\/users\/11"}],"replies":[{"embeddable":true,"href":"https:\/\/kaleidoskopkulture.com\/en\/wp-json\/wp\/v2\/comments?post=11594"}],"version-history":[{"count":16,"href":"https:\/\/kaleidoskopkulture.com\/en\/wp-json\/wp\/v2\/pages\/11594\/revisions"}],"predecessor-version":[{"id":11929,"href":"https:\/\/kaleidoskopkulture.com\/en\/wp-json\/wp\/v2\/pages\/11594\/revisions\/11929"}],"wp:attachment":[{"href":"https:\/\/kaleidoskopkulture.com\/en\/wp-json\/wp\/v2\/media?parent=11594"}],"curies":[{"name":"wp","href":"https:\/\/api.w.org\/{rel}","templated":true}]}}